{"id":19323,"date":"2024-08-23T14:40:41","date_gmt":"2024-08-23T06:40:41","guid":{"rendered":"https:\/\/www.vapeswholesaler.com\/?post_type=product&#038;p=19323"},"modified":"2026-03-27T15:42:31","modified_gmt":"2026-03-27T07:42:31","slug":"wholesale-poco-sl-15000-puffs-descartavel-vape-ecig-eu-usa-stock","status":"publish","type":"product","link":"https:\/\/www.vapeswholesaler.com\/pt\/produto\/wholesale-poco-sl-15000-puffs-descartavel-vape-ecig-eu-usa-stock","title":{"rendered":"Wholesale POCO SL 15000 Puffs Vape descart\u00e1vel Ecig EU USA Stock"},"content":{"rendered":"<p>O vape descart\u00e1vel POCO SL 15000 Puffs \u00e9 um produto revolucion\u00e1rio concebido para pessoas que valorizam a conveni\u00eancia sem comprometer a qualidade ou o sabor. Com uma capacidade surpreendente de 24 ml e a capacidade de fornecer at\u00e9 15000 baforadas, este dispositivo estabelece um novo padr\u00e3o para os vapes descart\u00e1veis no mercado.<\/p>\n<p>O POCO SL 15000 Puffs oferece um conjunto impressionante de carater\u00edsticas que o destacam da multid\u00e3o. A sua potente bateria de 650mAh garante uma utiliza\u00e7\u00e3o duradoura e a sua concentra\u00e7\u00e3o de nicotina salina 2%\/5% significa que \u00e9 adequado para vapores experientes que querem uma grande batida na garganta em cada tragada. Ao combinar um mecanismo de aquecimento especializado com o seu design de vanguarda, obt\u00e9m-se um sabor incrivelmente suave e puro durante a utiliza\u00e7\u00e3o.<\/p>\n<p>Com uma enorme capacidade de 24 ml e 15000 baforadas, o vape descart\u00e1vel POCO SL 15000 oferece uma vasta gama de sabores tentadores para elevar a sua experi\u00eancia de vaporiza\u00e7\u00e3o.<\/p>\n<h2><strong>POCO SL 15000 Puffs Vape descart\u00e1vel Ecig Carater\u00edsticas:<\/strong><\/h2>\n<ul>\n<li>Bateria recarreg\u00e1vel de 650mAh<\/li>\n<li>25 ml de e-l\u00edquido pr\u00e9-carregado<\/li>\n<li>Intensidade de nicotina 2%\/5%<\/li>\n<li>Alcance at\u00e9 15000 baforadas<\/li>\n<li>Bobina de malha de 1,0 ohm<\/li>\n<li>Porta de carregamento tipo C<\/li>\n<li>12 sabores dispon\u00edveis<\/li>\n<\/ul>\n<h2><strong>POCO SL 15000 Puffs Vape descart\u00e1vel Ecig Sabores:<\/strong><\/h2>\n<ol>\n<li>Uva Alo\u00e9<\/li>\n<li>Amora preta Arando<\/li>\n<li>Black Ice Dragon Fruit Morango<\/li>\n<li>Limonada de mirtilo e framboesa<\/li>\n<li>Bebida energ\u00e9tica<\/li>\n<li>Uva Arando P\u00eassego<\/li>\n<li>Anan\u00e1s Ma\u00e7\u00e3<\/li>\n<li>Anan\u00e1s Morango Banana<\/li>\n<li>Morango Cereja<\/li>\n<li>Morango Framboesa Kiwi<\/li>\n<li>Melancia com morango<\/li>\n<li>melancia Lichia<\/li>\n<\/ol>\n<h2><strong>POCO SL 15000 Puffs Lista de embalagem:<\/strong><\/h2>\n<p>1 unidade por caixa individual<br \/>\n10 unidades por caixa de exposi\u00e7\u00e3o<br \/>\n200 unidades por caixa<\/p>\n<figure id=\"attachment_19316\" aria-describedby=\"caption-attachment-19316\" style=\"width: 800px\" class=\"wp-caption alignnone\"><img loading=\"lazy\" decoding=\"async\" class=\"wp-image-19316 size-full\" title=\"Atacado E Cigarro Vape Tela Inteligente POCO SL 15000 Puffs Vape Descart\u00e1vel 3\" src=\"https:\/\/www.vapeswholesaler.com\/wp-content\/uploads\/2024\/08\/Wholesale-E-Cigarette-Vape-Smart-Screen-POCO-SL-15000-Puffs-Disposable-vape-3.webp\" alt=\"Atacado E Cigarro Vape Tela Inteligente POCO SL 15000 Puffs Vape Descart\u00e1vel 3\" width=\"800\" height=\"800\" srcset=\"https:\/\/www.vapeswholesaler.com\/wp-content\/uploads\/2024\/08\/Wholesale-E-Cigarette-Vape-Smart-Screen-POCO-SL-15000-Puffs-Disposable-vape-3.webp 800w, https:\/\/www.vapeswholesaler.com\/wp-content\/uploads\/2024\/08\/Wholesale-E-Cigarette-Vape-Smart-Screen-POCO-SL-15000-Puffs-Disposable-vape-3-300x300.webp 300w, https:\/\/www.vapeswholesaler.com\/wp-content\/uploads\/2024\/08\/Wholesale-E-Cigarette-Vape-Smart-Screen-POCO-SL-15000-Puffs-Disposable-vape-3-150x150.webp 150w, https:\/\/www.vapeswholesaler.com\/wp-content\/uploads\/2024\/08\/Wholesale-E-Cigarette-Vape-Smart-Screen-POCO-SL-15000-Puffs-Disposable-vape-3-768x768.webp 768w, https:\/\/www.vapeswholesaler.com\/wp-content\/uploads\/2024\/08\/Wholesale-E-Cigarette-Vape-Smart-Screen-POCO-SL-15000-Puffs-Disposable-vape-3-12x12.webp 12w, https:\/\/www.vapeswholesaler.com\/wp-content\/uploads\/2024\/08\/Wholesale-E-Cigarette-Vape-Smart-Screen-POCO-SL-15000-Puffs-Disposable-vape-3-247x247.webp 247w, https:\/\/www.vapeswholesaler.com\/wp-content\/uploads\/2024\/08\/Wholesale-E-Cigarette-Vape-Smart-Screen-POCO-SL-15000-Puffs-Disposable-vape-3-510x510.webp 510w, https:\/\/www.vapeswholesaler.com\/wp-content\/uploads\/2024\/08\/Wholesale-E-Cigarette-Vape-Smart-Screen-POCO-SL-15000-Puffs-Disposable-vape-3-100x100.webp 100w\" sizes=\"auto, (max-width: 800px) 100vw, 800px\" \/><figcaption id=\"caption-attachment-19316\" class=\"wp-caption-text\">Atacado E Cigarro Vape Tela inteligente POCO SL 15000 Puffs Vape descart\u00e1vel<\/figcaption><\/figure>\n<p><img loading=\"lazy\" decoding=\"async\" class=\"alignnone wp-image-19322 size-full\" title=\"Atacado E Cigarro Vape Tela Inteligente POCO SL 15000 Puffs Vape Descart\u00e1vel 9\" src=\"https:\/\/www.vapeswholesaler.com\/wp-content\/uploads\/2024\/08\/Wholesale-E-Cigarette-Vape-Smart-Screen-POCO-SL-15000-Puffs-Disposable-vape-9.webp\" alt=\"Atacado E Cigarro Vape Tela Inteligente POCO SL 15000 Puffs Vape Descart\u00e1vel 9\" width=\"800\" height=\"800\" srcset=\"https:\/\/www.vapeswholesaler.com\/wp-content\/uploads\/2024\/08\/Wholesale-E-Cigarette-Vape-Smart-Screen-POCO-SL-15000-Puffs-Disposable-vape-9.webp 800w, https:\/\/www.vapeswholesaler.com\/wp-content\/uploads\/2024\/08\/Wholesale-E-Cigarette-Vape-Smart-Screen-POCO-SL-15000-Puffs-Disposable-vape-9-300x300.webp 300w, https:\/\/www.vapeswholesaler.com\/wp-content\/uploads\/2024\/08\/Wholesale-E-Cigarette-Vape-Smart-Screen-POCO-SL-15000-Puffs-Disposable-vape-9-150x150.webp 150w, https:\/\/www.vapeswholesaler.com\/wp-content\/uploads\/2024\/08\/Wholesale-E-Cigarette-Vape-Smart-Screen-POCO-SL-15000-Puffs-Disposable-vape-9-768x768.webp 768w, https:\/\/www.vapeswholesaler.com\/wp-content\/uploads\/2024\/08\/Wholesale-E-Cigarette-Vape-Smart-Screen-POCO-SL-15000-Puffs-Disposable-vape-9-12x12.webp 12w, https:\/\/www.vapeswholesaler.com\/wp-content\/uploads\/2024\/08\/Wholesale-E-Cigarette-Vape-Smart-Screen-POCO-SL-15000-Puffs-Disposable-vape-9-247x247.webp 247w, https:\/\/www.vapeswholesaler.com\/wp-content\/uploads\/2024\/08\/Wholesale-E-Cigarette-Vape-Smart-Screen-POCO-SL-15000-Puffs-Disposable-vape-9-510x510.webp 510w, https:\/\/www.vapeswholesaler.com\/wp-content\/uploads\/2024\/08\/Wholesale-E-Cigarette-Vape-Smart-Screen-POCO-SL-15000-Puffs-Disposable-vape-9-100x100.webp 100w\" sizes=\"auto, (max-width: 800px) 100vw, 800px\" \/><\/p>","protected":false},"excerpt":{"rendered":"<h4>Quantidade m\u00ednima de encomenda: 100 PCS (mistura de sabores)<\/h4>\n<h4>\uff08<strong>2%\uff0c3%\uff0c5%<\/strong>\uff09<br \/>\n<strong>Envio gratuito para endere\u00e7os na UE <\/strong><\/h4>","protected":false},"featured_media":19336,"comment_status":"open","ping_status":"closed","template":"","meta":[],"product_cat":[15],"product_tag":[],"class_list":{"0":"post-19323","1":"product","2":"type-product","3":"status-publish","4":"has-post-thumbnail","6":"product_cat-disposable-vape","7":"product_brand-poco","9":"first","10":"instock","11":"shipping-taxable","12":"purchasable","13":"product-type-variable","14":"has-default-attributes"},"aioseo_notices":[],"_links":{"self":[{"href":"https:\/\/www.vapeswholesaler.com\/pt\/wp-json\/wp\/v2\/product\/19323","targetHints":{"allow":["GET"]}}],"collection":[{"href":"https:\/\/www.vapeswholesaler.com\/pt\/wp-json\/wp\/v2\/product"}],"about":[{"href":"https:\/\/www.vapeswholesaler.com\/pt\/wp-json\/wp\/v2\/types\/product"}],"replies":[{"embeddable":true,"href":"https:\/\/www.vapeswholesaler.com\/pt\/wp-json\/wp\/v2\/comments?post=19323"}],"wp:featuredmedia":[{"embeddable":true,"href":"https:\/\/www.vapeswholesaler.com\/pt\/wp-json\/wp\/v2\/media\/19336"}],"wp:attachment":[{"href":"https:\/\/www.vapeswholesaler.com\/pt\/wp-json\/wp\/v2\/media?parent=19323"}],"wp:term":[{"taxonomy":"product_cat","embeddable":true,"href":"https:\/\/www.vapeswholesaler.com\/pt\/wp-json\/wp\/v2\/product_cat?post=19323"},{"taxonomy":"product_tag","embeddable":true,"href":"https:\/\/www.vapeswholesaler.com\/pt\/wp-json\/wp\/v2\/product_tag?post=19323"}],"curies":[{"name":"wp","href":"https:\/\/api.w.org\/{rel}","templated":true}]}}