{"id":19237,"date":"2024-08-20T12:21:27","date_gmt":"2024-08-20T04:21:27","guid":{"rendered":"https:\/\/www.vapeswholesaler.com\/?post_type=product&#038;p=19237"},"modified":"2025-07-01T14:28:00","modified_gmt":"2025-07-01T06:28:00","slug":"vape-descartavel-por-atacado-mrvi-arting-18000-puffs","status":"publish","type":"product","link":"https:\/\/www.vapeswholesaler.com\/pt\/produto\/vape-descartavel-por-atacado-mrvi-arting-18000-puffs","title":{"rendered":"Venda por grosso de vape descart\u00e1vel MRVI Arting 18000 Puffs"},"content":{"rendered":"<p>MRVI Arting 18000 Puffs 4 Modos de aquecimento, ECO: modelo regular, PLUS: modelo regular, PRO: bobina de malha dupla - baixa pot\u00eancia, MAX: bobina de malha dupla - alta pot\u00eancia), Cada vez que o bot\u00e3o inferior \u00e9 pressionado, um modo \u00e9 alterado. Os dois primeiros modos s\u00e3o os modos regulares (fio de aquecimento de n\u00facleo de malha simples, sabor mais suave, adequado para fumadores principiantes), e os dois \u00faltimos modos s\u00e3o os modos de dupla malha (fio de aquecimento de n\u00facleo de malha dupla, corrente dominante no mercado, sabor forte, alta explos\u00e3o, adequado para fumadores antigos) baixa pot\u00eancia (tens\u00e3o de sa\u00edda de cerca de 10W, sabor suave e macio) alta pot\u00eancia (tens\u00e3o de sa\u00edda de cerca de 20W, sabor forte, com batida na garganta).<\/p>\n<p>Our products offer 4 heating modes for the ultimate e-cigarette customization experience.The ECO and PLUS are available in regular models with a single mesh core heating wire, perfect for novice smokers looking for a softer taste. For seasoned e-cigarette enthusiasts, the PRO and MAX feature dual mesh coils for rich flavor and high bursts of power.The PRO runs on low power for a smooth, soft taste, while the MAX delivers high power for a rich flavor and throat hit. Simply press the bottom button to switch between modes and enhance your e-cigarette experience.<\/p>\n<h2><strong><a href=\"https:\/\/www.vapeswholesaler.com\/pt\/marca_do_produto\/mrvi\/\">MRVI<\/a> Arting 18000 Puffs Features:<\/strong><\/h2>\n<ul>\n<li>Ecr\u00e3 total HD<\/li>\n<li>Modelo QuadrupleIt<\/li>\n<li>Bateria recarreg\u00e1vel de 600mAh<\/li>\n<li>26 ml de e-l\u00edquido pr\u00e9-carregado<\/li>\n<li>0\/2%\/3%\/5% teor de nicotina<\/li>\n<li>Alcance at\u00e9 18000 baforadas<\/li>\n<li>Bobina de malha de 1,0 ohm<\/li>\n<li>Porta de carregamento tipo C<\/li>\n<li>10 sabores dispon\u00edveis<\/li>\n<\/ul>\n<h2><strong>Aromas:<\/strong><\/h2>\n<ol>\n<li>Amora preta Arando<\/li>\n<li>Gelo Blue Razz<\/li>\n<li>Melancia com cereja<\/li>\n<li>Gelo Fuji<\/li>\n<li>Gelo de uva<\/li>\n<li>Lima-lim\u00e3o<\/li>\n<li>P\u00eassego Manga<\/li>\n<li>Anan\u00e1s Morango Banana<\/li>\n<li>Gelo de morango e kiwi<\/li>\n<li>Gelo de melancia<\/li>\n<\/ol>\n<h2><strong>Lista de embalagem:<\/strong><\/h2>\n<p>1 unidade por caixa individual<br \/>\n10 unidades numa caixa m\u00e9dia<br \/>\n200 unidades por caixa<\/p>\n<p>&nbsp;<\/p>\n<figure id=\"attachment_19226\" aria-describedby=\"caption-attachment-19226\" style=\"width: 800px\" class=\"wp-caption alignnone\"><img loading=\"lazy\" decoding=\"async\" class=\"wp-image-19226 size-full\" title=\"Venda por grosso de MRVI Arting 18000 Puffs Vape descart\u00e1vel 3\" src=\"https:\/\/www.vapeswholesaler.com\/wp-content\/uploads\/2024\/08\/Wholesale-MRVI-Arting-18000-Puffs-Disposable-vape-3.webp\" alt=\"Venda por grosso de MRVI Arting 18000 Puffs Vape descart\u00e1vel 3\" width=\"800\" height=\"1007\" srcset=\"https:\/\/www.vapeswholesaler.com\/wp-content\/uploads\/2024\/08\/Wholesale-MRVI-Arting-18000-Puffs-Disposable-vape-3.webp 800w, https:\/\/www.vapeswholesaler.com\/wp-content\/uploads\/2024\/08\/Wholesale-MRVI-Arting-18000-Puffs-Disposable-vape-3-238x300.webp 238w, https:\/\/www.vapeswholesaler.com\/wp-content\/uploads\/2024\/08\/Wholesale-MRVI-Arting-18000-Puffs-Disposable-vape-3-768x967.webp 768w, https:\/\/www.vapeswholesaler.com\/wp-content\/uploads\/2024\/08\/Wholesale-MRVI-Arting-18000-Puffs-Disposable-vape-3-10x12.webp 10w, https:\/\/www.vapeswholesaler.com\/wp-content\/uploads\/2024\/08\/Wholesale-MRVI-Arting-18000-Puffs-Disposable-vape-3-510x642.webp 510w\" sizes=\"auto, (max-width: 800px) 100vw, 800px\" \/><figcaption id=\"caption-attachment-19226\" class=\"wp-caption-text\">Venda por grosso de vape descart\u00e1vel MRVI Arting 18000 Puffs<\/figcaption><\/figure>","protected":false},"excerpt":{"rendered":"<p>Quantidade m\u00ednima de encomenda: <strong>100 unidades<\/strong>\u00a0(Mistura de sabores)\u00a0\u00a0<strong>Envio gratuito<\/strong><\/p>\n<p>(<strong>2%, 5% Nic<\/strong>)<\/p>","protected":false},"featured_media":19234,"comment_status":"open","ping_status":"closed","template":"","meta":[],"product_cat":[15],"product_tag":[373,387,55],"class_list":{"0":"post-19237","1":"product","2":"type-product","3":"status-publish","4":"has-post-thumbnail","6":"product_cat-disposable-vape","7":"product_tag-europe-warehouse","8":"product_tag-mrvi","9":"product_tag-18000-puffs","10":"product_brand-mrvi","12":"first","13":"instock","14":"shipping-taxable","15":"purchasable","16":"product-type-variable","17":"has-default-attributes"},"aioseo_notices":[],"_links":{"self":[{"href":"https:\/\/www.vapeswholesaler.com\/pt\/wp-json\/wp\/v2\/product\/19237","targetHints":{"allow":["GET"]}}],"collection":[{"href":"https:\/\/www.vapeswholesaler.com\/pt\/wp-json\/wp\/v2\/product"}],"about":[{"href":"https:\/\/www.vapeswholesaler.com\/pt\/wp-json\/wp\/v2\/types\/product"}],"replies":[{"embeddable":true,"href":"https:\/\/www.vapeswholesaler.com\/pt\/wp-json\/wp\/v2\/comments?post=19237"}],"wp:featuredmedia":[{"embeddable":true,"href":"https:\/\/www.vapeswholesaler.com\/pt\/wp-json\/wp\/v2\/media\/19234"}],"wp:attachment":[{"href":"https:\/\/www.vapeswholesaler.com\/pt\/wp-json\/wp\/v2\/media?parent=19237"}],"wp:term":[{"taxonomy":"product_cat","embeddable":true,"href":"https:\/\/www.vapeswholesaler.com\/pt\/wp-json\/wp\/v2\/product_cat?post=19237"},{"taxonomy":"product_tag","embeddable":true,"href":"https:\/\/www.vapeswholesaler.com\/pt\/wp-json\/wp\/v2\/product_tag?post=19237"}],"curies":[{"name":"wp","href":"https:\/\/api.w.org\/{rel}","templated":true}]}}