{"id":19127,"date":"2024-08-16T12:08:06","date_gmt":"2024-08-16T04:08:06","guid":{"rendered":"https:\/\/www.vapeswholesaler.com\/?post_type=product&#038;p=19127"},"modified":"2025-04-09T10:50:13","modified_gmt":"2025-04-09T02:50:13","slug":"vaploso-king-10000-puffs-descartavel-vape-por-atacado-2","status":"publish","type":"product","link":"https:\/\/www.vapeswholesaler.com\/pt\/produto\/vaploso-king-10000-puffs-descartavel-vape-por-atacado-2","title":{"rendered":"Vaploso King 10000 Puffs descart\u00e1vel por atacado vape"},"content":{"rendered":"<p><a href=\"https:\/\/www.vapeswholesaler.com\/pt\/marca_do_produto\/vapsolo\/\">Vaploso<\/a> O King 10000 Puffs \u00e9 como uma caneta vape compacta e port\u00e1til. As suas solu\u00e7\u00f5es vape avan\u00e7adas, combinadas com um desempenho inovador e conveni\u00eancia, fazem do King 10000 a escolha ideal tanto para entusiastas individuais como para grossistas.<\/p>\n<p>O Vaploso King 10000 Puffs possui uma impressionante capacidade de 10.000 baforadas por unidade, garantindo uma utiliza\u00e7\u00e3o prolongada sem substitui\u00e7\u00f5es frequentes. Possui uma generosa capacidade de 20 ml de e-l\u00edquido e uma fi\u00e1vel bateria recarreg\u00e1vel de 650 mAh, completa com uma porta de carregamento tipo C para recarga r\u00e1pida. A sua avan\u00e7ada tecnologia de bobina de malha de 1,0\u03a9 garante uma produ\u00e7\u00e3o de vapor suave, melhorando a<\/p>\n<h2><strong><a href=\"https:\/\/www.facebook.com\/fred.luo.58\">Vapsolo<\/a> King 10000 Puffs Carater\u00edsticas:<\/strong><\/h2>\n<ul>\n<li>Bateria recarreg\u00e1vel de 650mah<\/li>\n<li>20 ml de e-l\u00edquido pr\u00e9-carregado<\/li>\n<li>Intensidade de nicotina 2%\/5%<\/li>\n<li>Alcance at\u00e9 10000 baforadas<\/li>\n<li>Bobina de malha de 1,0 ohm<\/li>\n<li>Porta de carregamento tipo C<\/li>\n<li>20 sabores dispon\u00edveis<\/li>\n<\/ul>\n<h2><strong>Aromas:<\/strong><\/h2>\n<ol>\n<li>Mirtilo Framboesa<\/li>\n<li>Azul Razz<\/li>\n<li>Gelo de banana<\/li>\n<li>Gelo de mirtilo<\/li>\n<li>Cereja com g\u00e1s<\/li>\n<li>Kiwi Maracuj\u00e1 Goiaba<\/li>\n<li>Lima-lim\u00e3o<\/li>\n<li>Bagas mistas<\/li>\n<li>Sr. Blue<\/li>\n<li>P\u00eassego Manga Anan\u00e1s<\/li>\n<li>Chuva p\u00farpura<\/li>\n<li>Melancia com morango Prime<\/li>\n<li>Ma\u00e7\u00e3 vermelha<\/li>\n<li>Morango Kiwi<\/li>\n<li>Gelo de anan\u00e1s azedo<\/li>\n<li>Banana com morango<\/li>\n<li>Gelado de morango, framboesa e cereja<\/li>\n<li>Gelo de morango<\/li>\n<li>Red Bull<\/li>\n<li>Gelo de melancia<\/li>\n<\/ol>\n<h2><strong>Lista de embalagem:<\/strong><\/h2>\n<p>1 unidade de cada caixa de exposi\u00e7\u00e3o pequena<br \/>\n10 unidades numa caixa m\u00e9dia<br \/>\n200 unidades por caixa<\/p>\n<p>&nbsp;<\/p>\n<figure id=\"attachment_19109\" aria-describedby=\"caption-attachment-19109\" style=\"width: 800px\" class=\"wp-caption alignnone\"><img loading=\"lazy\" decoding=\"async\" class=\"wp-image-19109 size-full\" title=\"Atacado Vaploso King 10000 Puffs Vape descart\u00e1vel 1\" src=\"https:\/\/www.vapeswholesaler.com\/wp-content\/uploads\/2024\/08\/Wholesale-Vaploso-King-10000-Puffs-Disposable-vape-1.jpg\" alt=\"Atacado Vaploso King 10000 Puffs Vape descart\u00e1vel 1\" width=\"800\" height=\"800\" srcset=\"https:\/\/www.vapeswholesaler.com\/wp-content\/uploads\/2024\/08\/Wholesale-Vaploso-King-10000-Puffs-Disposable-vape-1.jpg 800w, https:\/\/www.vapeswholesaler.com\/wp-content\/uploads\/2024\/08\/Wholesale-Vaploso-King-10000-Puffs-Disposable-vape-1-300x300.jpg 300w, https:\/\/www.vapeswholesaler.com\/wp-content\/uploads\/2024\/08\/Wholesale-Vaploso-King-10000-Puffs-Disposable-vape-1-150x150.jpg 150w, https:\/\/www.vapeswholesaler.com\/wp-content\/uploads\/2024\/08\/Wholesale-Vaploso-King-10000-Puffs-Disposable-vape-1-768x768.jpg 768w, https:\/\/www.vapeswholesaler.com\/wp-content\/uploads\/2024\/08\/Wholesale-Vaploso-King-10000-Puffs-Disposable-vape-1-12x12.jpg 12w, https:\/\/www.vapeswholesaler.com\/wp-content\/uploads\/2024\/08\/Wholesale-Vaploso-King-10000-Puffs-Disposable-vape-1-247x247.jpg 247w, https:\/\/www.vapeswholesaler.com\/wp-content\/uploads\/2024\/08\/Wholesale-Vaploso-King-10000-Puffs-Disposable-vape-1-510x510.jpg 510w, https:\/\/www.vapeswholesaler.com\/wp-content\/uploads\/2024\/08\/Wholesale-Vaploso-King-10000-Puffs-Disposable-vape-1-100x100.jpg 100w\" sizes=\"auto, (max-width: 800px) 100vw, 800px\" \/><figcaption id=\"caption-attachment-19109\" class=\"wp-caption-text\">Vaploso King 10000 Puffs descart\u00e1vel por atacado vape<\/figcaption><\/figure>","protected":false},"excerpt":{"rendered":"<p>Quantidade m\u00ednima de encomenda: <strong>50 unidades <\/strong>(Mistura de sabores) Envio gratuito<\/p>\n<p>(<strong>2%, 5% Nic<\/strong>) Prazo de expedi\u00e7\u00e3o do armaz\u00e9m da UE 5-6 dias \u00fateis<\/p>","protected":false},"featured_media":19126,"comment_status":"open","ping_status":"closed","template":"","meta":[],"product_cat":[15],"product_tag":[373,378,87],"class_list":{"0":"post-19127","1":"product","2":"type-product","3":"status-publish","4":"has-post-thumbnail","6":"product_cat-disposable-vape","7":"product_tag-europe-warehouse","8":"product_tag-10000-puffs","9":"product_tag-vapsolo","10":"product_brand-vapsolo","12":"first","13":"outofstock","14":"shipping-taxable","15":"purchasable","16":"product-type-variable","17":"has-default-attributes"},"aioseo_notices":[],"_links":{"self":[{"href":"https:\/\/www.vapeswholesaler.com\/pt\/wp-json\/wp\/v2\/product\/19127","targetHints":{"allow":["GET"]}}],"collection":[{"href":"https:\/\/www.vapeswholesaler.com\/pt\/wp-json\/wp\/v2\/product"}],"about":[{"href":"https:\/\/www.vapeswholesaler.com\/pt\/wp-json\/wp\/v2\/types\/product"}],"replies":[{"embeddable":true,"href":"https:\/\/www.vapeswholesaler.com\/pt\/wp-json\/wp\/v2\/comments?post=19127"}],"wp:featuredmedia":[{"embeddable":true,"href":"https:\/\/www.vapeswholesaler.com\/pt\/wp-json\/wp\/v2\/media\/19126"}],"wp:attachment":[{"href":"https:\/\/www.vapeswholesaler.com\/pt\/wp-json\/wp\/v2\/media?parent=19127"}],"wp:term":[{"taxonomy":"product_cat","embeddable":true,"href":"https:\/\/www.vapeswholesaler.com\/pt\/wp-json\/wp\/v2\/product_cat?post=19127"},{"taxonomy":"product_tag","embeddable":true,"href":"https:\/\/www.vapeswholesaler.com\/pt\/wp-json\/wp\/v2\/product_tag?post=19127"}],"curies":[{"name":"wp","href":"https:\/\/api.w.org\/{rel}","templated":true}]}}