{"id":18992,"date":"2024-08-04T22:03:26","date_gmt":"2024-08-04T14:03:26","guid":{"rendered":"https:\/\/www.vapeswholesaler.com\/?post_type=product&#038;p=18992"},"modified":"2025-08-27T21:35:30","modified_gmt":"2025-08-27T13:35:30","slug":"barra-razz-por-atacado-16000-puffs-vape-descartavel","status":"publish","type":"product","link":"https:\/\/www.vapeswholesaler.com\/pt\/produto\/barra-razz-por-atacado-16000-puffs-vape-descartavel","title":{"rendered":"Vape descart\u00e1vel RAZZ BAR 16000 Puffs por atacado"},"content":{"rendered":"<div><a href=\"https:\/\/www.vapeswholesaler.com\/pt\/marca_do_produto\/razzbar\/\">Bar Razz<\/a> O 16000 Puffs \u00e9 o mais recente vape descart\u00e1vel, \u00e9 um dispositivo de alto desempenho concebido para os vapers que procuram qualidade e conveni\u00eancia. Com uma impressionante capacidade de 16000 puffs e uma bateria de 650mah Power, este cigarro eletr\u00f3nico descart\u00e1vel garante um prazer prolongado sem necessidade de substitui\u00e7\u00f5es frequentes. A generosa capacidade de 20ml de e-l\u00edquido permite sess\u00f5es de vaporiza\u00e7\u00e3o prolongadas, dando-lhe uma ampla oportunidade de saborear os seus sabores favoritos.<\/div>\n<div><\/div>\n<div>Capacidade de l\u00edquido de 20 ml: Desfrute de um vape de longa dura\u00e7\u00e3o com uma generosa capacidade de l\u00edquido, perfeita para os f\u00e3s de sess\u00f5es prolongadas.<br \/>\nBateria potente de 650mAh: A bateria incorporada garante uma autonomia suficiente para uma utiliza\u00e7\u00e3o durante todo o dia, sendo rapidamente recarreg\u00e1vel atrav\u00e9s da porta USB tipo C. Indicador LED incorporado: Acompanhe facilmente o n\u00edvel da bateria com o indicador LED, garantindo que nunca ficar\u00e1 sem energia no momento crucial.<\/div>\n<div><\/div>\n<div><\/div>\n<div>Experimente os cigarros electr\u00f3nicos descart\u00e1veis coloridos Razz bar 16000 Puffs e eleve a sua viagem de vaporiza\u00e7\u00e3o com o seu excecional desempenho, conveni\u00eancia e carater\u00edsticas personaliz\u00e1veis. Desfrute da combina\u00e7\u00e3o perfeita de tecnologia e sabor com este inovador cigarro eletr\u00f3nico descart\u00e1vel.<\/div>\n<h2><strong><a href=\"https:\/\/www.facebook.com\/fred.luo.58\/\">Bar Razz<\/a> 16000 Puffs Carater\u00edsticas<\/strong><\/h2>\n<ul>\n<li>Nicotina salgada:2\/5%<\/li>\n<li>Puffs:16000 puffs<\/li>\n<li>Capacidade:20ml<\/li>\n<li>200 unidades por caixa<\/li>\n<li>12 sabores dispon\u00edveis<\/li>\n<li>650mah Recarreg\u00e1vel<\/li>\n<li>Bobina de malha<\/li>\n<li>Tipo-c<\/li>\n<\/ul>\n<h2><strong>Lista de sabores:<\/strong><\/h2>\n<ol>\n<li>Gelo de p\u00eassego<\/li>\n<li>Gelo de morango<\/li>\n<li>Uva vermelha Sull<\/li>\n<li>Kiwi Maracuj\u00e1 Goiaba<\/li>\n<li>Ma\u00e7\u00e3 dupla<\/li>\n<li>Gelo de mirtilo<\/li>\n<li>Urso de goma<\/li>\n<li>Pastilha el\u00e1stica de morango e melancia<\/li>\n<li>Gelo de melancia<\/li>\n<li>P\u00eassego Manga Melancia<\/li>\n<li>Morango Kiwi<\/li>\n<li>Bagas mistas<\/li>\n<\/ol>\n<h2><strong>Lista de embalagem:<\/strong><\/h2>\n<p>1 unidade por caixa individual<\/p>\n<p>10 unidades de cada caixa interm\u00e9dia<\/p>\n<p>200 unidades por caixa<\/p>\n<figure id=\"attachment_18991\" aria-describedby=\"caption-attachment-18991\" style=\"width: 800px\" class=\"wp-caption alignnone\"><img loading=\"lazy\" decoding=\"async\" class=\"wp-image-18991 size-full\" title=\"Atacado RAZZ BAR 16000 Puffs vape descart\u00e1vel 9\" src=\"https:\/\/www.vapeswholesaler.com\/wp-content\/uploads\/2024\/08\/Wholesale-RAZZ-BAR-16000-Puffs-disposable-vape-9.webp\" alt=\"Atacado RAZZ BAR 16000 Puffs vape descart\u00e1vel 9\" width=\"800\" height=\"800\" srcset=\"https:\/\/www.vapeswholesaler.com\/wp-content\/uploads\/2024\/08\/Wholesale-RAZZ-BAR-16000-Puffs-disposable-vape-9.webp 800w, https:\/\/www.vapeswholesaler.com\/wp-content\/uploads\/2024\/08\/Wholesale-RAZZ-BAR-16000-Puffs-disposable-vape-9-300x300.webp 300w, https:\/\/www.vapeswholesaler.com\/wp-content\/uploads\/2024\/08\/Wholesale-RAZZ-BAR-16000-Puffs-disposable-vape-9-150x150.webp 150w, https:\/\/www.vapeswholesaler.com\/wp-content\/uploads\/2024\/08\/Wholesale-RAZZ-BAR-16000-Puffs-disposable-vape-9-768x768.webp 768w, https:\/\/www.vapeswholesaler.com\/wp-content\/uploads\/2024\/08\/Wholesale-RAZZ-BAR-16000-Puffs-disposable-vape-9-12x12.webp 12w, https:\/\/www.vapeswholesaler.com\/wp-content\/uploads\/2024\/08\/Wholesale-RAZZ-BAR-16000-Puffs-disposable-vape-9-247x247.webp 247w, https:\/\/www.vapeswholesaler.com\/wp-content\/uploads\/2024\/08\/Wholesale-RAZZ-BAR-16000-Puffs-disposable-vape-9-510x510.webp 510w, https:\/\/www.vapeswholesaler.com\/wp-content\/uploads\/2024\/08\/Wholesale-RAZZ-BAR-16000-Puffs-disposable-vape-9-100x100.webp 100w\" sizes=\"auto, (max-width: 800px) 100vw, 800px\" \/><figcaption id=\"caption-attachment-18991\" class=\"wp-caption-text\">Vape descart\u00e1vel RAZZ BAR 16000 Puffs por atacado<\/figcaption><\/figure>\n<p>&nbsp;<\/p>","protected":false},"excerpt":{"rendered":"<p>Quantidade m\u00ednima de encomenda: <strong>50 unidades<\/strong>\u00a0(Mistura de Sabores) \uff08<strong>2%\uff0c5% Nic<\/strong>\uff09<\/p>\n<p><strong>Envio gratuito<\/strong><\/p>\n<p><em><strong>Nota<\/strong><\/em>: Enviamos a partir de armaz\u00e9ns europeus, e o tempo de envio ser\u00e1 de cerca de <strong>5-6<\/strong> dias. A taxa do produto e a taxa de envio t\u00eam de ser pagas separadamente em contas de pagamento diferentes. Depois de enviar a encomenda, por favor envie-me uma mensagem via WhatsApp e eu digo-lhe como pagar a encomenda. Obrigado.<\/p>","protected":false},"featured_media":18990,"comment_status":"open","ping_status":"closed","template":"","meta":[],"product_cat":[15],"product_tag":[373,384,385],"class_list":{"0":"post-18992","1":"product","2":"type-product","3":"status-publish","4":"has-post-thumbnail","6":"product_cat-disposable-vape","7":"product_tag-europe-warehouse","8":"product_tag-razz-bar","9":"product_tag-16000-puffs","10":"product_brand-razzbar","12":"first","13":"outofstock","14":"shipping-taxable","15":"purchasable","16":"product-type-variable","17":"has-default-attributes"},"aioseo_notices":[],"_links":{"self":[{"href":"https:\/\/www.vapeswholesaler.com\/pt\/wp-json\/wp\/v2\/product\/18992","targetHints":{"allow":["GET"]}}],"collection":[{"href":"https:\/\/www.vapeswholesaler.com\/pt\/wp-json\/wp\/v2\/product"}],"about":[{"href":"https:\/\/www.vapeswholesaler.com\/pt\/wp-json\/wp\/v2\/types\/product"}],"replies":[{"embeddable":true,"href":"https:\/\/www.vapeswholesaler.com\/pt\/wp-json\/wp\/v2\/comments?post=18992"}],"wp:featuredmedia":[{"embeddable":true,"href":"https:\/\/www.vapeswholesaler.com\/pt\/wp-json\/wp\/v2\/media\/18990"}],"wp:attachment":[{"href":"https:\/\/www.vapeswholesaler.com\/pt\/wp-json\/wp\/v2\/media?parent=18992"}],"wp:term":[{"taxonomy":"product_cat","embeddable":true,"href":"https:\/\/www.vapeswholesaler.com\/pt\/wp-json\/wp\/v2\/product_cat?post=18992"},{"taxonomy":"product_tag","embeddable":true,"href":"https:\/\/www.vapeswholesaler.com\/pt\/wp-json\/wp\/v2\/product_tag?post=18992"}],"curies":[{"name":"wp","href":"https:\/\/api.w.org\/{rel}","templated":true}]}}