{"id":18942,"date":"2024-07-30T15:32:26","date_gmt":"2024-07-30T07:32:26","guid":{"rendered":"https:\/\/www.vapeswholesaler.com\/?post_type=product&#038;p=18942"},"modified":"2025-03-18T15:35:19","modified_gmt":"2025-03-18T07:35:19","slug":"vaporizadores-descartaveis-lavie-vigor-15000-puffs-por-atacado","status":"publish","type":"product","link":"https:\/\/www.vapeswholesaler.com\/pt\/produto\/vaporizadores-descartaveis-lavie-vigor-15000-puffs-por-atacado","title":{"rendered":"Atacado LAVIE VIGOR 15000 puffs Vapes descart\u00e1veis"},"content":{"rendered":"<p><a href=\"https:\/\/www.vapeswholesaler.com\/pt\/marca_do_produto\/lavie\/\">Lavie<\/a> Vigor 15000 Puffs is the latest disposable product. The biggest feature of this product is that the cartridges can be replaced. You can enjoy different flavors with one device. Also we can wholesale cartridges of different flavors separately.<\/p>\n<p>The disposable adopts a transparent tank design, so users can understand the use of e-liquid at any time. It contains 18ml 0\/2%\/3%\/5% nicotine salt e-juice and vape up to 15000 puffs. There are 12 flavors for you to choose. With the capacity of 18ml pre-filled e-liquid, the Lavie Vigor 15000 Puffs can be used for a long time. The 550mAh high-performance lithium battery can ensure the battery life of the whole day. There are 6 different light color indicating the different battery power levels, it is easy to find out the power status of the battery. With the fast charging Type-C charging port, fast fully charged in 30 minutes. The bottom of the product has a switch design for adjusting airflow to meet the vape needs of everyone.<\/p>\n<p>A nossa empresa tem um fornecimento a longo prazo. Assim que recebermos o pagamento do cliente, podemos envi\u00e1-lo no mesmo dia. fazemos o servi\u00e7o de entrega com direitos pagos. aceitamos o Revolut, Wise, Money transfer e western union, temos o n\u00famero da conta banc\u00e1ria local, os clientes pagam a encomenda com muita facilidade e seguran\u00e7a.<\/p>\n<h2><strong><a href=\"https:\/\/www.facebook.com\/fred.luo.58\/\">Lavie<\/a> Vigor 15000 Puffs Flavors:<\/strong><\/h2>\n<ol>\n<li>lim\u00e3o com sal marinho<\/li>\n<li>Uva gelada<\/li>\n<li>Gelo de manga<\/li>\n<li>\u00a0Ma\u00e7\u00e3 dupla<\/li>\n<li>Gelo de morango<\/li>\n<li>Gelo mentolado<\/li>\n<li>Groselha preta<\/li>\n<li>Gelo de melancia<\/li>\n<li>Lichia de melancia<\/li>\n<li>Cola de lim\u00e3o<\/li>\n<li>Lichia gelada<\/li>\n<li>Melancia morango<\/li>\n<\/ol>\n<h2><strong>Caracter\u00edsticas:<\/strong><\/h2>\n<ul>\n<li>Tamanho:51*25,7*86mm<\/li>\n<li>Bateria: 550mAh (600mAh para o mercado coreano)<\/li>\n<li>Puffs: 15000 puff<\/li>\n<li>Capacidade do l\u00edquido: 18 ml<\/li>\n<li>Nicho de sal.2%,5%.OEM<\/li>\n<li>Peso l\u00edquido: 74,2 g<\/li>\n<li>Bobina de malha: Bobina de malha dupla<\/li>\n<li>Material: PC\uff0c PCTG<\/li>\n<li>Resist\u00eancia:1.0\u03a9<\/li>\n<li>Tipo:Carregador tipo C<\/li>\n<\/ul>\n<h2><strong>Detalhes da embalagem:<\/strong><\/h2>\n<p>Tamanho da caixa:560*318*218mm<br \/>\nCBM:0,04<br \/>\nPeso da embalagem:<br \/>\nN\/W: KG<br \/>\nG\/W:19KG<br \/>\nQuantidade: 200 unidades por caixa<\/p>\n<p>&nbsp;<\/p>","protected":false},"excerpt":{"rendered":"<p>Quantidade m\u00ednima de encomenda:\u00a0<strong>50 unidades <\/strong>(Mistura de sabores)\u00a0\u00a0<strong>Envio gratuito<\/strong><\/p>\n<p>(<strong>2%, 5% Nic<\/strong>)<\/p>","protected":false},"featured_media":18941,"comment_status":"open","ping_status":"closed","template":"","meta":[],"product_cat":[15],"product_tag":[375,393],"class_list":{"0":"post-18942","1":"product","2":"type-product","3":"status-publish","4":"has-post-thumbnail","6":"product_cat-disposable-vape","7":"product_tag-15000-puffs","8":"product_tag-lavie","9":"product_brand-lavie","11":"first","12":"instock","13":"shipping-taxable","14":"purchasable","15":"product-type-variable","16":"has-default-attributes"},"aioseo_notices":[],"_links":{"self":[{"href":"https:\/\/www.vapeswholesaler.com\/pt\/wp-json\/wp\/v2\/product\/18942","targetHints":{"allow":["GET"]}}],"collection":[{"href":"https:\/\/www.vapeswholesaler.com\/pt\/wp-json\/wp\/v2\/product"}],"about":[{"href":"https:\/\/www.vapeswholesaler.com\/pt\/wp-json\/wp\/v2\/types\/product"}],"replies":[{"embeddable":true,"href":"https:\/\/www.vapeswholesaler.com\/pt\/wp-json\/wp\/v2\/comments?post=18942"}],"wp:featuredmedia":[{"embeddable":true,"href":"https:\/\/www.vapeswholesaler.com\/pt\/wp-json\/wp\/v2\/media\/18941"}],"wp:attachment":[{"href":"https:\/\/www.vapeswholesaler.com\/pt\/wp-json\/wp\/v2\/media?parent=18942"}],"wp:term":[{"taxonomy":"product_cat","embeddable":true,"href":"https:\/\/www.vapeswholesaler.com\/pt\/wp-json\/wp\/v2\/product_cat?post=18942"},{"taxonomy":"product_tag","embeddable":true,"href":"https:\/\/www.vapeswholesaler.com\/pt\/wp-json\/wp\/v2\/product_tag?post=18942"}],"curies":[{"name":"wp","href":"https:\/\/api.w.org\/{rel}","templated":true}]}}