{"id":18809,"date":"2024-07-24T16:11:23","date_gmt":"2024-07-24T08:11:23","guid":{"rendered":"https:\/\/www.vapeswholesaler.com\/?post_type=product&#038;p=18809"},"modified":"2025-03-05T15:39:29","modified_gmt":"2025-03-05T07:39:29","slug":"caixa-elf-por-atacado-pulso-x-25000-puffs-descartaveis-moq-100pcs","status":"publish","type":"product","link":"https:\/\/www.vapeswholesaler.com\/pt\/produto\/caixa-elf-por-atacado-pulso-x-25000-puffs-descartaveis-moq-100pcs","title":{"rendered":"Atacado ELF BOX PULSE X 25000 Puffs Vape descart\u00e1vel"},"content":{"rendered":"<div><a href=\"https:\/\/www.vapeswholesaler.com\/pt\/marca_do_produto\/caixa-dos-duendes\/\">CAIXA ELF<\/a> PULSE X 25000 Puffs Disposable Vape is designed for vapers who demand excellence in flavor, technology, and convenience. Whether at home, at work, or on the move, the Pulse X is your ideal companion, delivering an unmatched refined vaping experience. Savor the rich flavors and cutting-edge performance of the ELF BOX PULSE X\u2014your gateway to the ultimate vaping experience.<\/div>\n<div><\/div>\n<div>ELF BOX PULSE X 25000 Puffs Dois modos de vaporiza\u00e7\u00e3o: Selecione o Modo Regular para uma experi\u00eancia est\u00e1vel e duradoura com at\u00e9 25.000 baforadas, ou mude para o Modo Pulse para uma viagem de sabor vibrante e intenso com 15.000 baforadas.<\/div>\n<div><\/div>\n<div>Com uma concentra\u00e7\u00e3o de nicotina de 0%\/2%\/3%\/5%, o ELF BOX PULSE X 25000 Puffs proporciona batidas satisfat\u00f3rias, com uma bobina de malha dupla avan\u00e7ada: O sabor consistente e a impressionante produ\u00e7\u00e3o de vapor s\u00e3o garantidos durante toda a vida \u00fatil do dispositivo.<\/div>\n<h2><strong>ELF BOX PULSE X 25000 Puffs Carater\u00edsticas:<\/strong><\/h2>\n<ul>\n<li>Tipos:Descart\u00e1vel<\/li>\n<li>Regular: 25000 Puffs<\/li>\n<li>Pulsa\u00e7\u00e3o: 15000 baforadas<\/li>\n<li>Bobina de malha dupla: 0,8ohm+0,8ohm<\/li>\n<li>E-l\u00edquido:18ml<\/li>\n<li>Nicotine:0%\/2%\/3%\/5%<\/li>\n<li>Bateria:13500-750mah<\/li>\n<li>Ecr\u00e3 curvo 3D<\/li>\n<li>Ajuste de pot\u00eancia AI, VPU interior<\/li>\n<li>Pot\u00eancia de impulso, Super Boost<\/li>\n<li>Recarreg\u00e1vel:Tipo C<\/li>\n<\/ul>\n<h2><strong>CAIXA ELF PULSO X 25000 <\/strong><strong>Aromas:<\/strong><\/h2>\n<ol>\n<li>Melancia com morango<\/li>\n<li>Soda de cereja<\/li>\n<li>Gelo de p\u00eassego<\/li>\n<li>Kiwi Maracuj\u00e1<\/li>\n<li>Gelo exuberante<\/li>\n<li>Red Bull<\/li>\n<li>Gelo de uva<\/li>\n<li>Gelo Blue Razz<\/li>\n<li>Banana com morango<\/li>\n<li>Gelo de morango<\/li>\n<\/ol>\n<h2><strong>Detalhes da embalagem:<\/strong><\/h2>\n<div>Peso do produto: 100g\/pcs<\/div>\n<div>Tamanho do produto:91,5*56,5*28,5mm<\/div>\n<div>Tamanho da caixa: 375*370*226mm<\/div>\n<div>QTY: 100pcs\/ctn.  5 unidades\/caixa<\/div>\n<div>Peso bruto: 11,7 kg<\/div>\n<div><\/div>\n<div><\/div>\n<div><\/div>\n<div><\/div>\n<div>\n<figure id=\"attachment_18792\" aria-describedby=\"caption-attachment-18792\" style=\"width: 800px\" class=\"wp-caption alignnone\"><img loading=\"lazy\" decoding=\"async\" class=\"wp-image-18792 size-full\" title=\"Venda por grosso de ELF BOX PULSE X 25000 Puffs vape descart\u00e1vel 6\" src=\"https:\/\/www.vapeswholesaler.com\/wp-content\/uploads\/2024\/07\/Wholesale-ELF-BOX-PULSE-X-25000-Puffs-disposable-vape-6.webp\" alt=\"Venda por grosso de ELF BOX PULSE X 25000 Puffs vape descart\u00e1vel 6\" width=\"800\" height=\"800\" srcset=\"https:\/\/www.vapeswholesaler.com\/wp-content\/uploads\/2024\/07\/Wholesale-ELF-BOX-PULSE-X-25000-Puffs-disposable-vape-6.webp 800w, https:\/\/www.vapeswholesaler.com\/wp-content\/uploads\/2024\/07\/Wholesale-ELF-BOX-PULSE-X-25000-Puffs-disposable-vape-6-300x300.webp 300w, https:\/\/www.vapeswholesaler.com\/wp-content\/uploads\/2024\/07\/Wholesale-ELF-BOX-PULSE-X-25000-Puffs-disposable-vape-6-150x150.webp 150w, https:\/\/www.vapeswholesaler.com\/wp-content\/uploads\/2024\/07\/Wholesale-ELF-BOX-PULSE-X-25000-Puffs-disposable-vape-6-768x768.webp 768w, https:\/\/www.vapeswholesaler.com\/wp-content\/uploads\/2024\/07\/Wholesale-ELF-BOX-PULSE-X-25000-Puffs-disposable-vape-6-12x12.webp 12w, https:\/\/www.vapeswholesaler.com\/wp-content\/uploads\/2024\/07\/Wholesale-ELF-BOX-PULSE-X-25000-Puffs-disposable-vape-6-247x247.webp 247w, https:\/\/www.vapeswholesaler.com\/wp-content\/uploads\/2024\/07\/Wholesale-ELF-BOX-PULSE-X-25000-Puffs-disposable-vape-6-510x510.webp 510w, https:\/\/www.vapeswholesaler.com\/wp-content\/uploads\/2024\/07\/Wholesale-ELF-BOX-PULSE-X-25000-Puffs-disposable-vape-6-100x100.webp 100w\" sizes=\"auto, (max-width: 800px) 100vw, 800px\" \/><figcaption id=\"caption-attachment-18792\" class=\"wp-caption-text\">Vape descart\u00e1vel por atacado ELF BOX PULSE X 25000 Puffs<\/figcaption><\/figure>\n<p><img loading=\"lazy\" decoding=\"async\" class=\"alignnone wp-image-18794 size-full\" title=\"Venda por grosso de ELF BOX PULSE X 25000 Puffs vape descart\u00e1vel 8\" src=\"https:\/\/www.vapeswholesaler.com\/wp-content\/uploads\/2024\/07\/Wholesale-ELF-BOX-PULSE-X-25000-Puffs-disposable-vape-8.webp\" alt=\"Venda por grosso de ELF BOX PULSE X 25000 Puffs vape descart\u00e1vel 8\" width=\"800\" height=\"800\" srcset=\"https:\/\/www.vapeswholesaler.com\/wp-content\/uploads\/2024\/07\/Wholesale-ELF-BOX-PULSE-X-25000-Puffs-disposable-vape-8.webp 800w, https:\/\/www.vapeswholesaler.com\/wp-content\/uploads\/2024\/07\/Wholesale-ELF-BOX-PULSE-X-25000-Puffs-disposable-vape-8-300x300.webp 300w, https:\/\/www.vapeswholesaler.com\/wp-content\/uploads\/2024\/07\/Wholesale-ELF-BOX-PULSE-X-25000-Puffs-disposable-vape-8-150x150.webp 150w, https:\/\/www.vapeswholesaler.com\/wp-content\/uploads\/2024\/07\/Wholesale-ELF-BOX-PULSE-X-25000-Puffs-disposable-vape-8-768x768.webp 768w, https:\/\/www.vapeswholesaler.com\/wp-content\/uploads\/2024\/07\/Wholesale-ELF-BOX-PULSE-X-25000-Puffs-disposable-vape-8-12x12.webp 12w, https:\/\/www.vapeswholesaler.com\/wp-content\/uploads\/2024\/07\/Wholesale-ELF-BOX-PULSE-X-25000-Puffs-disposable-vape-8-247x247.webp 247w, https:\/\/www.vapeswholesaler.com\/wp-content\/uploads\/2024\/07\/Wholesale-ELF-BOX-PULSE-X-25000-Puffs-disposable-vape-8-510x510.webp 510w, https:\/\/www.vapeswholesaler.com\/wp-content\/uploads\/2024\/07\/Wholesale-ELF-BOX-PULSE-X-25000-Puffs-disposable-vape-8-100x100.webp 100w\" sizes=\"auto, (max-width: 800px) 100vw, 800px\" \/><\/p>\n<\/div>","protected":false},"excerpt":{"rendered":"<p>Quantidade m\u00ednima de encomenda:\u00a0<strong>50 UNIDADES<\/strong>\u00a0(Mistura de sabores)\u00a0\u00a0<strong>Envio gratuito<\/strong><\/p>\n<p>(<strong>2%, 5% Nic<\/strong>)<\/p>","protected":false},"featured_media":18787,"comment_status":"open","ping_status":"closed","template":"","meta":[],"product_cat":[15],"product_tag":[],"class_list":{"0":"post-18809","1":"product","2":"type-product","3":"status-publish","4":"has-post-thumbnail","6":"product_cat-disposable-vape","7":"product_brand-elf-box","9":"first","10":"instock","11":"shipping-taxable","12":"purchasable","13":"product-type-variable","14":"has-default-attributes"},"aioseo_notices":[],"_links":{"self":[{"href":"https:\/\/www.vapeswholesaler.com\/pt\/wp-json\/wp\/v2\/product\/18809","targetHints":{"allow":["GET"]}}],"collection":[{"href":"https:\/\/www.vapeswholesaler.com\/pt\/wp-json\/wp\/v2\/product"}],"about":[{"href":"https:\/\/www.vapeswholesaler.com\/pt\/wp-json\/wp\/v2\/types\/product"}],"replies":[{"embeddable":true,"href":"https:\/\/www.vapeswholesaler.com\/pt\/wp-json\/wp\/v2\/comments?post=18809"}],"wp:featuredmedia":[{"embeddable":true,"href":"https:\/\/www.vapeswholesaler.com\/pt\/wp-json\/wp\/v2\/media\/18787"}],"wp:attachment":[{"href":"https:\/\/www.vapeswholesaler.com\/pt\/wp-json\/wp\/v2\/media?parent=18809"}],"wp:term":[{"taxonomy":"product_cat","embeddable":true,"href":"https:\/\/www.vapeswholesaler.com\/pt\/wp-json\/wp\/v2\/product_cat?post=18809"},{"taxonomy":"product_tag","embeddable":true,"href":"https:\/\/www.vapeswholesaler.com\/pt\/wp-json\/wp\/v2\/product_tag?post=18809"}],"curies":[{"name":"wp","href":"https:\/\/api.w.org\/{rel}","templated":true}]}}