{"id":18629,"date":"2024-07-17T17:47:08","date_gmt":"2024-07-17T09:47:08","guid":{"rendered":"https:\/\/www.vapeswholesaler.com\/?post_type=product&#038;p=18629"},"modified":"2025-03-14T17:10:57","modified_gmt":"2025-03-14T09:10:57","slug":"barra-razz-por-atacado-12000-puffs-vape-descartavel","status":"publish","type":"product","link":"https:\/\/www.vapeswholesaler.com\/pt\/produto\/barra-razz-por-atacado-12000-puffs-vape-descartavel","title":{"rendered":"Vape descart\u00e1vel RAZZ BAR 12000 Puffs por atacado"},"content":{"rendered":"<div><a href=\"https:\/\/www.vapeswholesaler.com\/pt\/marca_do_produto\/razzbar\/\">BAR RAZZ<\/a> O 12000 Puffs proporciona sabores mais genu\u00ednos e uma produ\u00e7\u00e3o mais forte do que nunca. O seu flip Integrated com at\u00e9 22W de pot\u00eancia e controlo de voltagem e ventila\u00e7\u00e3o. Capacidade de 22 ml e uma bateria recarreg\u00e1vel de 650 mAh As suas expectativas em mat\u00e9ria de robustez e uniformidade. O seu inv\u00f3lucro transl\u00facido e o seu design soberbo, que estabelece novos padr\u00f5es, chamam a aten\u00e7\u00e3o. A melhor forma de melhorar a sua experi\u00eancia com o cigarro eletr\u00f3nico \u00e9 utilizar o nosso produto.<\/div>\n<div><\/div>\n<div>Com um sal de nicotina pr\u00e9-cheio de 20 mg\/mL, o vape descart\u00e1vel recarreg\u00e1vel RAZZ BAR 12000 Puffs tem uma bobina de malha dupla com uma resist\u00eancia de 0,8 ohm. O RAZZ BAR 12000 Puffs tem uma capacidade de 22 ml de sumo eletr\u00f3nico e uma bateria de 650 mAh. A c\u00e2mara transl\u00facida permite-lhe ver sempre o l\u00edquido eletr\u00f3nico que resta nela.<\/div>\n<div><\/div>\n<div>O objetivo do RAZZ BAR 12000 Puffs \u00e9 proporcionar uma experi\u00eancia suave e agrad\u00e1vel com o cigarro eletr\u00f3nico. O seu sabor distinto oferece uma mudan\u00e7a fresca em rela\u00e7\u00e3o aos sabores cl\u00e1ssicos de fruta. Em cada tragada, experimenta a mistura refrescante e doce do mentol.<\/div>\n<div><\/div>\n<h2><strong>RAZZ BAR 12000 Puffs Caracter\u00edsticas:<\/strong><\/h2>\n<ul>\n<li>Puffs: 12000 Puffs<\/li>\n<li>L\u00edquido: 22 mL pr\u00e9-cheio<\/li>\n<li>Nicotina: 2% 5%<\/li>\n<li>N\u00facleo: Bobina de malha 0,8\u03a9<\/li>\n<li>Bateria: 650mAh recarreg\u00e1vel tipo-c<\/li>\n<\/ul>\n<h2><strong>Aromas:<\/strong><\/h2>\n<ol>\n<li>Bagas mistas<\/li>\n<li>Gelo de morango<\/li>\n<li>Red Bull Ice<\/li>\n<li>Kiwi Frutos da paix\u00e3o Goiaba<\/li>\n<li>Mamba<\/li>\n<li>Gelo de mirtilo<\/li>\n<li>Gelo de p\u00eassego<\/li>\n<li>Gelo de cereja<\/li>\n<li>Gelo de melancia<\/li>\n<li>Limonada Blue Razz<\/li>\n<li>Gelo de manga<\/li>\n<li>Morango Kiwi<\/li>\n<\/ol>\n<div><\/div>\n<h2><strong>Lista de embalagem:<\/strong><\/h2>\n<div>1 unidade por caixa individual<\/div>\n<div>10 unidades de cada caixa interm\u00e9dia<\/div>\n<div>200 unidades por caixa<\/div>\n<div><\/div>\n<div>\n<figure id=\"attachment_18626\" aria-describedby=\"caption-attachment-18626\" style=\"width: 800px\" class=\"wp-caption alignnone\"><img loading=\"lazy\" decoding=\"async\" class=\"wp-image-18626 size-full\" title=\"Venda por grosso de RAZZ BAR 12000 Puffs vape descart\u00e1vel 5\" src=\"https:\/\/www.vapeswholesaler.com\/wp-content\/uploads\/2024\/07\/Wholesale-RAZZ-BAR-12000-Puffs-disposable-vape-5.webp\" alt=\"Venda por grosso de RAZZ BAR 12000 Puffs vape descart\u00e1vel 5\" width=\"800\" height=\"800\" srcset=\"https:\/\/www.vapeswholesaler.com\/wp-content\/uploads\/2024\/07\/Wholesale-RAZZ-BAR-12000-Puffs-disposable-vape-5.webp 800w, https:\/\/www.vapeswholesaler.com\/wp-content\/uploads\/2024\/07\/Wholesale-RAZZ-BAR-12000-Puffs-disposable-vape-5-300x300.webp 300w, https:\/\/www.vapeswholesaler.com\/wp-content\/uploads\/2024\/07\/Wholesale-RAZZ-BAR-12000-Puffs-disposable-vape-5-150x150.webp 150w, https:\/\/www.vapeswholesaler.com\/wp-content\/uploads\/2024\/07\/Wholesale-RAZZ-BAR-12000-Puffs-disposable-vape-5-768x768.webp 768w, https:\/\/www.vapeswholesaler.com\/wp-content\/uploads\/2024\/07\/Wholesale-RAZZ-BAR-12000-Puffs-disposable-vape-5-12x12.webp 12w, https:\/\/www.vapeswholesaler.com\/wp-content\/uploads\/2024\/07\/Wholesale-RAZZ-BAR-12000-Puffs-disposable-vape-5-247x247.webp 247w, https:\/\/www.vapeswholesaler.com\/wp-content\/uploads\/2024\/07\/Wholesale-RAZZ-BAR-12000-Puffs-disposable-vape-5-510x510.webp 510w, https:\/\/www.vapeswholesaler.com\/wp-content\/uploads\/2024\/07\/Wholesale-RAZZ-BAR-12000-Puffs-disposable-vape-5-100x100.webp 100w\" sizes=\"auto, (max-width: 800px) 100vw, 800px\" \/><figcaption id=\"caption-attachment-18626\" class=\"wp-caption-text\">Vape descart\u00e1vel RAZZ BAR 12000 Puffs por atacado<\/figcaption><\/figure>\n<\/div>","protected":false},"excerpt":{"rendered":"<p>Quantidade m\u00ednima de encomenda: <strong>50 unidades <\/strong>(Mistura de sabores) (<strong>2%,5% Nic<\/strong>)<\/p>\n<p><strong>Envio gratuito<\/strong><\/p>\n<p><em><strong>Nota:<\/strong><\/em> O envio \u00e9 efectuado a partir de armaz\u00e9ns europeus e o tempo de envio \u00e9 de cerca de <strong>5-6<\/strong> dias. A taxa do produto e a taxa de envio t\u00eam de ser pagas separadamente em contas de pagamento diferentes. Depois de enviar a encomenda, por favor envie-me uma mensagem via WhatsApp e eu digo-lhe como pagar a encomenda. Obrigado.<\/p>","protected":false},"featured_media":18622,"comment_status":"open","ping_status":"closed","template":"","meta":[],"product_cat":[15],"product_tag":[373,379,384],"class_list":{"0":"post-18629","1":"product","2":"type-product","3":"status-publish","4":"has-post-thumbnail","6":"product_cat-disposable-vape","7":"product_tag-europe-warehouse","8":"product_tag-12000-puffs","9":"product_tag-razz-bar","10":"product_brand-razzbar","12":"first","13":"outofstock","14":"shipping-taxable","15":"purchasable","16":"product-type-variable","17":"has-default-attributes"},"aioseo_notices":[],"_links":{"self":[{"href":"https:\/\/www.vapeswholesaler.com\/pt\/wp-json\/wp\/v2\/product\/18629","targetHints":{"allow":["GET"]}}],"collection":[{"href":"https:\/\/www.vapeswholesaler.com\/pt\/wp-json\/wp\/v2\/product"}],"about":[{"href":"https:\/\/www.vapeswholesaler.com\/pt\/wp-json\/wp\/v2\/types\/product"}],"replies":[{"embeddable":true,"href":"https:\/\/www.vapeswholesaler.com\/pt\/wp-json\/wp\/v2\/comments?post=18629"}],"wp:featuredmedia":[{"embeddable":true,"href":"https:\/\/www.vapeswholesaler.com\/pt\/wp-json\/wp\/v2\/media\/18622"}],"wp:attachment":[{"href":"https:\/\/www.vapeswholesaler.com\/pt\/wp-json\/wp\/v2\/media?parent=18629"}],"wp:term":[{"taxonomy":"product_cat","embeddable":true,"href":"https:\/\/www.vapeswholesaler.com\/pt\/wp-json\/wp\/v2\/product_cat?post=18629"},{"taxonomy":"product_tag","embeddable":true,"href":"https:\/\/www.vapeswholesaler.com\/pt\/wp-json\/wp\/v2\/product_tag?post=18629"}],"curies":[{"name":"wp","href":"https:\/\/api.w.org\/{rel}","templated":true}]}}