{"id":18278,"date":"2024-07-09T23:08:14","date_gmt":"2024-07-09T15:08:14","guid":{"rendered":"https:\/\/www.vapeswholesaler.com\/?post_type=product&#038;p=18278"},"modified":"2025-03-18T14:04:55","modified_gmt":"2025-03-18T06:04:55","slug":"bang-30000-puffs-duplo-sabor-vape-descartavel-em-stock","status":"publish","type":"product","link":"https:\/\/www.vapeswholesaler.com\/pt\/produto\/bang-30000-puffs-duplo-sabor-vape-descartavel-em-stock","title":{"rendered":"Atacado Bang 30000 Puffs Duplo sabor Vape descart\u00e1vel"},"content":{"rendered":"<p><a href=\"https:\/\/www.vapeswholesaler.com\/pt\/marca_do_produto\/pancada\/\">Pancada<\/a> 30000 Puffs Duplos sabores Ecr\u00e3 LCD Vape descart\u00e1vel Vape box, uma escolha premium para uma maior satisfa\u00e7\u00e3o com o vaping. Experimente at\u00e9 30000 baforadas com o seu e-l\u00edquido pr\u00e9-cheio de 36 ml de alta capacidade.<\/p>\n<p>Os sabores duplos melhoram o sabor e a produ\u00e7\u00e3o de vapor com a bobina de malha de 1,0 ohm e o design de fluxo de ar ajust\u00e1vel. O Bang King 30K n\u00e3o s\u00f3 oferece um desempenho excecional, como tamb\u00e9m tem um pre\u00e7o competitivo, o que o torna uma excelente escolha para quem procura valor sem sacrificar a qualidade.<\/p>\n<p>As nossas op\u00e7\u00f5es de venda por grosso garantem que as empresas podem armazenar este dispositivo popular, satisfazendo eficazmente as necessidades dos seus clientes.<\/p>\n<p>Experimente a comodidade de um envio r\u00e1pido, permitindo-lhe desfrutar do seu Vape descart\u00e1vel sem demora. Quer seja um entusiasta da vaporiza\u00e7\u00e3o, um retalhista ou um grossista que procura expandir a sua gama de produtos.<\/p>\n<h2><strong><a href=\"https:\/\/www.facebook.com\/fred.luo.58\/\">Pancada<\/a> 30000 Puffs Sabores duplos Detalhes:<\/strong><\/h2>\n<ul>\n<li>Puffs: At\u00e9 30000 Puffs<\/li>\n<li>L\u00edquido: 36 ml Pr\u00e9-cheio<\/li>\n<li>Nicotina: 0% 2% 3% 5%<\/li>\n<li>N\u00facleo: Bobina de malha 1.0 ohm<\/li>\n<li>Bateria: 550 mAh recarreg\u00e1vel tipo-c<\/li>\n<li>Modo de entrega: DHL<\/li>\n<li>10 unidades\/caixa<\/li>\n<li>1 caixa\/200pcs(22 KG)<\/li>\n<\/ul>\n<h2><strong>Sabores dispon\u00edveis:<\/strong><\/h2>\n<ol>\n<li>Gelo de melancia e menta de mirtilo<\/li>\n<li>Gelo de melancia, morango e manga<\/li>\n<li>Morango Melancia e Kiwi Maracuj\u00e1 Goiaba<\/li>\n<li>Gelado de morango, melancia e uva<\/li>\n<li>Gelo de mirtilo e gelo de drag\u00e3o negro<\/li>\n<li>Gelo de mirtilo, morango e banana<\/li>\n<li>Red Bull e melancia com mirtilo<\/li>\n<li>Red Bull e rebu\u00e7ados de melancia<\/li>\n<li>Mirtilo Framboesa e P\u00eassego Manga Melancia<\/li>\n<li>Mirtilo Framboesa e Frutos Mistos com Bolor<\/li>\n<li>Gelado de morango, kiwi e p\u00eassego<\/li>\n<li>Morango Kiwi e Ma\u00e7\u00e3 \u00c1cida Framboesa<\/li>\n<\/ol>\n<h2><strong>Detalhes da embalagem:<\/strong><\/h2>\n<p>Pe\u00e7a \u00fanica com embalagem de rebu\u00e7ado<br \/>\nCada caixa cont\u00e9m 10 unidades<br \/>\nCada caixa cont\u00e9m 200 unidades 22KG<\/p>\n<figure id=\"attachment_18264\" aria-describedby=\"caption-attachment-18264\" style=\"width: 800px\" class=\"wp-caption alignnone\"><img loading=\"lazy\" decoding=\"async\" class=\"wp-image-18264 size-full\" title=\"Atacado Bang 30000 Puffs Duplo sabor Vape descart\u00e1vel 3\" src=\"https:\/\/www.vapeswholesaler.com\/wp-content\/uploads\/2024\/07\/Wholesale-Bang-30000-Puffs-Double-flavors-Disposable-Vape-3.webp\" alt=\"Atacado Bang 30000 Puffs Duplo sabor Vape descart\u00e1vel 3\" width=\"800\" height=\"1747\" srcset=\"https:\/\/www.vapeswholesaler.com\/wp-content\/uploads\/2024\/07\/Wholesale-Bang-30000-Puffs-Double-flavors-Disposable-Vape-3.webp 800w, https:\/\/www.vapeswholesaler.com\/wp-content\/uploads\/2024\/07\/Wholesale-Bang-30000-Puffs-Double-flavors-Disposable-Vape-3-137x300.webp 137w, https:\/\/www.vapeswholesaler.com\/wp-content\/uploads\/2024\/07\/Wholesale-Bang-30000-Puffs-Double-flavors-Disposable-Vape-3-469x1024.webp 469w, https:\/\/www.vapeswholesaler.com\/wp-content\/uploads\/2024\/07\/Wholesale-Bang-30000-Puffs-Double-flavors-Disposable-Vape-3-768x1677.webp 768w, https:\/\/www.vapeswholesaler.com\/wp-content\/uploads\/2024\/07\/Wholesale-Bang-30000-Puffs-Double-flavors-Disposable-Vape-3-703x1536.webp 703w, https:\/\/www.vapeswholesaler.com\/wp-content\/uploads\/2024\/07\/Wholesale-Bang-30000-Puffs-Double-flavors-Disposable-Vape-3-5x12.webp 5w, https:\/\/www.vapeswholesaler.com\/wp-content\/uploads\/2024\/07\/Wholesale-Bang-30000-Puffs-Double-flavors-Disposable-Vape-3-510x1114.webp 510w\" sizes=\"auto, (max-width: 800px) 100vw, 800px\" \/><figcaption id=\"caption-attachment-18264\" class=\"wp-caption-text\">Atacado Bang 30000 Puffs Duplo sabor Vape descart\u00e1vel<\/figcaption><\/figure>","protected":false},"excerpt":{"rendered":"<p>Quantidade m\u00ednima de encomenda:\u00a0<strong>50 unidades<\/strong>\u00a0(Mistura de sabores)\u00a0\u00a0<strong>Envio gratuito<\/strong><\/p>\n<p>(<strong>0%\uff0c2%, 3%\uff0c5% Nic<\/strong>)<\/p>","protected":false},"featured_media":19301,"comment_status":"open","ping_status":"closed","template":"","meta":[],"product_cat":[15],"product_tag":[388,368,374],"class_list":{"0":"post-18278","1":"product","2":"type-product","3":"status-publish","4":"has-post-thumbnail","6":"product_cat-disposable-vape","7":"product_tag-bang","8":"product_tag-bang-king","9":"product_tag-30000-puffs","10":"product_brand-bang","12":"first","13":"instock","14":"shipping-taxable","15":"purchasable","16":"product-type-variable","17":"has-default-attributes"},"aioseo_notices":[],"_links":{"self":[{"href":"https:\/\/www.vapeswholesaler.com\/pt\/wp-json\/wp\/v2\/product\/18278","targetHints":{"allow":["GET"]}}],"collection":[{"href":"https:\/\/www.vapeswholesaler.com\/pt\/wp-json\/wp\/v2\/product"}],"about":[{"href":"https:\/\/www.vapeswholesaler.com\/pt\/wp-json\/wp\/v2\/types\/product"}],"replies":[{"embeddable":true,"href":"https:\/\/www.vapeswholesaler.com\/pt\/wp-json\/wp\/v2\/comments?post=18278"}],"wp:featuredmedia":[{"embeddable":true,"href":"https:\/\/www.vapeswholesaler.com\/pt\/wp-json\/wp\/v2\/media\/19301"}],"wp:attachment":[{"href":"https:\/\/www.vapeswholesaler.com\/pt\/wp-json\/wp\/v2\/media?parent=18278"}],"wp:term":[{"taxonomy":"product_cat","embeddable":true,"href":"https:\/\/www.vapeswholesaler.com\/pt\/wp-json\/wp\/v2\/product_cat?post=18278"},{"taxonomy":"product_tag","embeddable":true,"href":"https:\/\/www.vapeswholesaler.com\/pt\/wp-json\/wp\/v2\/product_tag?post=18278"}],"curies":[{"name":"wp","href":"https:\/\/api.w.org\/{rel}","templated":true}]}}