{"id":18186,"date":"2024-07-08T14:33:37","date_gmt":"2024-07-08T06:33:37","guid":{"rendered":"https:\/\/www.vapeswholesaler.com\/?post_type=product&#038;p=18186"},"modified":"2025-02-22T22:44:08","modified_gmt":"2025-02-22T14:44:08","slug":"fumot-randm-crystal-12000-puffs-vape-descartavel-por-atacado","status":"publish","type":"product","link":"https:\/\/www.vapeswholesaler.com\/pt\/produto\/fumot-randm-crystal-12000-puffs-vape-descartavel-por-atacado","title":{"rendered":"Fumot Randm Crystal 12000 Puffs por atacado vape descart\u00e1vel"},"content":{"rendered":"<p>A caixa de vapores descart\u00e1veis Fumot RandM Crystal 12000 Puffs com ecr\u00e3 LED, dispon\u00edvel na Gleevape, oferece uma experi\u00eancia de vaporiza\u00e7\u00e3o sem paralelo. Com uma capacidade impressionante de 12000 puffs, este dispositivo avan\u00e7ado foi concebido tanto para vapers experientes como para principiantes, garantindo uma viagem prolongada e satisfat\u00f3ria. A capacidade de 20 ml de sumo eletr\u00f3nico proporciona um l\u00edquido amplo para uma utiliza\u00e7\u00e3o prolongada, enquanto a bateria recarreg\u00e1vel de 650 mAh, em conjunto com uma porta de carregamento Tipo C, elimina a necessidade de substitui\u00e7\u00f5es frequentes da bateria.<\/p>\n<p>O ecr\u00e3 LED do Fumot RandM Crystal 12000 Puffs d\u00e1 um toque elegante e moderno, oferecendo uma visibilidade clara do estado do dispositivo para uma experi\u00eancia de vaporiza\u00e7\u00e3o perfeita. Este dispositivo permite acomodar v\u00e1rias prefer\u00eancias com op\u00e7\u00f5es de nicotina de 0%, 2%, 3% e 5%, permitindo aos utilizadores selecionar a concentra\u00e7\u00e3o que melhor se adequa \u00e0s suas necessidades. Para al\u00e9m disso, o RandM Crystal 12000 Puffs est\u00e1 dispon\u00edvel numa vasta gama de 40 sabores sedutores, garantindo que h\u00e1 algo para satisfazer todos os paladares.<\/p>\n<h2><strong><a href=\"https:\/\/www.vapeswholesaler.com\/pt\/marca_do_produto\/randm\/\">Fumot<\/a> RandM Crystal 12000 Features:<\/strong><\/h2>\n<ul>\n<li>20ml de E-Liquid pr\u00e9-cheio<\/li>\n<li>0%, 2%, 3%, 5% Intensidade da nicotina<\/li>\n<li>Bateria recarreg\u00e1vel de 650mAh<\/li>\n<li>Alcance at\u00e9 12000 baforadas<\/li>\n<li>Suporte para carregamento tipo C<\/li>\n<\/ul>\n<h2><strong>Aromas:<\/strong><\/h2>\n<ol>\n<li>Uva Alo\u00e9<\/li>\n<li>Cola Ice<\/li>\n<li>Fus\u00e3o de frutas<\/li>\n<li>Melancia com manga e p\u00eassego<\/li>\n<li>Doces arco-\u00edris<\/li>\n<li>Melancia com framboesa<\/li>\n<li>Gelo de morango<\/li>\n<li>Morango Kiwi<\/li>\n<li>Gelo Blue Razz<\/li>\n<li>Gelo de fruta-do-drag\u00e3o<\/li>\n<li>Gelo de uva<\/li>\n<li>Mirtilo no gelo<\/li>\n<li>Morango Uva<\/li>\n<li>Gelo de p\u00eassego<\/li>\n<li>Limonada de bagas<\/li>\n<li>Red Bull de morango<\/li>\n<li>Gelo de banana<\/li>\n<li>Hortel\u00e3 fresca<\/li>\n<li>Limonada cor-de-rosa<\/li>\n<li>Gelo de bagas triplo<\/li>\n<li>Dr. Blue<\/li>\n<li>Mirtilo Framboesa<\/li>\n<li>Lush Lce<\/li>\n<li>P\u00eassego Manga<\/li>\n<li>Gelo de ma\u00e7\u00e3 vermelha<\/li>\n<li>Limonada Blue Razz<\/li>\n<li>Explos\u00e3o de bagas de ma\u00e7\u00e3<\/li>\n<li>Baga Framboesa Cereja<\/li>\n<li>Pastilha el\u00e1stica de melancia<\/li>\n<li>Gelo de melancia<\/li>\n<li>Melancia com morango<\/li>\n<li>Kiwi Maracuj\u00e1 Goiaba<\/li>\n<li>Bagas mistas<\/li>\n<li>Pastilha el\u00e1stica de mirtilo<\/li>\n<li>Framboesa Bluesour<\/li>\n<li>Manga no gelo<\/li>\n<\/ol>\n<h2><strong>Lista de embalagem:<\/strong><\/h2>\n<p>1 unidade por caixa individual<br \/>\n10 unidades de cada caixa interm\u00e9dia<br \/>\n200 unidades por caixa<\/p>\n<p><img loading=\"lazy\" decoding=\"async\" class=\"alignnone wp-image-18176 size-full\" title=\"Fumot Randm Crystal 12000 Puffs por atacado vape descart\u00e1vel 3\" src=\"https:\/\/www.vapeswholesaler.com\/wp-content\/uploads\/2024\/07\/Wholesale-Fumot-Randm-Crystal-12000-Puffs-disposable-vape-3.webp\" alt=\"Fumot Randm Crystal 12000 Puffs por atacado vape descart\u00e1vel 3\" width=\"800\" height=\"800\" srcset=\"https:\/\/www.vapeswholesaler.com\/wp-content\/uploads\/2024\/07\/Wholesale-Fumot-Randm-Crystal-12000-Puffs-disposable-vape-3.webp 800w, https:\/\/www.vapeswholesaler.com\/wp-content\/uploads\/2024\/07\/Wholesale-Fumot-Randm-Crystal-12000-Puffs-disposable-vape-3-300x300.webp 300w, https:\/\/www.vapeswholesaler.com\/wp-content\/uploads\/2024\/07\/Wholesale-Fumot-Randm-Crystal-12000-Puffs-disposable-vape-3-150x150.webp 150w, https:\/\/www.vapeswholesaler.com\/wp-content\/uploads\/2024\/07\/Wholesale-Fumot-Randm-Crystal-12000-Puffs-disposable-vape-3-768x768.webp 768w, https:\/\/www.vapeswholesaler.com\/wp-content\/uploads\/2024\/07\/Wholesale-Fumot-Randm-Crystal-12000-Puffs-disposable-vape-3-12x12.webp 12w, https:\/\/www.vapeswholesaler.com\/wp-content\/uploads\/2024\/07\/Wholesale-Fumot-Randm-Crystal-12000-Puffs-disposable-vape-3-247x247.webp 247w, https:\/\/www.vapeswholesaler.com\/wp-content\/uploads\/2024\/07\/Wholesale-Fumot-Randm-Crystal-12000-Puffs-disposable-vape-3-510x510.webp 510w, https:\/\/www.vapeswholesaler.com\/wp-content\/uploads\/2024\/07\/Wholesale-Fumot-Randm-Crystal-12000-Puffs-disposable-vape-3-100x100.webp 100w\" sizes=\"auto, (max-width: 800px) 100vw, 800px\" \/><\/p>\n<p><img loading=\"lazy\" decoding=\"async\" class=\"alignnone wp-image-18175 size-full\" title=\"Fumot Randm Crystal 12000 Puffs por atacado vape descart\u00e1vel 2\" src=\"https:\/\/www.vapeswholesaler.com\/wp-content\/uploads\/2024\/07\/Wholesale-Fumot-Randm-Crystal-12000-Puffs-disposable-vape-2.webp\" alt=\"Fumot Randm Crystal 12000 Puffs por atacado vape descart\u00e1vel 2\" width=\"800\" height=\"800\" srcset=\"https:\/\/www.vapeswholesaler.com\/wp-content\/uploads\/2024\/07\/Wholesale-Fumot-Randm-Crystal-12000-Puffs-disposable-vape-2.webp 800w, https:\/\/www.vapeswholesaler.com\/wp-content\/uploads\/2024\/07\/Wholesale-Fumot-Randm-Crystal-12000-Puffs-disposable-vape-2-300x300.webp 300w, https:\/\/www.vapeswholesaler.com\/wp-content\/uploads\/2024\/07\/Wholesale-Fumot-Randm-Crystal-12000-Puffs-disposable-vape-2-150x150.webp 150w, https:\/\/www.vapeswholesaler.com\/wp-content\/uploads\/2024\/07\/Wholesale-Fumot-Randm-Crystal-12000-Puffs-disposable-vape-2-768x768.webp 768w, https:\/\/www.vapeswholesaler.com\/wp-content\/uploads\/2024\/07\/Wholesale-Fumot-Randm-Crystal-12000-Puffs-disposable-vape-2-12x12.webp 12w, https:\/\/www.vapeswholesaler.com\/wp-content\/uploads\/2024\/07\/Wholesale-Fumot-Randm-Crystal-12000-Puffs-disposable-vape-2-247x247.webp 247w, https:\/\/www.vapeswholesaler.com\/wp-content\/uploads\/2024\/07\/Wholesale-Fumot-Randm-Crystal-12000-Puffs-disposable-vape-2-510x510.webp 510w, https:\/\/www.vapeswholesaler.com\/wp-content\/uploads\/2024\/07\/Wholesale-Fumot-Randm-Crystal-12000-Puffs-disposable-vape-2-100x100.webp 100w\" sizes=\"auto, (max-width: 800px) 100vw, 800px\" \/><\/p>","protected":false},"excerpt":{"rendered":"<p>Quantidade m\u00ednima de encomenda:\u00a0<strong>50 UNIDADES<\/strong>\u00a0(Mistura de sabores)\u00a0\u00a0<strong>Envio gratuito<\/strong><\/p>\n<p>(<strong>2%, 3%\uff0c5% Nic<\/strong>)<\/p>","protected":false},"featured_media":18174,"comment_status":"open","ping_status":"closed","template":"","meta":[],"product_cat":[15],"product_tag":[328,329,330],"class_list":{"0":"post-18186","1":"product","2":"type-product","3":"status-publish","4":"has-post-thumbnail","6":"product_cat-disposable-vape","7":"product_tag-fumot-randm-crystal-12000","8":"product_tag-fumot-randm-crystal-12000-vapes","9":"product_tag-fumot-randm-crystal-12000-disposable-vape","10":"product_brand-fumot","12":"first","13":"outofstock","14":"shipping-taxable","15":"purchasable","16":"product-type-variable"},"aioseo_notices":[],"_links":{"self":[{"href":"https:\/\/www.vapeswholesaler.com\/pt\/wp-json\/wp\/v2\/product\/18186","targetHints":{"allow":["GET"]}}],"collection":[{"href":"https:\/\/www.vapeswholesaler.com\/pt\/wp-json\/wp\/v2\/product"}],"about":[{"href":"https:\/\/www.vapeswholesaler.com\/pt\/wp-json\/wp\/v2\/types\/product"}],"replies":[{"embeddable":true,"href":"https:\/\/www.vapeswholesaler.com\/pt\/wp-json\/wp\/v2\/comments?post=18186"}],"wp:featuredmedia":[{"embeddable":true,"href":"https:\/\/www.vapeswholesaler.com\/pt\/wp-json\/wp\/v2\/media\/18174"}],"wp:attachment":[{"href":"https:\/\/www.vapeswholesaler.com\/pt\/wp-json\/wp\/v2\/media?parent=18186"}],"wp:term":[{"taxonomy":"product_cat","embeddable":true,"href":"https:\/\/www.vapeswholesaler.com\/pt\/wp-json\/wp\/v2\/product_cat?post=18186"},{"taxonomy":"product_tag","embeddable":true,"href":"https:\/\/www.vapeswholesaler.com\/pt\/wp-json\/wp\/v2\/product_tag?post=18186"}],"curies":[{"name":"wp","href":"https:\/\/api.w.org\/{rel}","templated":true}]}}