{"id":17812,"date":"2024-07-02T23:34:39","date_gmt":"2024-07-02T15:34:39","guid":{"rendered":"https:\/\/www.vapeswholesaler.com\/?post_type=product&#038;p=17812"},"modified":"2025-11-10T10:37:59","modified_gmt":"2025-11-10T02:37:59","slug":"venda-por-grosso-mr-nic-glory-20000-puffs-vape-descartavel","status":"publish","type":"product","link":"https:\/\/www.vapeswholesaler.com\/pt\/produto\/venda-por-grosso-mr-nic-glory-20000-puffs-vape-descartavel","title":{"rendered":"Venda por grosso de MR NIC Glory 20000 Puffs Vape descart\u00e1vel"},"content":{"rendered":"<p>O MR NIC Glory 20000 Puffs \u00e9 o mais recente vape descart\u00e1vel com ecr\u00e3 digital completo e \u00e9 tamb\u00e9m um dispositivo de topo concebido para uma experi\u00eancia de vaporiza\u00e7\u00e3o excecional. \u00c9 fornecido com 22 ml de el\u00edquido e uma bobina de malha dupla e simples, com uma concentra\u00e7\u00e3o de nicotina de 0%\/2%\/5% para se adaptar \u00e0s suas prefer\u00eancias e necessidades pessoais. Com umas impressionantes 20000 baforadas, este vape descart\u00e1vel oferece uma longevidade e conveni\u00eancia inigual\u00e1veis.<\/p>\n<p>MR NIC Glory 20000 Puffs alimentado por uma bateria fi\u00e1vel de 650mAh, este dispositivo garante um desempenho est\u00e1vel durante toda a sua vida \u00fatil. A funcionalidade recarreg\u00e1vel Tipo C garante um carregamento r\u00e1pido e eficiente, minimizando o tempo de inatividade.<\/p>\n<h2><strong><a href=\"https:\/\/www.vapeswholesaler.com\/pt\/marca_do_produto\/sr-nic\/\">NIC MR<\/a> Glory 20000 Puffs Feature:<\/strong><\/h2>\n<ul>\n<li>Ecr\u00e3 digital completo Mostra o tempo de vaporiza\u00e7\u00e3o, a capacidade do \u00f3leo, a capacidade da bateria Luz que se move em c\u00edrculo quando vaporiza<\/li>\n<li>Bloqueio para crian\u00e7as<\/li>\n<li>Tempo de vaporiza\u00e7\u00e3o curto<\/li>\n<li>0\/2\/3\/5%Sal de nicotina.<\/li>\n<li>22ML de E-liquid.<\/li>\n<li>Configura\u00e7\u00e3o de bobina de malha dupla e simples.<\/li>\n<li>10 sabores dispon\u00edveis.<\/li>\n<li>Bateria recarreg\u00e1vel.<\/li>\n<li>Carregamento tipo C<\/li>\n<li>Bateria integrada de 650mAh<\/li>\n<\/ul>\n<h2><strong>Aromas:<\/strong><\/h2>\n<ol>\n<li>Bagas mistas<\/li>\n<li>Pastilha el\u00e1stica de melancia<\/li>\n<li>Gelo de uva<\/li>\n<li>Melancia com morango<\/li>\n<li>Miami Mint<\/li>\n<li>Gelo de p\u00eassego<\/li>\n<li>Ma\u00e7\u00e3 \u00e1cida<\/li>\n<li>Morango Framboesa Cereja<\/li>\n<li>Gelo Blue Razz<\/li>\n<li>Frutos do drag\u00e3o Banana Cereja<\/li>\n<\/ol>\n<h2><strong>Lista de embalagem:<\/strong><\/h2>\n<p>10 unidades numa caixa de exposi\u00e7\u00e3o.<br \/>\n200 unidades numa caixa de cart\u00e3o.<br \/>\nPeso da caixa: 22KG<\/p>\n<figure id=\"attachment_17811\" aria-describedby=\"caption-attachment-17811\" style=\"width: 800px\" class=\"wp-caption alignnone\"><img loading=\"lazy\" decoding=\"async\" class=\"wp-image-17811 size-full\" title=\"Venda por grosso de MR NIC Glory 20000 Puffs Vape descart\u00e1vel\" src=\"https:\/\/www.vapeswholesaler.com\/wp-content\/uploads\/2024\/07\/Wholesale-MR-NIC-Glory-20000-Puffs-Disposable-vape.webp\" alt=\"Venda por grosso de MR NIC Glory 20000 Puffs Vape descart\u00e1vel\" width=\"800\" height=\"1132\" srcset=\"https:\/\/www.vapeswholesaler.com\/wp-content\/uploads\/2024\/07\/Wholesale-MR-NIC-Glory-20000-Puffs-Disposable-vape.webp 800w, https:\/\/www.vapeswholesaler.com\/wp-content\/uploads\/2024\/07\/Wholesale-MR-NIC-Glory-20000-Puffs-Disposable-vape-212x300.webp 212w, https:\/\/www.vapeswholesaler.com\/wp-content\/uploads\/2024\/07\/Wholesale-MR-NIC-Glory-20000-Puffs-Disposable-vape-724x1024.webp 724w, https:\/\/www.vapeswholesaler.com\/wp-content\/uploads\/2024\/07\/Wholesale-MR-NIC-Glory-20000-Puffs-Disposable-vape-768x1087.webp 768w, https:\/\/www.vapeswholesaler.com\/wp-content\/uploads\/2024\/07\/Wholesale-MR-NIC-Glory-20000-Puffs-Disposable-vape-8x12.webp 8w, https:\/\/www.vapeswholesaler.com\/wp-content\/uploads\/2024\/07\/Wholesale-MR-NIC-Glory-20000-Puffs-Disposable-vape-510x722.webp 510w\" sizes=\"auto, (max-width: 800px) 100vw, 800px\" \/><figcaption id=\"caption-attachment-17811\" class=\"wp-caption-text\">Venda por grosso de MR NIC Glory 20000 Puffs Vape descart\u00e1vel<\/figcaption><\/figure>","protected":false},"excerpt":{"rendered":"<p>Quantidade m\u00ednima de encomenda:\u00a0<strong>50 UNIDADES<\/strong>\u00a0(Mistura de sabores)\u00a0\u00a0<strong>Envio gratuito<\/strong><\/p>\n<p>(<strong>2%, 5% Nic<\/strong>)<\/p>","protected":false},"featured_media":17788,"comment_status":"open","ping_status":"closed","template":"","meta":[],"product_cat":[15],"product_tag":[],"class_list":{"0":"post-17812","1":"product","2":"type-product","3":"status-publish","4":"has-post-thumbnail","6":"product_cat-disposable-vape","7":"product_brand-mr-nic","9":"first","10":"instock","11":"shipping-taxable","12":"purchasable","13":"product-type-variable","14":"has-default-attributes"},"aioseo_notices":[],"_links":{"self":[{"href":"https:\/\/www.vapeswholesaler.com\/pt\/wp-json\/wp\/v2\/product\/17812","targetHints":{"allow":["GET"]}}],"collection":[{"href":"https:\/\/www.vapeswholesaler.com\/pt\/wp-json\/wp\/v2\/product"}],"about":[{"href":"https:\/\/www.vapeswholesaler.com\/pt\/wp-json\/wp\/v2\/types\/product"}],"replies":[{"embeddable":true,"href":"https:\/\/www.vapeswholesaler.com\/pt\/wp-json\/wp\/v2\/comments?post=17812"}],"wp:featuredmedia":[{"embeddable":true,"href":"https:\/\/www.vapeswholesaler.com\/pt\/wp-json\/wp\/v2\/media\/17788"}],"wp:attachment":[{"href":"https:\/\/www.vapeswholesaler.com\/pt\/wp-json\/wp\/v2\/media?parent=17812"}],"wp:term":[{"taxonomy":"product_cat","embeddable":true,"href":"https:\/\/www.vapeswholesaler.com\/pt\/wp-json\/wp\/v2\/product_cat?post=17812"},{"taxonomy":"product_tag","embeddable":true,"href":"https:\/\/www.vapeswholesaler.com\/pt\/wp-json\/wp\/v2\/product_tag?post=17812"}],"curies":[{"name":"wp","href":"https:\/\/api.w.org\/{rel}","templated":true}]}}