{"id":17773,"date":"2024-07-02T14:15:07","date_gmt":"2024-07-02T06:15:07","guid":{"rendered":"https:\/\/www.vapeswholesaler.com\/?post_type=product&#038;p=17773"},"modified":"2025-03-05T15:49:43","modified_gmt":"2025-03-05T07:49:43","slug":"atacado-original-mr-nic-rocket-18000-puffs-vape-descartavel","status":"publish","type":"product","link":"https:\/\/www.vapeswholesaler.com\/pt\/produto\/atacado-original-mr-nic-rocket-18000-puffs-vape-descartavel","title":{"rendered":"Venda por grosso de vape descart\u00e1vel original MR NIC ROCKET 18000 Puffs"},"content":{"rendered":"<p>O vape descart\u00e1vel MR NIC ROCKET 18000 Puffs Digital Display Screen Light \u00e9 um dispositivo de alto desempenho concebido para os vapers que procuram qualidade e comodidade. Com uma impressionante capacidade de 18000 puffs, este cigarro eletr\u00f3nico descart\u00e1vel garante um prazer prolongado sem substitui\u00e7\u00f5es frequentes. Dois modos est\u00e3o dispon\u00edveis, o modo Pulse pode ser vaping 9000 Puffs, o modo Regular pode ser vaping 18000 Puffs.<\/p>\n<p>Personalize a sua experi\u00eancia com uma gama de dosagens de nicotina: 0%, 2%, 3% e 5%. Esta variedade garante-lhe que pode encontrar o equil\u00edbrio perfeito para as suas prefer\u00eancias. Alimentado por uma bateria de 650 mAh, o MR NIC ROCKET 18000 oferece um desempenho duradouro, e a porta recarreg\u00e1vel Tipo C garante um recarregamento r\u00e1pido e eficiente.<\/p>\n<h2><strong><a href=\"https:\/\/www.vapeswholesaler.com\/pt\/marca_do_produto\/sr-nic\/\">NIC MR<\/a> ROCKET 18000 Puffs Carater\u00edsticas:<\/strong><\/h2>\n<ul>\n<li>Ecr\u00e3 digital mostra<\/li>\n<li>O foguet\u00e3o descola quando a luz de alimenta\u00e7\u00e3o do vaporizador se acende durante o carregamento<\/li>\n<li>0\/2\/3\/5%Sal de nicotina.<\/li>\n<li>20ML de E-liquid.<\/li>\n<li>Configura\u00e7\u00e3o de bobina de malha dupla e simples.<\/li>\n<li>10 sabores dispon\u00edveis.<\/li>\n<li>Bateria recarreg\u00e1vel.<\/li>\n<li>Carregamento tipo C<\/li>\n<li>Bateria integrada de 650mAh.<\/li>\n<\/ul>\n<h2><strong>Aromas:<\/strong><\/h2>\n<ol>\n<li>Hortel\u00e3 fresca<\/li>\n<li>Groselha preta Uva<\/li>\n<li>Miami Berry<\/li>\n<li>Gelo de ma\u00e7\u00e3 vermelha<\/li>\n<li>Gelo de manga Alphonso<\/li>\n<li>Melancia com morango<\/li>\n<li>Limonada de frutos do drag\u00e3o<\/li>\n<li>Gelo de morango e mirtilo<\/li>\n<li>Goiaba Kiwi Maracuj\u00e1<\/li>\n<li>Banana Cereja<\/li>\n<\/ol>\n<h2><strong>Lista de embalagem:<\/strong><\/h2>\n<p>5 unidades numa caixa de exposi\u00e7\u00e3o.<br \/>\n200 unidades numa caixa de cart\u00e3o.<br \/>\nPeso da caixa: 18KG<\/p>\n<p><img loading=\"lazy\" decoding=\"async\" class=\"alignnone wp-image-17759 size-full\" title=\"Venda por grosso do Original MR NIC ROCKET 18000 Puffs Vape descart\u00e1vel 8\" src=\"https:\/\/www.vapeswholesaler.com\/wp-content\/uploads\/2024\/07\/Wholesale-Original-MR-NIC-ROCKET-18000-Puffs-Disposable-vape-8.webp\" alt=\"Venda por grosso do Original MR NIC ROCKET 18000 Puffs Vape descart\u00e1vel 8\" width=\"800\" height=\"800\" srcset=\"https:\/\/www.vapeswholesaler.com\/wp-content\/uploads\/2024\/07\/Wholesale-Original-MR-NIC-ROCKET-18000-Puffs-Disposable-vape-8.webp 800w, https:\/\/www.vapeswholesaler.com\/wp-content\/uploads\/2024\/07\/Wholesale-Original-MR-NIC-ROCKET-18000-Puffs-Disposable-vape-8-300x300.webp 300w, https:\/\/www.vapeswholesaler.com\/wp-content\/uploads\/2024\/07\/Wholesale-Original-MR-NIC-ROCKET-18000-Puffs-Disposable-vape-8-150x150.webp 150w, https:\/\/www.vapeswholesaler.com\/wp-content\/uploads\/2024\/07\/Wholesale-Original-MR-NIC-ROCKET-18000-Puffs-Disposable-vape-8-768x768.webp 768w, https:\/\/www.vapeswholesaler.com\/wp-content\/uploads\/2024\/07\/Wholesale-Original-MR-NIC-ROCKET-18000-Puffs-Disposable-vape-8-12x12.webp 12w, https:\/\/www.vapeswholesaler.com\/wp-content\/uploads\/2024\/07\/Wholesale-Original-MR-NIC-ROCKET-18000-Puffs-Disposable-vape-8-247x247.webp 247w, https:\/\/www.vapeswholesaler.com\/wp-content\/uploads\/2024\/07\/Wholesale-Original-MR-NIC-ROCKET-18000-Puffs-Disposable-vape-8-510x510.webp 510w, https:\/\/www.vapeswholesaler.com\/wp-content\/uploads\/2024\/07\/Wholesale-Original-MR-NIC-ROCKET-18000-Puffs-Disposable-vape-8-100x100.webp 100w\" sizes=\"auto, (max-width: 800px) 100vw, 800px\" \/> <img loading=\"lazy\" decoding=\"async\" class=\"alignnone wp-image-17753 size-full\" title=\"Venda por grosso do original MR NIC ROCKET 18000 Puffs Vape descart\u00e1vel 1\" src=\"https:\/\/www.vapeswholesaler.com\/wp-content\/uploads\/2024\/07\/Wholesale-Original-MR-NIC-ROCKET-18000-Puffs-Disposable-vape-1.webp\" alt=\"Venda por grosso do original MR NIC ROCKET 18000 Puffs Vape descart\u00e1vel 1\" width=\"800\" height=\"800\" srcset=\"https:\/\/www.vapeswholesaler.com\/wp-content\/uploads\/2024\/07\/Wholesale-Original-MR-NIC-ROCKET-18000-Puffs-Disposable-vape-1.webp 800w, https:\/\/www.vapeswholesaler.com\/wp-content\/uploads\/2024\/07\/Wholesale-Original-MR-NIC-ROCKET-18000-Puffs-Disposable-vape-1-300x300.webp 300w, https:\/\/www.vapeswholesaler.com\/wp-content\/uploads\/2024\/07\/Wholesale-Original-MR-NIC-ROCKET-18000-Puffs-Disposable-vape-1-150x150.webp 150w, https:\/\/www.vapeswholesaler.com\/wp-content\/uploads\/2024\/07\/Wholesale-Original-MR-NIC-ROCKET-18000-Puffs-Disposable-vape-1-768x768.webp 768w, https:\/\/www.vapeswholesaler.com\/wp-content\/uploads\/2024\/07\/Wholesale-Original-MR-NIC-ROCKET-18000-Puffs-Disposable-vape-1-12x12.webp 12w, https:\/\/www.vapeswholesaler.com\/wp-content\/uploads\/2024\/07\/Wholesale-Original-MR-NIC-ROCKET-18000-Puffs-Disposable-vape-1-247x247.webp 247w, https:\/\/www.vapeswholesaler.com\/wp-content\/uploads\/2024\/07\/Wholesale-Original-MR-NIC-ROCKET-18000-Puffs-Disposable-vape-1-510x510.webp 510w, https:\/\/www.vapeswholesaler.com\/wp-content\/uploads\/2024\/07\/Wholesale-Original-MR-NIC-ROCKET-18000-Puffs-Disposable-vape-1-100x100.webp 100w\" sizes=\"auto, (max-width: 800px) 100vw, 800px\" \/><\/p>\n<p>&nbsp;<\/p>\n<p>Venda por grosso de vape descart\u00e1vel original MR NIC ROCKET 18000 Puffs<img loading=\"lazy\" decoding=\"async\" class=\"alignnone wp-image-17760 size-full\" title=\"Venda por grosso do original MR NIC ROCKET 18000 Puffs Vape descart\u00e1vel 10\" src=\"https:\/\/www.vapeswholesaler.com\/wp-content\/uploads\/2024\/07\/Wholesale-Original-MR-NIC-ROCKET-18000-Puffs-Disposable-vape-10.jpg\" alt=\"Venda por grosso do original MR NIC ROCKET 18000 Puffs Vape descart\u00e1vel 10\" width=\"800\" height=\"880\" srcset=\"https:\/\/www.vapeswholesaler.com\/wp-content\/uploads\/2024\/07\/Wholesale-Original-MR-NIC-ROCKET-18000-Puffs-Disposable-vape-10.jpg 800w, https:\/\/www.vapeswholesaler.com\/wp-content\/uploads\/2024\/07\/Wholesale-Original-MR-NIC-ROCKET-18000-Puffs-Disposable-vape-10-273x300.jpg 273w, https:\/\/www.vapeswholesaler.com\/wp-content\/uploads\/2024\/07\/Wholesale-Original-MR-NIC-ROCKET-18000-Puffs-Disposable-vape-10-768x845.jpg 768w, https:\/\/www.vapeswholesaler.com\/wp-content\/uploads\/2024\/07\/Wholesale-Original-MR-NIC-ROCKET-18000-Puffs-Disposable-vape-10-11x12.jpg 11w, https:\/\/www.vapeswholesaler.com\/wp-content\/uploads\/2024\/07\/Wholesale-Original-MR-NIC-ROCKET-18000-Puffs-Disposable-vape-10-510x561.jpg 510w\" sizes=\"auto, (max-width: 800px) 100vw, 800px\" \/><\/p>","protected":false},"excerpt":{"rendered":"<p>Quantidade m\u00ednima de encomenda:\u00a0<strong>50 UNIDADES<\/strong>\u00a0(Mistura de sabores)\u00a0\u00a0<strong>Envio gratuito<\/strong><\/p>\n<p>(<strong>2%, 5% Nic<\/strong>)<\/p>","protected":false},"featured_media":17767,"comment_status":"open","ping_status":"closed","template":"","meta":[],"product_cat":[15],"product_tag":[],"class_list":{"0":"post-17773","1":"product","2":"type-product","3":"status-publish","4":"has-post-thumbnail","6":"product_cat-disposable-vape","7":"product_brand-mr-nic","9":"first","10":"instock","11":"shipping-taxable","12":"purchasable","13":"product-type-variable","14":"has-default-attributes"},"aioseo_notices":[],"_links":{"self":[{"href":"https:\/\/www.vapeswholesaler.com\/pt\/wp-json\/wp\/v2\/product\/17773","targetHints":{"allow":["GET"]}}],"collection":[{"href":"https:\/\/www.vapeswholesaler.com\/pt\/wp-json\/wp\/v2\/product"}],"about":[{"href":"https:\/\/www.vapeswholesaler.com\/pt\/wp-json\/wp\/v2\/types\/product"}],"replies":[{"embeddable":true,"href":"https:\/\/www.vapeswholesaler.com\/pt\/wp-json\/wp\/v2\/comments?post=17773"}],"wp:featuredmedia":[{"embeddable":true,"href":"https:\/\/www.vapeswholesaler.com\/pt\/wp-json\/wp\/v2\/media\/17767"}],"wp:attachment":[{"href":"https:\/\/www.vapeswholesaler.com\/pt\/wp-json\/wp\/v2\/media?parent=17773"}],"wp:term":[{"taxonomy":"product_cat","embeddable":true,"href":"https:\/\/www.vapeswholesaler.com\/pt\/wp-json\/wp\/v2\/product_cat?post=17773"},{"taxonomy":"product_tag","embeddable":true,"href":"https:\/\/www.vapeswholesaler.com\/pt\/wp-json\/wp\/v2\/product_tag?post=17773"}],"curies":[{"name":"wp","href":"https:\/\/api.w.org\/{rel}","templated":true}]}}