{"id":17716,"date":"2024-07-02T11:56:23","date_gmt":"2024-07-02T03:56:23","guid":{"rendered":"https:\/\/www.vapeswholesaler.com\/?post_type=product&#038;p=17716"},"modified":"2025-03-05T15:50:37","modified_gmt":"2025-03-05T07:50:37","slug":"venda-por-grosso-mr-nic-air-15000-puffs-vape-descartavel","status":"publish","type":"product","link":"https:\/\/www.vapeswholesaler.com\/pt\/produto\/venda-por-grosso-mr-nic-air-15000-puffs-vape-descartavel","title":{"rendered":"Venda por grosso de MR NIC AIR 15000 Puffs vape descart\u00e1vel"},"content":{"rendered":"<p>O vape descart\u00e1vel MR NIC AIR 15000 Puffs Digital Display Screen Light \u00e9 um dispositivo de alto desempenho concebido para os vapers que procuram qualidade e comodidade. Com uma impressionante capacidade de 15000 baforadas, este cigarro eletr\u00f3nico descart\u00e1vel garante um prazer prolongado sem necessidade de substitui\u00e7\u00f5es frequentes.<\/p>\n<p>MR NIC AIR 15000 Puffs com um n\u00facleo de bobina de malha avan\u00e7ada, cada baforada proporciona um vapor suave e saboroso. A generosa capacidade de 16 ml de e-l\u00edquido permite sess\u00f5es de vaporiza\u00e7\u00e3o prolongadas, dando-lhe uma ampla oportunidade de saborear os seus sabores favoritos.<\/p>\n<p>Personalize a sua experi\u00eancia com uma gama de dosagens de nicotina: 0%, 2%, 3% e 5%. Esta variedade garante que pode encontrar o equil\u00edbrio perfeito para satisfazer as suas prefer\u00eancias. Alimentado por uma bateria de 600mah, o Elf Box DG 12000 oferece um desempenho duradouro, e a porta recarreg\u00e1vel Tipo C garante um recarregamento r\u00e1pido e eficiente.<\/p>\n<p>Experimente os cigarros electr\u00f3nicos descart\u00e1veis com visor LED MR NIC AIR 15000 Puffs e eleve a sua viagem de vaporiza\u00e7\u00e3o com o seu excecional desempenho, conveni\u00eancia e carater\u00edsticas personaliz\u00e1veis. Desfrute da combina\u00e7\u00e3o perfeita de tecnologia e sabor com este inovador cigarro eletr\u00f3nico descart\u00e1vel.<\/p>\n<h2><strong><a href=\"https:\/\/www.vapeswholesaler.com\/pt\/marca_do_produto\/sr-nic\/\">NIC MR<\/a> AIR 15000 Puffs Features:<\/strong><\/h2>\n<ul>\n<li>A luz do ecr\u00e3 digital move-se em c\u00edrculo durante a vaporiza\u00e7\u00e3o.<\/li>\n<li>0\/2\/3\/5%Sal de nicotina.<\/li>\n<li>16ML de E-liquid.<\/li>\n<li>Bobina de malha.<\/li>\n<li>15 sabores dispon\u00edveis.<\/li>\n<li>Bateria recarreg\u00e1vel.<\/li>\n<li>Carregamento tipo C.<\/li>\n<li>Bateria integrada de 600mAh.<\/li>\n<\/ul>\n<h2><strong>Aromas:<\/strong><\/h2>\n<ol>\n<li>Gelo de bagas triplo<\/li>\n<li>Explos\u00e3o de arco-\u00edris tropical<\/li>\n<li>Banana com morango<\/li>\n<li>Mel\u00e3o Drag\u00e3o<\/li>\n<li>Kiwi Paix\u00e3o Fuava<\/li>\n<li>Gelo de mirtilo<\/li>\n<li>Miami Mint<\/li>\n<li>Cereja da Calif\u00f3rnia<\/li>\n<li>Gelo de melancia<\/li>\n<li>Ma\u00e7\u00e3 dupla<\/li>\n<li>Manga com morango<\/li>\n<li>Morango Melancia Ma\u00e7\u00e3<\/li>\n<li>Gelo energ\u00e9tico vermelho<\/li>\n<li>Melada Melancia Maracuj\u00e1<\/li>\n<li>Blowpop de uva<\/li>\n<\/ol>\n<h2><strong>Lista de embalagem:<\/strong><\/h2>\n<p>10 unidades numa caixa de exposi\u00e7\u00e3o.<br \/>\n200 unidades numa caixa de cart\u00e3o.<br \/>\nPeso da caixa: 14.50KG<\/p>\n<p><img loading=\"lazy\" decoding=\"async\" class=\"alignnone wp-image-17696 size-full\" title=\"Venda por grosso de MR NIC AIR 15000 Puffs vape descart\u00e1vel 4\" src=\"https:\/\/www.vapeswholesaler.com\/wp-content\/uploads\/2024\/07\/Wholesale-MR-NIC-AIR-15000-Puffs-disposable-vape-4.webp\" alt=\"Venda por grosso de MR NIC AIR 15000 Puffs vape descart\u00e1vel 4\" width=\"800\" height=\"800\" srcset=\"https:\/\/www.vapeswholesaler.com\/wp-content\/uploads\/2024\/07\/Wholesale-MR-NIC-AIR-15000-Puffs-disposable-vape-4.webp 800w, https:\/\/www.vapeswholesaler.com\/wp-content\/uploads\/2024\/07\/Wholesale-MR-NIC-AIR-15000-Puffs-disposable-vape-4-300x300.webp 300w, https:\/\/www.vapeswholesaler.com\/wp-content\/uploads\/2024\/07\/Wholesale-MR-NIC-AIR-15000-Puffs-disposable-vape-4-150x150.webp 150w, https:\/\/www.vapeswholesaler.com\/wp-content\/uploads\/2024\/07\/Wholesale-MR-NIC-AIR-15000-Puffs-disposable-vape-4-768x768.webp 768w, https:\/\/www.vapeswholesaler.com\/wp-content\/uploads\/2024\/07\/Wholesale-MR-NIC-AIR-15000-Puffs-disposable-vape-4-12x12.webp 12w, https:\/\/www.vapeswholesaler.com\/wp-content\/uploads\/2024\/07\/Wholesale-MR-NIC-AIR-15000-Puffs-disposable-vape-4-247x247.webp 247w, https:\/\/www.vapeswholesaler.com\/wp-content\/uploads\/2024\/07\/Wholesale-MR-NIC-AIR-15000-Puffs-disposable-vape-4-510x510.webp 510w, https:\/\/www.vapeswholesaler.com\/wp-content\/uploads\/2024\/07\/Wholesale-MR-NIC-AIR-15000-Puffs-disposable-vape-4-100x100.webp 100w\" sizes=\"auto, (max-width: 800px) 100vw, 800px\" \/><\/p>","protected":false},"excerpt":{"rendered":"<p>Quantidade m\u00ednima de encomenda:\u00a0<strong>50 UNIDADES<\/strong>\u00a0(Mistura de sabores)\u00a0\u00a0<strong>Envio gratuito<\/strong><\/p>\n<p>(<strong>2%, 5% Nic<\/strong>)<\/p>","protected":false},"featured_media":17695,"comment_status":"open","ping_status":"closed","template":"","meta":[],"product_cat":[15],"product_tag":[],"class_list":{"0":"post-17716","1":"product","2":"type-product","3":"status-publish","4":"has-post-thumbnail","6":"product_cat-disposable-vape","7":"product_brand-mr-nic","9":"first","10":"instock","11":"shipping-taxable","12":"purchasable","13":"product-type-variable","14":"has-default-attributes"},"aioseo_notices":[],"_links":{"self":[{"href":"https:\/\/www.vapeswholesaler.com\/pt\/wp-json\/wp\/v2\/product\/17716","targetHints":{"allow":["GET"]}}],"collection":[{"href":"https:\/\/www.vapeswholesaler.com\/pt\/wp-json\/wp\/v2\/product"}],"about":[{"href":"https:\/\/www.vapeswholesaler.com\/pt\/wp-json\/wp\/v2\/types\/product"}],"replies":[{"embeddable":true,"href":"https:\/\/www.vapeswholesaler.com\/pt\/wp-json\/wp\/v2\/comments?post=17716"}],"wp:featuredmedia":[{"embeddable":true,"href":"https:\/\/www.vapeswholesaler.com\/pt\/wp-json\/wp\/v2\/media\/17695"}],"wp:attachment":[{"href":"https:\/\/www.vapeswholesaler.com\/pt\/wp-json\/wp\/v2\/media?parent=17716"}],"wp:term":[{"taxonomy":"product_cat","embeddable":true,"href":"https:\/\/www.vapeswholesaler.com\/pt\/wp-json\/wp\/v2\/product_cat?post=17716"},{"taxonomy":"product_tag","embeddable":true,"href":"https:\/\/www.vapeswholesaler.com\/pt\/wp-json\/wp\/v2\/product_tag?post=17716"}],"curies":[{"name":"wp","href":"https:\/\/api.w.org\/{rel}","templated":true}]}}