{"id":17613,"date":"2024-06-29T23:37:19","date_gmt":"2024-06-29T15:37:19","guid":{"rendered":"https:\/\/www.vapeswholesaler.com\/?post_type=product&#038;p=17613"},"modified":"2025-02-26T12:49:40","modified_gmt":"2025-02-26T04:49:40","slug":"poco-bl-10000-puffs-descartaveis-por-atacado","status":"publish","type":"product","link":"https:\/\/www.vapeswholesaler.com\/pt\/produto\/poco-bl-10000-puffs-descartaveis-por-atacado","title":{"rendered":"Vape descart\u00e1vel por atacado Original POCO BL 10000 Puffs"},"content":{"rendered":"<p>O POCO BL 10000 PUFFS, que \u00e9 um dos maiores cigarros electr\u00f3nicos do mundo, \u00e9 muito adequado para principiantes e fumadores inveterados. O equipamento POCO BL 10000 PUFFS tem uma bobina de malha, l\u00edquido eletr\u00f3nico de alta qualidade pr\u00e9-cheio que pode ser utilizado 10000 vezes.<\/p>\n<p>O POCO BL 10000 PUFFS pode fornecer 10000 baforadas. Bateria recarreg\u00e1vel de 650 mAh e uma concentra\u00e7\u00e3o de nicotina salgada de 2% 5%, o que a torna perfeita para fumadores experientes.<\/p>\n<h2><strong><a href=\"https:\/\/www.vapeswholesaler.com\/pt\/marca_do_produto\/poco\/\">POCO<\/a> BL 10000 PUFFS Features:<\/strong><\/h2>\n<ol>\n<li>2% 5% Sal de nicotina.<\/li>\n<li>20ML de E-liquid.<\/li>\n<li>10000 baforadas por dispositivo.<\/li>\n<li>Luz RGB de 6 cores<\/li>\n<li>650 mAh Recarreg\u00e1vel<\/li>\n<li>15 sabores dispon\u00edveis.<\/li>\n<\/ol>\n<h2><strong>Aromas:<\/strong><\/h2>\n<ol>\n<li>Manga Laranja Toranja<\/li>\n<li>Rebu\u00e7ados de p\u00eassego e mirtilo<\/li>\n<li>Hortel\u00e3 fresca<\/li>\n<li>Uva Alo\u00e9<\/li>\n<li>Manga com morango<\/li>\n<li>Maracuj\u00e1 Kiwi Goiaba<\/li>\n<li>Melancia com morango<\/li>\n<li>Ma\u00e7\u00e3 P\u00eassego<\/li>\n<li>Amora Framboesa<\/li>\n<li>Refrigerante de uva e groselha<\/li>\n<li>Morango Kiwi<\/li>\n<li>Cola de cereja e mirtilo<\/li>\n<li>Gelo negro fruta do drag\u00e3o morango<\/li>\n<li>Melancia com framboesa<\/li>\n<li>Banana com morango<\/li>\n<\/ol>\n<h2>Lista de embalagem:<\/h2>\n<p>10 unidades numa caixa de exposi\u00e7\u00e3o.<br \/>\n200 unidades numa caixa de cart\u00e3o.<\/p>\n<p><img loading=\"lazy\" decoding=\"async\" class=\"alignnone wp-image-17612 size-full\" title=\"Vape descart\u00e1vel por atacado Original POCO BL 10000 Puffs\" src=\"https:\/\/www.vapeswholesaler.com\/wp-content\/uploads\/2024\/06\/Wholesale-Original-POCO-BL-10000-Puffs-disposable-Vape-scaled.webp\" alt=\"Vape descart\u00e1vel por atacado Original POCO BL 10000 Puffs\" width=\"1380\" height=\"2560\" srcset=\"https:\/\/www.vapeswholesaler.com\/wp-content\/uploads\/2024\/06\/Wholesale-Original-POCO-BL-10000-Puffs-disposable-Vape-scaled.webp 1380w, https:\/\/www.vapeswholesaler.com\/wp-content\/uploads\/2024\/06\/Wholesale-Original-POCO-BL-10000-Puffs-disposable-Vape-162x300.webp 162w, https:\/\/www.vapeswholesaler.com\/wp-content\/uploads\/2024\/06\/Wholesale-Original-POCO-BL-10000-Puffs-disposable-Vape-552x1024.webp 552w, https:\/\/www.vapeswholesaler.com\/wp-content\/uploads\/2024\/06\/Wholesale-Original-POCO-BL-10000-Puffs-disposable-Vape-768x1424.webp 768w, https:\/\/www.vapeswholesaler.com\/wp-content\/uploads\/2024\/06\/Wholesale-Original-POCO-BL-10000-Puffs-disposable-Vape-828x1536.webp 828w, https:\/\/www.vapeswholesaler.com\/wp-content\/uploads\/2024\/06\/Wholesale-Original-POCO-BL-10000-Puffs-disposable-Vape-1104x2048.webp 1104w, https:\/\/www.vapeswholesaler.com\/wp-content\/uploads\/2024\/06\/Wholesale-Original-POCO-BL-10000-Puffs-disposable-Vape-6x12.webp 6w, https:\/\/www.vapeswholesaler.com\/wp-content\/uploads\/2024\/06\/Wholesale-Original-POCO-BL-10000-Puffs-disposable-Vape-510x946.webp 510w\" sizes=\"auto, (max-width: 1380px) 100vw, 1380px\" \/><\/p>","protected":false},"excerpt":{"rendered":"<p>Quantidade m\u00ednima de encomenda: <strong>100 UNIDADES<\/strong>\u00a0(Mistura de sabores)\u00a0\u00a0<strong>Envio gratuito<\/strong><\/p>\n<p>(<strong>2%, 5% Nic<\/strong>) Prazo de expedi\u00e7\u00e3o do armaz\u00e9m da UE 5-6 dias \u00fateis<\/p>","protected":false},"featured_media":17592,"comment_status":"open","ping_status":"closed","template":"","meta":[],"product_cat":[15],"product_tag":[],"class_list":{"0":"post-17613","1":"product","2":"type-product","3":"status-publish","4":"has-post-thumbnail","6":"product_cat-disposable-vape","7":"product_brand-poco","9":"first","10":"instock","11":"shipping-taxable","12":"purchasable","13":"product-type-variable","14":"has-default-attributes"},"aioseo_notices":[],"_links":{"self":[{"href":"https:\/\/www.vapeswholesaler.com\/pt\/wp-json\/wp\/v2\/product\/17613","targetHints":{"allow":["GET"]}}],"collection":[{"href":"https:\/\/www.vapeswholesaler.com\/pt\/wp-json\/wp\/v2\/product"}],"about":[{"href":"https:\/\/www.vapeswholesaler.com\/pt\/wp-json\/wp\/v2\/types\/product"}],"replies":[{"embeddable":true,"href":"https:\/\/www.vapeswholesaler.com\/pt\/wp-json\/wp\/v2\/comments?post=17613"}],"wp:featuredmedia":[{"embeddable":true,"href":"https:\/\/www.vapeswholesaler.com\/pt\/wp-json\/wp\/v2\/media\/17592"}],"wp:attachment":[{"href":"https:\/\/www.vapeswholesaler.com\/pt\/wp-json\/wp\/v2\/media?parent=17613"}],"wp:term":[{"taxonomy":"product_cat","embeddable":true,"href":"https:\/\/www.vapeswholesaler.com\/pt\/wp-json\/wp\/v2\/product_cat?post=17613"},{"taxonomy":"product_tag","embeddable":true,"href":"https:\/\/www.vapeswholesaler.com\/pt\/wp-json\/wp\/v2\/product_tag?post=17613"}],"curies":[{"name":"wp","href":"https:\/\/api.w.org\/{rel}","templated":true}]}}