{"id":17577,"date":"2024-06-29T15:46:59","date_gmt":"2024-06-29T07:46:59","guid":{"rendered":"https:\/\/www.vapeswholesaler.com\/?post_type=product&#038;p=17577"},"modified":"2025-02-26T12:52:12","modified_gmt":"2025-02-26T04:52:12","slug":"poco-pt-12000-puffs-coloridos-descartaveis-vape","status":"publish","type":"product","link":"https:\/\/www.vapeswholesaler.com\/pt\/produto\/poco-pt-12000-puffs-coloridos-descartaveis-vape","title":{"rendered":"Venda por grosso de POCO PT 12000 Puffs Vape descart\u00e1vel colorido"},"content":{"rendered":"<p>O POCO PT 12000 Puffs \u00e9 o mais recente vape descart\u00e1vel, \u00e9 um dispositivo de alto desempenho concebido para vapers que procuram qualidade e conveni\u00eancia. Com uma impressionante capacidade de 12000 puffs e uma bateria de 650mah Power, este cigarro eletr\u00f3nico descart\u00e1vel garante um prazer prolongado sem substitui\u00e7\u00f5es frequentes. A generosa capacidade de 22ml de e-l\u00edquido permite sess\u00f5es de vaporiza\u00e7\u00e3o prolongadas, dando-lhe uma ampla oportunidade de saborear os seus sabores favoritos.<\/p>\n<p>Experimente o POCO PT 12000 Puffs Colorful Disposable E-Cigarettes e eleve a sua viagem vaping com o seu excecional desempenho, conveni\u00eancia e carater\u00edsticas personaliz\u00e1veis. Desfrute da combina\u00e7\u00e3o perfeita de tecnologia e sabor com este inovador cigarro eletr\u00f3nico descart\u00e1vel.<\/p>\n<h2><strong><a href=\"https:\/\/www.vapeswholesaler.com\/pt\/marca_do_produto\/poco\/\">POCO<\/a> PT 12000 Puffs Feature:<\/strong><\/h2>\n<ul>\n<li>Capacidade: 22ml<\/li>\n<li>Resist\u00eancia: 5%<\/li>\n<li>Bateria: 650mAh Tipo C<\/li>\n<li>Puffs: 12000 Puffs<\/li>\n<\/ul>\n<h2><strong>Aromas:<\/strong><\/h2>\n<ol>\n<li>Gelo de mirtilo<\/li>\n<li>Limonada de p\u00eassego e cereja<\/li>\n<li>Mirtilo Framboesa<\/li>\n<li>Morango Kiwi<\/li>\n<li>Uva Alo\u00e9<\/li>\n<li>Gelo negro Frutos do drag\u00e3o Morango<\/li>\n<li>Bebida energ\u00e9tica<\/li>\n<li>Melancia com morango<\/li>\n<li>Gelo de p\u00eassego<\/li>\n<li>Gelo de morango<\/li>\n<\/ol>\n<h2><strong>Lista de embalagem:<\/strong><\/h2>\n<p>1 unidade de cada caixa de oferta<br \/>\n10 unidades de cada caixa interm\u00e9dia<br \/>\n200 unidades por caixa<\/p>\n<p><img loading=\"lazy\" decoding=\"async\" class=\"alignnone wp-image-17559 size-full\" title=\"Venda por grosso de Poco PT 12000 Puffs vape descart\u00e1vel 2\" src=\"https:\/\/www.vapeswholesaler.com\/wp-content\/uploads\/2024\/06\/Wholesale-Poco-PT-12000-Puffs-disposable-vape-2.webp\" alt=\"Venda por grosso de Poco PT 12000 Puffs vape descart\u00e1vel 2\" width=\"800\" height=\"800\" srcset=\"https:\/\/www.vapeswholesaler.com\/wp-content\/uploads\/2024\/06\/Wholesale-Poco-PT-12000-Puffs-disposable-vape-2.webp 800w, https:\/\/www.vapeswholesaler.com\/wp-content\/uploads\/2024\/06\/Wholesale-Poco-PT-12000-Puffs-disposable-vape-2-300x300.webp 300w, https:\/\/www.vapeswholesaler.com\/wp-content\/uploads\/2024\/06\/Wholesale-Poco-PT-12000-Puffs-disposable-vape-2-150x150.webp 150w, https:\/\/www.vapeswholesaler.com\/wp-content\/uploads\/2024\/06\/Wholesale-Poco-PT-12000-Puffs-disposable-vape-2-768x768.webp 768w, https:\/\/www.vapeswholesaler.com\/wp-content\/uploads\/2024\/06\/Wholesale-Poco-PT-12000-Puffs-disposable-vape-2-12x12.webp 12w, https:\/\/www.vapeswholesaler.com\/wp-content\/uploads\/2024\/06\/Wholesale-Poco-PT-12000-Puffs-disposable-vape-2-247x247.webp 247w, https:\/\/www.vapeswholesaler.com\/wp-content\/uploads\/2024\/06\/Wholesale-Poco-PT-12000-Puffs-disposable-vape-2-510x510.webp 510w, https:\/\/www.vapeswholesaler.com\/wp-content\/uploads\/2024\/06\/Wholesale-Poco-PT-12000-Puffs-disposable-vape-2-100x100.webp 100w\" sizes=\"auto, (max-width: 800px) 100vw, 800px\" \/><\/p>\n<p><img loading=\"lazy\" decoding=\"async\" class=\"alignnone wp-image-17563 size-full\" title=\"Venda por grosso de Poco PT 12000 Puffs vape descart\u00e1vel 6\" src=\"https:\/\/www.vapeswholesaler.com\/wp-content\/uploads\/2024\/06\/Wholesale-Poco-PT-12000-Puffs-disposable-vape-6.webp\" alt=\"Venda por grosso de Poco PT 12000 Puffs vape descart\u00e1vel 6\" width=\"800\" height=\"800\" srcset=\"https:\/\/www.vapeswholesaler.com\/wp-content\/uploads\/2024\/06\/Wholesale-Poco-PT-12000-Puffs-disposable-vape-6.webp 800w, https:\/\/www.vapeswholesaler.com\/wp-content\/uploads\/2024\/06\/Wholesale-Poco-PT-12000-Puffs-disposable-vape-6-300x300.webp 300w, https:\/\/www.vapeswholesaler.com\/wp-content\/uploads\/2024\/06\/Wholesale-Poco-PT-12000-Puffs-disposable-vape-6-150x150.webp 150w, https:\/\/www.vapeswholesaler.com\/wp-content\/uploads\/2024\/06\/Wholesale-Poco-PT-12000-Puffs-disposable-vape-6-768x768.webp 768w, https:\/\/www.vapeswholesaler.com\/wp-content\/uploads\/2024\/06\/Wholesale-Poco-PT-12000-Puffs-disposable-vape-6-12x12.webp 12w, https:\/\/www.vapeswholesaler.com\/wp-content\/uploads\/2024\/06\/Wholesale-Poco-PT-12000-Puffs-disposable-vape-6-247x247.webp 247w, https:\/\/www.vapeswholesaler.com\/wp-content\/uploads\/2024\/06\/Wholesale-Poco-PT-12000-Puffs-disposable-vape-6-510x510.webp 510w, https:\/\/www.vapeswholesaler.com\/wp-content\/uploads\/2024\/06\/Wholesale-Poco-PT-12000-Puffs-disposable-vape-6-100x100.webp 100w\" sizes=\"auto, (max-width: 800px) 100vw, 800px\" \/><\/p>","protected":false},"excerpt":{"rendered":"<p>Quantidade m\u00ednima de encomenda:\u00a0<strong>50 UNIDADES<\/strong>\u00a0(Mistura de sabores)\u00a0\u00a0<strong>Envio gratuito<\/strong><\/p>\n<p>(<strong>2%, 5% Nic<\/strong>) Prazo de expedi\u00e7\u00e3o do armaz\u00e9m da UE 5-6 dias \u00fateis<\/p>","protected":false},"featured_media":17566,"comment_status":"open","ping_status":"closed","template":"","meta":[],"product_cat":[15],"product_tag":[],"class_list":{"0":"post-17577","1":"product","2":"type-product","3":"status-publish","4":"has-post-thumbnail","6":"product_cat-disposable-vape","7":"product_brand-poco","9":"first","10":"instock","11":"shipping-taxable","12":"purchasable","13":"product-type-variable","14":"has-default-attributes"},"aioseo_notices":[],"_links":{"self":[{"href":"https:\/\/www.vapeswholesaler.com\/pt\/wp-json\/wp\/v2\/product\/17577","targetHints":{"allow":["GET"]}}],"collection":[{"href":"https:\/\/www.vapeswholesaler.com\/pt\/wp-json\/wp\/v2\/product"}],"about":[{"href":"https:\/\/www.vapeswholesaler.com\/pt\/wp-json\/wp\/v2\/types\/product"}],"replies":[{"embeddable":true,"href":"https:\/\/www.vapeswholesaler.com\/pt\/wp-json\/wp\/v2\/comments?post=17577"}],"wp:featuredmedia":[{"embeddable":true,"href":"https:\/\/www.vapeswholesaler.com\/pt\/wp-json\/wp\/v2\/media\/17566"}],"wp:attachment":[{"href":"https:\/\/www.vapeswholesaler.com\/pt\/wp-json\/wp\/v2\/media?parent=17577"}],"wp:term":[{"taxonomy":"product_cat","embeddable":true,"href":"https:\/\/www.vapeswholesaler.com\/pt\/wp-json\/wp\/v2\/product_cat?post=17577"},{"taxonomy":"product_tag","embeddable":true,"href":"https:\/\/www.vapeswholesaler.com\/pt\/wp-json\/wp\/v2\/product_tag?post=17577"}],"curies":[{"name":"wp","href":"https:\/\/api.w.org\/{rel}","templated":true}]}}