{"id":17449,"date":"2024-06-28T17:38:15","date_gmt":"2024-06-28T09:38:15","guid":{"rendered":"https:\/\/www.vapeswholesaler.com\/?post_type=product&#038;p=17449"},"modified":"2025-11-10T18:15:27","modified_gmt":"2025-11-10T10:15:27","slug":"bang-pulse-18000-puffs-vape-descartavel-por-atacado","status":"publish","type":"product","link":"https:\/\/www.vapeswholesaler.com\/pt\/produto\/bang-pulse-18000-puffs-vape-descartavel-por-atacado","title":{"rendered":"Atacado Bang Pulse 18000 Puffs descart\u00e1veis Vape"},"content":{"rendered":"<p><a href=\"https:\/\/www.vapeswholesaler.com\/pt\/marca_do_produto\/pancada\/\">Pancada<\/a> Pulse 18000 Puffs Led Display Disposable E-Cigarettes, um dispositivo de alto desempenho concebido para vapers que procuram qualidade e conveni\u00eancia. Com uma impressionante capacidade de 18000 baforadas, este cigarro eletr\u00f3nico descart\u00e1vel garante um prazer prolongado sem necessidade de substitui\u00e7\u00f5es frequentes.<\/p>\n<p>O nosso produto com uma bobina de malha avan\u00e7ada de 1,0 ohms, cada baforada proporciona um vapor suave e saboroso. A generosa capacidade de 26 ml de e-l\u00edquido permite sess\u00f5es de vaporiza\u00e7\u00e3o prolongadas, dando-lhe uma ampla oportunidade de saborear os seus sabores favoritos.<\/p>\n<p>O visor LED incorporado fornece informa\u00e7\u00f5es em tempo real sobre as defini\u00e7\u00f5es de vaporiza\u00e7\u00e3o e a dura\u00e7\u00e3o da bateria, assegurando uma experi\u00eancia de vaporiza\u00e7\u00e3o cont\u00ednua e informada. Com um peso de cerca de 100 g, este cigarro eletr\u00f3nico \u00e9 leve e port\u00e1til, o que o torna perfeito para vaporizar em viagem.<\/p>\n<p>Experimente este cigarro eletr\u00f3nico descart\u00e1vel com visor LED e eleve a sua viagem de vaporiza\u00e7\u00e3o com o seu excecional desempenho, comodidade e carater\u00edsticas personaliz\u00e1veis. Desfrute da combina\u00e7\u00e3o perfeita de tecnologia e sabor com este inovador cigarro eletr\u00f3nico descart\u00e1vel.<\/p>\n<h2><strong><a href=\"https:\/\/www.facebook.com\/fred.luo.58\/\">Pancada<\/a> Pulse 18000 Puffs Carater\u00edsticas:<\/strong><\/h2>\n<ul>\n<li>Puffs: At\u00e9 18000 Puffs<\/li>\n<li>L\u00edquido: 26ml pr\u00e9-cheio<\/li>\n<li>Nicotina: 0% 2% 3% 5%<\/li>\n<li>N\u00facleo: Bobina de malha 1.0 ohm<\/li>\n<li>Bateria: 650 mAh<\/li>\n<li>Recarreg\u00e1vel tipo-c<\/li>\n<li>Modo de entrega: DHL<\/li>\n<\/ul>\n<h2><strong>Aromas:<\/strong><\/h2>\n<ol>\n<li>Gelo Blue Razz<\/li>\n<li>Bomba de cereja<\/li>\n<li>Gelo de uva<\/li>\n<li>Gelo de p\u00eassego sumarento<\/li>\n<li>P\u00eassego Manga<\/li>\n<li>Gelo de ma\u00e7\u00e3 azeda<\/li>\n<li>Banana com morango<\/li>\n<li>Manga com morango<\/li>\n<li>Melancia com morango<\/li>\n<li>Gelo de bagas triplo<\/li>\n<li>Frutos tropicais<\/li>\n<li>Gelo de melancia<\/li>\n<\/ol>\n<h2><strong>Lista de embalagem:<\/strong><\/h2>\n<p>1 unidade de cada caixa pequena<br \/>\n5 unidades de cada caixa interm\u00e9dia<br \/>\n200 unidades por caixa<\/p>\n<figure id=\"attachment_17485\" aria-describedby=\"caption-attachment-17485\" style=\"width: 800px\" class=\"wp-caption alignnone\"><img loading=\"lazy\" decoding=\"async\" class=\"wp-image-17485 size-full\" title=\"Banco por atacado Pulse 18000 Puffs embalagem Vape descart\u00e1vel\" src=\"https:\/\/www.vapeswholesaler.com\/wp-content\/uploads\/2024\/06\/Wholesale-Bank-Pulse-18000-Puffs-disposable-Vape-Packing.jpg\" alt=\"Banco por atacado Pulse 18000 Puffs embalagem Vape descart\u00e1vel\" width=\"800\" height=\"481\" srcset=\"https:\/\/www.vapeswholesaler.com\/wp-content\/uploads\/2024\/06\/Wholesale-Bank-Pulse-18000-Puffs-disposable-Vape-Packing.jpg 800w, https:\/\/www.vapeswholesaler.com\/wp-content\/uploads\/2024\/06\/Wholesale-Bank-Pulse-18000-Puffs-disposable-Vape-Packing-300x180.jpg 300w, https:\/\/www.vapeswholesaler.com\/wp-content\/uploads\/2024\/06\/Wholesale-Bank-Pulse-18000-Puffs-disposable-Vape-Packing-768x462.jpg 768w, https:\/\/www.vapeswholesaler.com\/wp-content\/uploads\/2024\/06\/Wholesale-Bank-Pulse-18000-Puffs-disposable-Vape-Packing-18x12.jpg 18w, https:\/\/www.vapeswholesaler.com\/wp-content\/uploads\/2024\/06\/Wholesale-Bank-Pulse-18000-Puffs-disposable-Vape-Packing-510x307.jpg 510w\" sizes=\"auto, (max-width: 800px) 100vw, 800px\" \/><figcaption id=\"caption-attachment-17485\" class=\"wp-caption-text\">Atacado Bank Pulse 18000 Puffs Vape descart\u00e1vel<\/figcaption><\/figure>","protected":false},"excerpt":{"rendered":"<p>Quantidade m\u00ednima de encomenda:\u00a0<strong>50 unidades<\/strong>\u00a0(Mistura de sabores)\u00a0\u00a0<strong>Envio gratuito<\/strong><\/p>\n<p>(<strong>0%,2%, 3%, 5% Nic<\/strong>)<\/p>","protected":false},"featured_media":17453,"comment_status":"open","ping_status":"closed","template":"","meta":[],"product_cat":[15],"product_tag":[],"class_list":{"0":"post-17449","1":"product","2":"type-product","3":"status-publish","4":"has-post-thumbnail","6":"product_cat-disposable-vape","7":"product_brand-bang","9":"first","10":"outofstock","11":"shipping-taxable","12":"purchasable","13":"product-type-variable","14":"has-default-attributes"},"aioseo_notices":[],"_links":{"self":[{"href":"https:\/\/www.vapeswholesaler.com\/pt\/wp-json\/wp\/v2\/product\/17449","targetHints":{"allow":["GET"]}}],"collection":[{"href":"https:\/\/www.vapeswholesaler.com\/pt\/wp-json\/wp\/v2\/product"}],"about":[{"href":"https:\/\/www.vapeswholesaler.com\/pt\/wp-json\/wp\/v2\/types\/product"}],"replies":[{"embeddable":true,"href":"https:\/\/www.vapeswholesaler.com\/pt\/wp-json\/wp\/v2\/comments?post=17449"}],"wp:featuredmedia":[{"embeddable":true,"href":"https:\/\/www.vapeswholesaler.com\/pt\/wp-json\/wp\/v2\/media\/17453"}],"wp:attachment":[{"href":"https:\/\/www.vapeswholesaler.com\/pt\/wp-json\/wp\/v2\/media?parent=17449"}],"wp:term":[{"taxonomy":"product_cat","embeddable":true,"href":"https:\/\/www.vapeswholesaler.com\/pt\/wp-json\/wp\/v2\/product_cat?post=17449"},{"taxonomy":"product_tag","embeddable":true,"href":"https:\/\/www.vapeswholesaler.com\/pt\/wp-json\/wp\/v2\/product_tag?post=17449"}],"curies":[{"name":"wp","href":"https:\/\/api.w.org\/{rel}","templated":true}]}}