{"id":17326,"date":"2024-06-27T14:57:36","date_gmt":"2024-06-27T06:57:36","guid":{"rendered":"https:\/\/www.vapeswholesaler.com\/?post_type=product&#038;p=17326"},"modified":"2025-11-10T18:15:25","modified_gmt":"2025-11-10T10:15:25","slug":"vape-descartavel-por-atacado-old-school-mo-28k-puffs","status":"publish","type":"product","link":"https:\/\/www.vapeswholesaler.com\/pt\/produto\/vape-descartavel-por-atacado-old-school-mo-28k-puffs","title":{"rendered":"Vape descart\u00e1vel Old School MO 28k Puffs por grosso"},"content":{"rendered":"<p>O Old School MO 28k puffs \u00e9 o mais recente vape descart\u00e1vel com ecr\u00e3 completo, \u00e9 tamb\u00e9m um dispositivo de topo concebido para uma experi\u00eancia de vaporiza\u00e7\u00e3o excecional. Vem com 26ml de l\u00edquido e bobinas de malha dupla, escolha entre a concentra\u00e7\u00e3o de nicotina 0%\/2%\/5% para se adequar \u00e0s suas prefer\u00eancias e necessidades pessoais. Com uma impressionante quantidade de 28000 puffs, este vape descart\u00e1vel oferece uma longevidade e conveni\u00eancia inigual\u00e1veis.<\/p>\n<p>Old School MO 28k puffs alimentado por uma fi\u00e1vel bateria de 650mAh, este dispositivo garante um desempenho est\u00e1vel durante toda a sua vida \u00fatil. A funcionalidade recarreg\u00e1vel Tipo C garante um carregamento r\u00e1pido e eficiente, minimizando o tempo de inatividade. Um avan\u00e7ado ecr\u00e3 de tr\u00eas lados mant\u00e9m-no informado sobre a dura\u00e7\u00e3o da bateria e os n\u00edveis de e-l\u00edquido, proporcionando uma experi\u00eancia simples e f\u00e1cil de utilizar.<\/p>\n<p>Old School MO 28k puffs \u00e9 o mais novo vapes, cada sabor precisa de 1 caixa, (200pcs), MOQ 400pcs.<\/p>\n<h2><strong><a href=\"https:\/\/www.vapeswholesaler.com\/pt\/marca_do_produto\/velha-guarda\/\">Escola antiga<\/a> MO 28k Carater\u00edsticas:<\/strong><\/h2>\n<ul>\n<li>Puffs:28000 puffs<\/li>\n<li>Ecr\u00e3 de ecr\u00e3 inteiro<\/li>\n<li>Nicotine:0%\/2%\/5%<\/li>\n<li>Bateria:650mAh<\/li>\n<li>Bobina de malha dupla<\/li>\n<li>Recarreg\u00e1vel<\/li>\n<li>Fluxo de ar ajust\u00e1vel<\/li>\n<\/ul>\n<h2><strong>Aromas:<\/strong><\/h2>\n<ol>\n<li>Ma\u00e7\u00e3 P\u00eassego<\/li>\n<li>Amora Cereja Lim\u00e3o<\/li>\n<li>Gelo de framboesa azul<\/li>\n<li>Bolo de mirtilo<\/li>\n<li>Hortel\u00e3 fresca<\/li>\n<li>Geleia de uva<\/li>\n<li>Anan\u00e1s de coco<\/li>\n<li>Melancia com morango<\/li>\n<li>Manga tripla<\/li>\n<li>Gelo de melancia<\/li>\n<\/ol>\n<h2><strong>Lista de embalagem:<\/strong><\/h2>\n<p>1 unidade de cada caixa pequena<br \/>\n5 unidades de cada caixa interm\u00e9dia<br \/>\n150 unidades por caixa 17,8 kg<\/p>\n<p><img loading=\"lazy\" decoding=\"async\" class=\"alignnone wp-image-17337 size-full\" title=\"Venda por grosso de cigarros descart\u00e1veis Old School MO 28k Puffs 1\" src=\"https:\/\/www.vapeswholesaler.com\/wp-content\/uploads\/2024\/06\/Wholesale-Old-School-MO-28k-Puffs-Disposable-vape-1.jpg\" alt=\"Venda por grosso de cigarros descart\u00e1veis Old School MO 28k Puffs 1\" width=\"800\" height=\"1524\" srcset=\"https:\/\/www.vapeswholesaler.com\/wp-content\/uploads\/2024\/06\/Wholesale-Old-School-MO-28k-Puffs-Disposable-vape-1.jpg 800w, https:\/\/www.vapeswholesaler.com\/wp-content\/uploads\/2024\/06\/Wholesale-Old-School-MO-28k-Puffs-Disposable-vape-1-157x300.jpg 157w, https:\/\/www.vapeswholesaler.com\/wp-content\/uploads\/2024\/06\/Wholesale-Old-School-MO-28k-Puffs-Disposable-vape-1-538x1024.jpg 538w, https:\/\/www.vapeswholesaler.com\/wp-content\/uploads\/2024\/06\/Wholesale-Old-School-MO-28k-Puffs-Disposable-vape-1-768x1463.jpg 768w, https:\/\/www.vapeswholesaler.com\/wp-content\/uploads\/2024\/06\/Wholesale-Old-School-MO-28k-Puffs-Disposable-vape-1-6x12.jpg 6w, https:\/\/www.vapeswholesaler.com\/wp-content\/uploads\/2024\/06\/Wholesale-Old-School-MO-28k-Puffs-Disposable-vape-1-510x972.jpg 510w\" sizes=\"auto, (max-width: 800px) 100vw, 800px\" \/><\/p>","protected":false},"excerpt":{"rendered":"<p>Quantidade m\u00ednima de encomenda: 400 PCS (M\u00e1ximo 2 sabores)\u00a0 <strong>Envio gratuito<\/strong><\/p>\n<p>(<strong>2%, 5% Nic<\/strong>)<\/p>","protected":false},"featured_media":17324,"comment_status":"open","ping_status":"closed","template":"","meta":[],"product_cat":[15],"product_tag":[],"class_list":{"0":"post-17326","1":"product","2":"type-product","3":"status-publish","4":"has-post-thumbnail","6":"product_cat-disposable-vape","7":"product_brand-old-school","9":"first","10":"instock","11":"shipping-taxable","12":"purchasable","13":"product-type-variable","14":"has-default-attributes"},"aioseo_notices":[],"_links":{"self":[{"href":"https:\/\/www.vapeswholesaler.com\/pt\/wp-json\/wp\/v2\/product\/17326","targetHints":{"allow":["GET"]}}],"collection":[{"href":"https:\/\/www.vapeswholesaler.com\/pt\/wp-json\/wp\/v2\/product"}],"about":[{"href":"https:\/\/www.vapeswholesaler.com\/pt\/wp-json\/wp\/v2\/types\/product"}],"replies":[{"embeddable":true,"href":"https:\/\/www.vapeswholesaler.com\/pt\/wp-json\/wp\/v2\/comments?post=17326"}],"wp:featuredmedia":[{"embeddable":true,"href":"https:\/\/www.vapeswholesaler.com\/pt\/wp-json\/wp\/v2\/media\/17324"}],"wp:attachment":[{"href":"https:\/\/www.vapeswholesaler.com\/pt\/wp-json\/wp\/v2\/media?parent=17326"}],"wp:term":[{"taxonomy":"product_cat","embeddable":true,"href":"https:\/\/www.vapeswholesaler.com\/pt\/wp-json\/wp\/v2\/product_cat?post=17326"},{"taxonomy":"product_tag","embeddable":true,"href":"https:\/\/www.vapeswholesaler.com\/pt\/wp-json\/wp\/v2\/product_tag?post=17326"}],"curies":[{"name":"wp","href":"https:\/\/api.w.org\/{rel}","templated":true}]}}