{"id":17247,"date":"2024-06-27T11:41:13","date_gmt":"2024-06-27T03:41:13","guid":{"rendered":"https:\/\/www.vapeswholesaler.com\/?post_type=product&#038;p=17247"},"modified":"2025-11-10T18:15:19","modified_gmt":"2025-11-10T10:15:19","slug":"vape-descartavel-yuoto-explorer-16000-puffs-por-atacado","status":"publish","type":"product","link":"https:\/\/www.vapeswholesaler.com\/pt\/produto\/vape-descartavel-yuoto-explorer-16000-puffs-por-atacado","title":{"rendered":"Vape descart\u00e1vel Yuoto Explorer 16000 Puffs por atacado"},"content":{"rendered":"<p>O Yuoto Explorer 16000 puffs \u00e9 o mais recente vape descart\u00e1vel com ecr\u00e3 de tr\u00eas lados, \u00e9 tamb\u00e9m um dispositivo de topo concebido para uma experi\u00eancia de vaporiza\u00e7\u00e3o excecional. \u00c9 fornecido com 18 ml de el\u00edquido e uma bobina de 0,5ohm, podendo escolher entre a concentra\u00e7\u00e3o de nicotina 0%\/2%\/5% para se adequar \u00e0s suas prefer\u00eancias e necessidades pessoais. Com umas impressionantes 16000 baforadas, este vape descart\u00e1vel oferece uma longevidade e conveni\u00eancia inigual\u00e1veis.<\/p>\n<p>Yuoto Explorer 16000 puffs alimentado por uma fi\u00e1vel bateria de 760mAh, este dispositivo garante um desempenho est\u00e1vel durante toda a sua vida \u00fatil. A funcionalidade recarreg\u00e1vel Tipo C garante um carregamento r\u00e1pido e eficiente, minimizando o tempo de inatividade. Um ecr\u00e3 avan\u00e7ado de tr\u00eas lados mant\u00e9m-no informado sobre a dura\u00e7\u00e3o da bateria e os n\u00edveis de e-l\u00edquido, proporcionando uma experi\u00eancia simples e f\u00e1cil de utilizar.<\/p>\n<p>O Yuoto Explorer 16000 puffs Disposable Vape foi concebido tanto para principiantes como para vapers experientes, combinando alta capacidade, facilidade de utiliza\u00e7\u00e3o e tecnologia avan\u00e7ada. O seu sabor excecional e o seu design de f\u00e1cil utiliza\u00e7\u00e3o fazem dele uma escolha de excel\u00eancia no mercado da vaporiza\u00e7\u00e3o.<\/p>\n<h2><strong><a href=\"https:\/\/www.vapeswholesaler.com\/pt\/marca_do_produto\/yuoto\/\">Yuoto<\/a> Explorer 16000 Puffs Carater\u00edsticas:<\/strong><\/h2>\n<ul>\n<li>Puffs:16000 puffs<\/li>\n<li>Nicotine:0%\/2%\/5%<\/li>\n<li>Capacidade:18ml<\/li>\n<li>Tamanho:103,5 x48,1\u00d725,4mm<\/li>\n<li>Bateria:760mAh<\/li>\n<li>Refor\u00e7o de malha dupla: 0,5\u03a9<\/li>\n<li>Recarreg\u00e1vel<\/li>\n<li>Fluxo de ar ajust\u00e1vel<\/li>\n<li>Ecr\u00e3 de tr\u00eas lados<\/li>\n<\/ul>\n<h2><strong>Lista de aromas:<\/strong><\/h2>\n<ol>\n<li>Coca-Cola Ice<\/li>\n<li>Maracuj\u00e1 lce<\/li>\n<li>Cachimbo de \u00e1gua duplo de ma\u00e7\u00e3<\/li>\n<li>Mint lce<\/li>\n<li>Bebida energ\u00e9tica lce<\/li>\n<li>Melancia Sour P\u00eassego<\/li>\n<li>Melancia com morango<\/li>\n<li>Frasco duplo de ma\u00e7\u00e3<\/li>\n<li>Manga lce<\/li>\n<li>Uva lce<\/li>\n<li>Mirtilos Framboesas<\/li>\n<li>Amora lce<\/li>\n<li>Melancia lce<\/li>\n<li>Morango Kiwi<\/li>\n<li>Morango P\u00eassego<\/li>\n<\/ol>\n<h2><strong>Lista de embalagem:<\/strong><\/h2>\n<p>1pcs\/103 g<br \/>\n10 unidades\/embalagem<br \/>\n1 embalagem\/1066 g<br \/>\n200 unidades\/caixa<br \/>\n22 kg\/caixa<br \/>\nsize:63.1*26.2*33.8CM<\/p>\n<p>&nbsp;<\/p>\n<p><img loading=\"lazy\" decoding=\"async\" class=\"wp-image-17244 size-full\" title=\"Yuoto Explorer 16000 Puffs por grosso vape descart\u00e1vel 5\" src=\"https:\/\/www.vapeswholesaler.com\/wp-content\/uploads\/2024\/06\/Wholesale-Yuoto-Explorer-16000-Puffs-disposable-vape-5.webp\" alt=\"Yuoto Explorer 16000 Puffs por grosso vape descart\u00e1vel 5\" width=\"800\" height=\"474\" srcset=\"https:\/\/www.vapeswholesaler.com\/wp-content\/uploads\/2024\/06\/Wholesale-Yuoto-Explorer-16000-Puffs-disposable-vape-5.webp 800w, https:\/\/www.vapeswholesaler.com\/wp-content\/uploads\/2024\/06\/Wholesale-Yuoto-Explorer-16000-Puffs-disposable-vape-5-300x178.webp 300w, https:\/\/www.vapeswholesaler.com\/wp-content\/uploads\/2024\/06\/Wholesale-Yuoto-Explorer-16000-Puffs-disposable-vape-5-768x455.webp 768w, https:\/\/www.vapeswholesaler.com\/wp-content\/uploads\/2024\/06\/Wholesale-Yuoto-Explorer-16000-Puffs-disposable-vape-5-18x12.webp 18w, https:\/\/www.vapeswholesaler.com\/wp-content\/uploads\/2024\/06\/Wholesale-Yuoto-Explorer-16000-Puffs-disposable-vape-5-510x302.webp 510w\" sizes=\"auto, (max-width: 800px) 100vw, 800px\" \/><\/p>\n<figure id=\"attachment_17242\" aria-describedby=\"caption-attachment-17242\" style=\"width: 800px\" class=\"wp-caption alignnone\"><img loading=\"lazy\" decoding=\"async\" class=\"wp-image-17242 size-full\" title=\"Por atacado Yuoto Explorer 16000 Puffs vape descart\u00e1vel 3\" src=\"https:\/\/www.vapeswholesaler.com\/wp-content\/uploads\/2024\/06\/Wholesale-Yuoto-Explorer-16000-Puffs-disposable-vape-3.webp\" alt=\"Por atacado Yuoto Explorer 16000 Puffs vape descart\u00e1vel 3\" width=\"800\" height=\"450\" srcset=\"https:\/\/www.vapeswholesaler.com\/wp-content\/uploads\/2024\/06\/Wholesale-Yuoto-Explorer-16000-Puffs-disposable-vape-3.webp 800w, https:\/\/www.vapeswholesaler.com\/wp-content\/uploads\/2024\/06\/Wholesale-Yuoto-Explorer-16000-Puffs-disposable-vape-3-300x169.webp 300w, https:\/\/www.vapeswholesaler.com\/wp-content\/uploads\/2024\/06\/Wholesale-Yuoto-Explorer-16000-Puffs-disposable-vape-3-768x432.webp 768w, https:\/\/www.vapeswholesaler.com\/wp-content\/uploads\/2024\/06\/Wholesale-Yuoto-Explorer-16000-Puffs-disposable-vape-3-18x10.webp 18w, https:\/\/www.vapeswholesaler.com\/wp-content\/uploads\/2024\/06\/Wholesale-Yuoto-Explorer-16000-Puffs-disposable-vape-3-510x287.webp 510w\" sizes=\"auto, (max-width: 800px) 100vw, 800px\" \/><figcaption id=\"caption-attachment-17242\" class=\"wp-caption-text\">Vape descart\u00e1vel Yuoto Explorer 16000 Puffs por atacado<\/figcaption><\/figure>","protected":false},"excerpt":{"rendered":"<p>Quantidade m\u00ednima de encomenda:\u00a0<strong>50 UNIDADES<\/strong>\u00a0(Mistura de sabores)\u00a0\u00a0<strong>Envio gratuito<\/strong><\/p>\n<p>(<strong>2%, 5% Nic<\/strong>)<\/p>","protected":false},"featured_media":17240,"comment_status":"open","ping_status":"closed","template":"","meta":[],"product_cat":[15],"product_tag":[],"class_list":{"0":"post-17247","1":"product","2":"type-product","3":"status-publish","4":"has-post-thumbnail","6":"product_cat-disposable-vape","7":"product_brand-yuoto","9":"first","10":"instock","11":"shipping-taxable","12":"purchasable","13":"product-type-variable","14":"has-default-attributes"},"aioseo_notices":[],"_links":{"self":[{"href":"https:\/\/www.vapeswholesaler.com\/pt\/wp-json\/wp\/v2\/product\/17247","targetHints":{"allow":["GET"]}}],"collection":[{"href":"https:\/\/www.vapeswholesaler.com\/pt\/wp-json\/wp\/v2\/product"}],"about":[{"href":"https:\/\/www.vapeswholesaler.com\/pt\/wp-json\/wp\/v2\/types\/product"}],"replies":[{"embeddable":true,"href":"https:\/\/www.vapeswholesaler.com\/pt\/wp-json\/wp\/v2\/comments?post=17247"}],"wp:featuredmedia":[{"embeddable":true,"href":"https:\/\/www.vapeswholesaler.com\/pt\/wp-json\/wp\/v2\/media\/17240"}],"wp:attachment":[{"href":"https:\/\/www.vapeswholesaler.com\/pt\/wp-json\/wp\/v2\/media?parent=17247"}],"wp:term":[{"taxonomy":"product_cat","embeddable":true,"href":"https:\/\/www.vapeswholesaler.com\/pt\/wp-json\/wp\/v2\/product_cat?post=17247"},{"taxonomy":"product_tag","embeddable":true,"href":"https:\/\/www.vapeswholesaler.com\/pt\/wp-json\/wp\/v2\/product_tag?post=17247"}],"curies":[{"name":"wp","href":"https:\/\/api.w.org\/{rel}","templated":true}]}}