{"id":17222,"date":"2024-06-26T16:19:13","date_gmt":"2024-06-26T08:19:13","guid":{"rendered":"https:\/\/www.vapeswholesaler.com\/?post_type=product&#038;p=17222"},"modified":"2025-11-10T18:15:16","modified_gmt":"2025-11-10T10:15:16","slug":"vape-descartavel-lavie-golden-brick-10000-por-atacado","status":"publish","type":"product","link":"https:\/\/www.vapeswholesaler.com\/pt\/produto\/vape-descartavel-lavie-golden-brick-10000-por-atacado","title":{"rendered":"Venda por grosso de vape descart\u00e1vel Lavie Golden Brick 10000"},"content":{"rendered":"<p><a href=\"https:\/\/www.vapeswholesaler.com\/pt\/marca_do_produto\/lavie\/\">Lavie<\/a> O Golden Brick 10000 Puffs \u00e9 um Vape descart\u00e1vel. Experimente at\u00e9 10000 baforadas com o seu e-l\u00edquido pr\u00e9-cheio de 26ml de alta capacidade e o dispositivo vape com bateria de 1600mAh de grande pot\u00eancia. Lavie Golden Brick 10000 Puffs a melhor carater\u00edstica \u00e9 a grande pot\u00eancia.<\/p>\n<p>&nbsp;<\/p>\n<h2><strong><a href=\"https:\/\/www.facebook.com\/fred.luo.58\/\">Lavie<\/a> Golden Brick 10000 Carater\u00edsticas:<\/strong><\/h2>\n<p>Tamanho:112*40*17,5mm<br \/>\nBateria: 1300mAh<br \/>\nPuffs: 10000 puff<br \/>\nCapacidade do l\u00edquido: 18 ml<br \/>\nNicho de sal.2%,5%.OEM<br \/>\nPeso l\u00edquido: 74g<br \/>\nBobina de malha: Bobina de malha dupla<br \/>\nMaterial: PC,METAL<br \/>\nResist\u00eancia:1.0\u03a9<br \/>\nTipo:ecr\u00e3 de visualiza\u00e7\u00e3o<\/p>\n<h2><strong>Aromas:<\/strong><\/h2>\n<p>Gelo de morango e kiwi<br \/>\nGelo de lichia com morango<br \/>\nAlo\u00e9 Aera Uva<br \/>\nGelo de uva e p\u00eassego<br \/>\nGelo de bagas pretas<br \/>\nMaracuj\u00e1 Kiwi Goiaba<br \/>\nGelo de melancia<br \/>\nAmora Pome Cherry<br \/>\nGelo de ma\u00e7\u00e3 e uva<br \/>\nManga Moster<br \/>\nMirtilo Paspberry Uva Ice<br \/>\nMa\u00e7\u00e3 dupla<br \/>\nMelancia com morango<br \/>\nPasta de amora Bluberry Paspberry Bubblegum<br \/>\nGelo de uva<br \/>\nPomo de cereja<br \/>\nGelo de menta<\/p>\n<h2><strong>Lista de embalagem<\/strong>t:<\/h2>\n<p>Tamanho da caixa:645*378*230mm<br \/>\nPeso da embalagem:<br \/>\nN\/W:14.6KG<br \/>\nG\/W:18KG<br \/>\nQuantidade: 200 unidades por caixa<\/p>\n<p>&nbsp;<\/p>\n<figure id=\"attachment_17219\" aria-describedby=\"caption-attachment-17219\" style=\"width: 800px\" class=\"wp-caption alignnone\"><img loading=\"lazy\" decoding=\"async\" class=\"wp-image-17219 size-full\" title=\"Venda por grosso de vape descart\u00e1vel Lavie Golden Brick 10000\" src=\"https:\/\/www.vapeswholesaler.com\/wp-content\/uploads\/2024\/06\/Wholesale-Lavie-Golden-Brick-10000-disposable-vape.webp\" alt=\"Venda por grosso de vape descart\u00e1vel Lavie Golden Brick 10000\" width=\"800\" height=\"560\" srcset=\"https:\/\/www.vapeswholesaler.com\/wp-content\/uploads\/2024\/06\/Wholesale-Lavie-Golden-Brick-10000-disposable-vape.webp 800w, https:\/\/www.vapeswholesaler.com\/wp-content\/uploads\/2024\/06\/Wholesale-Lavie-Golden-Brick-10000-disposable-vape-300x210.webp 300w, https:\/\/www.vapeswholesaler.com\/wp-content\/uploads\/2024\/06\/Wholesale-Lavie-Golden-Brick-10000-disposable-vape-768x538.webp 768w, https:\/\/www.vapeswholesaler.com\/wp-content\/uploads\/2024\/06\/Wholesale-Lavie-Golden-Brick-10000-disposable-vape-18x12.webp 18w, https:\/\/www.vapeswholesaler.com\/wp-content\/uploads\/2024\/06\/Wholesale-Lavie-Golden-Brick-10000-disposable-vape-510x357.webp 510w\" sizes=\"auto, (max-width: 800px) 100vw, 800px\" \/><figcaption id=\"caption-attachment-17219\" class=\"wp-caption-text\">Venda por grosso de vape descart\u00e1vel Lavie Golden Brick 10000<\/figcaption><\/figure>","protected":false},"excerpt":{"rendered":"<p>Quantidade m\u00ednima de encomenda:\u00a0<strong>50 unidades<\/strong>\u00a0(Mistura de sabores)\u00a0\u00a0<strong>Envio gratuito<\/strong><\/p>\n<p>(<strong>2%, 5% Nic<\/strong>)<\/p>","protected":false},"featured_media":17221,"comment_status":"open","ping_status":"closed","template":"","meta":[],"product_cat":[15],"product_tag":[393,378],"class_list":{"0":"post-17222","1":"product","2":"type-product","3":"status-publish","4":"has-post-thumbnail","6":"product_cat-disposable-vape","7":"product_tag-lavie","8":"product_tag-10000-puffs","9":"product_brand-lavie","11":"first","12":"instock","13":"shipping-taxable","14":"purchasable","15":"product-type-variable","16":"has-default-attributes"},"aioseo_notices":[],"_links":{"self":[{"href":"https:\/\/www.vapeswholesaler.com\/pt\/wp-json\/wp\/v2\/product\/17222","targetHints":{"allow":["GET"]}}],"collection":[{"href":"https:\/\/www.vapeswholesaler.com\/pt\/wp-json\/wp\/v2\/product"}],"about":[{"href":"https:\/\/www.vapeswholesaler.com\/pt\/wp-json\/wp\/v2\/types\/product"}],"replies":[{"embeddable":true,"href":"https:\/\/www.vapeswholesaler.com\/pt\/wp-json\/wp\/v2\/comments?post=17222"}],"wp:featuredmedia":[{"embeddable":true,"href":"https:\/\/www.vapeswholesaler.com\/pt\/wp-json\/wp\/v2\/media\/17221"}],"wp:attachment":[{"href":"https:\/\/www.vapeswholesaler.com\/pt\/wp-json\/wp\/v2\/media?parent=17222"}],"wp:term":[{"taxonomy":"product_cat","embeddable":true,"href":"https:\/\/www.vapeswholesaler.com\/pt\/wp-json\/wp\/v2\/product_cat?post=17222"},{"taxonomy":"product_tag","embeddable":true,"href":"https:\/\/www.vapeswholesaler.com\/pt\/wp-json\/wp\/v2\/product_tag?post=17222"}],"curies":[{"name":"wp","href":"https:\/\/api.w.org\/{rel}","templated":true}]}}