{"id":16997,"date":"2024-06-21T15:01:44","date_gmt":"2024-06-21T07:01:44","guid":{"rendered":"https:\/\/www.vapeswholesaler.com\/?post_type=product&#038;p=16997"},"modified":"2025-11-10T18:14:07","modified_gmt":"2025-11-10T10:14:07","slug":"fumot-tornado-20000-puffs-vape-descartavel-por-atacado","status":"publish","type":"product","link":"https:\/\/www.vapeswholesaler.com\/pt\/produto\/fumot-tornado-20000-puffs-vape-descartavel-por-atacado","title":{"rendered":"Vape descart\u00e1vel Fumot Tornado 20000 Puffs por atacado"},"content":{"rendered":"<p><a href=\"https:\/\/www.vapeswholesaler.com\/pt\/marca_do_produto\/randm\/\">Fumot<\/a> O Tornado 20000 Puffs \u00e9 um dispositivo vape descart\u00e1vel com bobinas de malha dupla e um ecr\u00e3 LED inteligente. \u00c9 preenchido com 20ml de e-l\u00edquido e pode ser soprado at\u00e9 20000 vezes, o Tornado 20000 tem 4 pot\u00eancias de nicotina 0%, 2%, 3% e 5% e 30 sabores \u00e0 sua escolha.<\/p>\n<p>O visor inteligente LED fornece informa\u00e7\u00f5es em tempo real, permitindo que os vapers saibam os detalhes de importa\u00e7\u00e3o num relance, o visor mostra a vida \u00fatil da bateria e o n\u00edvel de e-l\u00edquido. Isto n\u00e3o s\u00f3 contribui para a sensa\u00e7\u00e3o futurista, como tamb\u00e9m melhora a experi\u00eancia geral do utilizador, facilitando o acompanhamento da utiliza\u00e7\u00e3o e sabendo quando recarregar.<\/p>\n<p>O vape descart\u00e1vel utiliza um elemento de aquecimento com duas camadas de malha, criando uma \u00e1rea de superf\u00edcie maior para o e-l\u00edquido entrar em contacto e aquecer uniformemente, o que resulta num sabor mais suave e satisfat\u00f3rio, bem como num sabor mais est\u00e1vel durante toda a vida \u00fatil do vape.<\/p>\n<p>Fumot Tornado 20000 Puffs USB Type-C \u00e9 o mais recente padr\u00e3o universal para liga\u00e7\u00e3o com fios de dispositivos inteligentes, com uma bateria recarreg\u00e1vel de 900mah incorporada, pode ser recarregada algumas vezes, para que n\u00e3o fiques preso a um descart\u00e1vel morto antes de o e-l\u00edquido acabar<\/p>\n<h2><strong><a href=\"https:\/\/www.facebook.com\/fred.luo.58\/\">Fumot<\/a> Tornado 20000 puff Carater\u00edsticas<\/strong><\/h2>\n<ul>\n<li>5% Nicotina<\/li>\n<li>Bateria recarreg\u00e1vel de 900mah<\/li>\n<li>Puffs:20000 puffs<\/li>\n<li>Capacidade:20ml<\/li>\n<li>ecr\u00e3 com indicador de \u00f3leo e de bateria<\/li>\n<li>porta tipo c<\/li>\n<li>20 sabores dispon\u00edveis<\/li>\n<li>malha dupla<\/li>\n<li>160 unidades numa caixa de cart\u00e3o.<\/li>\n<\/ul>\n<p>&nbsp;<\/p>\n<h2><strong>Aromas:<\/strong><\/h2>\n<p>1.Cola Ice<br \/>\n2.Blueberry On Ice<br \/>\n3.Strawberry Ice<br \/>\n4.Strawberry Kiwi<br \/>\n5.Cotton Candy<br \/>\n6.Cherry Lime<br \/>\n7.Pineapple Lemon Green Apple<br \/>\n8.Banana Cake<br \/>\n9.Blueberry Raspberry<br \/>\n10.Peach Pineapple Orange<br \/>\n11.Strawberry Watermelon<br \/>\n12.Mr Blue<br \/>\n13.Kiwi Passion Fruit Guava<br \/>\n14.Cool Mint<br \/>\n15.Cherry Cola<br \/>\n16. mirtilo framboesa azeda<br \/>\n17.Cola Lemon<br \/>\n18.Blackcurrant Apple<br \/>\n19.Blue Razz<br \/>\n20.Skittles<br \/>\n21.Pina Colada<br \/>\n22.Mixed Berry<br \/>\n23.Cactus Kiwi<br \/>\n24.Strawberry Ice Cream<br \/>\n25.Pear Ice<br \/>\n26.Lychee Hami Melon<br \/>\n27.Peach Mango Watermelon<br \/>\n28.Blueberry Raspberry Hard Candy<\/p>\n<figure id=\"attachment_19024\" aria-describedby=\"caption-attachment-19024\" style=\"width: 1600px\" class=\"wp-caption alignnone\"><img loading=\"lazy\" decoding=\"async\" class=\"wp-image-19024 size-full\" title=\"Fumot Tornado 20000 Puffs por atacado vape descart\u00e1vel 11\" src=\"https:\/\/www.vapeswholesaler.com\/wp-content\/uploads\/2024\/08\/Wholesale-Fumot-Tornado-20000-Puffs-disposable-vape-11.webp\" alt=\"Fumot Tornado 20000 Puffs por atacado vape descart\u00e1vel 11\" width=\"1600\" height=\"1025\" srcset=\"https:\/\/www.vapeswholesaler.com\/wp-content\/uploads\/2024\/08\/Wholesale-Fumot-Tornado-20000-Puffs-disposable-vape-11.webp 1600w, https:\/\/www.vapeswholesaler.com\/wp-content\/uploads\/2024\/08\/Wholesale-Fumot-Tornado-20000-Puffs-disposable-vape-11-300x192.webp 300w, https:\/\/www.vapeswholesaler.com\/wp-content\/uploads\/2024\/08\/Wholesale-Fumot-Tornado-20000-Puffs-disposable-vape-11-1024x656.webp 1024w, https:\/\/www.vapeswholesaler.com\/wp-content\/uploads\/2024\/08\/Wholesale-Fumot-Tornado-20000-Puffs-disposable-vape-11-768x492.webp 768w, https:\/\/www.vapeswholesaler.com\/wp-content\/uploads\/2024\/08\/Wholesale-Fumot-Tornado-20000-Puffs-disposable-vape-11-1536x984.webp 1536w, https:\/\/www.vapeswholesaler.com\/wp-content\/uploads\/2024\/08\/Wholesale-Fumot-Tornado-20000-Puffs-disposable-vape-11-18x12.webp 18w, https:\/\/www.vapeswholesaler.com\/wp-content\/uploads\/2024\/08\/Wholesale-Fumot-Tornado-20000-Puffs-disposable-vape-11-510x327.webp 510w\" sizes=\"auto, (max-width: 1600px) 100vw, 1600px\" \/><figcaption id=\"caption-attachment-19024\" class=\"wp-caption-text\">Vape descart\u00e1vel Fumot Tornado 20000 Puffs por atacado<\/figcaption><\/figure>\n<p><img loading=\"lazy\" decoding=\"async\" class=\"alignnone wp-image-19022 size-full\" title=\"Fumot Tornado 20000 Puffs por atacado vape descart\u00e1vel 9\" src=\"https:\/\/www.vapeswholesaler.com\/wp-content\/uploads\/2024\/08\/Wholesale-Fumot-Tornado-20000-Puffs-disposable-vape-9.webp\" alt=\"Fumot Tornado 20000 Puffs por atacado vape descart\u00e1vel 9\" width=\"700\" height=\"700\" srcset=\"https:\/\/www.vapeswholesaler.com\/wp-content\/uploads\/2024\/08\/Wholesale-Fumot-Tornado-20000-Puffs-disposable-vape-9.webp 700w, https:\/\/www.vapeswholesaler.com\/wp-content\/uploads\/2024\/08\/Wholesale-Fumot-Tornado-20000-Puffs-disposable-vape-9-300x300.webp 300w, https:\/\/www.vapeswholesaler.com\/wp-content\/uploads\/2024\/08\/Wholesale-Fumot-Tornado-20000-Puffs-disposable-vape-9-150x150.webp 150w, https:\/\/www.vapeswholesaler.com\/wp-content\/uploads\/2024\/08\/Wholesale-Fumot-Tornado-20000-Puffs-disposable-vape-9-12x12.webp 12w, https:\/\/www.vapeswholesaler.com\/wp-content\/uploads\/2024\/08\/Wholesale-Fumot-Tornado-20000-Puffs-disposable-vape-9-247x247.webp 247w, https:\/\/www.vapeswholesaler.com\/wp-content\/uploads\/2024\/08\/Wholesale-Fumot-Tornado-20000-Puffs-disposable-vape-9-510x510.webp 510w, https:\/\/www.vapeswholesaler.com\/wp-content\/uploads\/2024\/08\/Wholesale-Fumot-Tornado-20000-Puffs-disposable-vape-9-100x100.webp 100w\" sizes=\"auto, (max-width: 700px) 100vw, 700px\" \/> <img loading=\"lazy\" decoding=\"async\" class=\"alignnone wp-image-19021 size-full\" title=\"Fumot Tornado 20000 Puffs por atacado vape descart\u00e1vel 8\" src=\"https:\/\/www.vapeswholesaler.com\/wp-content\/uploads\/2024\/08\/Wholesale-Fumot-Tornado-20000-Puffs-disposable-vape-8.webp\" alt=\"Fumot Tornado 20000 Puffs por atacado vape descart\u00e1vel 8\" width=\"700\" height=\"700\" srcset=\"https:\/\/www.vapeswholesaler.com\/wp-content\/uploads\/2024\/08\/Wholesale-Fumot-Tornado-20000-Puffs-disposable-vape-8.webp 700w, https:\/\/www.vapeswholesaler.com\/wp-content\/uploads\/2024\/08\/Wholesale-Fumot-Tornado-20000-Puffs-disposable-vape-8-300x300.webp 300w, https:\/\/www.vapeswholesaler.com\/wp-content\/uploads\/2024\/08\/Wholesale-Fumot-Tornado-20000-Puffs-disposable-vape-8-150x150.webp 150w, https:\/\/www.vapeswholesaler.com\/wp-content\/uploads\/2024\/08\/Wholesale-Fumot-Tornado-20000-Puffs-disposable-vape-8-12x12.webp 12w, https:\/\/www.vapeswholesaler.com\/wp-content\/uploads\/2024\/08\/Wholesale-Fumot-Tornado-20000-Puffs-disposable-vape-8-247x247.webp 247w, https:\/\/www.vapeswholesaler.com\/wp-content\/uploads\/2024\/08\/Wholesale-Fumot-Tornado-20000-Puffs-disposable-vape-8-510x510.webp 510w, https:\/\/www.vapeswholesaler.com\/wp-content\/uploads\/2024\/08\/Wholesale-Fumot-Tornado-20000-Puffs-disposable-vape-8-100x100.webp 100w\" sizes=\"auto, (max-width: 700px) 100vw, 700px\" \/><\/p>","protected":false},"excerpt":{"rendered":"<p>Quantidade m\u00ednima de encomenda: <strong>50 UNIDADES<\/strong> (Mistura de sabores) Envio gratuito<\/p>\n<p>(<strong>2%, 5% Nic<\/strong>) Prazo de expedi\u00e7\u00e3o do armaz\u00e9m da UE 5-6 dias \u00fateis<\/p>","protected":false},"featured_media":19014,"comment_status":"open","ping_status":"closed","template":"","meta":[],"product_cat":[15],"product_tag":[100,382],"class_list":{"0":"post-16997","1":"product","2":"type-product","3":"status-publish","4":"has-post-thumbnail","6":"product_cat-disposable-vape","7":"product_tag-20000-puffs","8":"product_tag-fumot","9":"product_brand-fumot","11":"first","12":"instock","13":"shipping-taxable","14":"purchasable","15":"product-type-variable","16":"has-default-attributes"},"aioseo_notices":[],"_links":{"self":[{"href":"https:\/\/www.vapeswholesaler.com\/pt\/wp-json\/wp\/v2\/product\/16997","targetHints":{"allow":["GET"]}}],"collection":[{"href":"https:\/\/www.vapeswholesaler.com\/pt\/wp-json\/wp\/v2\/product"}],"about":[{"href":"https:\/\/www.vapeswholesaler.com\/pt\/wp-json\/wp\/v2\/types\/product"}],"replies":[{"embeddable":true,"href":"https:\/\/www.vapeswholesaler.com\/pt\/wp-json\/wp\/v2\/comments?post=16997"}],"wp:featuredmedia":[{"embeddable":true,"href":"https:\/\/www.vapeswholesaler.com\/pt\/wp-json\/wp\/v2\/media\/19014"}],"wp:attachment":[{"href":"https:\/\/www.vapeswholesaler.com\/pt\/wp-json\/wp\/v2\/media?parent=16997"}],"wp:term":[{"taxonomy":"product_cat","embeddable":true,"href":"https:\/\/www.vapeswholesaler.com\/pt\/wp-json\/wp\/v2\/product_cat?post=16997"},{"taxonomy":"product_tag","embeddable":true,"href":"https:\/\/www.vapeswholesaler.com\/pt\/wp-json\/wp\/v2\/product_tag?post=16997"}],"curies":[{"name":"wp","href":"https:\/\/api.w.org\/{rel}","templated":true}]}}