{"id":16988,"date":"2024-06-21T11:56:59","date_gmt":"2024-06-21T03:56:59","guid":{"rendered":"https:\/\/www.vapeswholesaler.com\/?post_type=product&#038;p=16988"},"modified":"2025-02-23T14:24:55","modified_gmt":"2025-02-23T06:24:55","slug":"cabeca-de-narguile-eletronico-lavie-e-hookah-por-atacado","status":"publish","type":"product","link":"https:\/\/www.vapeswholesaler.com\/pt\/produto\/cabeca-de-narguile-eletronico-lavie-e-hookah-por-atacado","title":{"rendered":"Cabe\u00e7a de narguil\u00e9 eletr\u00f3nico Lavie E-Hookah por atacado"},"content":{"rendered":"<p>A cabe\u00e7a LAVIE E-Hookah da LAVIE \u00e9 muito aguardada. Este dispositivo compacto e leve \u00e9 altamente port\u00e1til e adequado para v\u00e1rias ocasi\u00f5es. \u00c9 compat\u00edvel com a maioria das bases de narguil\u00e9 padr\u00e3o, permitindo que os vapores sejam filtrados e suavizados pela \u00e1gua para um sabor suave e delicado.<\/p>\n<p>O LAVIE E-Hookah oferece m\u00faltiplas fun\u00e7\u00f5es de f\u00e1cil utiliza\u00e7\u00e3o e op\u00e7\u00f5es personalizadas. O seu ecr\u00e3 a cores de 0,96 polegadas apresenta informa\u00e7\u00f5es importantes em tempo real durante a utiliza\u00e7\u00e3o e suporta as fun\u00e7\u00f5es de bloqueio e desbloqueio para facilitar a utiliza\u00e7\u00e3o. Os utilizadores podem ajustar o brilho do ecr\u00e3 de acordo com as suas prefer\u00eancias pessoais ou condi\u00e7\u00f5es de luz ambiente. As opera\u00e7\u00f5es simples de ajuste da pot\u00eancia permitem a compatibilidade com diferentes bobinas de resist\u00eancia, alcan\u00e7ando um desempenho \u00f3timo.<\/p>\n<p>O LAVIE E-Hookah est\u00e1 equipado com uma bateria de 3000 mAh incorporada, que satisfaz as necessidades de utiliza\u00e7\u00e3o di\u00e1ria, e a sua pot\u00eancia m\u00e1xima de 80 watts faz com que se destaque entre produtos semelhantes.<\/p>\n<h2><strong>LAVIE E-Hookah Future:<\/strong><\/h2>\n<ul>\n<li>TIPO C Recarreg\u00e1vel<\/li>\n<li>6000 Capacidade da bateria<\/li>\n<li>Capacidade para 25 ml de E-l\u00edquido<\/li>\n<li>Sa\u00edda m\u00e1xima de 80w<\/li>\n<li>Configura\u00e7\u00e3o super f\u00e1cil<\/li>\n<li>Fluxo de ar superior ajust\u00e1vel<\/li>\n<\/ul>\n<h2><strong>Lista de embalagem:<\/strong><\/h2>\n<p>1 unidade por caixa<\/p>\n<p>20 unidades por caixa<\/p>\n<p>cada caixa 11KG<\/p>","protected":false},"excerpt":{"rendered":"<p>Quantidade m\u00ednima de encomenda: 10 PCS (mistura de sabores)<strong> Envio gratuito<\/strong><\/p>","protected":false},"featured_media":16987,"comment_status":"open","ping_status":"closed","template":"","meta":[],"product_cat":[27],"product_tag":[],"class_list":{"0":"post-16988","1":"product","2":"type-product","3":"status-publish","4":"has-post-thumbnail","6":"product_cat-shisha","7":"product_brand-lavie","9":"first","10":"instock","11":"shipping-taxable","12":"purchasable","13":"product-type-simple"},"aioseo_notices":[],"_links":{"self":[{"href":"https:\/\/www.vapeswholesaler.com\/pt\/wp-json\/wp\/v2\/product\/16988","targetHints":{"allow":["GET"]}}],"collection":[{"href":"https:\/\/www.vapeswholesaler.com\/pt\/wp-json\/wp\/v2\/product"}],"about":[{"href":"https:\/\/www.vapeswholesaler.com\/pt\/wp-json\/wp\/v2\/types\/product"}],"replies":[{"embeddable":true,"href":"https:\/\/www.vapeswholesaler.com\/pt\/wp-json\/wp\/v2\/comments?post=16988"}],"wp:featuredmedia":[{"embeddable":true,"href":"https:\/\/www.vapeswholesaler.com\/pt\/wp-json\/wp\/v2\/media\/16987"}],"wp:attachment":[{"href":"https:\/\/www.vapeswholesaler.com\/pt\/wp-json\/wp\/v2\/media?parent=16988"}],"wp:term":[{"taxonomy":"product_cat","embeddable":true,"href":"https:\/\/www.vapeswholesaler.com\/pt\/wp-json\/wp\/v2\/product_cat?post=16988"},{"taxonomy":"product_tag","embeddable":true,"href":"https:\/\/www.vapeswholesaler.com\/pt\/wp-json\/wp\/v2\/product_tag?post=16988"}],"curies":[{"name":"wp","href":"https:\/\/api.w.org\/{rel}","templated":true}]}}