{"id":16715,"date":"2024-06-18T15:59:31","date_gmt":"2024-06-18T07:59:31","guid":{"rendered":"https:\/\/www.vapeswholesaler.com\/?post_type=product&#038;p=16715"},"modified":"2025-03-12T19:19:06","modified_gmt":"2025-03-12T11:19:06","slug":"elf-bar-gh-20000-puffs-vape-descartavel-por-atacado","status":"publish","type":"product","link":"https:\/\/www.vapeswholesaler.com\/pt\/produto\/elf-bar-gh-20000-puffs-vape-descartavel-por-atacado","title":{"rendered":"Elf Bar GH 20000 Puffs por atacado Vape descart\u00e1vel"},"content":{"rendered":"<p>O Vape descart\u00e1vel recarreg\u00e1vel ELF Bar GH20000 Puffs, GH20000 Puff 20ml vem com uma bobina de malha tripla e 3 modos de energia, Lite, Smooth e Turbo, permitindo-lhe ajustar o vapor \u00e0 sua prefer\u00eancia.<\/p>\n<p>ELF Bar GH20000 Puffss Com uma maior capacidade de e-l\u00edquido de 20mL que pode durar at\u00e9 20.000 baforadas, est\u00e1 tamb\u00e9m equipado com um ecr\u00e3 LED que mostra a pot\u00eancia, o modo e a percentagem de e-l\u00edquido, mantendo-o sempre informado quando deve carregar ou quando o dispositivo est\u00e1 a ficar com pouco e-l\u00edquido.<\/p>\n<h2><strong>ELF Bar GH20000 Puffs Caracter\u00edsticas:<\/strong><\/h2>\n<ul>\n<li>At\u00e9 20.000 baforadas<\/li>\n<li>Bobina de malha tripla<\/li>\n<li>3 modos de pot\u00eancia Lite\/Suave\/Turbo<\/li>\n<li>Modo de alimenta\u00e7\u00e3o e ecr\u00e3 de l\u00edquido eletr\u00f3nico<\/li>\n<li>Bateria de 850mAh<\/li>\n<li>20mL de E-l\u00edquido de Sal de Nicotina 20mg\/mL<\/li>\n<li>USB tipo C recarreg\u00e1vel<\/li>\n<\/ul>\n<h2><strong>ELF Bar GH 20000 Puffs Sabores dispon\u00edveis:<\/strong><\/h2>\n<ol>\n<li>Gelo Blue Razz<\/li>\n<li>Pera com mirtilo<\/li>\n<li>Gelo de uva<\/li>\n<li>Gelo de ma\u00e7\u00e3 verde<\/li>\n<li>Hortel\u00e3 gelada<\/li>\n<li>Miami Mint<\/li>\n<li>P\u00eassego Manga Melancia<\/li>\n<li>Uva Sakura<\/li>\n<li>Banana com morango<\/li>\n<li>Gelo de morango<\/li>\n<\/ol>\n<h2><strong>Inclui<\/strong>:<\/h2>\n<p>1x Vape descart\u00e1vel ELF Bar GH20000 Puffs<\/p>\n<p>&nbsp;<\/p>\n<p>&nbsp;<\/p>\n<figure id=\"attachment_16714\" aria-describedby=\"caption-attachment-16714\" style=\"width: 800px\" class=\"wp-caption alignnone\"><img loading=\"lazy\" decoding=\"async\" class=\"wp-image-16714 size-full\" title=\"Barra de Elf por atacado GH 20000 Puffs Vape descart\u00e1vel 4\" src=\"https:\/\/www.vapeswholesaler.com\/wp-content\/uploads\/2024\/06\/Wholesale-Elf-bar-GH-20000-Puffs-Disposable-vape-4.webp\" alt=\"Barra de Elf por atacado GH 20000 Puffs Vape descart\u00e1vel 4\" width=\"800\" height=\"800\" srcset=\"https:\/\/www.vapeswholesaler.com\/wp-content\/uploads\/2024\/06\/Wholesale-Elf-bar-GH-20000-Puffs-Disposable-vape-4.webp 800w, https:\/\/www.vapeswholesaler.com\/wp-content\/uploads\/2024\/06\/Wholesale-Elf-bar-GH-20000-Puffs-Disposable-vape-4-300x300.webp 300w, https:\/\/www.vapeswholesaler.com\/wp-content\/uploads\/2024\/06\/Wholesale-Elf-bar-GH-20000-Puffs-Disposable-vape-4-150x150.webp 150w, https:\/\/www.vapeswholesaler.com\/wp-content\/uploads\/2024\/06\/Wholesale-Elf-bar-GH-20000-Puffs-Disposable-vape-4-768x768.webp 768w, https:\/\/www.vapeswholesaler.com\/wp-content\/uploads\/2024\/06\/Wholesale-Elf-bar-GH-20000-Puffs-Disposable-vape-4-12x12.webp 12w, https:\/\/www.vapeswholesaler.com\/wp-content\/uploads\/2024\/06\/Wholesale-Elf-bar-GH-20000-Puffs-Disposable-vape-4-247x247.webp 247w, https:\/\/www.vapeswholesaler.com\/wp-content\/uploads\/2024\/06\/Wholesale-Elf-bar-GH-20000-Puffs-Disposable-vape-4-510x510.webp 510w, https:\/\/www.vapeswholesaler.com\/wp-content\/uploads\/2024\/06\/Wholesale-Elf-bar-GH-20000-Puffs-Disposable-vape-4-100x100.webp 100w\" sizes=\"auto, (max-width: 800px) 100vw, 800px\" \/><figcaption id=\"caption-attachment-16714\" class=\"wp-caption-text\">Elf bar por atacado GH 20000 Puffs Vape descart\u00e1vel<\/figcaption><\/figure>\n<figure id=\"attachment_16726\" aria-describedby=\"caption-attachment-16726\" style=\"width: 800px\" class=\"wp-caption alignnone\"><img loading=\"lazy\" decoding=\"async\" class=\"wp-image-16726 size-full\" title=\"Elf bar por atacado GH 20000 Puffs Vape descart\u00e1vel 5\" src=\"https:\/\/www.vapeswholesaler.com\/wp-content\/uploads\/2024\/06\/Wholesale-Elf-bar-GH-20000-Puffs-Disposable-vape-5.webp\" alt=\"Elf bar por atacado GH 20000 Puffs Vape descart\u00e1vel 5\" width=\"800\" height=\"600\" srcset=\"https:\/\/www.vapeswholesaler.com\/wp-content\/uploads\/2024\/06\/Wholesale-Elf-bar-GH-20000-Puffs-Disposable-vape-5.webp 800w, https:\/\/www.vapeswholesaler.com\/wp-content\/uploads\/2024\/06\/Wholesale-Elf-bar-GH-20000-Puffs-Disposable-vape-5-300x225.webp 300w, https:\/\/www.vapeswholesaler.com\/wp-content\/uploads\/2024\/06\/Wholesale-Elf-bar-GH-20000-Puffs-Disposable-vape-5-768x576.webp 768w, https:\/\/www.vapeswholesaler.com\/wp-content\/uploads\/2024\/06\/Wholesale-Elf-bar-GH-20000-Puffs-Disposable-vape-5-16x12.webp 16w, https:\/\/www.vapeswholesaler.com\/wp-content\/uploads\/2024\/06\/Wholesale-Elf-bar-GH-20000-Puffs-Disposable-vape-5-510x383.webp 510w\" sizes=\"auto, (max-width: 800px) 100vw, 800px\" \/><figcaption id=\"caption-attachment-16726\" class=\"wp-caption-text\">Elf bar por atacado GH 20000 Puffs Vape descart\u00e1vel<\/figcaption><\/figure>","protected":false},"excerpt":{"rendered":"<p>Quantidade m\u00ednima de encomenda: <em><strong>10000<\/strong><\/em> PCS (mistura de sabores)<\/p>\n<p>(<strong>2%, 5% Nic<\/strong>)<\/p>","protected":false},"featured_media":16712,"comment_status":"open","ping_status":"closed","template":"","meta":[],"product_cat":[15],"product_tag":[],"class_list":{"0":"post-16715","1":"product","2":"type-product","3":"status-publish","4":"has-post-thumbnail","6":"product_cat-disposable-vape","7":"product_brand-elf-bar","9":"first","10":"outofstock","11":"shipping-taxable","12":"purchasable","13":"product-type-variable"},"aioseo_notices":[],"_links":{"self":[{"href":"https:\/\/www.vapeswholesaler.com\/pt\/wp-json\/wp\/v2\/product\/16715","targetHints":{"allow":["GET"]}}],"collection":[{"href":"https:\/\/www.vapeswholesaler.com\/pt\/wp-json\/wp\/v2\/product"}],"about":[{"href":"https:\/\/www.vapeswholesaler.com\/pt\/wp-json\/wp\/v2\/types\/product"}],"replies":[{"embeddable":true,"href":"https:\/\/www.vapeswholesaler.com\/pt\/wp-json\/wp\/v2\/comments?post=16715"}],"wp:featuredmedia":[{"embeddable":true,"href":"https:\/\/www.vapeswholesaler.com\/pt\/wp-json\/wp\/v2\/media\/16712"}],"wp:attachment":[{"href":"https:\/\/www.vapeswholesaler.com\/pt\/wp-json\/wp\/v2\/media?parent=16715"}],"wp:term":[{"taxonomy":"product_cat","embeddable":true,"href":"https:\/\/www.vapeswholesaler.com\/pt\/wp-json\/wp\/v2\/product_cat?post=16715"},{"taxonomy":"product_tag","embeddable":true,"href":"https:\/\/www.vapeswholesaler.com\/pt\/wp-json\/wp\/v2\/product_tag?post=16715"}],"curies":[{"name":"wp","href":"https:\/\/api.w.org\/{rel}","templated":true}]}}