{"id":16670,"date":"2024-06-18T11:01:12","date_gmt":"2024-06-18T03:01:12","guid":{"rendered":"https:\/\/www.vapeswholesaler.com\/?post_type=product&#038;p=16670"},"modified":"2025-03-26T11:01:37","modified_gmt":"2025-03-26T03:01:37","slug":"vape-descartavel-geekbar-skyview-25k-por-atacado","status":"publish","type":"product","link":"https:\/\/www.vapeswholesaler.com\/pt\/produto\/vape-descartavel-geekbar-skyview-25k-por-atacado","title":{"rendered":"Vape descart\u00e1vel Geekbar Skyview 25K por grosso"},"content":{"rendered":"<p>O Geekbar Skyview 25K descart\u00e1vel \u00e9 uma sensa\u00e7\u00e3o de vaporiza\u00e7\u00e3o refrescante e fresca que faz lembrar um c\u00e9u arejado com um toque de citrinos, utilizando o sabor Sky Walker do Geekbar Skyview 25K descart\u00e1vel Vape. Este dispositivo de vanguarda fornece uma impressionante quantidade de 25000 baforadas, permitindo-lhe saborear esta mistura \u00fanica e revigorante durante um longo per\u00edodo de tempo. Explore outros sabores tentadores, como o sumarento Peach Raspberry, o arrojado Triple Berry ou o picante Sour Apple Ice.<\/p>\n<p>O vape GeekBar Skyview possui uma potente bateria de 800mAh e uma generosa capacidade de 18mL de e-l\u00edquido, garantindo um desempenho duradouro e um sabor consistente em cada tragada. Com tr\u00eas modos de vaporiza\u00e7\u00e3o ajust\u00e1veis - Soft, Norm e Pulse - pode personalizar a sua experi\u00eancia de vaporiza\u00e7\u00e3o de acordo com as suas prefer\u00eancias. A avan\u00e7ada bobina de malha dupla e o sistema de aquecimento de n\u00facleo duplo trabalham em conjunto para proporcionar uma extra\u00e7\u00e3o \u00f3ptima do sabor e uma produ\u00e7\u00e3o de vapor suave e satisfat\u00f3ria.<\/p>\n<h2><strong><a href=\"https:\/\/www.vapeswholesaler.com\/pt\/marca_do_produto\/geekbar\/\">Geek Bar<\/a> Carater\u00edstica do Skyview 25K:<\/strong><\/h2>\n<ul>\n<li>16mL E-Liquid pr\u00e9-cheio<\/li>\n<li>5% (50mg) For\u00e7a da nicotina<\/li>\n<li>Bateria recarreg\u00e1vel tipo C de 800mAh<\/li>\n<li>Aproximadamente 25.000 Puffs<\/li>\n<li>Tr\u00eas op\u00e7\u00f5es de modo de vaporiza\u00e7\u00e3o<\/li>\n<li>Suave - 12W<\/li>\n<li>Norma - 18W<\/li>\n<li>Impulso - 25W<\/li>\n<li>Bobina de malha dupla<\/li>\n<li>Ecr\u00e3 TFT inteligente de 1,8 polegadas maior do que grande<\/li>\n<li>5 Interfaces de design de IU exclusivas<\/li>\n<li>N\u00edvel da bateria, modo de vaporiza\u00e7\u00e3o, n\u00edvel de e-l\u00edquido<\/li>\n<li>Aquecimento de n\u00facleo duplo<\/li>\n<li>VPU no interior<\/li>\n<\/ul>\n<h2><strong>Geek Bar Skyview 25000 Sabores:<\/strong><\/h2>\n<ol>\n<li>Blackberry Fcuking Fab<\/li>\n<li>Gelo Blue Razz<\/li>\n<li>Menta com lim\u00e3o e cereja<\/li>\n<li>Cherry Strazz<\/li>\n<li>Gelo de uva<\/li>\n<li>Miami Mint<\/li>\n<li>Gelado de p\u00eassego azul<\/li>\n<li>P\u00eassego Framboesa<\/li>\n<li>Caminhante do c\u00e9u<\/li>\n<li>Gelo de ma\u00e7\u00e3 azeda<\/li>\n<li>Melancia azeda Blue Razz<\/li>\n<li>Banana com morango<\/li>\n<li>Gelo de morango<\/li>\n<li>Morango, melancia, coco<\/li>\n<li>Baga tripla<\/li>\n<li>B-Pop distorcido<\/li>\n<\/ol>\n<p><strong>Detalhes da embalagem:<\/strong><br \/>\n1ps numa caixa pequena<\/p>\n<figure id=\"attachment_16669\" aria-describedby=\"caption-attachment-16669\" style=\"width: 800px\" class=\"wp-caption alignnone\"><img loading=\"lazy\" decoding=\"async\" class=\"wp-image-16669 size-full\" title=\"Venda por grosso de vape descart\u00e1vel Geekbar Skyview 25K 7\" src=\"https:\/\/www.vapeswholesaler.com\/wp-content\/uploads\/2024\/06\/Wholesale-Geekbar-Skyview-25K-Disposable-vape-7.jpg\" alt=\"Venda por grosso de vape descart\u00e1vel Geekbar Skyview 25K 7\" width=\"800\" height=\"800\" srcset=\"https:\/\/www.vapeswholesaler.com\/wp-content\/uploads\/2024\/06\/Wholesale-Geekbar-Skyview-25K-Disposable-vape-7.jpg 800w, https:\/\/www.vapeswholesaler.com\/wp-content\/uploads\/2024\/06\/Wholesale-Geekbar-Skyview-25K-Disposable-vape-7-300x300.jpg 300w, https:\/\/www.vapeswholesaler.com\/wp-content\/uploads\/2024\/06\/Wholesale-Geekbar-Skyview-25K-Disposable-vape-7-150x150.jpg 150w, https:\/\/www.vapeswholesaler.com\/wp-content\/uploads\/2024\/06\/Wholesale-Geekbar-Skyview-25K-Disposable-vape-7-768x768.jpg 768w, https:\/\/www.vapeswholesaler.com\/wp-content\/uploads\/2024\/06\/Wholesale-Geekbar-Skyview-25K-Disposable-vape-7-12x12.jpg 12w, https:\/\/www.vapeswholesaler.com\/wp-content\/uploads\/2024\/06\/Wholesale-Geekbar-Skyview-25K-Disposable-vape-7-247x247.jpg 247w, https:\/\/www.vapeswholesaler.com\/wp-content\/uploads\/2024\/06\/Wholesale-Geekbar-Skyview-25K-Disposable-vape-7-510x510.jpg 510w, https:\/\/www.vapeswholesaler.com\/wp-content\/uploads\/2024\/06\/Wholesale-Geekbar-Skyview-25K-Disposable-vape-7-100x100.jpg 100w\" sizes=\"auto, (max-width: 800px) 100vw, 800px\" \/><figcaption id=\"caption-attachment-16669\" class=\"wp-caption-text\">Vape descart\u00e1vel Geekbar Skyview 25K por grosso<\/figcaption><\/figure>","protected":false},"excerpt":{"rendered":"<p><span data-slate-fragment=\"JTVCJTdCJTIydHlwZSUyMiUzQSUyMnBhcmFncmFwaCUyMiUyQyUyMmNoaWxkcmVuJTIyJTNBJTVCJTdCJTIyaWQlMjIlM0ElMjIwQkF6V1hKNjV2JTIyJTJDJTIycGFyYUlkeCUyMiUzQTAlMkMlMjJzcmMlMjIlM0ElMjJNaW5pbXVtJTIwT3JkZXIlMjBRdWFudGl0eSUzQSUyMDEwMDAwJTIwUENTJTIwKE1peCUyMEZsYXZvcnMpJTIyJTJDJTIyZHN0JTIyJTNBJTIyJUU2JTlDJTgwJUU0JUJEJThFJUU4JUFFJUEyJUU4JUI0JUFEJUU5JTg3JThGJUVGJUJDJTlBMTAwMDAlRTQlQkIlQjYlRUYlQkMlODglRTYlQjclQjclRTUlOTAlODglRTUlOEYlQTMlRTUlOTElQjMlRUYlQkMlODklMjIlMkMlMjJtZXRhZGF0YSUyMiUzQSUyMiUyMiUyQyUyMm1ldGFEYXRhJTIyJTNBJTVCJTVEJTJDJTIydGV4dCUyMiUzQSUyMk1pbmltdW0lMjBPcmRlciUyMFF1YW50aXR5JTNBJTIwMTAwMDAlMjBQQ1MlMjAoTWl4JTIwRmxhdm9ycyklMjIlN0QlNUQlN0QlNUQ=\">Quantidade m\u00ednima de encomenda: <em><strong>10000<\/strong> <\/em>PCS (mistura de sabores)\u00a0 <strong>Envio gratuito<\/strong><\/span><\/p>\n<p>\uff08<strong>2%,5% Nic <\/strong>)<\/p>","protected":false},"featured_media":16663,"comment_status":"open","ping_status":"closed","template":"","meta":[],"product_cat":[15],"product_tag":[],"class_list":{"0":"post-16670","1":"product","2":"type-product","3":"status-publish","4":"has-post-thumbnail","6":"product_cat-disposable-vape","7":"product_brand-geekbar","9":"first","10":"instock","11":"shipping-taxable","12":"purchasable","13":"product-type-variable","14":"has-default-attributes"},"aioseo_notices":[],"_links":{"self":[{"href":"https:\/\/www.vapeswholesaler.com\/pt\/wp-json\/wp\/v2\/product\/16670","targetHints":{"allow":["GET"]}}],"collection":[{"href":"https:\/\/www.vapeswholesaler.com\/pt\/wp-json\/wp\/v2\/product"}],"about":[{"href":"https:\/\/www.vapeswholesaler.com\/pt\/wp-json\/wp\/v2\/types\/product"}],"replies":[{"embeddable":true,"href":"https:\/\/www.vapeswholesaler.com\/pt\/wp-json\/wp\/v2\/comments?post=16670"}],"wp:featuredmedia":[{"embeddable":true,"href":"https:\/\/www.vapeswholesaler.com\/pt\/wp-json\/wp\/v2\/media\/16663"}],"wp:attachment":[{"href":"https:\/\/www.vapeswholesaler.com\/pt\/wp-json\/wp\/v2\/media?parent=16670"}],"wp:term":[{"taxonomy":"product_cat","embeddable":true,"href":"https:\/\/www.vapeswholesaler.com\/pt\/wp-json\/wp\/v2\/product_cat?post=16670"},{"taxonomy":"product_tag","embeddable":true,"href":"https:\/\/www.vapeswholesaler.com\/pt\/wp-json\/wp\/v2\/product_tag?post=16670"}],"curies":[{"name":"wp","href":"https:\/\/api.w.org\/{rel}","templated":true}]}}