{"id":16535,"date":"2024-06-16T12:23:08","date_gmt":"2024-06-16T04:23:08","guid":{"rendered":"https:\/\/www.vapeswholesaler.com\/?post_type=product&#038;p=16535"},"modified":"2025-03-05T15:40:20","modified_gmt":"2025-03-05T07:40:20","slug":"caixa-elf-por-atacado-ls15000-puffs-vape-descartavel","status":"publish","type":"product","link":"https:\/\/www.vapeswholesaler.com\/pt\/produto\/caixa-elf-por-atacado-ls15000-puffs-vape-descartavel","title":{"rendered":"Atacado ELF BOX LS15000 Puffs Vape descart\u00e1vel"},"content":{"rendered":"<p>O ELF BOX LS15000 Puff Shisha Hookah \u00e9 um Vape descart\u00e1vel DTL (Direct to Lungh) recarreg\u00e1vel, o ELF BOX LS15000 Puff \u00e9 um dispositivo de vaporiza\u00e7\u00e3o de alta qualidade com um design de cristal elegante, tecnologia avan\u00e7ada de bobina de malha e uma variedade de sabores sedutores, prometendo uma experi\u00eancia de vaporiza\u00e7\u00e3o satisfat\u00f3ria e duradoura para os clientes.<\/p>\n<h2><strong><a href=\"https:\/\/www.vapeswholesaler.com\/pt\/marca_do_produto\/caixa-dos-duendes\/\">CAIXA ELF<\/a> LS15000 Puff Shisha Hookah Features:<\/strong><\/h2>\n<ul>\n<li>Puffs:15000<\/li>\n<li>N\u00facleo: Bobina de malha 0,6ohm<\/li>\n<li>E-l\u00edquido:26ml<\/li>\n<li>Nicotine:0%\/2%\/5%<\/li>\n<li>Bateria:18250-600mah<\/li>\n<li>Recarreg\u00e1vel:Tipo C<\/li>\n<\/ul>\n<h2><strong>Sabores dispon\u00edveis:<\/strong><\/h2>\n<ol>\n<li>Gelo de amora<\/li>\n<li>Mirtilo em gelo<\/li>\n<li>Kiwi Maracuj\u00e1<\/li>\n<li>Morango Kiwi<\/li>\n<li>Limonada Blue Razz<\/li>\n<li>Gelo de melancia<\/li>\n<li>Melancia com morango<\/li>\n<li>Gelo de morango<\/li>\n<li>P\u00eassego Manga Anan\u00e1s<\/li>\n<li>Gelo de uva<\/li>\n<li>Manga Banana<\/li>\n<li>Bagas mistas<\/li>\n<\/ol>\n<h2><strong>Detalhes da embalagem:<\/strong><\/h2>\n<p>Peso do produto: 91g<br \/>\nTamanho do produto: 124,5*31,5mm<br \/>\nTamanho da caixa: 410*405*297mm<br \/>\nQTY: 200pcs\/ctn<br \/>\nPeso bruto: 21 kg<\/p>\n<p>&nbsp;<\/p>\n<p><img loading=\"lazy\" decoding=\"async\" class=\"wp-image-16521 size-full\" title=\"Atacado ELF BOX LS15000 Puffs Vape descart\u00e1vel 4\" src=\"https:\/\/www.vapeswholesaler.com\/wp-content\/uploads\/2024\/06\/Wholesale-ELF-BOX-LS15000-Puffs-Disposable-Vape-4.webp\" alt=\"Atacado ELF BOX LS15000 Puffs Vape descart\u00e1vel 4\" width=\"800\" height=\"800\" srcset=\"https:\/\/www.vapeswholesaler.com\/wp-content\/uploads\/2024\/06\/Wholesale-ELF-BOX-LS15000-Puffs-Disposable-Vape-4.webp 800w, https:\/\/www.vapeswholesaler.com\/wp-content\/uploads\/2024\/06\/Wholesale-ELF-BOX-LS15000-Puffs-Disposable-Vape-4-300x300.webp 300w, https:\/\/www.vapeswholesaler.com\/wp-content\/uploads\/2024\/06\/Wholesale-ELF-BOX-LS15000-Puffs-Disposable-Vape-4-150x150.webp 150w, https:\/\/www.vapeswholesaler.com\/wp-content\/uploads\/2024\/06\/Wholesale-ELF-BOX-LS15000-Puffs-Disposable-Vape-4-768x768.webp 768w, https:\/\/www.vapeswholesaler.com\/wp-content\/uploads\/2024\/06\/Wholesale-ELF-BOX-LS15000-Puffs-Disposable-Vape-4-12x12.webp 12w, https:\/\/www.vapeswholesaler.com\/wp-content\/uploads\/2024\/06\/Wholesale-ELF-BOX-LS15000-Puffs-Disposable-Vape-4-247x247.webp 247w, https:\/\/www.vapeswholesaler.com\/wp-content\/uploads\/2024\/06\/Wholesale-ELF-BOX-LS15000-Puffs-Disposable-Vape-4-510x510.webp 510w, https:\/\/www.vapeswholesaler.com\/wp-content\/uploads\/2024\/06\/Wholesale-ELF-BOX-LS15000-Puffs-Disposable-Vape-4-100x100.webp 100w\" sizes=\"auto, (max-width: 800px) 100vw, 800px\" \/><\/p>\n<p><img loading=\"lazy\" decoding=\"async\" class=\"wp-image-16522 size-full\" title=\"Atacado ELF BOX LS15000 Puffs Vape descart\u00e1vel 5\" src=\"https:\/\/www.vapeswholesaler.com\/wp-content\/uploads\/2024\/06\/Wholesale-ELF-BOX-LS15000-Puffs-Disposable-Vape-5.webp\" alt=\"Atacado ELF BOX LS15000 Puffs Vape descart\u00e1vel 5\" width=\"800\" height=\"650\" srcset=\"https:\/\/www.vapeswholesaler.com\/wp-content\/uploads\/2024\/06\/Wholesale-ELF-BOX-LS15000-Puffs-Disposable-Vape-5.webp 800w, https:\/\/www.vapeswholesaler.com\/wp-content\/uploads\/2024\/06\/Wholesale-ELF-BOX-LS15000-Puffs-Disposable-Vape-5-300x244.webp 300w, https:\/\/www.vapeswholesaler.com\/wp-content\/uploads\/2024\/06\/Wholesale-ELF-BOX-LS15000-Puffs-Disposable-Vape-5-768x624.webp 768w, https:\/\/www.vapeswholesaler.com\/wp-content\/uploads\/2024\/06\/Wholesale-ELF-BOX-LS15000-Puffs-Disposable-Vape-5-15x12.webp 15w, https:\/\/www.vapeswholesaler.com\/wp-content\/uploads\/2024\/06\/Wholesale-ELF-BOX-LS15000-Puffs-Disposable-Vape-5-510x414.webp 510w\" sizes=\"auto, (max-width: 800px) 100vw, 800px\" \/><\/p>","protected":false},"excerpt":{"rendered":"<p>Quantidade m\u00ednima de encomenda:\u00a0<strong>50 UNIDADES<\/strong>\u00a0(Mistura de sabores)\u00a0\u00a0<strong>Envio gratuito<\/strong><\/p>\n<p>(<strong>2%, 5% Nic<\/strong>)<\/p>","protected":false},"featured_media":16520,"comment_status":"open","ping_status":"closed","template":"","meta":[],"product_cat":[15],"product_tag":[],"class_list":{"0":"post-16535","1":"product","2":"type-product","3":"status-publish","4":"has-post-thumbnail","6":"product_cat-disposable-vape","7":"product_brand-elf-box","9":"first","10":"instock","11":"shipping-taxable","12":"purchasable","13":"product-type-variable","14":"has-default-attributes"},"aioseo_notices":[],"_links":{"self":[{"href":"https:\/\/www.vapeswholesaler.com\/pt\/wp-json\/wp\/v2\/product\/16535","targetHints":{"allow":["GET"]}}],"collection":[{"href":"https:\/\/www.vapeswholesaler.com\/pt\/wp-json\/wp\/v2\/product"}],"about":[{"href":"https:\/\/www.vapeswholesaler.com\/pt\/wp-json\/wp\/v2\/types\/product"}],"replies":[{"embeddable":true,"href":"https:\/\/www.vapeswholesaler.com\/pt\/wp-json\/wp\/v2\/comments?post=16535"}],"wp:featuredmedia":[{"embeddable":true,"href":"https:\/\/www.vapeswholesaler.com\/pt\/wp-json\/wp\/v2\/media\/16520"}],"wp:attachment":[{"href":"https:\/\/www.vapeswholesaler.com\/pt\/wp-json\/wp\/v2\/media?parent=16535"}],"wp:term":[{"taxonomy":"product_cat","embeddable":true,"href":"https:\/\/www.vapeswholesaler.com\/pt\/wp-json\/wp\/v2\/product_cat?post=16535"},{"taxonomy":"product_tag","embeddable":true,"href":"https:\/\/www.vapeswholesaler.com\/pt\/wp-json\/wp\/v2\/product_tag?post=16535"}],"curies":[{"name":"wp","href":"https:\/\/api.w.org\/{rel}","templated":true}]}}