{"id":16503,"date":"2024-06-15T22:05:46","date_gmt":"2024-06-15T14:05:46","guid":{"rendered":"https:\/\/www.vapeswholesaler.com\/?post_type=product&#038;p=16503"},"modified":"2025-11-19T16:24:30","modified_gmt":"2025-11-19T08:24:30","slug":"fumot-randm-tornado-9000-puffs-diposable-vape","status":"publish","type":"product","link":"https:\/\/www.vapeswholesaler.com\/pt\/produto\/fumot-randm-tornado-9000-puffs-diposable-vape","title":{"rendered":"Atacado Fumot Tornado 9000 Puffs Diposable Vape"},"content":{"rendered":"<p>Fumot Tornado 9000 Puffs vape device com um design fixe e \u00e9 recarreg\u00e1vel. Cont\u00e9m 18 ml de sumo eletr\u00f3nico com sal de nicotina 0\/2\/3\/5% e vaporiza at\u00e9 9000 baforadas. Existem 38 sabores \u00e0 escolha. A porta recarreg\u00e1vel na parte inferior do dispositivo garante que termina sempre a \u00faltima gota do sumo eletr\u00f3nico no dep\u00f3sito.<\/p>\n<p>A bobina Fumot Tornado 9000 Puffs Mesh \u00e9 uma tecnologia avan\u00e7ada para uma caneta vape descart\u00e1vel, que proporciona uma experi\u00eancia de vaporiza\u00e7\u00e3o mais fresca e agrad\u00e1vel. Gera nuvens maiores, proporciona maior qualidade de sabor e tem uma dura\u00e7\u00e3o de massa que a torna mais popular e bem-vinda no mercado.<\/p>\n<p>Fumot Tornado 9000 Puffs O USB-C ou USB Type-C \u00e9 o mais recente padr\u00e3o universal para liga\u00e7\u00e3o com fios de dispositivos inteligentes, sendo o sucessor de padr\u00f5es mais antigos, como o Micro-USB e o USB-A, que ainda s\u00e3o comuns mas est\u00e3o a desaparecer rapidamente.<\/p>\n<p>O Fumot Tornado 9000 Puffs tem uma luz RGB na parte inferior do dispositivo, a luz RGB muda durante a vaporiza\u00e7\u00e3o, \u00e9 mais divertido jogar e sentir-se fresco, com uma bateria recarreg\u00e1vel de 600 mAh incorporada, que pode ser recarregada algumas vezes, para que n\u00e3o fique preso a um dispositivo descart\u00e1vel sem carga antes de o l\u00edquido eletr\u00f3nico acabar.<\/p>\n<h2><strong><a href=\"https:\/\/www.vapeswholesaler.com\/pt\/marca_do_produto\/randm\/\">Fumot<\/a> Tornado 9000 Puffs Carater\u00edsticas:<\/strong><\/h2>\n<ul>\n<li>Puffs: 9000<\/li>\n<li>Nicotina: 2\/3\/5%(50mg)<\/li>\n<li>Tipo de nicotina: sal de nicotina<\/li>\n<li>Capacidade: 18ml<\/li>\n<li>Resist\u00eancia: Bobina de malha de 0,8ohm<\/li>\n<li>Bateria: 850mAh recarreg\u00e1vel<\/li>\n<li>Carregador: Tipo-c<\/li>\n<li>Mecanismo de disparo: Ativado por tra\u00e7\u00e3o<\/li>\n<\/ul>\n<h2><strong>Sabores dispon\u00edveis:<\/strong><\/h2>\n<ol>\n<li>Sr. Blue<\/li>\n<li>Melancia com morango<\/li>\n<li>Soda de laranja<\/li>\n<li>Pastilha el\u00e1stica de melancia<\/li>\n<li>Doces arco-\u00edris<\/li>\n<li>Limonada cor-de-rosa<\/li>\n<li>P\u00eassego Manga Anan\u00e1s<\/li>\n<li>Banana com morango<\/li>\n<li>Gelo exuberante<\/li>\n<li>Drag\u00e3o negro de gelo<\/li>\n<li>Uva Alo\u00e9<\/li>\n<\/ol>\n<h2><strong>Detalhes da embalagem:<\/strong><\/h2>\n<p>Pe\u00e7a \u00fanica com embalagem de rebu\u00e7ado<br \/>\nCada caixa cont\u00e9m 10 unidades<br \/>\nCada caixa cont\u00e9m 200 unidades<br \/>\ncada caixa:18 kg<\/p>\n<p>&nbsp;<\/p>\n<figure id=\"attachment_16502\" aria-describedby=\"caption-attachment-16502\" style=\"width: 590px\" class=\"wp-caption alignnone\"><img loading=\"lazy\" decoding=\"async\" class=\"wp-image-16502 size-full\" title=\"Atacado Fumot RANDM Tornado 9000 Puffs Diposable Vape\" src=\"https:\/\/www.vapeswholesaler.com\/wp-content\/uploads\/2024\/06\/Wholesale-Fumot-RANDM-Tornado-9000-Puffs-Diposable-Vape.webp\" alt=\"Atacado Fumot RANDM Tornado 9000 Puffs Diposable Vape\" width=\"590\" height=\"517\" srcset=\"https:\/\/www.vapeswholesaler.com\/wp-content\/uploads\/2024\/06\/Wholesale-Fumot-RANDM-Tornado-9000-Puffs-Diposable-Vape.webp 590w, https:\/\/www.vapeswholesaler.com\/wp-content\/uploads\/2024\/06\/Wholesale-Fumot-RANDM-Tornado-9000-Puffs-Diposable-Vape-300x263.webp 300w, https:\/\/www.vapeswholesaler.com\/wp-content\/uploads\/2024\/06\/Wholesale-Fumot-RANDM-Tornado-9000-Puffs-Diposable-Vape-14x12.webp 14w, https:\/\/www.vapeswholesaler.com\/wp-content\/uploads\/2024\/06\/Wholesale-Fumot-RANDM-Tornado-9000-Puffs-Diposable-Vape-510x447.webp 510w\" sizes=\"auto, (max-width: 590px) 100vw, 590px\" \/><figcaption id=\"caption-attachment-16502\" class=\"wp-caption-text\">Atacado Fumot RANDM Tornado 9000 Puffs Diposable Vape<\/figcaption><\/figure>","protected":false},"excerpt":{"rendered":"<p>Quantidade m\u00ednima de encomenda:\u00a0<strong>50 UNIDADES<\/strong>\u00a0(Mistura de sabores)\u00a0\u00a0<strong>Envio gratuito<\/strong><\/p>\n<p>\uff08<strong>2%\uff0c3%\uff0c5%<\/strong><\/p>","protected":false},"featured_media":17139,"comment_status":"open","ping_status":"closed","template":"","meta":[],"product_cat":[15],"product_tag":[335,336,337],"class_list":{"0":"post-16503","1":"product","2":"type-product","3":"status-publish","4":"has-post-thumbnail","6":"product_cat-disposable-vape","7":"product_tag-fumot-tornado-9000-puffs","8":"product_tag-tornado-9000-puffs","9":"product_tag-fumot-9000-puffs","10":"product_brand-fumot","12":"first","13":"outofstock","14":"shipping-taxable","15":"purchasable","16":"product-type-variable","17":"has-default-attributes"},"aioseo_notices":[],"_links":{"self":[{"href":"https:\/\/www.vapeswholesaler.com\/pt\/wp-json\/wp\/v2\/product\/16503","targetHints":{"allow":["GET"]}}],"collection":[{"href":"https:\/\/www.vapeswholesaler.com\/pt\/wp-json\/wp\/v2\/product"}],"about":[{"href":"https:\/\/www.vapeswholesaler.com\/pt\/wp-json\/wp\/v2\/types\/product"}],"replies":[{"embeddable":true,"href":"https:\/\/www.vapeswholesaler.com\/pt\/wp-json\/wp\/v2\/comments?post=16503"}],"wp:featuredmedia":[{"embeddable":true,"href":"https:\/\/www.vapeswholesaler.com\/pt\/wp-json\/wp\/v2\/media\/17139"}],"wp:attachment":[{"href":"https:\/\/www.vapeswholesaler.com\/pt\/wp-json\/wp\/v2\/media?parent=16503"}],"wp:term":[{"taxonomy":"product_cat","embeddable":true,"href":"https:\/\/www.vapeswholesaler.com\/pt\/wp-json\/wp\/v2\/product_cat?post=16503"},{"taxonomy":"product_tag","embeddable":true,"href":"https:\/\/www.vapeswholesaler.com\/pt\/wp-json\/wp\/v2\/product_tag?post=16503"}],"curies":[{"name":"wp","href":"https:\/\/api.w.org\/{rel}","templated":true}]}}