{"id":16434,"date":"2024-06-14T18:13:59","date_gmt":"2024-06-14T10:13:59","guid":{"rendered":"https:\/\/www.vapeswholesaler.com\/?post_type=product&#038;p=16434"},"modified":"2025-02-22T22:55:44","modified_gmt":"2025-02-22T14:55:44","slug":"fumot-randm-shisha-10000-puffs-sub-ohm-dtl-descartavel-vape","status":"publish","type":"product","link":"https:\/\/www.vapeswholesaler.com\/pt\/produto\/fumot-randm-shisha-10000-puffs-sub-ohm-dtl-descartavel-vape","title":{"rendered":"Atacado Fumot Randm Shisha 10000 Puffs Sub Ohm DTL Vape Descart\u00e1vel"},"content":{"rendered":"<p>O Fumot Randm Shisha 10000 \u00e9 um Vape DTL (Direct to Lungh) recarreg\u00e1vel com um indicador LED, com indicadores de n\u00edvel de e-l\u00edquido e de pot\u00eancia. Convenientemente, pode ser carregado atrav\u00e9s da porta Tipo C na sua base. Pr\u00e9-preenchido com 18 ml de e-l\u00edquido, est\u00e1 dispon\u00edvel com uma concentra\u00e7\u00e3o de nicotina de 0,5%. Este vape fornece at\u00e9 10000 baforadas (num ambiente de teste) e oferece uma sele\u00e7\u00e3o de 34 sabores para sua divers\u00e3o.<\/p>\n<p>O vape Fumot Randm Shisha 10000 DTL distingue-se por um ecr\u00e3 LED vibrante. Esta carater\u00edstica oferece informa\u00e7\u00f5es em tempo real, fornecendo aos vapores detalhes essenciais num relance. O visor mostra a dura\u00e7\u00e3o da bateria e o n\u00edvel de \u00f3leo, o que n\u00e3o s\u00f3 acrescenta um toque futurista, como tamb\u00e9m melhora a experi\u00eancia geral do utilizador, facilitando o acompanhamento da utiliza\u00e7\u00e3o e sabendo quando \u00e9 altura de recarregar.<\/p>\n<h2><strong>Fumot Randm Shisha 10000:<\/strong><\/h2>\n<ul>\n<li>10000 PUFFS Capacidade<\/li>\n<li>E-l\u00edquido: 18ml<\/li>\n<li>Recarga tipo C<\/li>\n<li>Bobina de malha<\/li>\n<li>0,8 \u03a9 de sa\u00edda<\/li>\n<li>Controlo do fluxo de ar<\/li>\n<li>Ecr\u00e3 OLED<\/li>\n<\/ul>\n<h2><strong>Sabores dispon\u00edveis:<\/strong><\/h2>\n<ol>\n<li>Sangue ruim<\/li>\n<li>Mirtilo Uva<\/li>\n<li>Gelo de uva<\/li>\n<li>Hortel\u00e3-lim\u00e3o<\/li>\n<li>Amor 66<\/li>\n<li>Sonho l\u00facido<\/li>\n<li>Maracuj\u00e1 doce<\/li>\n<\/ol>\n<h2><strong>Detalhes da embalagem:<\/strong><\/h2>\n<p>Pe\u00e7a \u00fanica com embalagem de rebu\u00e7ado<br \/>\nCada caixa cont\u00e9m 10 unidades<br \/>\nCada caixa cont\u00e9m 200 unidades<\/p>\n<p>&nbsp;<\/p>\n<figure id=\"attachment_16423\" aria-describedby=\"caption-attachment-16423\" style=\"width: 800px\" class=\"wp-caption alignnone\"><img loading=\"lazy\" decoding=\"async\" class=\"wp-image-16423 size-full\" title=\"Wholesale Fumot Randm Shisha 10000 Puffs Sub Ohm DTL Descart\u00e1vel Vape 2\" src=\"https:\/\/www.vapeswholesaler.com\/wp-content\/uploads\/2024\/06\/Wholesale-Fumot-Randm-Shisha-10000-Puffs-Sub-Ohm-DTL-Disposable-Vape-2.webp\" alt=\"Wholesale Fumot Randm Shisha 10000 Puffs Sub Ohm DTL Descart\u00e1vel Vape 2\" width=\"800\" height=\"512\" srcset=\"https:\/\/www.vapeswholesaler.com\/wp-content\/uploads\/2024\/06\/Wholesale-Fumot-Randm-Shisha-10000-Puffs-Sub-Ohm-DTL-Disposable-Vape-2.webp 800w, https:\/\/www.vapeswholesaler.com\/wp-content\/uploads\/2024\/06\/Wholesale-Fumot-Randm-Shisha-10000-Puffs-Sub-Ohm-DTL-Disposable-Vape-2-300x192.webp 300w, https:\/\/www.vapeswholesaler.com\/wp-content\/uploads\/2024\/06\/Wholesale-Fumot-Randm-Shisha-10000-Puffs-Sub-Ohm-DTL-Disposable-Vape-2-768x492.webp 768w, https:\/\/www.vapeswholesaler.com\/wp-content\/uploads\/2024\/06\/Wholesale-Fumot-Randm-Shisha-10000-Puffs-Sub-Ohm-DTL-Disposable-Vape-2-18x12.webp 18w, https:\/\/www.vapeswholesaler.com\/wp-content\/uploads\/2024\/06\/Wholesale-Fumot-Randm-Shisha-10000-Puffs-Sub-Ohm-DTL-Disposable-Vape-2-510x326.webp 510w\" sizes=\"auto, (max-width: 800px) 100vw, 800px\" \/><figcaption id=\"caption-attachment-16423\" class=\"wp-caption-text\">Wholesale Fumot Randm Shisha 10000 Puffs<\/figcaption><\/figure>\n<figure id=\"attachment_16433\" aria-describedby=\"caption-attachment-16433\" style=\"width: 800px\" class=\"wp-caption alignnone\"><img loading=\"lazy\" decoding=\"async\" class=\"wp-image-16433 size-full\" title=\"Atacado Fumot Randm Shisha 10000 Puffs Sub Ohm DTL Vape Descart\u00e1vel\" src=\"https:\/\/www.vapeswholesaler.com\/wp-content\/uploads\/2024\/06\/Wholesale-Fumot-Randm-Shisha-10000-Puffs-Sub-Ohm-DTL-Disposable-Vape.webp\" alt=\"Atacado Fumot Randm Shisha 10000 Puffs Sub Ohm DTL Vape Descart\u00e1vel\" width=\"800\" height=\"512\" srcset=\"https:\/\/www.vapeswholesaler.com\/wp-content\/uploads\/2024\/06\/Wholesale-Fumot-Randm-Shisha-10000-Puffs-Sub-Ohm-DTL-Disposable-Vape.webp 800w, https:\/\/www.vapeswholesaler.com\/wp-content\/uploads\/2024\/06\/Wholesale-Fumot-Randm-Shisha-10000-Puffs-Sub-Ohm-DTL-Disposable-Vape-300x192.webp 300w, https:\/\/www.vapeswholesaler.com\/wp-content\/uploads\/2024\/06\/Wholesale-Fumot-Randm-Shisha-10000-Puffs-Sub-Ohm-DTL-Disposable-Vape-768x492.webp 768w, https:\/\/www.vapeswholesaler.com\/wp-content\/uploads\/2024\/06\/Wholesale-Fumot-Randm-Shisha-10000-Puffs-Sub-Ohm-DTL-Disposable-Vape-18x12.webp 18w, https:\/\/www.vapeswholesaler.com\/wp-content\/uploads\/2024\/06\/Wholesale-Fumot-Randm-Shisha-10000-Puffs-Sub-Ohm-DTL-Disposable-Vape-510x326.webp 510w\" sizes=\"auto, (max-width: 800px) 100vw, 800px\" \/><figcaption id=\"caption-attachment-16433\" class=\"wp-caption-text\">Wholesale Fumot Randm Shisha 10000 Puffs<\/figcaption><\/figure>","protected":false},"excerpt":{"rendered":"<p>Quantidade m\u00ednima de encomenda:\u00a0<strong>50 UNIDADES<\/strong>\u00a0(Mistura de sabores)\u00a0\u00a0<strong>Envio gratuito<\/strong><\/p>\n<p>\uff08<strong>2%\uff0c3%\uff0c5%<\/strong><\/p>","protected":false},"featured_media":16428,"comment_status":"open","ping_status":"closed","template":"","meta":[],"product_cat":[15],"product_tag":[],"class_list":{"0":"post-16434","1":"product","2":"type-product","3":"status-publish","4":"has-post-thumbnail","6":"product_cat-disposable-vape","7":"product_brand-fumot","9":"first","10":"outofstock","11":"shipping-taxable","12":"purchasable","13":"product-type-variable","14":"has-default-attributes"},"aioseo_notices":[],"_links":{"self":[{"href":"https:\/\/www.vapeswholesaler.com\/pt\/wp-json\/wp\/v2\/product\/16434","targetHints":{"allow":["GET"]}}],"collection":[{"href":"https:\/\/www.vapeswholesaler.com\/pt\/wp-json\/wp\/v2\/product"}],"about":[{"href":"https:\/\/www.vapeswholesaler.com\/pt\/wp-json\/wp\/v2\/types\/product"}],"replies":[{"embeddable":true,"href":"https:\/\/www.vapeswholesaler.com\/pt\/wp-json\/wp\/v2\/comments?post=16434"}],"wp:featuredmedia":[{"embeddable":true,"href":"https:\/\/www.vapeswholesaler.com\/pt\/wp-json\/wp\/v2\/media\/16428"}],"wp:attachment":[{"href":"https:\/\/www.vapeswholesaler.com\/pt\/wp-json\/wp\/v2\/media?parent=16434"}],"wp:term":[{"taxonomy":"product_cat","embeddable":true,"href":"https:\/\/www.vapeswholesaler.com\/pt\/wp-json\/wp\/v2\/product_cat?post=16434"},{"taxonomy":"product_tag","embeddable":true,"href":"https:\/\/www.vapeswholesaler.com\/pt\/wp-json\/wp\/v2\/product_tag?post=16434"}],"curies":[{"name":"wp","href":"https:\/\/api.w.org\/{rel}","templated":true}]}}