{"id":16380,"date":"2024-06-14T16:12:31","date_gmt":"2024-06-14T08:12:31","guid":{"rendered":"https:\/\/www.vapeswholesaler.com\/?post_type=product&#038;p=16380"},"modified":"2025-03-18T14:22:23","modified_gmt":"2025-03-18T06:22:23","slug":"vape-descartavel-bang-20000-puffs-por-atacado","status":"publish","type":"product","link":"https:\/\/www.vapeswholesaler.com\/pt\/produto\/vape-descartavel-bang-20000-puffs-por-atacado","title":{"rendered":"Atacado Bang 20000 Puffs Vape descart\u00e1vel"},"content":{"rendered":"<p><a href=\"https:\/\/www.vapeswholesaler.com\/pt\/marca_do_produto\/pancada\/\">Pancada<\/a> 20000 Puffs disposable Vape takes into account the user&#8217;s health, so the device will not exceed its functional range. We have eliminated the risk of burning heaters or using e-cigarettes containing inappropriate liquids. 650 mAh rechargeable battery and 16 milliliter electronic liquid capacity. We have provided you with a choice so that you can find the most satisfactory solution for yourself. More than 12 natural spices and flavors are 100% safe for health. There is no unpleasant smell of tobacco in the room. It can make you feel the beauty of this product, especially with a novel intelligent display screen and a large 16ml cigarette liquid.<\/p>\n<h2><strong><a href=\"https:\/\/www.facebook.com\/fred.luo.58\/\">Pancada<\/a> 20000 Puffs:<\/strong><\/h2>\n<ul>\n<li>Puffs: At\u00e9 20000 puffs<\/li>\n<li>L\u00edquido: E-l\u00edquido pr\u00e9-cheio de 16 ml<\/li>\n<li>Nicotina: 0% 2% 3% 5%<\/li>\n<li>N\u00facleo: Bobina de malha 1.0\u03a9<\/li>\n<li>Bateria: 650mAh recarreg\u00e1vel tipo-c<\/li>\n<li>1 caixa\/200pcs(21KG)<\/li>\n<\/ul>\n<h2><strong>Sabores dispon\u00edveis:<\/strong><\/h2>\n<ol>\n<li>Manga com morango<\/li>\n<li>Bebida energ\u00e9tica<\/li>\n<li>Limonada de mirtilo e cereja<\/li>\n<li>Gelo de drag\u00e3o negro<\/li>\n<li>Gelo de p\u00eassego<\/li>\n<li>Banana com morango<\/li>\n<li>Mistura de frutas<\/li>\n<li>Gelo de mirtilo<\/li>\n<li>Gelo de melancia<\/li>\n<li>Morango kiwi<\/li>\n<li>Mirtilo framboesa<\/li>\n<li>Melancia com morango<\/li>\n<\/ol>\n<h2><strong>Detalhes da embalagem:<\/strong><\/h2>\n<p>10pcs\/ caixa m\u00e9dia<br \/>\nQTY: 200 PCS\/ Caixa<br \/>\nGW: 21KG<\/p>\n<p>&nbsp;<\/p>\n<figure id=\"attachment_16379\" aria-describedby=\"caption-attachment-16379\" style=\"width: 800px\" class=\"wp-caption alignnone\"><img loading=\"lazy\" decoding=\"async\" class=\"wp-image-16379 size-full\" title=\"Atacado Bang 20000 Puffs Vape descart\u00e1vel\" src=\"https:\/\/www.vapeswholesaler.com\/wp-content\/uploads\/2024\/06\/Wholesale-Bang-20000-Puffs-Disposable-Vape.webp\" alt=\"Atacado Bang 20000 Puffs Vape descart\u00e1vel\" width=\"800\" height=\"1301\" srcset=\"https:\/\/www.vapeswholesaler.com\/wp-content\/uploads\/2024\/06\/Wholesale-Bang-20000-Puffs-Disposable-Vape.webp 800w, https:\/\/www.vapeswholesaler.com\/wp-content\/uploads\/2024\/06\/Wholesale-Bang-20000-Puffs-Disposable-Vape-184x300.webp 184w, https:\/\/www.vapeswholesaler.com\/wp-content\/uploads\/2024\/06\/Wholesale-Bang-20000-Puffs-Disposable-Vape-630x1024.webp 630w, https:\/\/www.vapeswholesaler.com\/wp-content\/uploads\/2024\/06\/Wholesale-Bang-20000-Puffs-Disposable-Vape-768x1249.webp 768w, https:\/\/www.vapeswholesaler.com\/wp-content\/uploads\/2024\/06\/Wholesale-Bang-20000-Puffs-Disposable-Vape-7x12.webp 7w, https:\/\/www.vapeswholesaler.com\/wp-content\/uploads\/2024\/06\/Wholesale-Bang-20000-Puffs-Disposable-Vape-510x829.webp 510w\" sizes=\"auto, (max-width: 800px) 100vw, 800px\" \/><figcaption id=\"caption-attachment-16379\" class=\"wp-caption-text\">Atacado Bang 20000 Puffs Vape descart\u00e1vel<\/figcaption><\/figure>","protected":false},"excerpt":{"rendered":"<p>Quantidade m\u00ednima de encomenda:\u00a0<strong>50 unidades<\/strong>\u00a0(Mistura de sabores)\u00a0\u00a0<strong>Envio gratuito<\/strong><\/p>\n<p>\uff08<strong>0%\uff0c2%\uff0c3%\uff0c5%<\/strong><\/p>","protected":false},"featured_media":18535,"comment_status":"open","ping_status":"closed","template":"","meta":[],"product_cat":[15],"product_tag":[100,368,388],"class_list":{"0":"post-16380","1":"product","2":"type-product","3":"status-publish","4":"has-post-thumbnail","6":"product_cat-disposable-vape","7":"product_tag-20000-puffs","8":"product_tag-bang-king","9":"product_tag-bang","10":"product_brand-bang","12":"first","13":"instock","14":"shipping-taxable","15":"purchasable","16":"product-type-variable"},"aioseo_notices":[],"_links":{"self":[{"href":"https:\/\/www.vapeswholesaler.com\/pt\/wp-json\/wp\/v2\/product\/16380","targetHints":{"allow":["GET"]}}],"collection":[{"href":"https:\/\/www.vapeswholesaler.com\/pt\/wp-json\/wp\/v2\/product"}],"about":[{"href":"https:\/\/www.vapeswholesaler.com\/pt\/wp-json\/wp\/v2\/types\/product"}],"replies":[{"embeddable":true,"href":"https:\/\/www.vapeswholesaler.com\/pt\/wp-json\/wp\/v2\/comments?post=16380"}],"wp:featuredmedia":[{"embeddable":true,"href":"https:\/\/www.vapeswholesaler.com\/pt\/wp-json\/wp\/v2\/media\/18535"}],"wp:attachment":[{"href":"https:\/\/www.vapeswholesaler.com\/pt\/wp-json\/wp\/v2\/media?parent=16380"}],"wp:term":[{"taxonomy":"product_cat","embeddable":true,"href":"https:\/\/www.vapeswholesaler.com\/pt\/wp-json\/wp\/v2\/product_cat?post=16380"},{"taxonomy":"product_tag","embeddable":true,"href":"https:\/\/www.vapeswholesaler.com\/pt\/wp-json\/wp\/v2\/product_tag?post=16380"}],"curies":[{"name":"wp","href":"https:\/\/api.w.org\/{rel}","templated":true}]}}