{"id":16355,"date":"2024-06-14T15:23:10","date_gmt":"2024-06-14T07:23:10","guid":{"rendered":"https:\/\/www.vapeswholesaler.com\/?post_type=product&#038;p=16355"},"modified":"2025-03-05T14:43:20","modified_gmt":"2025-03-05T06:43:20","slug":"vape-descartavel-lavie-eternal-10000-puffs-por-atacado","status":"publish","type":"product","link":"https:\/\/www.vapeswholesaler.com\/pt\/produto\/vape-descartavel-lavie-eternal-10000-puffs-por-atacado","title":{"rendered":"Atacado Lavie Eternal 10000 Puffs Vape descart\u00e1vel"},"content":{"rendered":"<p>O LAVIE ETERNAL 10000 \u00e9 um vape recarreg\u00e1vel descart\u00e1vel com um design moderno e inovador, muito profissional. Tem um ecr\u00e3 que mostra a pot\u00eancia e o n\u00edvel de combust\u00edvel. O inv\u00f3lucro \u00e9 totalmente met\u00e1lico e d\u00e1 um bom toque na m\u00e3o. A bateria \u00e9 recarreg\u00e1vel, o que permite sentir uma maior estimula\u00e7\u00e3o durante a vaporiza\u00e7\u00e3o. A bateria \u00e9 recarreg\u00e1vel e tem uma dura\u00e7\u00e3o m\u00e1xima de 10000 baforadas.<\/p>\n<h2><strong>LAVIE ETERNAL 10000 Puffs:<\/strong><\/h2>\n<ul>\n<li>Tamanho: 29,7*21,7*113,7mm<\/li>\n<li>Bateria: 550mAh<\/li>\n<li>Puffs: 10000 puff<\/li>\n<li>Capacidade do l\u00edquido: 18 ml<\/li>\n<li>Nicho de sal.2%,5%.OEM<\/li>\n<li>Peso l\u00edquido: 56g<\/li>\n<li>Peso bruto: 65g<\/li>\n<li>Bobina de malha: Malha 1.0\u03a9<\/li>\n<li>Material: Liga de alum\u00ednio+PCTG<\/li>\n<\/ul>\n<h2><strong>Sabores dispon\u00edveis:<\/strong><\/h2>\n<ol>\n<li>Caf\u00e9<\/li>\n<li>melancia<\/li>\n<li>Uva roxa<\/li>\n<li>Ma\u00e7\u00e3 dupla<\/li>\n<li>Hortel\u00e3<\/li>\n<li>Manga<\/li>\n<li>Maracuj\u00e1<\/li>\n<li>Cola de lim\u00e3o<\/li>\n<li>Mojto<\/li>\n<li>Yakult<\/li>\n<li>Manga com morango<\/li>\n<li>Bagas mistas<\/li>\n<\/ol>\n<h2><strong>Detalhes da embalagem:<\/strong><\/h2>\n<p>10pcs\/ caixa m\u00e9dia<br \/>\nMEDIDAS: 375*260*278mm<br \/>\nQTY: 200 PCS\/ Caixa<br \/>\nGW: 14KG<\/p>\n<figure id=\"attachment_16354\" aria-describedby=\"caption-attachment-16354\" style=\"width: 800px\" class=\"wp-caption alignnone\"><img loading=\"lazy\" decoding=\"async\" class=\"wp-image-16354 size-full\" title=\"Atacado Lavie Eternal 10000 Puffs Vape descart\u00e1vel\" src=\"https:\/\/www.vapeswholesaler.com\/wp-content\/uploads\/2024\/06\/Wholesale-Lavie-Eternal-10000-Puffs-Disposable-Vape.webp\" alt=\"Atacado Lavie Eternal 10000 Puffs Vape descart\u00e1vel\" width=\"800\" height=\"382\" srcset=\"https:\/\/www.vapeswholesaler.com\/wp-content\/uploads\/2024\/06\/Wholesale-Lavie-Eternal-10000-Puffs-Disposable-Vape.webp 800w, https:\/\/www.vapeswholesaler.com\/wp-content\/uploads\/2024\/06\/Wholesale-Lavie-Eternal-10000-Puffs-Disposable-Vape-300x143.webp 300w, https:\/\/www.vapeswholesaler.com\/wp-content\/uploads\/2024\/06\/Wholesale-Lavie-Eternal-10000-Puffs-Disposable-Vape-768x367.webp 768w, https:\/\/www.vapeswholesaler.com\/wp-content\/uploads\/2024\/06\/Wholesale-Lavie-Eternal-10000-Puffs-Disposable-Vape-18x9.webp 18w, https:\/\/www.vapeswholesaler.com\/wp-content\/uploads\/2024\/06\/Wholesale-Lavie-Eternal-10000-Puffs-Disposable-Vape-510x244.webp 510w\" sizes=\"auto, (max-width: 800px) 100vw, 800px\" \/><figcaption id=\"caption-attachment-16354\" class=\"wp-caption-text\">Atacado Lavie Eternal 10000 Puffs Vape descart\u00e1vel<\/figcaption><\/figure>\n<p>&nbsp;<\/p>","protected":false},"excerpt":{"rendered":"<p>Quantidade m\u00ednima de encomenda:\u00a0<strong>50 UNIDADES<\/strong>\u00a0(Mistura de sabores)\u00a0\u00a0<strong>Envio gratuito<\/strong><\/p>\n<p>(<strong>2%, 5% Nic<\/strong>)<\/p>","protected":false},"featured_media":16352,"comment_status":"open","ping_status":"closed","template":"","meta":[],"product_cat":[15],"product_tag":[],"class_list":{"0":"post-16355","1":"product","2":"type-product","3":"status-publish","4":"has-post-thumbnail","6":"product_cat-disposable-vape","7":"product_brand-lavie","9":"first","10":"instock","11":"shipping-taxable","12":"purchasable","13":"product-type-variable","14":"has-default-attributes"},"aioseo_notices":[],"_links":{"self":[{"href":"https:\/\/www.vapeswholesaler.com\/pt\/wp-json\/wp\/v2\/product\/16355","targetHints":{"allow":["GET"]}}],"collection":[{"href":"https:\/\/www.vapeswholesaler.com\/pt\/wp-json\/wp\/v2\/product"}],"about":[{"href":"https:\/\/www.vapeswholesaler.com\/pt\/wp-json\/wp\/v2\/types\/product"}],"replies":[{"embeddable":true,"href":"https:\/\/www.vapeswholesaler.com\/pt\/wp-json\/wp\/v2\/comments?post=16355"}],"wp:featuredmedia":[{"embeddable":true,"href":"https:\/\/www.vapeswholesaler.com\/pt\/wp-json\/wp\/v2\/media\/16352"}],"wp:attachment":[{"href":"https:\/\/www.vapeswholesaler.com\/pt\/wp-json\/wp\/v2\/media?parent=16355"}],"wp:term":[{"taxonomy":"product_cat","embeddable":true,"href":"https:\/\/www.vapeswholesaler.com\/pt\/wp-json\/wp\/v2\/product_cat?post=16355"},{"taxonomy":"product_tag","embeddable":true,"href":"https:\/\/www.vapeswholesaler.com\/pt\/wp-json\/wp\/v2\/product_tag?post=16355"}],"curies":[{"name":"wp","href":"https:\/\/api.w.org\/{rel}","templated":true}]}}