{"id":16235,"date":"2024-06-13T22:41:56","date_gmt":"2024-06-13T14:41:56","guid":{"rendered":"https:\/\/www.vapeswholesaler.com\/?post_type=product&#038;p=16235"},"modified":"2025-03-05T14:45:47","modified_gmt":"2025-03-05T06:45:47","slug":"cubo-lavie-por-atacado-20000-puffs-vape-descartavel","status":"publish","type":"product","link":"https:\/\/www.vapeswholesaler.com\/pt\/produto\/cubo-lavie-por-atacado-20000-puffs-vape-descartavel","title":{"rendered":"Atacado Lavie Cube 20000 Puffs Vape descart\u00e1vel"},"content":{"rendered":"<p>O Lavie Cube 20000 \u00e9 um dispositivo vape descart\u00e1vel equipado com um ecr\u00e3 de n\u00edvel de bateria e de ejuice. Equipado com uma bateria de 600mAh de alto desempenho para garantir uma vida \u00fatil duradoura da bateria, permitindo-lhe desfrutar do vape sem carregamentos frequentes. Ao mesmo tempo, a capacidade do dep\u00f3sito de combust\u00edvel de 28 ml garante um tempo de fumo alargado para que possa desfrutar ao m\u00e1ximo. O Lavie Cube 20000 tamb\u00e9m oferece uma variedade de op\u00e7\u00f5es de teor de nicotina de 2%\/5% para satisfazer as necessidades de todos os tipos de fumadores. A sua diversificada sele\u00e7\u00e3o de sabores \u00e9 igualmente impressionante, com 16 sabores cl\u00e1ssicos e refrescantes, desde o tabaco tradicional \u00e0s misturas de frutas, garantindo que h\u00e1 algo para todos.<\/p>\n<h2><strong>Lavie Cube 20000 Puffs:<\/strong><\/h2>\n<ul>\n<li>Tamanho:112*40*17,5mm<\/li>\n<li>Bateria: 600mAh<\/li>\n<li>Puffs: 20000 puff<\/li>\n<li>Capacidade do l\u00edquido: 28 ml<\/li>\n<li>Nicho de sal.2%,5%.OEM<\/li>\n<li>Peso l\u00edquido: 74g<\/li>\n<li>Bobina de malha: Bobina de malha dupla<\/li>\n<li>Material: PC,METAL<\/li>\n<li>Resist\u00eancia:1.0\u03a9<\/li>\n<li>Tipo:ecr\u00e3 de visualiza\u00e7\u00e3o<\/li>\n<\/ul>\n<h2><strong>Sabores dispon\u00edveis:<\/strong><\/h2>\n<ol>\n<li>Gelo de morango e kiwi<\/li>\n<li>Gelo de uva de alo\u00e9 vera<\/li>\n<li>Melancia com morango<\/li>\n<li>Gelo de cereja de pomo de amora<\/li>\n<li>Gelo de uva<\/li>\n<li>Gelo de menta<\/li>\n<li>Bacco<\/li>\n<li>Monstro de manga<\/li>\n<li>Mirtilo framboesa uva<\/li>\n<li>Maracuj\u00e1 kiwi goiaba<\/li>\n<li>Ma\u00e7\u00e3 dupla<\/li>\n<li>Cola de lim\u00e3o<\/li>\n<li>Gelo de l\u00edchia com morango<\/li>\n<li>Gelo de melancia<\/li>\n<li>Pastilha el\u00e1stica de mirtilo e framboesa<\/li>\n<li>Gelado de taro<\/li>\n<\/ol>\n<h2><strong>Detalhes da embalagem:<\/strong><\/h2>\n<p>Tamanho da caixa:645*378*230mm<br \/>\nPeso da embalagem:<br \/>\nN\/W:14.6KG<br \/>\nG\/W:18KG<br \/>\nQuantidade: 200 unidades por caixa<\/p>\n<figure id=\"attachment_16234\" aria-describedby=\"caption-attachment-16234\" style=\"width: 800px\" class=\"wp-caption alignnone\"><img loading=\"lazy\" decoding=\"async\" class=\"wp-image-16234 size-full\" title=\"Atacado Lavie Cube 20000 Puffs Vape descart\u00e1vel\" src=\"https:\/\/www.vapeswholesaler.com\/wp-content\/uploads\/2024\/06\/Wholesale-Lavie-Cube-20000-Puffs-Disposable-Vape.webp\" alt=\"Atacado Lavie Cube 20000 Puffs Vape descart\u00e1vel\" width=\"800\" height=\"550\" srcset=\"https:\/\/www.vapeswholesaler.com\/wp-content\/uploads\/2024\/06\/Wholesale-Lavie-Cube-20000-Puffs-Disposable-Vape.webp 800w, https:\/\/www.vapeswholesaler.com\/wp-content\/uploads\/2024\/06\/Wholesale-Lavie-Cube-20000-Puffs-Disposable-Vape-300x206.webp 300w, https:\/\/www.vapeswholesaler.com\/wp-content\/uploads\/2024\/06\/Wholesale-Lavie-Cube-20000-Puffs-Disposable-Vape-768x528.webp 768w, https:\/\/www.vapeswholesaler.com\/wp-content\/uploads\/2024\/06\/Wholesale-Lavie-Cube-20000-Puffs-Disposable-Vape-18x12.webp 18w, https:\/\/www.vapeswholesaler.com\/wp-content\/uploads\/2024\/06\/Wholesale-Lavie-Cube-20000-Puffs-Disposable-Vape-510x351.webp 510w\" sizes=\"auto, (max-width: 800px) 100vw, 800px\" \/><figcaption id=\"caption-attachment-16234\" class=\"wp-caption-text\">Atacado Lavie Cube 20000 Puffs Vape descart\u00e1vel<\/figcaption><\/figure>","protected":false},"excerpt":{"rendered":"<p>Quantidade m\u00ednima de encomenda:\u00a0<strong>50 UNIDADES<\/strong>\u00a0(Mistura de sabores)\u00a0\u00a0<strong>Envio gratuito<\/strong><\/p>\n<p>(<strong>2%, 5% Nic<\/strong>)<\/p>","protected":false},"featured_media":16233,"comment_status":"open","ping_status":"closed","template":"","meta":[],"product_cat":[15],"product_tag":[],"class_list":{"0":"post-16235","1":"product","2":"type-product","3":"status-publish","4":"has-post-thumbnail","6":"product_cat-disposable-vape","7":"product_brand-lavie","9":"first","10":"instock","11":"shipping-taxable","12":"purchasable","13":"product-type-variable","14":"has-default-attributes"},"aioseo_notices":[],"_links":{"self":[{"href":"https:\/\/www.vapeswholesaler.com\/pt\/wp-json\/wp\/v2\/product\/16235","targetHints":{"allow":["GET"]}}],"collection":[{"href":"https:\/\/www.vapeswholesaler.com\/pt\/wp-json\/wp\/v2\/product"}],"about":[{"href":"https:\/\/www.vapeswholesaler.com\/pt\/wp-json\/wp\/v2\/types\/product"}],"replies":[{"embeddable":true,"href":"https:\/\/www.vapeswholesaler.com\/pt\/wp-json\/wp\/v2\/comments?post=16235"}],"wp:featuredmedia":[{"embeddable":true,"href":"https:\/\/www.vapeswholesaler.com\/pt\/wp-json\/wp\/v2\/media\/16233"}],"wp:attachment":[{"href":"https:\/\/www.vapeswholesaler.com\/pt\/wp-json\/wp\/v2\/media?parent=16235"}],"wp:term":[{"taxonomy":"product_cat","embeddable":true,"href":"https:\/\/www.vapeswholesaler.com\/pt\/wp-json\/wp\/v2\/product_cat?post=16235"},{"taxonomy":"product_tag","embeddable":true,"href":"https:\/\/www.vapeswholesaler.com\/pt\/wp-json\/wp\/v2\/product_tag?post=16235"}],"curies":[{"name":"wp","href":"https:\/\/api.w.org\/{rel}","templated":true}]}}