{"id":16030,"date":"2024-06-12T17:04:49","date_gmt":"2024-06-12T09:04:49","guid":{"rendered":"https:\/\/www.vapeswholesaler.com\/?post_type=product&#038;p=16030"},"modified":"2025-11-24T22:50:55","modified_gmt":"2025-11-24T14:50:55","slug":"vape-descartavel-bang-36000-puffs-por-atacado","status":"publish","type":"product","link":"https:\/\/www.vapeswholesaler.com\/pt\/produto\/vape-descartavel-bang-36000-puffs-por-atacado","title":{"rendered":"Atacado Bang 36000 Puffs Vape descart\u00e1vel"},"content":{"rendered":"<p><a href=\"https:\/\/www.vapeswholesaler.com\/pt\/marca_do_produto\/pancada\/\">Pancada<\/a> O 36000 Puffs \u00e9 um vape descart\u00e1vel, mas \u00e9 tamb\u00e9m um dispositivo de topo concebido para uma experi\u00eancia de vaporiza\u00e7\u00e3o excecional. \u00c9 fornecido com 40 ml de el\u00edquido e uma bobina de 1,0 ohm, e pode escolher entre 0%, 2%, 3% ou 5% de concentra\u00e7\u00e3o de nicotina, de acordo com as suas prefer\u00eancias e necessidades pessoais. O Bang 36000 Puffs com um impressionante n\u00famero de 36000 puffs, este vape descart\u00e1vel oferece uma longevidade e conveni\u00eancia inigual\u00e1veis.<\/p>\n<p>Alimentado por uma fi\u00e1vel bateria de 650mAh, este dispositivo garante um desempenho est\u00e1vel durante toda a sua vida \u00fatil. A funcionalidade recarreg\u00e1vel Tipo C assegura um carregamento r\u00e1pido e eficiente, minimizando o tempo de inatividade.<\/p>\n<p>O Vape descart\u00e1vel foi concebido tanto para principiantes como para vapers experientes, combinando uma elevada capacidade, facilidade de utiliza\u00e7\u00e3o e tecnologia avan\u00e7ada. O seu sabor excecional e o seu design de f\u00e1cil utiliza\u00e7\u00e3o fazem dele uma escolha de excel\u00eancia no mercado da vaporiza\u00e7\u00e3o.<\/p>\n<h2><strong>Bang 36000 Puffs Vape descart\u00e1vel Detalhes:<\/strong><\/h2>\n<ul>\n<li>Puffs: At\u00e9 36000 baforadas Modo duplo<\/li>\n<li>L\u00edquido: 40 ml pr\u00e9-cheio<\/li>\n<li>Nicotina: 0% 2% 3% 5%<\/li>\n<li>N\u00facleo: Bobina de malha Dul 0,6 \u03a9<\/li>\n<li>Bateria: 650 mAh recarreg\u00e1vel tipo-c<\/li>\n<li>Modo de entrega: DHL<\/li>\n<li>8 unidades\/caixa<\/li>\n<li>1 caixa\/160pcs(22 KG)<\/li>\n<\/ul>\n<h2><strong>Sabores dispon\u00edveis:<\/strong><\/h2>\n<ol>\n<li>Mirtilo Framboesa<\/li>\n<li>Melancia<\/li>\n<li>Manga com morango<\/li>\n<li>Gelo de uva<\/li>\n<li>Frutos mistos<\/li>\n<li>Gelo de menta<\/li>\n<li>Melancia com morango<\/li>\n<li>Ma\u00e7\u00e3s duplas<\/li>\n<li>Gelo de mirtilo<\/li>\n<li>P\u00eassego Manga Melancia<\/li>\n<li>Manga P\u00eassego<\/li>\n<li>Morango Kiwi<\/li>\n<\/ol>\n<h2><strong>Detalhes da embalagem:<\/strong><\/h2>\n<p>Pe\u00e7a \u00fanica com embalagem de rebu\u00e7ado<br \/>\nCada caixa cont\u00e9m 8 pe\u00e7as<br \/>\nCada caixa cont\u00e9m 160 unidades<\/p>\n<figure id=\"attachment_16018\" aria-describedby=\"caption-attachment-16018\" style=\"width: 1126px\" class=\"wp-caption alignnone\"><img loading=\"lazy\" decoding=\"async\" class=\"wp-image-16018 size-full\" title=\"Atacado Bang 36000 Puffs Vape descart\u00e1vel 2\" src=\"https:\/\/www.vapeswholesaler.com\/wp-content\/uploads\/2024\/06\/Wholesale-Bang-36000-Puffs-Disposable-Vape-2-scaled.webp\" alt=\"Atacado Bang 36000 Puffs Vape descart\u00e1vel 2\" width=\"1126\" height=\"2560\" srcset=\"https:\/\/www.vapeswholesaler.com\/wp-content\/uploads\/2024\/06\/Wholesale-Bang-36000-Puffs-Disposable-Vape-2-scaled.webp 1126w, https:\/\/www.vapeswholesaler.com\/wp-content\/uploads\/2024\/06\/Wholesale-Bang-36000-Puffs-Disposable-Vape-2-132x300.webp 132w, https:\/\/www.vapeswholesaler.com\/wp-content\/uploads\/2024\/06\/Wholesale-Bang-36000-Puffs-Disposable-Vape-2-450x1024.webp 450w, https:\/\/www.vapeswholesaler.com\/wp-content\/uploads\/2024\/06\/Wholesale-Bang-36000-Puffs-Disposable-Vape-2-768x1746.webp 768w, https:\/\/www.vapeswholesaler.com\/wp-content\/uploads\/2024\/06\/Wholesale-Bang-36000-Puffs-Disposable-Vape-2-676x1536.webp 676w, https:\/\/www.vapeswholesaler.com\/wp-content\/uploads\/2024\/06\/Wholesale-Bang-36000-Puffs-Disposable-Vape-2-901x2048.webp 901w, https:\/\/www.vapeswholesaler.com\/wp-content\/uploads\/2024\/06\/Wholesale-Bang-36000-Puffs-Disposable-Vape-2-5x12.webp 5w, https:\/\/www.vapeswholesaler.com\/wp-content\/uploads\/2024\/06\/Wholesale-Bang-36000-Puffs-Disposable-Vape-2-510x1159.webp 510w\" sizes=\"auto, (max-width: 1126px) 100vw, 1126px\" \/><figcaption id=\"caption-attachment-16018\" class=\"wp-caption-text\">Atacado Bang 36000 Puffs Vape descart\u00e1vel<\/figcaption><\/figure>","protected":false},"excerpt":{"rendered":"<p>Quantidade m\u00ednima de encomenda: <strong>40 unidades<\/strong>\u00a0(Mistura de sabores)\u00a0\u00a0<strong>Envio gratuito<\/strong><\/p>\n<p>\uff08<strong>0%\uff0c2%\uff0c3%\uff0c5%<\/strong>\uff09<\/p>","protected":false},"featured_media":16017,"comment_status":"open","ping_status":"closed","template":"","meta":[],"product_cat":[15,27],"product_tag":[381,388],"class_list":{"0":"post-16030","1":"product","2":"type-product","3":"status-publish","4":"has-post-thumbnail","6":"product_cat-disposable-vape","7":"product_cat-shisha","8":"product_tag-36000-puffs","9":"product_tag-bang","10":"product_brand-bang","12":"first","13":"outofstock","14":"shipping-taxable","15":"purchasable","16":"product-type-variable"},"aioseo_notices":[],"_links":{"self":[{"href":"https:\/\/www.vapeswholesaler.com\/pt\/wp-json\/wp\/v2\/product\/16030","targetHints":{"allow":["GET"]}}],"collection":[{"href":"https:\/\/www.vapeswholesaler.com\/pt\/wp-json\/wp\/v2\/product"}],"about":[{"href":"https:\/\/www.vapeswholesaler.com\/pt\/wp-json\/wp\/v2\/types\/product"}],"replies":[{"embeddable":true,"href":"https:\/\/www.vapeswholesaler.com\/pt\/wp-json\/wp\/v2\/comments?post=16030"}],"wp:featuredmedia":[{"embeddable":true,"href":"https:\/\/www.vapeswholesaler.com\/pt\/wp-json\/wp\/v2\/media\/16017"}],"wp:attachment":[{"href":"https:\/\/www.vapeswholesaler.com\/pt\/wp-json\/wp\/v2\/media?parent=16030"}],"wp:term":[{"taxonomy":"product_cat","embeddable":true,"href":"https:\/\/www.vapeswholesaler.com\/pt\/wp-json\/wp\/v2\/product_cat?post=16030"},{"taxonomy":"product_tag","embeddable":true,"href":"https:\/\/www.vapeswholesaler.com\/pt\/wp-json\/wp\/v2\/product_tag?post=16030"}],"curies":[{"name":"wp","href":"https:\/\/api.w.org\/{rel}","templated":true}]}}