{"id":15802,"date":"2024-06-11T15:18:21","date_gmt":"2024-06-11T07:18:21","guid":{"rendered":"https:\/\/www.vapeswholesaler.com\/?post_type=product&#038;p=15802"},"modified":"2025-02-23T16:44:11","modified_gmt":"2025-02-23T08:44:11","slug":"aivono-aim-magic-15000-puffs-vape-descartavel-por-atacado","status":"publish","type":"product","link":"https:\/\/www.vapeswholesaler.com\/pt\/produto\/aivono-aim-magic-15000-puffs-vape-descartavel-por-atacado","title":{"rendered":"Aivono AIM MAGIC 15000 Puffs Vape descart\u00e1vel Atacado"},"content":{"rendered":"<p>O Aivono Aim Magic \u00e9 um vape descart\u00e1vel de 15000 Puffs que tem um ecr\u00e3 Led para mostrar a pot\u00eancia e o resto do e-l\u00edquido. Tem 24ml de e-l\u00edquido de sal de nicotina e uma bateria recarreg\u00e1vel de 500 mAh, modo simples e duplo \u00e0 escolha.<\/p>\n<p>Venda por grosso da nossa Aibono Aim Magic ao melhor pre\u00e7o e envio r\u00e1pido.<\/p>\n<h2>Aivono AIM MAGIC 15000 Detalhes r\u00e1pidos<\/h2>\n<ol>\n<li>Puffs: 15000 Puffs<\/li>\n<li>Capacidade do l\u00edquido: 24 ml<\/li>\n<li>Bateria: Bateria de c\u00e9lula seca 13350<\/li>\n<li>Capacidade: 600mA (recarreg\u00e1vel)<\/li>\n<li>Resist\u00eancia do fio da bobina: 1.0\u03a9 n\u00facleo de malha dupla<\/li>\n<li>Tamanho do produto: 43*102mm<\/li>\n<li>Teor de sal de nicotina:5% \/3%\/2%\/0%<\/li>\n<li>Recarreg\u00e1vel: Interface tipo C<\/li>\n<\/ol>\n<h2>Lista de sabores<\/h2>\n<p>Gelo de mirtilo<br \/>\nGelo de morango<br \/>\nGelo de melancia<br \/>\nAnan\u00e1s de coco<br \/>\nBagas mistas<br \/>\nMelancia com morango<br \/>\nGelo Blue Razz<br \/>\nGelo de p\u00eassego<br \/>\nGelado de morango<br \/>\nGelo de uva<br \/>\nGelo de lim\u00e3o rosa<br \/>\nHortel\u00e3 fresca<br \/>\nMorango Kiwi<br \/>\nPastilha el\u00e1stica de melancia<br \/>\nManga Anan\u00e1s<\/p>\n<h2>Informa\u00e7\u00f5es sobre a embalagem<\/h2>\n<p>Peso \u00fanico: 86g<br \/>\nTamanho da caixa pequena: 55*100*30mm<br \/>\nTamanho da caixa grande: 113*103*155mm<br \/>\nCaixa normalizada 200 unidades\/ctn:<br \/>\n10 unidades por caixa<br \/>\nTamanho da caixa: 58*35*35 cm<br \/>\nPeso de uma caixa: 18 quilogramas<\/p>\n<p><img loading=\"lazy\" decoding=\"async\" class=\"alignnone wp-image-15790 size-full\" title=\"AIVINO Aim Magic 15000 Vape descart\u00e1vel por atacado Sabor 1\" src=\"https:\/\/www.vapeswholesaler.com\/wp-content\/uploads\/2024\/06\/AIVINO-Aim-Magic-15000-Disposable-Vape-Wholesale-Flavor-1.jpg\" alt=\"AIVINO Aim Magic 15000 Vape descart\u00e1vel por atacado Sabor 1\" width=\"800\" height=\"800\" srcset=\"https:\/\/www.vapeswholesaler.com\/wp-content\/uploads\/2024\/06\/AIVINO-Aim-Magic-15000-Disposable-Vape-Wholesale-Flavor-1.jpg 800w, https:\/\/www.vapeswholesaler.com\/wp-content\/uploads\/2024\/06\/AIVINO-Aim-Magic-15000-Disposable-Vape-Wholesale-Flavor-1-300x300.jpg 300w, https:\/\/www.vapeswholesaler.com\/wp-content\/uploads\/2024\/06\/AIVINO-Aim-Magic-15000-Disposable-Vape-Wholesale-Flavor-1-150x150.jpg 150w, https:\/\/www.vapeswholesaler.com\/wp-content\/uploads\/2024\/06\/AIVINO-Aim-Magic-15000-Disposable-Vape-Wholesale-Flavor-1-768x768.jpg 768w, https:\/\/www.vapeswholesaler.com\/wp-content\/uploads\/2024\/06\/AIVINO-Aim-Magic-15000-Disposable-Vape-Wholesale-Flavor-1-12x12.jpg 12w, https:\/\/www.vapeswholesaler.com\/wp-content\/uploads\/2024\/06\/AIVINO-Aim-Magic-15000-Disposable-Vape-Wholesale-Flavor-1-247x247.jpg 247w, https:\/\/www.vapeswholesaler.com\/wp-content\/uploads\/2024\/06\/AIVINO-Aim-Magic-15000-Disposable-Vape-Wholesale-Flavor-1-510x510.jpg 510w, https:\/\/www.vapeswholesaler.com\/wp-content\/uploads\/2024\/06\/AIVINO-Aim-Magic-15000-Disposable-Vape-Wholesale-Flavor-1-100x100.jpg 100w\" sizes=\"auto, (max-width: 800px) 100vw, 800px\" \/> <img loading=\"lazy\" decoding=\"async\" class=\"alignnone wp-image-15783 size-full\" title=\"AIVINO Aim Magic 15000 Vape descart\u00e1vel por atacado Sabor 2\" src=\"https:\/\/www.vapeswholesaler.com\/wp-content\/uploads\/2024\/06\/AIVINO-Aim-Magic-15000-Disposable-Vape-Wholesale-Flavor-2.jpg\" alt=\"AIVINO Aim Magic 15000 Vape descart\u00e1vel por atacado Sabor 2\" width=\"800\" height=\"800\" srcset=\"https:\/\/www.vapeswholesaler.com\/wp-content\/uploads\/2024\/06\/AIVINO-Aim-Magic-15000-Disposable-Vape-Wholesale-Flavor-2.jpg 800w, https:\/\/www.vapeswholesaler.com\/wp-content\/uploads\/2024\/06\/AIVINO-Aim-Magic-15000-Disposable-Vape-Wholesale-Flavor-2-300x300.jpg 300w, https:\/\/www.vapeswholesaler.com\/wp-content\/uploads\/2024\/06\/AIVINO-Aim-Magic-15000-Disposable-Vape-Wholesale-Flavor-2-150x150.jpg 150w, https:\/\/www.vapeswholesaler.com\/wp-content\/uploads\/2024\/06\/AIVINO-Aim-Magic-15000-Disposable-Vape-Wholesale-Flavor-2-768x768.jpg 768w, https:\/\/www.vapeswholesaler.com\/wp-content\/uploads\/2024\/06\/AIVINO-Aim-Magic-15000-Disposable-Vape-Wholesale-Flavor-2-12x12.jpg 12w, https:\/\/www.vapeswholesaler.com\/wp-content\/uploads\/2024\/06\/AIVINO-Aim-Magic-15000-Disposable-Vape-Wholesale-Flavor-2-247x247.jpg 247w, https:\/\/www.vapeswholesaler.com\/wp-content\/uploads\/2024\/06\/AIVINO-Aim-Magic-15000-Disposable-Vape-Wholesale-Flavor-2-510x510.jpg 510w, https:\/\/www.vapeswholesaler.com\/wp-content\/uploads\/2024\/06\/AIVINO-Aim-Magic-15000-Disposable-Vape-Wholesale-Flavor-2-100x100.jpg 100w\" sizes=\"auto, (max-width: 800px) 100vw, 800px\" \/><\/p>","protected":false},"excerpt":{"rendered":"<p>Quantidade m\u00ednima de encomenda:\u00a0<strong>50 UNIDADES<\/strong>\u00a0(Mistura de sabores)\u00a0\u00a0<strong>Envio gratuito<\/strong><\/p>\n<p>(<strong>2%, 5% Nic<\/strong>)<\/p>","protected":false},"featured_media":15800,"comment_status":"open","ping_status":"closed","template":"","meta":[],"product_cat":[15],"product_tag":[],"class_list":{"0":"post-15802","1":"product","2":"type-product","3":"status-publish","4":"has-post-thumbnail","6":"product_cat-disposable-vape","7":"product_brand-aivono","9":"first","10":"instock","11":"shipping-taxable","12":"purchasable","13":"product-type-variable","14":"has-default-attributes"},"aioseo_notices":[],"_links":{"self":[{"href":"https:\/\/www.vapeswholesaler.com\/pt\/wp-json\/wp\/v2\/product\/15802","targetHints":{"allow":["GET"]}}],"collection":[{"href":"https:\/\/www.vapeswholesaler.com\/pt\/wp-json\/wp\/v2\/product"}],"about":[{"href":"https:\/\/www.vapeswholesaler.com\/pt\/wp-json\/wp\/v2\/types\/product"}],"replies":[{"embeddable":true,"href":"https:\/\/www.vapeswholesaler.com\/pt\/wp-json\/wp\/v2\/comments?post=15802"}],"wp:featuredmedia":[{"embeddable":true,"href":"https:\/\/www.vapeswholesaler.com\/pt\/wp-json\/wp\/v2\/media\/15800"}],"wp:attachment":[{"href":"https:\/\/www.vapeswholesaler.com\/pt\/wp-json\/wp\/v2\/media?parent=15802"}],"wp:term":[{"taxonomy":"product_cat","embeddable":true,"href":"https:\/\/www.vapeswholesaler.com\/pt\/wp-json\/wp\/v2\/product_cat?post=15802"},{"taxonomy":"product_tag","embeddable":true,"href":"https:\/\/www.vapeswholesaler.com\/pt\/wp-json\/wp\/v2\/product_tag?post=15802"}],"curies":[{"name":"wp","href":"https:\/\/api.w.org\/{rel}","templated":true}]}}