{"id":15512,"date":"2024-05-21T15:21:21","date_gmt":"2024-05-21T15:21:21","guid":{"rendered":"https:\/\/www.vapeswholesaler.com\/?post_type=product&#038;p=15512"},"modified":"2025-11-20T11:23:29","modified_gmt":"2025-11-20T03:23:29","slug":"elf-bar-bc18000-vape-descartavel-por-atacado","status":"publish","type":"product","link":"https:\/\/www.vapeswholesaler.com\/pt\/produto\/elf-bar-bc18000-vape-descartavel-por-atacado","title":{"rendered":"Elf Bar BC18000 Vape descart\u00e1vel Atacado"},"content":{"rendered":"<p>O Elf Bar BC18000 est\u00e1 pr\u00e9-cheio com uma generosa quantidade de 25 ml de sumo eletr\u00f3nico, tendo sido concebido para satisfazer as suas necessidades de vaporiza\u00e7\u00e3o durante um per\u00edodo prolongado. O teor de nicotina de 5% atinge o equil\u00edbrio perfeito entre satisfa\u00e7\u00e3o e suavidade, tornando cada tragada t\u00e3o agrad\u00e1vel como a anterior.<\/p>\n<p>No centro do impressionante desempenho do Elf Bar BC18000 est\u00e1 uma bateria recarreg\u00e1vel de 650mAh, que garante que o prazer da vaporiza\u00e7\u00e3o pode continuar sem interrup\u00e7\u00f5es. A inclus\u00e3o de uma porta de carregamento Tipo C representa o auge da conveni\u00eancia, proporcionando um reabastecimento de energia r\u00e1pido e fi\u00e1vel.<\/p>\n<h2>Elf Bar BC18000 puff Vape descart\u00e1vel Detalhes r\u00e1pidos<\/h2>\n<p>Marca: Elf Bar<br \/>\nTipo: BC18000<br \/>\nPuffs: 18000 Puffs<br \/>\nNicotina: 5%<br \/>\nCapacidade do E-juice: 25 ML<br \/>\nCapacidade da bateria: 650mAh (recarreg\u00e1vel)<br \/>\nPorta de carregamento: Tipo C<\/p>\n<h2>Elf Bar BC18000 Lista de sabores<\/h2>\n<p>Amora Cereja<br \/>\nGelo Blue Razz<br \/>\nLima-cereja<br \/>\nUva e arando<br \/>\nGelo de uva<br \/>\nKiwi Maracuj\u00e1 Goiaba<br \/>\nP\u00eassego Manga Melancia<br \/>\nAnan\u00e1s Dragonfruit Toranja<br \/>\nMa\u00e7\u00e3 \u00e1cida<br \/>\nBanana com morango<br \/>\nMorango Kiwi<br \/>\nHortel\u00e3-pimenta<br \/>\nGelo de melancia<br \/>\nKiwi Anan\u00e1s P\u00eassego<br \/>\nToranja Maracuj\u00e1<\/p>\n<h2>Conte\u00fado da embalagem:<\/h2>\n<p>Individual com embalagem pequena<br \/>\n10 unidades numa caixa m\u00e9dia.<br \/>\n200 unidades por caixa<\/p>\n<div><\/div>\n<div>\n<h2><strong>Caracter\u00edsticas do produto:<\/strong><\/h2>\n<ul>\n<li><strong>Grande n\u00famero de baforadas:<\/strong>\u00a0Oferece at\u00e9 18000 baforadas para uma satisfa\u00e7\u00e3o duradoura.<\/li>\n<li><strong>Volume generoso de sumo eletr\u00f3nico:<\/strong>\u00a0Pr\u00e9-cheio com 25 ml de sumo eletr\u00f3nico para sess\u00f5es de vaporiza\u00e7\u00e3o prolongadas.<\/li>\n<li><strong>For\u00e7a \u00f3ptima da nicotina:<\/strong>\u00a0Cont\u00e9m 5% de nicotina para um efeito equilibrado na garganta.<\/li>\n<li><strong>Bateria recarreg\u00e1vel:<\/strong>\u00a0Equipado com uma bateria de 650mAh para suportar o seu extenso n\u00famero de baforadas.<\/li>\n<li><strong>Carregamento USB tipo C:<\/strong>\u00a0Capacidade de carregamento moderna e eficiente para um tempo de inatividade m\u00ednimo.<\/li>\n<li><strong>Ampla sele\u00e7\u00e3o de sabores:<\/strong>\u00a0Escolha a partir de uma extensa lista de 15 deliciosos sabores.<\/li>\n<\/ul>\n<figure id=\"attachment_15559\" aria-describedby=\"caption-attachment-15559\" style=\"width: 800px\" class=\"wp-caption alignnone\"><img loading=\"lazy\" decoding=\"async\" class=\"wp-image-15559 size-full\" title=\"Elf Bar BC18000 Vape descart\u00e1vel Atacado Melancia Gelo 18000 Puffs\" src=\"https:\/\/www.vapeswholesaler.com\/wp-content\/uploads\/2024\/05\/Elf-Bar-BC18000-Disposable-Vape-Wholesale-Watermelon-Ice-18000-Puffs.jpg\" alt=\"Elf Bar BC18000 Vape descart\u00e1vel Atacado Melancia Gelo 18000 Puffs\" width=\"800\" height=\"800\" srcset=\"https:\/\/www.vapeswholesaler.com\/wp-content\/uploads\/2024\/05\/Elf-Bar-BC18000-Disposable-Vape-Wholesale-Watermelon-Ice-18000-Puffs.jpg 800w, https:\/\/www.vapeswholesaler.com\/wp-content\/uploads\/2024\/05\/Elf-Bar-BC18000-Disposable-Vape-Wholesale-Watermelon-Ice-18000-Puffs-300x300.jpg 300w, https:\/\/www.vapeswholesaler.com\/wp-content\/uploads\/2024\/05\/Elf-Bar-BC18000-Disposable-Vape-Wholesale-Watermelon-Ice-18000-Puffs-150x150.jpg 150w, https:\/\/www.vapeswholesaler.com\/wp-content\/uploads\/2024\/05\/Elf-Bar-BC18000-Disposable-Vape-Wholesale-Watermelon-Ice-18000-Puffs-768x768.jpg 768w, https:\/\/www.vapeswholesaler.com\/wp-content\/uploads\/2024\/05\/Elf-Bar-BC18000-Disposable-Vape-Wholesale-Watermelon-Ice-18000-Puffs-12x12.jpg 12w, https:\/\/www.vapeswholesaler.com\/wp-content\/uploads\/2024\/05\/Elf-Bar-BC18000-Disposable-Vape-Wholesale-Watermelon-Ice-18000-Puffs-247x247.jpg 247w, https:\/\/www.vapeswholesaler.com\/wp-content\/uploads\/2024\/05\/Elf-Bar-BC18000-Disposable-Vape-Wholesale-Watermelon-Ice-18000-Puffs-510x510.jpg 510w, https:\/\/www.vapeswholesaler.com\/wp-content\/uploads\/2024\/05\/Elf-Bar-BC18000-Disposable-Vape-Wholesale-Watermelon-Ice-18000-Puffs-100x100.jpg 100w\" sizes=\"auto, (max-width: 800px) 100vw, 800px\" \/><figcaption id=\"caption-attachment-15559\" class=\"wp-caption-text\">Elf Bar BC18000 Vape descart\u00e1vel Atacado<\/figcaption><\/figure>\n<\/div>","protected":false},"excerpt":{"rendered":"<p>Quantidade m\u00ednima de encomenda: 10000 PCS (mistura de sabores)\u00a0 <strong>Envio gratuito<\/strong><\/p>\n<p>\uff08<strong>2%\uff0c5%<\/strong>\uff09<\/p>","protected":false},"featured_media":15559,"comment_status":"open","ping_status":"closed","template":"","meta":[],"product_cat":[15],"product_tag":[],"class_list":{"0":"post-15512","1":"product","2":"type-product","3":"status-publish","4":"has-post-thumbnail","6":"product_cat-disposable-vape","7":"product_brand-elf-bar","9":"first","10":"outofstock","11":"shipping-taxable","12":"purchasable","13":"product-type-variable","14":"has-default-attributes"},"aioseo_notices":[],"_links":{"self":[{"href":"https:\/\/www.vapeswholesaler.com\/pt\/wp-json\/wp\/v2\/product\/15512","targetHints":{"allow":["GET"]}}],"collection":[{"href":"https:\/\/www.vapeswholesaler.com\/pt\/wp-json\/wp\/v2\/product"}],"about":[{"href":"https:\/\/www.vapeswholesaler.com\/pt\/wp-json\/wp\/v2\/types\/product"}],"replies":[{"embeddable":true,"href":"https:\/\/www.vapeswholesaler.com\/pt\/wp-json\/wp\/v2\/comments?post=15512"}],"wp:featuredmedia":[{"embeddable":true,"href":"https:\/\/www.vapeswholesaler.com\/pt\/wp-json\/wp\/v2\/media\/15559"}],"wp:attachment":[{"href":"https:\/\/www.vapeswholesaler.com\/pt\/wp-json\/wp\/v2\/media?parent=15512"}],"wp:term":[{"taxonomy":"product_cat","embeddable":true,"href":"https:\/\/www.vapeswholesaler.com\/pt\/wp-json\/wp\/v2\/product_cat?post=15512"},{"taxonomy":"product_tag","embeddable":true,"href":"https:\/\/www.vapeswholesaler.com\/pt\/wp-json\/wp\/v2\/product_tag?post=15512"}],"curies":[{"name":"wp","href":"https:\/\/api.w.org\/{rel}","templated":true}]}}