{"id":23127,"date":"2025-06-04T12:55:24","date_gmt":"2025-06-04T04:55:24","guid":{"rendered":"https:\/\/www.vapeswholesaler.com\/?post_type=product&#038;p=23127"},"modified":"2026-03-17T07:29:24","modified_gmt":"2026-03-16T23:29:24","slug":"allingrosso-fizzy-max-iii-6in1-60000-soffi-monouso-vape","status":"publish","type":"product","link":"https:\/\/www.vapeswholesaler.com\/it\/prodotto\/allingrosso-fizzy-max-iii-6in1-60000-soffi-monouso-vape","title":{"rendered":"all'ingrosso Fizzy Max III 6IN1 60000 soffi monouso Vape"},"content":{"rendered":"<p>Il <a href=\"https:\/\/www.vapeswholesaler.com\/it\/marca_prodotto\/fizzy\/\">Frizzante<\/a> Max III 6in1 60000 Puffs \u00e8 il vape monouso pi\u00f9 esclusivo. Non solo ha una forte capacit\u00e0 di e-liquid con una capacit\u00e0 totale di 50mL (3\u00d716,7mL), ma pu\u00f2 anche cambiare diverse combinazioni di sapori ruotando l'ugello circolare superiore, fino a 6 sapori diversi possono essere raggiunti. il dispositivo \u00e8 dotato di una batteria ad alta capacit\u00e0 850mah per supportare 60000 soffi. Ha un certo volume di liquido elettronico che corrisponde a questo numero elevato di boccate. Il diametro e la lunghezza del dispositivo sono stati progettati per garantire una presa confortevole e una maggiore comodit\u00e0 di trasporto.<\/p>\n<p>Il dispositivo viene fornito pre-riempito con 3 tazze di aromi diversi con 3 fori per l'aria, quando l'ugello superiore viene ruotato verso il foro singolo il cliente assagger\u00e0 un singolo aroma, quando l'ugello viene ruotato per allineare i due fori per l'aria il cliente assagger\u00e0 un mix di due aromi singoli, \u00e8 semplice come questo per passare attraverso i diversi aromi, per saperne di pi\u00f9 guarda il nostro video. <a href=\"https:\/\/www.facebook.com\/100008071089000\/videos\/571321789030272\/\"><strong>Fizzy Max III 6in1 60000 soffi<\/strong><\/a><\/p>\n<p>Allo stesso modo, il dispositivo porta anche il display elettronico pi\u00f9 avanzato per monitorare la batteria e la capacit\u00e0 di E-juice in tempo reale, attualmente offriamo i migliori 10 sapori con 2% e 5% contenuto di nicotina per i clienti di scegliere, oltre ai nostri pacchi sono attualmente spediti dal nostro magazzino in Europa, e in caso di scorte sufficienti, ci vogliono solo 6-7 giorni lavorativi per consegnare, e il nostro numero di tracking sar\u00e0 fornito, in modo che i clienti possono conoscere lo stato dei loro pacchi in qualsiasi momento in qualsiasi luogo, non pi\u00f9 ansioso circa il pacco. Benvenuti a essere il nostro partner!<\/p>\n<h2><strong>Dettagli Fizzy Max III 6in1 60000 Puffs:<\/strong><\/h2>\n<ul>\n<li>Bign\u00e8: 60000 Bign\u00e8<\/li>\n<li>Nome del modello: Fizzy Max III 6IN1 60000 Puffs<\/li>\n<li>Bobina di rete<\/li>\n<li>Eliquid: 60ml<\/li>\n<li>Batteria: 850mAh<\/li>\n<li>Nicotina: 2%\/5%<\/li>\n<li>Ricaricabile: Tipo-C<\/li>\n<li>Display a LED<\/li>\n<li>2 anni<\/li>\n<\/ul>\n<h2><strong>Aromi:<\/strong><\/h2>\n<ol>\n<li>Fragola Kiwi e Blue Razz Ghiaccio e ananas acido Arancia<\/li>\n<li>Limone, lime, mirtillo, cocco e anguria alla fragola<\/li>\n<li>Uva fragola e mirtillo Cocco e pesca limone<\/li>\n<li>Ghiaccio all'anguria e fragola Coca Cola alla vaniglia e bacche miste<\/li>\n<li>Ghiaccio al mirtillo, ciliegia frizzante e lampone al limone<\/li>\n<li>Ghiaccio alla fragola, al kiwi e al mirtillo e ghiaccio all'anguria<\/li>\n<li>Red Bull e Fragola Frutto del Drago e Lampone Limone<\/li>\n<li>Mirtillo, lampone, triplo melone e fragola<\/li>\n<li>Frutti di bosco e kiwi Frutto della passione Guava e fragola Anguria<\/li>\n<li>Fragola Lampone e Mango Pesca e Mirtillo Anguria<\/li>\n<\/ol>\n<h2><strong>Elenco degli imballaggi:<\/strong><\/h2>\n<p>1pz ogni singola scatola<br \/>\n10 pezzi ogni scatola di visualizzazione<br \/>\nPeso del prodotto: 160g\/Pc<br \/>\nDimensione del prodotto: 42.8*42.2*125mm<br \/>\nQty: 120pcs\/Ctn, 10pcs\/Box<br \/>\nG.W: 19kg\/Ctn<\/p>\n<figure id=\"attachment_23111\" aria-describedby=\"caption-attachment-23111\" style=\"width: 1000px\" class=\"wp-caption alignnone\"><img loading=\"lazy\" decoding=\"async\" class=\"wp-image-23111 size-full\" title=\"all&#039;ingrosso Fizzy Max III 6IN1 60000 Puffs usa e getta Vape 6\" src=\"https:\/\/www.vapeswholesaler.com\/wp-content\/uploads\/2025\/06\/Wholesale-Fizzy-Max-III-6IN1-60000-Puffs-Disposable-Vape-6.webp\" alt=\"all&#039;ingrosso Fizzy Max III 6IN1 60000 Puffs usa e getta Vape 6\" width=\"1000\" height=\"2193\" srcset=\"https:\/\/www.vapeswholesaler.com\/wp-content\/uploads\/2025\/06\/Wholesale-Fizzy-Max-III-6IN1-60000-Puffs-Disposable-Vape-6.webp 1000w, https:\/\/www.vapeswholesaler.com\/wp-content\/uploads\/2025\/06\/Wholesale-Fizzy-Max-III-6IN1-60000-Puffs-Disposable-Vape-6-137x300.webp 137w, https:\/\/www.vapeswholesaler.com\/wp-content\/uploads\/2025\/06\/Wholesale-Fizzy-Max-III-6IN1-60000-Puffs-Disposable-Vape-6-467x1024.webp 467w, https:\/\/www.vapeswholesaler.com\/wp-content\/uploads\/2025\/06\/Wholesale-Fizzy-Max-III-6IN1-60000-Puffs-Disposable-Vape-6-768x1684.webp 768w, https:\/\/www.vapeswholesaler.com\/wp-content\/uploads\/2025\/06\/Wholesale-Fizzy-Max-III-6IN1-60000-Puffs-Disposable-Vape-6-700x1536.webp 700w, https:\/\/www.vapeswholesaler.com\/wp-content\/uploads\/2025\/06\/Wholesale-Fizzy-Max-III-6IN1-60000-Puffs-Disposable-Vape-6-934x2048.webp 934w, https:\/\/www.vapeswholesaler.com\/wp-content\/uploads\/2025\/06\/Wholesale-Fizzy-Max-III-6IN1-60000-Puffs-Disposable-Vape-6-5x12.webp 5w, https:\/\/www.vapeswholesaler.com\/wp-content\/uploads\/2025\/06\/Wholesale-Fizzy-Max-III-6IN1-60000-Puffs-Disposable-Vape-6-510x1118.webp 510w\" sizes=\"auto, (max-width: 1000px) 100vw, 1000px\" \/><figcaption id=\"caption-attachment-23111\" class=\"wp-caption-text\">all'ingrosso Fizzy Max III 6IN1 60000 soffi monouso Vape<\/figcaption><\/figure>","protected":false},"excerpt":{"rendered":"<p>Quantit\u00e0 minima d'ordine: <strong>50 pezzi<\/strong> (Gusti misti) <strong>Spedizione gratuita<\/strong><\/p>\n<p>(2%, 5% Nic) <strong>Magazzino UE<\/strong> Tempo di spedizione <strong>6-7 giorni lavorativi<\/strong><\/p>","protected":false},"featured_media":23123,"comment_status":"open","ping_status":"closed","template":"","meta":[],"product_cat":[15],"product_tag":[373,396,397,403],"class_list":{"0":"post-23127","1":"product","2":"type-product","3":"status-publish","4":"has-post-thumbnail","6":"product_cat-disposable-vape","7":"product_tag-europe-warehouse","8":"product_tag-disposable-vape","9":"product_tag-60000-puffs","10":"product_tag-fizzy","11":"product_brand-fizzy","13":"first","14":"outofstock","15":"shipping-taxable","16":"purchasable","17":"product-type-variable","18":"has-default-attributes"},"aioseo_notices":[],"_links":{"self":[{"href":"https:\/\/www.vapeswholesaler.com\/it\/wp-json\/wp\/v2\/product\/23127","targetHints":{"allow":["GET"]}}],"collection":[{"href":"https:\/\/www.vapeswholesaler.com\/it\/wp-json\/wp\/v2\/product"}],"about":[{"href":"https:\/\/www.vapeswholesaler.com\/it\/wp-json\/wp\/v2\/types\/product"}],"replies":[{"embeddable":true,"href":"https:\/\/www.vapeswholesaler.com\/it\/wp-json\/wp\/v2\/comments?post=23127"}],"wp:featuredmedia":[{"embeddable":true,"href":"https:\/\/www.vapeswholesaler.com\/it\/wp-json\/wp\/v2\/media\/23123"}],"wp:attachment":[{"href":"https:\/\/www.vapeswholesaler.com\/it\/wp-json\/wp\/v2\/media?parent=23127"}],"wp:term":[{"taxonomy":"product_cat","embeddable":true,"href":"https:\/\/www.vapeswholesaler.com\/it\/wp-json\/wp\/v2\/product_cat?post=23127"},{"taxonomy":"product_tag","embeddable":true,"href":"https:\/\/www.vapeswholesaler.com\/it\/wp-json\/wp\/v2\/product_tag?post=23127"}],"curies":[{"name":"wp","href":"https:\/\/api.w.org\/{rel}","templated":true}]}}