{"id":22970,"date":"2025-05-26T12:12:22","date_gmt":"2025-05-26T04:12:22","guid":{"rendered":"https:\/\/www.vapeswholesaler.com\/?post_type=product&#038;p=22970"},"modified":"2025-07-03T10:13:30","modified_gmt":"2025-07-03T02:13:30","slug":"allingrosso-zooy-vape-lugvapor-20000-puff-monouso-vape","status":"publish","type":"product","link":"https:\/\/www.vapeswholesaler.com\/it\/prodotto\/allingrosso-zooy-vape-lugvapor-20000-puff-monouso-vape","title":{"rendered":"all'ingrosso Zooy Vape Lugvapor 20000 soffi monouso Vape"},"content":{"rendered":"<p>Il <a href=\"https:\/\/www.vapeswholesaler.com\/it\/marca_prodotto\/zoo\/\">Zooy<\/a> Vape Lugvapor 20000 Puffs \u00e8 una svapata monouso di alta qualit\u00e0 con batteria e atomizzatore separati. La batteria e l'atomizzatore sono collegati da magneti per facilitare il passaggio da un aroma all'altro senza compromettere la qualit\u00e0 del prodotto. Questo prodotto, dotato di una batteria di alta qualit\u00e0 da 650 mAh che pu\u00f2 essere ricaricata per massimizzare la durata del prodotto, pu\u00f2 essere utilizzato fino a un massimo di 20.000 boccate ed \u00e8 la perfetta alternativa alle sigarette.<\/p>\n<p>Viene fornito con 20mg\/mL di nicotina. Dispone di una bobina a doppia maglia (0,6\u03a9 + 1,2\u03a9) per un sapore ricco, offriamo 10 sapori caldi tra cui scegliere, \u00e8 possibile acquistare sul nostro sito web da soli, la quantit\u00e0 minima di ordine solo 50 pezzi, e pu\u00f2 essere scegliere 5 sapori max, benvenuto a ordinare! Non vediamo l'ora di collaborare con voi!<\/p>\n<h2><strong>Zooy Vape Lugvapor 20000 Dettagli:<\/strong><\/h2>\n<ul>\n<li>Bign\u00e8: 20000 Bign\u00e8<\/li>\n<li>Marchio: Zooy<\/li>\n<li>Nome del prodotto: Zooy LugVapor 20000 Bocconi<\/li>\n<li>Dosaggio della nicotina: 2%<\/li>\n<li>Capacit\u00e0 pre-riempita: 20 ml<\/li>\n<li>Capacit\u00e0 della batteria: 650mAh<\/li>\n<li>Porta di ricarica: Tipo-C<\/li>\n<\/ul>\n<h2><strong>Aromi:<\/strong><\/h2>\n<ol>\n<li>Ghiaccio Blu Razz<\/li>\n<li>Kiwi e fragola<\/li>\n<li>Ghiaccio all'anguria<\/li>\n<li>Ghiaccio alla fragola<\/li>\n<li>Bacche miste<\/li>\n<li>Ghiaccio alla fragola e anguria<\/li>\n<li>Mr. Blue<\/li>\n<li>Drago Nero di Ghiaccio<\/li>\n<li>Anguria Litchi<\/li>\n<li>Frutto della passione Kiwi<\/li>\n<\/ol>\n<h2><strong>Elenco degli imballaggi:<\/strong><\/h2>\n<p>1pz ogni singola scatola<br \/>\n10 pezzi per ogni scatola da esposizione<br \/>\n200 pezzi per cartone<\/p>\n<figure id=\"attachment_22959\" aria-describedby=\"caption-attachment-22959\" style=\"width: 1000px\" class=\"wp-caption alignnone\"><img loading=\"lazy\" decoding=\"async\" class=\"wp-image-22959 size-full\" title=\"all&#039;ingrosso Zooy Vape Lugvapor 20000 soffi monouso Vape 7\" src=\"https:\/\/www.vapeswholesaler.com\/wp-content\/uploads\/2025\/05\/Wholesale-Zooy-Vape-Lugvapor-20000-Puffs-Disposable-Vape-7.webp\" alt=\"all&#039;ingrosso Zooy Vape Lugvapor 20000 soffi monouso Vape 7\" width=\"1000\" height=\"1000\" srcset=\"https:\/\/www.vapeswholesaler.com\/wp-content\/uploads\/2025\/05\/Wholesale-Zooy-Vape-Lugvapor-20000-Puffs-Disposable-Vape-7.webp 1000w, https:\/\/www.vapeswholesaler.com\/wp-content\/uploads\/2025\/05\/Wholesale-Zooy-Vape-Lugvapor-20000-Puffs-Disposable-Vape-7-300x300.webp 300w, https:\/\/www.vapeswholesaler.com\/wp-content\/uploads\/2025\/05\/Wholesale-Zooy-Vape-Lugvapor-20000-Puffs-Disposable-Vape-7-150x150.webp 150w, https:\/\/www.vapeswholesaler.com\/wp-content\/uploads\/2025\/05\/Wholesale-Zooy-Vape-Lugvapor-20000-Puffs-Disposable-Vape-7-768x768.webp 768w, https:\/\/www.vapeswholesaler.com\/wp-content\/uploads\/2025\/05\/Wholesale-Zooy-Vape-Lugvapor-20000-Puffs-Disposable-Vape-7-12x12.webp 12w, https:\/\/www.vapeswholesaler.com\/wp-content\/uploads\/2025\/05\/Wholesale-Zooy-Vape-Lugvapor-20000-Puffs-Disposable-Vape-7-247x247.webp 247w, https:\/\/www.vapeswholesaler.com\/wp-content\/uploads\/2025\/05\/Wholesale-Zooy-Vape-Lugvapor-20000-Puffs-Disposable-Vape-7-510x510.webp 510w, https:\/\/www.vapeswholesaler.com\/wp-content\/uploads\/2025\/05\/Wholesale-Zooy-Vape-Lugvapor-20000-Puffs-Disposable-Vape-7-100x100.webp 100w\" sizes=\"auto, (max-width: 1000px) 100vw, 1000px\" \/><figcaption id=\"caption-attachment-22959\" class=\"wp-caption-text\">all'ingrosso Zooy Vape Lugvapor 20000 soffi monouso Vape<\/figcaption><\/figure>\n<figure id=\"attachment_22958\" aria-describedby=\"caption-attachment-22958\" style=\"width: 1000px\" class=\"wp-caption alignnone\"><img loading=\"lazy\" decoding=\"async\" class=\"wp-image-22958 size-full\" title=\"all&#039;ingrosso Zooy Vape Lugvapor 20000 soffi monouso Vape 6\" src=\"https:\/\/www.vapeswholesaler.com\/wp-content\/uploads\/2025\/05\/Wholesale-Zooy-Vape-Lugvapor-20000-Puffs-Disposable-Vape-6.webp\" alt=\"all&#039;ingrosso Zooy Vape Lugvapor 20000 soffi monouso Vape 6\" width=\"1000\" height=\"1000\" srcset=\"https:\/\/www.vapeswholesaler.com\/wp-content\/uploads\/2025\/05\/Wholesale-Zooy-Vape-Lugvapor-20000-Puffs-Disposable-Vape-6.webp 1000w, https:\/\/www.vapeswholesaler.com\/wp-content\/uploads\/2025\/05\/Wholesale-Zooy-Vape-Lugvapor-20000-Puffs-Disposable-Vape-6-300x300.webp 300w, https:\/\/www.vapeswholesaler.com\/wp-content\/uploads\/2025\/05\/Wholesale-Zooy-Vape-Lugvapor-20000-Puffs-Disposable-Vape-6-150x150.webp 150w, https:\/\/www.vapeswholesaler.com\/wp-content\/uploads\/2025\/05\/Wholesale-Zooy-Vape-Lugvapor-20000-Puffs-Disposable-Vape-6-768x768.webp 768w, https:\/\/www.vapeswholesaler.com\/wp-content\/uploads\/2025\/05\/Wholesale-Zooy-Vape-Lugvapor-20000-Puffs-Disposable-Vape-6-12x12.webp 12w, https:\/\/www.vapeswholesaler.com\/wp-content\/uploads\/2025\/05\/Wholesale-Zooy-Vape-Lugvapor-20000-Puffs-Disposable-Vape-6-247x247.webp 247w, https:\/\/www.vapeswholesaler.com\/wp-content\/uploads\/2025\/05\/Wholesale-Zooy-Vape-Lugvapor-20000-Puffs-Disposable-Vape-6-510x510.webp 510w, https:\/\/www.vapeswholesaler.com\/wp-content\/uploads\/2025\/05\/Wholesale-Zooy-Vape-Lugvapor-20000-Puffs-Disposable-Vape-6-100x100.webp 100w\" sizes=\"auto, (max-width: 1000px) 100vw, 1000px\" \/><figcaption id=\"caption-attachment-22958\" class=\"wp-caption-text\">all'ingrosso Zooy Vape Lugvapor 20000 soffi monouso Vape<\/figcaption><\/figure>","protected":false},"excerpt":{"rendered":"<p>Quantit\u00e0 minima d'ordine: <strong>50 pezzi<\/strong> (Gusti misti) <strong>Spedizione gratuita<\/strong><\/p>\n<p>(2%, Nic) Tempo di spedizione del magazzino UE 6-7 giorni lavorativi<\/p>","protected":false},"featured_media":22957,"comment_status":"open","ping_status":"closed","template":"","meta":[],"product_cat":[15],"product_tag":[100,371,373],"class_list":{"0":"post-22970","1":"product","2":"type-product","3":"status-publish","4":"has-post-thumbnail","6":"product_cat-disposable-vape","7":"product_tag-20000-puffs","8":"product_tag-zooy","9":"product_tag-europe-warehouse","10":"product_brand-zooy","12":"first","13":"instock","14":"shipping-taxable","15":"purchasable","16":"product-type-variable","17":"has-default-attributes"},"aioseo_notices":[],"_links":{"self":[{"href":"https:\/\/www.vapeswholesaler.com\/it\/wp-json\/wp\/v2\/product\/22970","targetHints":{"allow":["GET"]}}],"collection":[{"href":"https:\/\/www.vapeswholesaler.com\/it\/wp-json\/wp\/v2\/product"}],"about":[{"href":"https:\/\/www.vapeswholesaler.com\/it\/wp-json\/wp\/v2\/types\/product"}],"replies":[{"embeddable":true,"href":"https:\/\/www.vapeswholesaler.com\/it\/wp-json\/wp\/v2\/comments?post=22970"}],"wp:featuredmedia":[{"embeddable":true,"href":"https:\/\/www.vapeswholesaler.com\/it\/wp-json\/wp\/v2\/media\/22957"}],"wp:attachment":[{"href":"https:\/\/www.vapeswholesaler.com\/it\/wp-json\/wp\/v2\/media?parent=22970"}],"wp:term":[{"taxonomy":"product_cat","embeddable":true,"href":"https:\/\/www.vapeswholesaler.com\/it\/wp-json\/wp\/v2\/product_cat?post=22970"},{"taxonomy":"product_tag","embeddable":true,"href":"https:\/\/www.vapeswholesaler.com\/it\/wp-json\/wp\/v2\/product_tag?post=22970"}],"curies":[{"name":"wp","href":"https:\/\/api.w.org\/{rel}","templated":true}]}}