{"id":22864,"date":"2025-05-18T21:53:59","date_gmt":"2025-05-18T13:53:59","guid":{"rendered":"https:\/\/www.vapeswholesaler.com\/?post_type=product&#038;p=22864"},"modified":"2025-10-30T18:30:20","modified_gmt":"2025-10-30T10:30:20","slug":"allingrosso-mrvi-crescente-60000-soffi-monouso-vape","status":"publish","type":"product","link":"https:\/\/www.vapeswholesaler.com\/it\/prodotto\/allingrosso-mrvi-crescente-60000-soffi-monouso-vape","title":{"rendered":"all'ingrosso Mrvi Crescita 60000 Puffs Vape usa e getta"},"content":{"rendered":"<p><a href=\"https:\/\/www.vapeswholesaler.com\/it\/marca_prodotto\/mrvi\/\">Mrvi<\/a> Growing 60000 Puffs \u00e8 un nuovo modello esclusivo privato, ogni dispositivo pu\u00f2 essere utilizzato con 3 diversi sapori, abbiamo Pre-riempire ogni sapore con 16ml di olio per un totale di 48ml di 3 sapori, che migliora notevolmente la vita del prodotto. Questo prodotto \u00e8 splendidamente realizzato e durevole, utilizzando il pi\u00f9 avanzato processo di cottura galvanica sottovuoto, rendendo il prodotto pi\u00f9 luminoso e colorato, pi\u00f9 avanzato.<\/p>\n<p>Il prodotto \u00e8 ruotando l'ugello superiore per passare tra i diversi sapori, l'operazione \u00e8 pi\u00f9 conveniente, l'utente pu\u00f2 quasi sentire tre sapori diversi allo stesso tempo, lasciare che Vaping portare pi\u00f9 divertente. Il prodotto \u00e8 dotato anche di un display elettronico ad alta definizione, che rileva in tempo reale l'olio e il consumo della batteria, in modo che l'utente comprenda pi\u00f9 chiaramente lo stato del dispositivo, ottenendo una grande esperienza.<\/p>\n<p>Speriamo di stabilire una cooperazione con i clienti di tutto il mondo, il nostro prezzo unitario \u00e8 il prezzo di spedizione, per la maggior parte dei paesi europei solo 16-17 giorni per arrivare, il nostro ordine minimo \u00e8 solo 50pcs, qualsiasi cliente pu\u00f2 effettuare un ordine direttamente sul sito web, benvenuto a cooperare.<\/p>\n<p><a href=\"https:\/\/www.facebook.com\/100008071089000\/videos\/1438169820699923\/\"><strong>Please watch the Mrvi Growing 60000 video<\/strong><\/a><\/p>\n<h2><strong>Dettagli sulla crescita di 60000 bign\u00e8:<\/strong><\/h2>\n<ul>\n<li>Bign\u00e8: 60000 Bign\u00e8<\/li>\n<li>Capacit\u00e0 del liquido elettronico: 48 ml<\/li>\n<li>Capacit\u00e0 della batteria: 650mAh<\/li>\n<li>Intensit\u00e0 di nicotina: 2% 5%<\/li>\n<li>Porta di ricarica: Tipo-C<\/li>\n<li>Bobina a doppia maglia<\/li>\n<li>Con liquido elettronico e schermo di potenza<\/li>\n<\/ul>\n<h2><strong>Aromi:<\/strong><\/h2>\n<ol>\n<li>Anguria ghiacciata &amp; Red bull &amp; kiwi alla fragola<\/li>\n<li>Anguria di limone e fragola e ghiaccio di mirtillo<\/li>\n<li>Ananas, cocco, banana e ghiaccio Blue razz<\/li>\n<li>Anguria al lampone &amp;Cola Ghiaccio &amp; Mela acida<\/li>\n<li>Mix tropicale &amp; gelato alla fragola &amp; gelato al mango<\/li>\n<li>Fragola, lampone e ciliegia &amp; Love 666 &amp; Cherry Candy Ice<\/li>\n<li>Frutti di bosco misti, orsetto gommoso e pesca ghiacciata<\/li>\n<li>Ghiaccio all'uva e caramelle e ghiaccioli alla fragola<\/li>\n<\/ol>\n<h2><strong>Elenco degli imballaggi:<\/strong><\/h2>\n<p>1pz ogni singola scatola<br \/>\nOgni scatola espositiva: 10 pezzi<br \/>\nOgni cartone: 160 pezzi<br \/>\nOgni cartone: 21,5 kg<br \/>\nDimensione del vaso: 51*42*26cm<\/p>\n<figure id=\"attachment_22868\" aria-describedby=\"caption-attachment-22868\" style=\"width: 1000px\" class=\"wp-caption alignnone\"><img loading=\"lazy\" decoding=\"async\" class=\"wp-image-22868 size-full\" title=\"all&#039;ingrosso Mrvi Crescita 60000 Puffs usa e getta Vape 4\" src=\"https:\/\/www.vapeswholesaler.com\/wp-content\/uploads\/2025\/05\/Wholesale-Mrvi-Growing-60000-Puffs-Disposable-Vape-4.webp\" alt=\"all&#039;ingrosso Mrvi Crescita 60000 Puffs usa e getta Vape 4\" width=\"1000\" height=\"1325\" srcset=\"https:\/\/www.vapeswholesaler.com\/wp-content\/uploads\/2025\/05\/Wholesale-Mrvi-Growing-60000-Puffs-Disposable-Vape-4.webp 1000w, https:\/\/www.vapeswholesaler.com\/wp-content\/uploads\/2025\/05\/Wholesale-Mrvi-Growing-60000-Puffs-Disposable-Vape-4-226x300.webp 226w, https:\/\/www.vapeswholesaler.com\/wp-content\/uploads\/2025\/05\/Wholesale-Mrvi-Growing-60000-Puffs-Disposable-Vape-4-773x1024.webp 773w, https:\/\/www.vapeswholesaler.com\/wp-content\/uploads\/2025\/05\/Wholesale-Mrvi-Growing-60000-Puffs-Disposable-Vape-4-768x1018.webp 768w, https:\/\/www.vapeswholesaler.com\/wp-content\/uploads\/2025\/05\/Wholesale-Mrvi-Growing-60000-Puffs-Disposable-Vape-4-9x12.webp 9w, https:\/\/www.vapeswholesaler.com\/wp-content\/uploads\/2025\/05\/Wholesale-Mrvi-Growing-60000-Puffs-Disposable-Vape-4-510x676.webp 510w\" sizes=\"auto, (max-width: 1000px) 100vw, 1000px\" \/><figcaption id=\"caption-attachment-22868\" class=\"wp-caption-text\">all'ingrosso Mrvi Crescita 60000 Puffs Vape usa e getta<\/figcaption><\/figure>","protected":false},"excerpt":{"rendered":"<p>Quantit\u00e0 minima d'ordine: <strong>100 pezzi<\/strong> (Gusti misti) Spedizione gratuita<\/p>\n<p>(<strong>2%, 5% Nic<\/strong>)<\/p>","protected":false},"featured_media":22867,"comment_status":"open","ping_status":"closed","template":"","meta":[],"product_cat":[15],"product_tag":[373,397],"class_list":{"0":"post-22864","1":"product","2":"type-product","3":"status-publish","4":"has-post-thumbnail","6":"product_cat-disposable-vape","7":"product_tag-europe-warehouse","8":"product_tag-60000-puffs","9":"product_brand-mrvi","11":"first","12":"instock","13":"shipping-taxable","14":"purchasable","15":"product-type-variable","16":"has-default-attributes"},"aioseo_notices":[],"_links":{"self":[{"href":"https:\/\/www.vapeswholesaler.com\/it\/wp-json\/wp\/v2\/product\/22864","targetHints":{"allow":["GET"]}}],"collection":[{"href":"https:\/\/www.vapeswholesaler.com\/it\/wp-json\/wp\/v2\/product"}],"about":[{"href":"https:\/\/www.vapeswholesaler.com\/it\/wp-json\/wp\/v2\/types\/product"}],"replies":[{"embeddable":true,"href":"https:\/\/www.vapeswholesaler.com\/it\/wp-json\/wp\/v2\/comments?post=22864"}],"wp:featuredmedia":[{"embeddable":true,"href":"https:\/\/www.vapeswholesaler.com\/it\/wp-json\/wp\/v2\/media\/22867"}],"wp:attachment":[{"href":"https:\/\/www.vapeswholesaler.com\/it\/wp-json\/wp\/v2\/media?parent=22864"}],"wp:term":[{"taxonomy":"product_cat","embeddable":true,"href":"https:\/\/www.vapeswholesaler.com\/it\/wp-json\/wp\/v2\/product_cat?post=22864"},{"taxonomy":"product_tag","embeddable":true,"href":"https:\/\/www.vapeswholesaler.com\/it\/wp-json\/wp\/v2\/product_tag?post=22864"}],"curies":[{"name":"wp","href":"https:\/\/api.w.org\/{rel}","templated":true}]}}