{"id":22788,"date":"2025-05-16T16:05:59","date_gmt":"2025-05-16T08:05:59","guid":{"rendered":"https:\/\/www.vapeswholesaler.com\/?post_type=product&#038;p=22788"},"modified":"2026-04-16T14:01:27","modified_gmt":"2026-04-16T06:01:27","slug":"allingrosso-razz-bar-45000-puff-monouso-vape","status":"publish","type":"product","link":"https:\/\/www.vapeswholesaler.com\/it\/prodotto\/allingrosso-razz-bar-45000-puff-monouso-vape","title":{"rendered":"all'ingrosso Razz bar 45000 Puffs usa e getta Vape"},"content":{"rendered":"<p>Il <a href=\"https:\/\/www.vapeswholesaler.com\/it\/marca_prodotto\/razzbar\/\">Razz bar<\/a> 45000 Puffs \u00e8 una svapata monouso di qualit\u00e0 superiore, progettata per offrire prestazioni elevate e sapori decisi. Ogni singolo aroma \u00e8 stato accuratamente selezionato per non deludere mai i clienti ed \u00e8 proprio grazie a questi sapori accattivanti che i nostri prodotti hanno conquistato migliaia di clienti fedeli in tutto il mondo.<\/p>\n<p>Il prodotto utilizza una batteria ricaricabile da 650 mAh ad alta capacit\u00e0 e affidabilit\u00e0 ed \u00e8 dotato di una porta di ricarica rapida Type-C, che consente di ricaricare il prodotto in qualsiasi momento e ovunque, senza pi\u00f9 preoccuparsi dell'alimentazione.<\/p>\n<p>Lo schermo elettronico sul lato \u00e8 chiaro e facile da leggere e mostra lo stato del prodotto in tempo reale.<\/p>\n<h2><strong>Dettagli Razz bar 45000 Puffs:<\/strong><\/h2>\n<ul>\n<li>Sale di nicotina: 2\/5%<\/li>\n<li>Soffi: 45000 soffi<\/li>\n<li>200 pezzi per cartone<\/li>\n<li>16 gusti disponibili<\/li>\n<li>650mah Ricaricabile<\/li>\n<li>Bobina di rete<\/li>\n<li>Tipo-c<\/li>\n<\/ul>\n<h2><strong>Aromi:<\/strong><\/h2>\n<ol>\n<li>Sangue di tigre<\/li>\n<li>Ghiaccio alla fragola<\/li>\n<li>Fragola e banana<\/li>\n<li>Sogno d'estate<\/li>\n<li>Frutta tropicale<\/li>\n<li>Ghiaccio al mirtillo<\/li>\n<li>Ghiaccio alla pesca succosa<\/li>\n<li>Fragola lampone ciliegia Lce<\/li>\n<li>Ghiaccio all'anguria<\/li>\n<li>Drago Nero Lce<\/li>\n<li>Amore 66<\/li>\n<li>Fragola Kiwi<\/li>\n<li>Ciliegia Cola<\/li>\n<li>Ananas e cocco<\/li>\n<li>Limone e lime<\/li>\n<li>Mr. Blue<\/li>\n<\/ol>\n<h2><strong>Elenco degli imballaggi:<\/strong><\/h2>\n<p>1pz ogni singola scatola<br \/>\n10 pezzi per ogni scatola da esposizione per ogni gusto<br \/>\n200 pezzi per cartone<\/p>\n<figure id=\"attachment_22783\" aria-describedby=\"caption-attachment-22783\" style=\"width: 1000px\" class=\"wp-caption alignnone\"><img loading=\"lazy\" decoding=\"async\" class=\"wp-image-22783 size-full\" title=\"all&#039;ingrosso Razz bar 45000 Puffs usa e getta Vape 9\" src=\"https:\/\/www.vapeswholesaler.com\/wp-content\/uploads\/2025\/05\/Wholesale-Razz-bar-45000-Puffs-Disposable-Vape-9.webp\" alt=\"all&#039;ingrosso Razz bar 45000 Puffs usa e getta Vape 9\" width=\"1000\" height=\"1000\" srcset=\"https:\/\/www.vapeswholesaler.com\/wp-content\/uploads\/2025\/05\/Wholesale-Razz-bar-45000-Puffs-Disposable-Vape-9.webp 1000w, https:\/\/www.vapeswholesaler.com\/wp-content\/uploads\/2025\/05\/Wholesale-Razz-bar-45000-Puffs-Disposable-Vape-9-300x300.webp 300w, https:\/\/www.vapeswholesaler.com\/wp-content\/uploads\/2025\/05\/Wholesale-Razz-bar-45000-Puffs-Disposable-Vape-9-150x150.webp 150w, https:\/\/www.vapeswholesaler.com\/wp-content\/uploads\/2025\/05\/Wholesale-Razz-bar-45000-Puffs-Disposable-Vape-9-768x768.webp 768w, https:\/\/www.vapeswholesaler.com\/wp-content\/uploads\/2025\/05\/Wholesale-Razz-bar-45000-Puffs-Disposable-Vape-9-12x12.webp 12w, https:\/\/www.vapeswholesaler.com\/wp-content\/uploads\/2025\/05\/Wholesale-Razz-bar-45000-Puffs-Disposable-Vape-9-247x247.webp 247w, https:\/\/www.vapeswholesaler.com\/wp-content\/uploads\/2025\/05\/Wholesale-Razz-bar-45000-Puffs-Disposable-Vape-9-510x510.webp 510w, https:\/\/www.vapeswholesaler.com\/wp-content\/uploads\/2025\/05\/Wholesale-Razz-bar-45000-Puffs-Disposable-Vape-9-100x100.webp 100w\" sizes=\"auto, (max-width: 1000px) 100vw, 1000px\" \/><figcaption id=\"caption-attachment-22783\" class=\"wp-caption-text\">all'ingrosso Razz bar 45000 Puffs usa e getta Vape<\/figcaption><\/figure>\n<figure id=\"attachment_22778\" aria-describedby=\"caption-attachment-22778\" style=\"width: 1000px\" class=\"wp-caption alignnone\"><img loading=\"lazy\" decoding=\"async\" class=\"wp-image-22778 size-full\" title=\"all&#039;ingrosso Razz bar 45000 Puffs usa e getta Vape 4\" src=\"https:\/\/www.vapeswholesaler.com\/wp-content\/uploads\/2025\/05\/Wholesale-Razz-bar-45000-Puffs-Disposable-Vape-4.webp\" alt=\"all&#039;ingrosso Razz bar 45000 Puffs usa e getta Vape 4\" width=\"1000\" height=\"2000\" srcset=\"https:\/\/www.vapeswholesaler.com\/wp-content\/uploads\/2025\/05\/Wholesale-Razz-bar-45000-Puffs-Disposable-Vape-4.webp 1000w, https:\/\/www.vapeswholesaler.com\/wp-content\/uploads\/2025\/05\/Wholesale-Razz-bar-45000-Puffs-Disposable-Vape-4-150x300.webp 150w, https:\/\/www.vapeswholesaler.com\/wp-content\/uploads\/2025\/05\/Wholesale-Razz-bar-45000-Puffs-Disposable-Vape-4-512x1024.webp 512w, https:\/\/www.vapeswholesaler.com\/wp-content\/uploads\/2025\/05\/Wholesale-Razz-bar-45000-Puffs-Disposable-Vape-4-768x1536.webp 768w, https:\/\/www.vapeswholesaler.com\/wp-content\/uploads\/2025\/05\/Wholesale-Razz-bar-45000-Puffs-Disposable-Vape-4-6x12.webp 6w, https:\/\/www.vapeswholesaler.com\/wp-content\/uploads\/2025\/05\/Wholesale-Razz-bar-45000-Puffs-Disposable-Vape-4-510x1020.webp 510w\" sizes=\"auto, (max-width: 1000px) 100vw, 1000px\" \/><figcaption id=\"caption-attachment-22778\" class=\"wp-caption-text\">all'ingrosso Razz bar 45000 Puffs usa e getta Vape<\/figcaption><\/figure>","protected":false},"excerpt":{"rendered":"<p>Quantit\u00e0 minima d'ordine: <strong>50 pezzi (<\/strong>Miscelare i sapori) (\uff08<strong>2%,5%<\/strong>)<\/p>\n<p><strong>Spedizione gratuita<\/strong><\/p>\n<p><strong>Nota<\/strong>: We ship from China warehouses, and the shipping time will be takes about <strong>15-16 <\/strong>giorni. La tassa sul prodotto e la tassa di spedizione devono essere pagate separatamente su conti di pagamento diversi. Dopo aver inviato l'ordine, vi prego di inviarmi un messaggio via WhatsApp e vi dir\u00f2 come pagare l'ordine. Grazie.<\/p>","protected":false},"featured_media":22775,"comment_status":"open","ping_status":"closed","template":"","meta":[],"product_cat":[15],"product_tag":[373,384],"class_list":{"0":"post-22788","1":"product","2":"type-product","3":"status-publish","4":"has-post-thumbnail","6":"product_cat-disposable-vape","7":"product_tag-europe-warehouse","8":"product_tag-razz-bar","9":"product_brand-razzbar","11":"first","12":"instock","13":"shipping-taxable","14":"purchasable","15":"product-type-variable","16":"has-default-attributes"},"aioseo_notices":[],"_links":{"self":[{"href":"https:\/\/www.vapeswholesaler.com\/it\/wp-json\/wp\/v2\/product\/22788","targetHints":{"allow":["GET"]}}],"collection":[{"href":"https:\/\/www.vapeswholesaler.com\/it\/wp-json\/wp\/v2\/product"}],"about":[{"href":"https:\/\/www.vapeswholesaler.com\/it\/wp-json\/wp\/v2\/types\/product"}],"replies":[{"embeddable":true,"href":"https:\/\/www.vapeswholesaler.com\/it\/wp-json\/wp\/v2\/comments?post=22788"}],"wp:featuredmedia":[{"embeddable":true,"href":"https:\/\/www.vapeswholesaler.com\/it\/wp-json\/wp\/v2\/media\/22775"}],"wp:attachment":[{"href":"https:\/\/www.vapeswholesaler.com\/it\/wp-json\/wp\/v2\/media?parent=22788"}],"wp:term":[{"taxonomy":"product_cat","embeddable":true,"href":"https:\/\/www.vapeswholesaler.com\/it\/wp-json\/wp\/v2\/product_cat?post=22788"},{"taxonomy":"product_tag","embeddable":true,"href":"https:\/\/www.vapeswholesaler.com\/it\/wp-json\/wp\/v2\/product_tag?post=22788"}],"curies":[{"name":"wp","href":"https:\/\/api.w.org\/{rel}","templated":true}]}}