{"id":22614,"date":"2025-04-22T12:04:19","date_gmt":"2025-04-22T04:04:19","guid":{"rendered":"https:\/\/www.vapeswholesaler.com\/?post_type=product&#038;p=22614"},"modified":"2025-09-10T16:56:56","modified_gmt":"2025-09-10T08:56:56","slug":"allingrosso-mrvi-twins-32000-puffs-usa-e-getta-vape","status":"publish","type":"product","link":"https:\/\/www.vapeswholesaler.com\/it\/prodotto\/allingrosso-mrvi-twins-32000-puffs-usa-e-getta-vape","title":{"rendered":"all'ingrosso Mrvi Twins 32000 soffi Vape usa e getta"},"content":{"rendered":"<p><a href=\"https:\/\/www.vapeswholesaler.com\/it\/marca_prodotto\/mrvi\/\">Mrvi<\/a> Twins 32000 puffs \u00e8 un prodotto a doppio gusto composto da due sapori diversi, in quanto porta due tazze di Eliquid Refill da 20ml, consentendo al prodotto di raggiungere un incredibile 32.000 puffs e di durare per pi\u00f9 di 1 settimana. anche la tecnologia innovativa di ruotare l'ugello della testa per cambiare i sapori \u00e8 semplice e facile da usare e i clienti lo amano cos\u00ec tanto.<\/p>\n<p>Questo prodotto \u00e8 dotato di una batteria ad alta capacit\u00e0 da 550 mAh, di maggiore durata, e pu\u00f2 essere utilizzato l'interfaccia Type-C per completare la ricarica del dispositivo in qualsiasi momento e luogo, lasciamo che la tecnologia cambi la nostra vita, attualmente offriamo 10 sapori per i clienti tra cui scegliere, ogni sapore \u00e8 consigliato, attualmente abbiamo due magazzini per la spedizione, il magazzino europeo fornisce solo 5% contenuto di nicotina, dal magazzino in Cina \u00e8 possibile scegliere tra 2% e 5%, benvenuti a essere i nostri clienti. Benvenuti a essere nostri partner, forniremo il miglior servizio per ogni cliente!<\/p>\n<h2><strong>Mrvi Twins 32000 soffi Caratteristiche:<\/strong><\/h2>\n<ul>\n<li>Bign\u00e8: 32000<\/li>\n<li>Doppio gusto<\/li>\n<li>Capacit\u00e0 del liquido elettronico: 40 ml<\/li>\n<li>Capacit\u00e0 della batteria: 550 mAh<\/li>\n<li>Intensit\u00e0 di nicotina: 2% 5%<\/li>\n<li>Porta di ricarica: Tipo-C<\/li>\n<li>Bobina a doppia maglia<\/li>\n<\/ul>\n<h2><strong>Aromi:<\/strong><\/h2>\n<ol>\n<li>Ghiaccio all'ananas e ghiaccio all'uva<\/li>\n<li>Ghiaccio alla banana e kiwi alla fragola<\/li>\n<li>Granita al mango e ghiacciolo all'arancia<\/li>\n<li>Ghiaccio alla pesca e Red Bull<\/li>\n<li>Ghiaccio al mirtillo e ghiaccio alla mela rossa<\/li>\n<li>Ghiaccio e frutti di bosco<\/li>\n<li>Ghiaccio alla fragola e goccia arcobaleno<\/li>\n<li>Ciliegia frizzante e Blue Razz Ice<\/li>\n<li>Fragola, anguria e mirtillo rosso d'uva<\/li>\n<li>Triplo melone e ghiacciolo<\/li>\n<\/ol>\n<h2><strong>Elenco degli imballaggi:<\/strong><\/h2>\n<p>1 pz. ogni scatola singola<br \/>\n10pz ogni scatola centrale<br \/>\n160 pezzi per cartone<\/p>\n<figure id=\"attachment_22600\" aria-describedby=\"caption-attachment-22600\" style=\"width: 1000px\" class=\"wp-caption alignnone\"><img loading=\"lazy\" decoding=\"async\" class=\"wp-image-22600 size-full\" title=\"all&#039;ingrosso Mrvi Twins 32000 puffs Disposable Vape 1\" src=\"https:\/\/www.vapeswholesaler.com\/wp-content\/uploads\/2025\/04\/Wholesale-Mrvi-Twins-32000-puffs-Disposable-Vape-1.webp\" alt=\"all&#039;ingrosso Mrvi Twins 32000 puffs Disposable Vape 1\" width=\"1000\" height=\"1577\" srcset=\"https:\/\/www.vapeswholesaler.com\/wp-content\/uploads\/2025\/04\/Wholesale-Mrvi-Twins-32000-puffs-Disposable-Vape-1.webp 1000w, https:\/\/www.vapeswholesaler.com\/wp-content\/uploads\/2025\/04\/Wholesale-Mrvi-Twins-32000-puffs-Disposable-Vape-1-190x300.webp 190w, https:\/\/www.vapeswholesaler.com\/wp-content\/uploads\/2025\/04\/Wholesale-Mrvi-Twins-32000-puffs-Disposable-Vape-1-649x1024.webp 649w, https:\/\/www.vapeswholesaler.com\/wp-content\/uploads\/2025\/04\/Wholesale-Mrvi-Twins-32000-puffs-Disposable-Vape-1-768x1211.webp 768w, https:\/\/www.vapeswholesaler.com\/wp-content\/uploads\/2025\/04\/Wholesale-Mrvi-Twins-32000-puffs-Disposable-Vape-1-974x1536.webp 974w, https:\/\/www.vapeswholesaler.com\/wp-content\/uploads\/2025\/04\/Wholesale-Mrvi-Twins-32000-puffs-Disposable-Vape-1-8x12.webp 8w, https:\/\/www.vapeswholesaler.com\/wp-content\/uploads\/2025\/04\/Wholesale-Mrvi-Twins-32000-puffs-Disposable-Vape-1-510x804.webp 510w\" sizes=\"auto, (max-width: 1000px) 100vw, 1000px\" \/><figcaption id=\"caption-attachment-22600\" class=\"wp-caption-text\">all'ingrosso Mrvi Twins 32000 soffi Vape usa e getta<\/figcaption><\/figure>","protected":false},"excerpt":{"rendered":"<p>Quantit\u00e0 minima d'ordine: <strong>100 pezzi<\/strong> (Gusti misti) <strong>Spedizione gratuita<\/strong><\/p>\n<p>(<strong>5% Nic<\/strong>) Tempo di spedizione del magazzino UE 5-6 giorni lavorativi<\/p>","protected":false},"featured_media":22611,"comment_status":"open","ping_status":"closed","template":"","meta":[],"product_cat":[15],"product_tag":[369,373,387],"class_list":{"0":"post-22614","1":"product","2":"type-product","3":"status-publish","4":"has-post-thumbnail","6":"product_cat-disposable-vape","7":"product_tag-dual-flavors","8":"product_tag-europe-warehouse","9":"product_tag-mrvi","10":"product_brand-mrvi","12":"first","13":"instock","14":"shipping-taxable","15":"purchasable","16":"product-type-variable","17":"has-default-attributes"},"aioseo_notices":[],"_links":{"self":[{"href":"https:\/\/www.vapeswholesaler.com\/it\/wp-json\/wp\/v2\/product\/22614","targetHints":{"allow":["GET"]}}],"collection":[{"href":"https:\/\/www.vapeswholesaler.com\/it\/wp-json\/wp\/v2\/product"}],"about":[{"href":"https:\/\/www.vapeswholesaler.com\/it\/wp-json\/wp\/v2\/types\/product"}],"replies":[{"embeddable":true,"href":"https:\/\/www.vapeswholesaler.com\/it\/wp-json\/wp\/v2\/comments?post=22614"}],"wp:featuredmedia":[{"embeddable":true,"href":"https:\/\/www.vapeswholesaler.com\/it\/wp-json\/wp\/v2\/media\/22611"}],"wp:attachment":[{"href":"https:\/\/www.vapeswholesaler.com\/it\/wp-json\/wp\/v2\/media?parent=22614"}],"wp:term":[{"taxonomy":"product_cat","embeddable":true,"href":"https:\/\/www.vapeswholesaler.com\/it\/wp-json\/wp\/v2\/product_cat?post=22614"},{"taxonomy":"product_tag","embeddable":true,"href":"https:\/\/www.vapeswholesaler.com\/it\/wp-json\/wp\/v2\/product_tag?post=22614"}],"curies":[{"name":"wp","href":"https:\/\/api.w.org\/{rel}","templated":true}]}}