{"id":22583,"date":"2025-04-21T15:24:13","date_gmt":"2025-04-21T07:24:13","guid":{"rendered":"https:\/\/www.vapeswholesaler.com\/?post_type=product&#038;p=22583"},"modified":"2025-06-09T06:52:27","modified_gmt":"2025-06-08T22:52:27","slug":"allingrosso-zooy-shisha-50000-soffi-monouso-vape","status":"publish","type":"product","link":"https:\/\/www.vapeswholesaler.com\/it\/prodotto\/allingrosso-zooy-shisha-50000-soffi-monouso-vape","title":{"rendered":"all'ingrosso Zooy Shisha 50000 Puffs usa e getta Vape"},"content":{"rendered":"<p>Il <a href=\"https:\/\/www.vapeswholesaler.com\/it\/marca_prodotto\/zoo\/\">Zooy<\/a> Shisha 50000 Puffs \u00e8 uno dei pi\u00f9 recenti vape monouso DTL che eroga circa fino a 50.000 puff. Il prodotto \u00e8 dotato di una potente batteria ricaricabile di alta qualit\u00e0 da 1400 mAh ed \u00e8 pre-riempito con una grande capacit\u00e0 di 40 ml di olio di svapo con l'opzione di concentrazione di nicotina 2% o 5%.<\/p>\n<p>\u00c8 dotato di bobine a doppia maglia e 0,25\u03a9, per produrre un vapore ricco e omogeneo ogni volta che si svapa. Offre inoltre un design con flusso d'aria regolabile che consente ai diversi clienti di regolare le dimensioni dell'ingresso, in modo che ogni utente possa godere perfettamente del nostro prodotto. e viene fornito con un connettore Type-C per una facile ricarica del dispositivo.Zooy Shisha 50000 Puffs sar\u00e0 il vostro prossimo venditore caldo.<\/p>\n<h2><strong>Zooy Shisha 50000 Puffs Caratteristiche:<\/strong><\/h2>\n<ul>\n<li>Puff: 50000puffi<\/li>\n<li>Peso: 150 g<\/li>\n<li>Dtl Big Cloud<\/li>\n<li>Dimensioni: 44*36*118 mm<\/li>\n<li>Capacit\u00e0 della batteria: 14000mah<\/li>\n<li>Ricaricabile di tipo C<\/li>\n<li>0,25 Quattro maglie Coi<\/li>\n<li>Schermo intelligente integrato<\/li>\n<li>Flusso d'aria regolabile<\/li>\n<li>8 colori luce Lgb<\/li>\n<\/ul>\n<h2><strong>Elenco degli aromi:<\/strong><\/h2>\n<ol>\n<li>Ghiaccio all'anguria<\/li>\n<li>Ghiaccio al mirtillo<\/li>\n<li>Blu Razz Ciliegia<\/li>\n<li>Red Bull<\/li>\n<li>Bacche miste<\/li>\n<li>Mango Pesca Anguria<\/li>\n<li>Fragola Kiwi<\/li>\n<li>Anguria alla fragola<\/li>\n<li>Ciliegia Fragola Lampone<\/li>\n<li>Uva fragola<\/li>\n<\/ol>\n<h2><strong>Elenco degli imballaggi:<\/strong><\/h2>\n<p>1pz ogni scatola singola 150g.<br \/>\n10pz ogni scatola centrale<br \/>\n160pcs ogni cartone \/26kg<\/p>\n<figure id=\"attachment_22584\" aria-describedby=\"caption-attachment-22584\" style=\"width: 1000px\" class=\"wp-caption alignnone\"><img loading=\"lazy\" decoding=\"async\" class=\"wp-image-22584 size-full\" title=\"all&#039;ingrosso Zooy Shisha 50000 Puffs usa e getta Vape 4\" src=\"https:\/\/www.vapeswholesaler.com\/wp-content\/uploads\/2025\/04\/Wholesale-Zooy-Shisha-50000-Puffs-Disposable-Vape-4.webp\" alt=\"all&#039;ingrosso Zooy Shisha 50000 Puffs usa e getta Vape 4\" width=\"1000\" height=\"1114\" srcset=\"https:\/\/www.vapeswholesaler.com\/wp-content\/uploads\/2025\/04\/Wholesale-Zooy-Shisha-50000-Puffs-Disposable-Vape-4.webp 1000w, https:\/\/www.vapeswholesaler.com\/wp-content\/uploads\/2025\/04\/Wholesale-Zooy-Shisha-50000-Puffs-Disposable-Vape-4-269x300.webp 269w, https:\/\/www.vapeswholesaler.com\/wp-content\/uploads\/2025\/04\/Wholesale-Zooy-Shisha-50000-Puffs-Disposable-Vape-4-919x1024.webp 919w, https:\/\/www.vapeswholesaler.com\/wp-content\/uploads\/2025\/04\/Wholesale-Zooy-Shisha-50000-Puffs-Disposable-Vape-4-768x856.webp 768w, https:\/\/www.vapeswholesaler.com\/wp-content\/uploads\/2025\/04\/Wholesale-Zooy-Shisha-50000-Puffs-Disposable-Vape-4-11x12.webp 11w, https:\/\/www.vapeswholesaler.com\/wp-content\/uploads\/2025\/04\/Wholesale-Zooy-Shisha-50000-Puffs-Disposable-Vape-4-510x568.webp 510w\" sizes=\"auto, (max-width: 1000px) 100vw, 1000px\" \/><figcaption id=\"caption-attachment-22584\" class=\"wp-caption-text\">all'ingrosso Zooy Shisha 50000 Puffs usa e getta Vape<\/figcaption><\/figure>\n<figure id=\"attachment_22585\" aria-describedby=\"caption-attachment-22585\" style=\"width: 1000px\" class=\"wp-caption alignnone\"><img loading=\"lazy\" decoding=\"async\" class=\"wp-image-22585 size-full\" title=\"all&#039;ingrosso Zooy Shisha 50000 Puffs usa e getta Vape 5\" src=\"https:\/\/www.vapeswholesaler.com\/wp-content\/uploads\/2025\/04\/Wholesale-Zooy-Shisha-50000-Puffs-Disposable-Vape-5.webp\" alt=\"all&#039;ingrosso Zooy Shisha 50000 Puffs usa e getta Vape 5\" width=\"1000\" height=\"571\" srcset=\"https:\/\/www.vapeswholesaler.com\/wp-content\/uploads\/2025\/04\/Wholesale-Zooy-Shisha-50000-Puffs-Disposable-Vape-5.webp 1000w, https:\/\/www.vapeswholesaler.com\/wp-content\/uploads\/2025\/04\/Wholesale-Zooy-Shisha-50000-Puffs-Disposable-Vape-5-300x171.webp 300w, https:\/\/www.vapeswholesaler.com\/wp-content\/uploads\/2025\/04\/Wholesale-Zooy-Shisha-50000-Puffs-Disposable-Vape-5-768x439.webp 768w, https:\/\/www.vapeswholesaler.com\/wp-content\/uploads\/2025\/04\/Wholesale-Zooy-Shisha-50000-Puffs-Disposable-Vape-5-18x10.webp 18w, https:\/\/www.vapeswholesaler.com\/wp-content\/uploads\/2025\/04\/Wholesale-Zooy-Shisha-50000-Puffs-Disposable-Vape-5-510x291.webp 510w\" sizes=\"auto, (max-width: 1000px) 100vw, 1000px\" \/><figcaption id=\"caption-attachment-22585\" class=\"wp-caption-text\">all'ingrosso Zooy Shisha 50000 Puffs usa e getta Vape<\/figcaption><\/figure>\n<p><img loading=\"lazy\" decoding=\"async\" class=\"wp-image-22572 size-full\" title=\"all&#039;ingrosso Zooy Shisha 50000 Puffs usa e getta Vape 3\" src=\"https:\/\/www.vapeswholesaler.com\/wp-content\/uploads\/2025\/04\/Wholesale-Zooy-Shisha-50000-Puffs-Disposable-Vape-3.webp\" alt=\"all&#039;ingrosso Zooy Shisha 50000 Puffs usa e getta Vape 3\" width=\"1000\" height=\"1000\" srcset=\"https:\/\/www.vapeswholesaler.com\/wp-content\/uploads\/2025\/04\/Wholesale-Zooy-Shisha-50000-Puffs-Disposable-Vape-3.webp 1000w, https:\/\/www.vapeswholesaler.com\/wp-content\/uploads\/2025\/04\/Wholesale-Zooy-Shisha-50000-Puffs-Disposable-Vape-3-300x300.webp 300w, https:\/\/www.vapeswholesaler.com\/wp-content\/uploads\/2025\/04\/Wholesale-Zooy-Shisha-50000-Puffs-Disposable-Vape-3-150x150.webp 150w, https:\/\/www.vapeswholesaler.com\/wp-content\/uploads\/2025\/04\/Wholesale-Zooy-Shisha-50000-Puffs-Disposable-Vape-3-768x768.webp 768w, https:\/\/www.vapeswholesaler.com\/wp-content\/uploads\/2025\/04\/Wholesale-Zooy-Shisha-50000-Puffs-Disposable-Vape-3-12x12.webp 12w, https:\/\/www.vapeswholesaler.com\/wp-content\/uploads\/2025\/04\/Wholesale-Zooy-Shisha-50000-Puffs-Disposable-Vape-3-247x247.webp 247w, https:\/\/www.vapeswholesaler.com\/wp-content\/uploads\/2025\/04\/Wholesale-Zooy-Shisha-50000-Puffs-Disposable-Vape-3-510x510.webp 510w, https:\/\/www.vapeswholesaler.com\/wp-content\/uploads\/2025\/04\/Wholesale-Zooy-Shisha-50000-Puffs-Disposable-Vape-3-100x100.webp 100w\" sizes=\"auto, (max-width: 1000px) 100vw, 1000px\" \/><\/p>","protected":false},"excerpt":{"rendered":"<p>Quantit\u00e0 minima d'ordine: <strong>50 pezzi<\/strong> (Gusti misti) <strong>Spedizione gratuita<\/strong><\/p>\n<p>(<strong>2%, 5% Nic<\/strong>)<\/p>","protected":false},"featured_media":22571,"comment_status":"open","ping_status":"closed","template":"","meta":[],"product_cat":[15],"product_tag":[366,371],"class_list":{"0":"post-22583","1":"product","2":"type-product","3":"status-publish","4":"has-post-thumbnail","6":"product_cat-disposable-vape","7":"product_tag-50000-puffs","8":"product_tag-zooy","9":"product_brand-zooy","11":"first","12":"instock","13":"shipping-taxable","14":"purchasable","15":"product-type-variable","16":"has-default-attributes"},"aioseo_notices":[],"_links":{"self":[{"href":"https:\/\/www.vapeswholesaler.com\/it\/wp-json\/wp\/v2\/product\/22583","targetHints":{"allow":["GET"]}}],"collection":[{"href":"https:\/\/www.vapeswholesaler.com\/it\/wp-json\/wp\/v2\/product"}],"about":[{"href":"https:\/\/www.vapeswholesaler.com\/it\/wp-json\/wp\/v2\/types\/product"}],"replies":[{"embeddable":true,"href":"https:\/\/www.vapeswholesaler.com\/it\/wp-json\/wp\/v2\/comments?post=22583"}],"wp:featuredmedia":[{"embeddable":true,"href":"https:\/\/www.vapeswholesaler.com\/it\/wp-json\/wp\/v2\/media\/22571"}],"wp:attachment":[{"href":"https:\/\/www.vapeswholesaler.com\/it\/wp-json\/wp\/v2\/media?parent=22583"}],"wp:term":[{"taxonomy":"product_cat","embeddable":true,"href":"https:\/\/www.vapeswholesaler.com\/it\/wp-json\/wp\/v2\/product_cat?post=22583"},{"taxonomy":"product_tag","embeddable":true,"href":"https:\/\/www.vapeswholesaler.com\/it\/wp-json\/wp\/v2\/product_tag?post=22583"}],"curies":[{"name":"wp","href":"https:\/\/api.w.org\/{rel}","templated":true}]}}