{"id":22550,"date":"2025-04-17T23:23:21","date_gmt":"2025-04-17T15:23:21","guid":{"rendered":"https:\/\/www.vapeswholesaler.com\/?post_type=product&#038;p=22550"},"modified":"2026-04-12T21:15:48","modified_gmt":"2026-04-12T13:15:48","slug":"allingrosso-vapsolo-king-pro-40k-puff-monouso-vape","status":"publish","type":"product","link":"https:\/\/www.vapeswholesaler.com\/it\/prodotto\/allingrosso-vapsolo-king-pro-40k-puff-monouso-vape","title":{"rendered":"all'ingrosso Vapsolo King Pro 40K Puffs usa e getta Vape"},"content":{"rendered":"<p>Il <a href=\"https:\/\/www.vapeswholesaler.com\/it\/marca_prodotto\/vapsolo\/\">Vapsolo<\/a> King Pro 40K Puffs \u00e8 la pi\u00f9 recente sigaretta elettronica monouso dotata di un display LCD che consente di controllare i dati di funzionamento del dispositivo in tempo reale, rendendolo ancora pi\u00f9 tecnologicamente avanzato e competitivo. Sperimenta fino a 40000 boccate con il suo dispositivo di svapo ad alta capacit\u00e0 da 40 ml di e-liquid pre-riempito e batteria da 650 mAh.<\/p>\n<p>Il prodotto \u00e8 dotato di una bobina a rete da 1,0 Ohm per tirare fuori il meglio da ogni aroma e, per far s\u00ec che questo prodotto venga utilizzato pi\u00f9 a lungo, lo abbiamo dotato di un connettore di tipo C per ricaricare il dispositivo in qualsiasi ambiente.<\/p>\n<p>Vapsolo qualit\u00e0 \u00e8 affidabile, il prodotto \u00e8 molto popolare, siamo costantemente l'aggiunta di nuovi prodotti, ogni prodotto \u00e8 stato rigorosamente testato, siamo responsabili per i nostri clienti, si consiglia questo prodotto, benvenuto a essere il nostro partner!<\/p>\n<h2><strong>Vapsolo King Pro 40K Puffs Caratteristiche:<\/strong><\/h2>\n<ul>\n<li>Display Lcd<\/li>\n<li>Capacit\u00e0 del liquido elettronico: 40 ml<\/li>\n<li>Capacit\u00e0 della batteria: 650mah<\/li>\n<li>Bobina a rete<\/li>\n<li>Resistenza della bobina: 1,0ohm<\/li>\n<li>Porta tipo-C, ricaricabile<\/li>\n<li>200pz\/ctn<\/li>\n<li>10cs\/scatola<\/li>\n<li>Peso: 133g\/Pcs<\/li>\n<li>27,3 kg\/tonnellata<\/li>\n<li>Dimensione del cartone: 46*43*26.5cm<\/li>\n<\/ul>\n<h2><strong>Aromi:<\/strong><\/h2>\n<ol>\n<li>Ciliegia e limone<\/li>\n<li>Kiwi Frutto della passione Guava<\/li>\n<li>Amore 66<\/li>\n<li>Ghiaccio all'anguria<\/li>\n<li>Fragola Kiwi<\/li>\n<li>Limone e lime<\/li>\n<li>Fragola e banana<\/li>\n<li>Black Ice Dragon Fruit Fragola<\/li>\n<li>Bacca di pesca<\/li>\n<li>Anguria alla fragola<\/li>\n<li>Ciliegia Cola<\/li>\n<li>Uva a grappolo<\/li>\n<li>Bacche miste<\/li>\n<li>Lampone acido al mirtillo<\/li>\n<li>Pesca Mango Ananas<\/li>\n<\/ol>\n<h2><strong>Elenco degli imballaggi:<\/strong><\/h2>\n<p>1pz ogni singola scatola<br \/>\n10pz ogni scatola centrale<br \/>\n200 pezzi per cartone<\/p>\n<figure id=\"attachment_22533\" aria-describedby=\"caption-attachment-22533\" style=\"width: 1000px\" class=\"wp-caption alignnone\"><img loading=\"lazy\" decoding=\"async\" class=\"wp-image-22533 size-full\" title=\"all&#039;ingrosso Vapsolo King Pro 40K Puffs usa e getta Vape 7\" src=\"https:\/\/www.vapeswholesaler.com\/wp-content\/uploads\/2025\/04\/Wholesale-Vapsolo-King-Pro-40K-Puffs-Disposable-Vape-7.webp\" alt=\"all&#039;ingrosso Vapsolo King Pro 40K Puffs usa e getta Vape 7\" width=\"1000\" height=\"1000\" srcset=\"https:\/\/www.vapeswholesaler.com\/wp-content\/uploads\/2025\/04\/Wholesale-Vapsolo-King-Pro-40K-Puffs-Disposable-Vape-7.webp 1000w, https:\/\/www.vapeswholesaler.com\/wp-content\/uploads\/2025\/04\/Wholesale-Vapsolo-King-Pro-40K-Puffs-Disposable-Vape-7-300x300.webp 300w, https:\/\/www.vapeswholesaler.com\/wp-content\/uploads\/2025\/04\/Wholesale-Vapsolo-King-Pro-40K-Puffs-Disposable-Vape-7-150x150.webp 150w, https:\/\/www.vapeswholesaler.com\/wp-content\/uploads\/2025\/04\/Wholesale-Vapsolo-King-Pro-40K-Puffs-Disposable-Vape-7-768x768.webp 768w, https:\/\/www.vapeswholesaler.com\/wp-content\/uploads\/2025\/04\/Wholesale-Vapsolo-King-Pro-40K-Puffs-Disposable-Vape-7-12x12.webp 12w, https:\/\/www.vapeswholesaler.com\/wp-content\/uploads\/2025\/04\/Wholesale-Vapsolo-King-Pro-40K-Puffs-Disposable-Vape-7-247x247.webp 247w, https:\/\/www.vapeswholesaler.com\/wp-content\/uploads\/2025\/04\/Wholesale-Vapsolo-King-Pro-40K-Puffs-Disposable-Vape-7-510x510.webp 510w, https:\/\/www.vapeswholesaler.com\/wp-content\/uploads\/2025\/04\/Wholesale-Vapsolo-King-Pro-40K-Puffs-Disposable-Vape-7-100x100.webp 100w\" sizes=\"auto, (max-width: 1000px) 100vw, 1000px\" \/><figcaption id=\"caption-attachment-22533\" class=\"wp-caption-text\">all'ingrosso Vapsolo King Pro 40K Puffs usa e getta Vape<\/figcaption><\/figure>\n<p>&nbsp;<\/p>\n<p>&nbsp;<\/p>","protected":false},"excerpt":{"rendered":"<p>Quantit\u00e0 minima d'ordine: <strong>50 pezzi<\/strong> (Gusti misti) <strong>Spedizione gratuita<\/strong><\/p>\n<p>(2%, 5% Nic) <strong>Magazzino UE<\/strong> Shipping time 7-8 working days<\/p>","protected":false},"featured_media":22543,"comment_status":"open","ping_status":"closed","template":"","meta":[],"product_cat":[15],"product_tag":[373,401,87],"class_list":{"0":"post-22550","1":"product","2":"type-product","3":"status-publish","4":"has-post-thumbnail","6":"product_cat-disposable-vape","7":"product_tag-europe-warehouse","8":"product_tag-400000-puffs","9":"product_tag-vapsolo","10":"product_brand-vapsolo","12":"first","13":"instock","14":"shipping-taxable","15":"purchasable","16":"product-type-variable","17":"has-default-attributes"},"aioseo_notices":[],"_links":{"self":[{"href":"https:\/\/www.vapeswholesaler.com\/it\/wp-json\/wp\/v2\/product\/22550","targetHints":{"allow":["GET"]}}],"collection":[{"href":"https:\/\/www.vapeswholesaler.com\/it\/wp-json\/wp\/v2\/product"}],"about":[{"href":"https:\/\/www.vapeswholesaler.com\/it\/wp-json\/wp\/v2\/types\/product"}],"replies":[{"embeddable":true,"href":"https:\/\/www.vapeswholesaler.com\/it\/wp-json\/wp\/v2\/comments?post=22550"}],"wp:featuredmedia":[{"embeddable":true,"href":"https:\/\/www.vapeswholesaler.com\/it\/wp-json\/wp\/v2\/media\/22543"}],"wp:attachment":[{"href":"https:\/\/www.vapeswholesaler.com\/it\/wp-json\/wp\/v2\/media?parent=22550"}],"wp:term":[{"taxonomy":"product_cat","embeddable":true,"href":"https:\/\/www.vapeswholesaler.com\/it\/wp-json\/wp\/v2\/product_cat?post=22550"},{"taxonomy":"product_tag","embeddable":true,"href":"https:\/\/www.vapeswholesaler.com\/it\/wp-json\/wp\/v2\/product_tag?post=22550"}],"curies":[{"name":"wp","href":"https:\/\/api.w.org\/{rel}","templated":true}]}}