{"id":22408,"date":"2025-03-27T11:07:15","date_gmt":"2025-03-27T03:07:15","guid":{"rendered":"https:\/\/www.vapeswholesaler.com\/?post_type=product&#038;p=22408"},"modified":"2025-05-21T11:14:51","modified_gmt":"2025-05-21T03:14:51","slug":"allingrosso-poco-db26000-puff-monouso-vape","status":"publish","type":"product","link":"https:\/\/www.vapeswholesaler.com\/it\/prodotto\/allingrosso-poco-db26000-puff-monouso-vape","title":{"rendered":"all'ingrosso POCO DB26000 Puffs usa e getta Vape"},"content":{"rendered":"<p><a href=\"https:\/\/www.vapeswholesaler.com\/it\/marca_prodotto\/poco\/\">POCO<\/a> DB26000 Puffs \u00e8 il marchio di POCO, il pi\u00f9 recente Vape usa e getta a doppio sapore, che consiste in due tazze da 15 ml di sapori diversi, consentendo agli utenti di sperimentare pi\u00f9 sapori per meno soldi e aumentare la soddisfazione dei clienti con il marchio. Il prodotto \u00e8 dotato di una batteria integrata di alta qualit\u00e0 da 650 mAh con una capacit\u00e0 sufficiente e pu\u00f2 essere ricaricato tramite il cavo internazionale Type-C, senza pi\u00f9 preoccuparsi della durata della batteria.<\/p>\n<p>Questo prodotto al fine di rendere l'olio ottenere un migliore ripristino, usiamo la pi\u00f9 alta tecnologia Mesh Coils, in modo che il nostro sapore \u00e8 il pi\u00f9 puro, pi\u00f9 intenso, attualmente in grado di fornire 15 sapori tra cui scegliere, ei nostri prodotti vengono spediti da magazzini europei, solo fornire 5% contenuto di nicotina, alla maggior parte dei paesi europei solo bisogno di 6-7 giorni.<\/p>\n<p>Ci\u00f2 che \u00e8 pi\u00f9 interessante \u00e8 che questo prodotto ha un design a doppio schermo, che \u00e8 diventato il punto focale e di vendita calda di questo prodotto, pu\u00f2 mostrare lo stato dell'olio e della batteria allo stesso tempo, che \u00e8 diventato un design di prodotto popolare al giorno d'oggi, rendendo il prodotto pi\u00f9 attraente e il mercato pi\u00f9 ampio.<\/p>\n<h2><strong><a href=\"https:\/\/www.facebook.com\/fred.luo.58\/\">POCO<\/a> DB26000 Puffs Caratteristiche:<\/strong><\/h2>\n<ul>\n<li>Bign\u00e8: 28000 Bign\u00e8<\/li>\n<li>Doppi sapori<\/li>\n<li>Bobina: bobina a rete<\/li>\n<li>Batteria: Ricarica (650mah)<\/li>\n<li>Capacit\u00e0 del serbatoio.15+15ml<\/li>\n<li>Sale di nicotina: 5%<\/li>\n<\/ul>\n<h2><strong>Aromi:<\/strong><\/h2>\n<ol>\n<li>Limonata alla fragola e al lampone e mirtillo<\/li>\n<li>Doppia mela e ghiaccio nero Frutto del drago e fragola<\/li>\n<li>Uva Lce e Fragola Kiwi<\/li>\n<li>Banana fragola e kiwi Frutto della passione Guava<\/li>\n<li>Ciliegia fragola e cocco ananas<\/li>\n<li>Ghiaccio alla pesca e anguria<\/li>\n<li>Aloe Uva Ghiaccio e Fragola Kiwi<\/li>\n<li>Ghiaccio al limone, lime e fragola<\/li>\n<li>Fragola Kiwi e Mango Pesca Anguria<\/li>\n<li>Bevanda energetica e anguria all'arancia e al mango<\/li>\n<li>Triplo melone e anguria al lampone<\/li>\n<li>Ghiaccio alla menta e alla fragola, lampone e ciliegia<\/li>\n<li>Biscotto e ciliegia di cola<\/li>\n<li>Limonata di mirtillo e pesca al cioccolato<\/li>\n<li>Ghiaccio d'uva all'aloe e Cola alla ciliegia e mirtillo<\/li>\n<\/ol>\n<h2><strong>Elenco degli imballaggi:<\/strong><\/h2>\n<p>1 pz. ogni scatola singola<br \/>\n10 pezzi per scatola centrale<br \/>\n200pcs ogni cartone (25.5KG)<\/p>\n<figure id=\"attachment_22390\" aria-describedby=\"caption-attachment-22390\" style=\"width: 800px\" class=\"wp-caption alignnone\"><img loading=\"lazy\" decoding=\"async\" class=\"wp-image-22390 size-full\" title=\"all&#039;ingrosso POCO DB26000 Puffs Disposable Vape 1\" src=\"https:\/\/www.vapeswholesaler.com\/wp-content\/uploads\/2025\/03\/Wholesale-POCO-DB26000-Puffs-Disposable-Vape-1.webp\" alt=\"all&#039;ingrosso POCO DB26000 Puffs Disposable Vape 1\" width=\"800\" height=\"800\" srcset=\"https:\/\/www.vapeswholesaler.com\/wp-content\/uploads\/2025\/03\/Wholesale-POCO-DB26000-Puffs-Disposable-Vape-1.webp 800w, https:\/\/www.vapeswholesaler.com\/wp-content\/uploads\/2025\/03\/Wholesale-POCO-DB26000-Puffs-Disposable-Vape-1-300x300.webp 300w, https:\/\/www.vapeswholesaler.com\/wp-content\/uploads\/2025\/03\/Wholesale-POCO-DB26000-Puffs-Disposable-Vape-1-150x150.webp 150w, https:\/\/www.vapeswholesaler.com\/wp-content\/uploads\/2025\/03\/Wholesale-POCO-DB26000-Puffs-Disposable-Vape-1-768x768.webp 768w, https:\/\/www.vapeswholesaler.com\/wp-content\/uploads\/2025\/03\/Wholesale-POCO-DB26000-Puffs-Disposable-Vape-1-12x12.webp 12w, https:\/\/www.vapeswholesaler.com\/wp-content\/uploads\/2025\/03\/Wholesale-POCO-DB26000-Puffs-Disposable-Vape-1-247x247.webp 247w, https:\/\/www.vapeswholesaler.com\/wp-content\/uploads\/2025\/03\/Wholesale-POCO-DB26000-Puffs-Disposable-Vape-1-510x510.webp 510w, https:\/\/www.vapeswholesaler.com\/wp-content\/uploads\/2025\/03\/Wholesale-POCO-DB26000-Puffs-Disposable-Vape-1-100x100.webp 100w\" sizes=\"auto, (max-width: 800px) 100vw, 800px\" \/><figcaption id=\"caption-attachment-22390\" class=\"wp-caption-text\">all'ingrosso POCO DB26000 Puffs usa e getta Vape<\/figcaption><\/figure>\n<p>&nbsp;<\/p>\n<p>&nbsp;<\/p>","protected":false},"excerpt":{"rendered":"<p>Quantit\u00e0 minima d'ordine: <strong>100 pezzi<\/strong> (Gusti misti) <strong>Spedizione gratuita<\/strong><\/p>\n<p>(5% Nic) Tempo di spedizione del magazzino UE 5-6 giorni lavorativi<\/p>","protected":false},"featured_media":22398,"comment_status":"open","ping_status":"closed","template":"","meta":[],"product_cat":[15],"product_tag":[369,373,399,400],"class_list":{"0":"post-22408","1":"product","2":"type-product","3":"status-publish","4":"has-post-thumbnail","6":"product_cat-disposable-vape","7":"product_tag-dual-flavors","8":"product_tag-europe-warehouse","9":"product_tag-poco","10":"product_tag-26000-puffs","11":"product_brand-poco","13":"first","14":"instock","15":"shipping-taxable","16":"purchasable","17":"product-type-variable","18":"has-default-attributes"},"aioseo_notices":[],"_links":{"self":[{"href":"https:\/\/www.vapeswholesaler.com\/it\/wp-json\/wp\/v2\/product\/22408","targetHints":{"allow":["GET"]}}],"collection":[{"href":"https:\/\/www.vapeswholesaler.com\/it\/wp-json\/wp\/v2\/product"}],"about":[{"href":"https:\/\/www.vapeswholesaler.com\/it\/wp-json\/wp\/v2\/types\/product"}],"replies":[{"embeddable":true,"href":"https:\/\/www.vapeswholesaler.com\/it\/wp-json\/wp\/v2\/comments?post=22408"}],"wp:featuredmedia":[{"embeddable":true,"href":"https:\/\/www.vapeswholesaler.com\/it\/wp-json\/wp\/v2\/media\/22398"}],"wp:attachment":[{"href":"https:\/\/www.vapeswholesaler.com\/it\/wp-json\/wp\/v2\/media?parent=22408"}],"wp:term":[{"taxonomy":"product_cat","embeddable":true,"href":"https:\/\/www.vapeswholesaler.com\/it\/wp-json\/wp\/v2\/product_cat?post=22408"},{"taxonomy":"product_tag","embeddable":true,"href":"https:\/\/www.vapeswholesaler.com\/it\/wp-json\/wp\/v2\/product_tag?post=22408"}],"curies":[{"name":"wp","href":"https:\/\/api.w.org\/{rel}","templated":true}]}}