{"id":22237,"date":"2025-03-20T15:12:34","date_gmt":"2025-03-20T07:12:34","guid":{"rendered":"https:\/\/www.vapeswholesaler.com\/?post_type=product&#038;p=22237"},"modified":"2025-05-08T14:44:22","modified_gmt":"2025-05-08T06:44:22","slug":"allingrosso-okso-shisha-max-40k-monouso-vape","status":"publish","type":"product","link":"https:\/\/www.vapeswholesaler.com\/it\/prodotto\/allingrosso-okso-shisha-max-40k-monouso-vape","title":{"rendered":"all'ingrosso OKSO Shisha Max 40K usa e getta Vape"},"content":{"rendered":"<p><a href=\"https:\/\/www.vapeswholesaler.com\/it\/marca_prodotto\/okso\/\">OKSO<\/a> Shisha Max 40K Puffs \u00e8 una delle pi\u00f9 recenti sigarette elettroniche monouso di DTL per il vaping polmonare. Il prodotto ha uno stile splendido, con un design arrotondato simile a quello di una penna, delle dimensioni giuste per una presa migliore, adatto a un'ampia gamma di consumatori, e utilizziamo uno stampo bicolore all'esterno del prodotto e un materiale in similpelle che avvolge l'esterno del prodotto per dare al nostro prodotto una sensazione di alta classe.<\/p>\n<p>Il prodotto \u00e8 dotato di un nucleo atomizzatore a rete, precaricato in fabbrica con 36ML di olio per sigarette elettroniche, la grande capacit\u00e0 del prodotto pu\u00f2 rendere l'uso del prodotto pi\u00f9 a lungo, e dotato di una batteria integrata di alta qualit\u00e0 da 800mah, l'utente pu\u00f2 utilizzare l'interfaccia internazionale comune Type-C in qualsiasi momento e ovunque per la ricarica del proprio dispositivo preferito, la parte inferiore del dispositivo \u00e8 dotata di un interruttore per la regolazione del flusso d'aria; \u00e8 possibile regolare la dimensione del flusso d'aria in base alle abitudini di fumo dei diversi clienti, in modo che il prodotto possa essere utilizzato in condizioni di picco in qualsiasi momento. L'interruttore di regolazione del flusso d'aria sul fondo del dispositivo pu\u00f2 regolare la dimensione del flusso d'aria in base alle abitudini di fumo dei diversi clienti, in modo che il prodotto possa essere utilizzato in condizioni di picco in qualsiasi momento. D'altra parte, per consentire agli utenti di osservare lo stato del prodotto in qualsiasi momento, siamo dotati di uno schermo elettronico, che rende il prodotto pi\u00f9 tecnologico.<\/p>\n<p>Inoltre offriamo 10 migliori sapori per i clienti a scegliere, ogni sapore \u00e8 il risultato di decine di migliaia di test costanti da parte dei nostri ingegneri ed \u00e8 disponibile in 0%, 2%, 3%, 5% contenuto di nicotina, speriamo che i nostri clienti piace. Non vediamo l'ora di essere il vostro partner, ogni cliente pu\u00f2 effettuare un ordine direttamente sul nostro sito web, la nostra quantit\u00e0 minima d'ordine \u00e8 di soli 50 pezzi, e il tempo di spedizione richieder\u00e0 circa 2 settimane per arrivare!<\/p>\n<h2><strong><a href=\"https:\/\/www.facebook.com\/fred.luo.58\/\">OKSO<\/a> Shisha Max 40K Disposable Vape Dettagli:<\/strong><\/h2>\n<ul>\n<li>Bign\u00e8: 40000puffi<\/li>\n<li>Nucleo: Bobina a rete 0,6ohm<\/li>\n<li>E-liquido: 36ml<\/li>\n<li>Nicotine:0%\/2%\/3%\/5%<\/li>\n<li>Batteria: 800mah<\/li>\n<li>Ricaricabile: Tipo-C<\/li>\n<li>Display a LED<\/li>\n<li>Regolazione della potenza<\/li>\n<li>Flusso d'aria regolabile<\/li>\n<li>Blocco per bambini<\/li>\n<li>Peso del prodotto: 101g\/pz<\/li>\n<li>Dimensioni del prodotto: 43*43*135 mm<\/li>\n<li>Dimensione del cartone: 465*434*242mm<\/li>\n<li>QT\u00c0: 150pz\/ctn, 10pz\/box<\/li>\n<\/ul>\n<h2><strong>Aromi:<\/strong><\/h2>\n<ol>\n<li>Due mele<\/li>\n<li>Menta d'uva<\/li>\n<li>Festa della ciliegia<\/li>\n<li>Ghiaccio alla pesca<\/li>\n<li>Amore magico<\/li>\n<li>Punch alla fragola<\/li>\n<li>Ghiaccio Blu Razz<\/li>\n<li>Ghiaccio lussureggiante<\/li>\n<li>Anguria alla fragola<\/li>\n<li>Menta e frutti di bosco<\/li>\n<\/ol>\n<h2><strong>Elenco degli imballaggi:\u00a0<\/strong><\/h2>\n<p>1 pz. ogni scatola singola<br \/>\n10 pezzi per scatola centrale<br \/>\n150 pezzi per cartone<\/p>\n<figure id=\"attachment_22220\" aria-describedby=\"caption-attachment-22220\" style=\"width: 1000px\" class=\"wp-caption alignnone\"><img loading=\"lazy\" decoding=\"async\" class=\"wp-image-22220 size-full\" title=\"all&#039;ingrosso OKSO Shisha Max 40K Disposable Vape 2\" src=\"https:\/\/www.vapeswholesaler.com\/wp-content\/uploads\/2025\/03\/Wholesale-OKSO-Shisha-Max-40K-Disposable-Vape-2.webp\" alt=\"all&#039;ingrosso OKSO Shisha Max 40K Disposable Vape 2\" width=\"1000\" height=\"1000\" srcset=\"https:\/\/www.vapeswholesaler.com\/wp-content\/uploads\/2025\/03\/Wholesale-OKSO-Shisha-Max-40K-Disposable-Vape-2.webp 1000w, https:\/\/www.vapeswholesaler.com\/wp-content\/uploads\/2025\/03\/Wholesale-OKSO-Shisha-Max-40K-Disposable-Vape-2-300x300.webp 300w, https:\/\/www.vapeswholesaler.com\/wp-content\/uploads\/2025\/03\/Wholesale-OKSO-Shisha-Max-40K-Disposable-Vape-2-150x150.webp 150w, https:\/\/www.vapeswholesaler.com\/wp-content\/uploads\/2025\/03\/Wholesale-OKSO-Shisha-Max-40K-Disposable-Vape-2-768x768.webp 768w, https:\/\/www.vapeswholesaler.com\/wp-content\/uploads\/2025\/03\/Wholesale-OKSO-Shisha-Max-40K-Disposable-Vape-2-12x12.webp 12w, https:\/\/www.vapeswholesaler.com\/wp-content\/uploads\/2025\/03\/Wholesale-OKSO-Shisha-Max-40K-Disposable-Vape-2-247x247.webp 247w, https:\/\/www.vapeswholesaler.com\/wp-content\/uploads\/2025\/03\/Wholesale-OKSO-Shisha-Max-40K-Disposable-Vape-2-510x510.webp 510w, https:\/\/www.vapeswholesaler.com\/wp-content\/uploads\/2025\/03\/Wholesale-OKSO-Shisha-Max-40K-Disposable-Vape-2-100x100.webp 100w\" sizes=\"auto, (max-width: 1000px) 100vw, 1000px\" \/><figcaption id=\"caption-attachment-22220\" class=\"wp-caption-text\">all'ingrosso OKSO Shisha Max 40K Disposable Vape 2<\/figcaption><\/figure>\n<figure id=\"attachment_22225\" aria-describedby=\"caption-attachment-22225\" style=\"width: 1000px\" class=\"wp-caption alignnone\"><img loading=\"lazy\" decoding=\"async\" class=\"wp-image-22225 size-full\" title=\"all&#039;ingrosso OKSO Shisha Max 40K usa e getta Vape 7\" src=\"https:\/\/www.vapeswholesaler.com\/wp-content\/uploads\/2025\/03\/Wholesale-OKSO-Shisha-Max-40K-Disposable-Vape-7.webp\" alt=\"all&#039;ingrosso OKSO Shisha Max 40K usa e getta Vape 7\" width=\"1000\" height=\"1000\" srcset=\"https:\/\/www.vapeswholesaler.com\/wp-content\/uploads\/2025\/03\/Wholesale-OKSO-Shisha-Max-40K-Disposable-Vape-7.webp 1000w, https:\/\/www.vapeswholesaler.com\/wp-content\/uploads\/2025\/03\/Wholesale-OKSO-Shisha-Max-40K-Disposable-Vape-7-300x300.webp 300w, https:\/\/www.vapeswholesaler.com\/wp-content\/uploads\/2025\/03\/Wholesale-OKSO-Shisha-Max-40K-Disposable-Vape-7-150x150.webp 150w, https:\/\/www.vapeswholesaler.com\/wp-content\/uploads\/2025\/03\/Wholesale-OKSO-Shisha-Max-40K-Disposable-Vape-7-768x768.webp 768w, https:\/\/www.vapeswholesaler.com\/wp-content\/uploads\/2025\/03\/Wholesale-OKSO-Shisha-Max-40K-Disposable-Vape-7-12x12.webp 12w, https:\/\/www.vapeswholesaler.com\/wp-content\/uploads\/2025\/03\/Wholesale-OKSO-Shisha-Max-40K-Disposable-Vape-7-247x247.webp 247w, https:\/\/www.vapeswholesaler.com\/wp-content\/uploads\/2025\/03\/Wholesale-OKSO-Shisha-Max-40K-Disposable-Vape-7-510x510.webp 510w, https:\/\/www.vapeswholesaler.com\/wp-content\/uploads\/2025\/03\/Wholesale-OKSO-Shisha-Max-40K-Disposable-Vape-7-100x100.webp 100w\" sizes=\"auto, (max-width: 1000px) 100vw, 1000px\" \/><figcaption id=\"caption-attachment-22225\" class=\"wp-caption-text\">all'ingrosso OKSO Shisha Max 40K usa e getta Vape 7<\/figcaption><\/figure>\n<p>&nbsp;<\/p>","protected":false},"excerpt":{"rendered":"<p>Quantit\u00e0 minima d'ordine: <strong>50 pezzi<\/strong> (Gusti misti) <strong>Spedizione gratuita<\/strong><\/p>\n<p>(<strong>0%, 2%, 3%, 5% Nic<\/strong>)<\/p>","protected":false},"featured_media":22236,"comment_status":"open","ping_status":"closed","template":"","meta":[],"product_cat":[15],"product_tag":[365,395],"class_list":{"0":"post-22237","1":"product","2":"type-product","3":"status-publish","4":"has-post-thumbnail","6":"product_cat-disposable-vape","7":"product_tag-40000-puffs","8":"product_tag-okso","9":"product_brand-okso","11":"first","12":"instock","13":"shipping-taxable","14":"purchasable","15":"product-type-variable","16":"has-default-attributes"},"aioseo_notices":[],"_links":{"self":[{"href":"https:\/\/www.vapeswholesaler.com\/it\/wp-json\/wp\/v2\/product\/22237","targetHints":{"allow":["GET"]}}],"collection":[{"href":"https:\/\/www.vapeswholesaler.com\/it\/wp-json\/wp\/v2\/product"}],"about":[{"href":"https:\/\/www.vapeswholesaler.com\/it\/wp-json\/wp\/v2\/types\/product"}],"replies":[{"embeddable":true,"href":"https:\/\/www.vapeswholesaler.com\/it\/wp-json\/wp\/v2\/comments?post=22237"}],"wp:featuredmedia":[{"embeddable":true,"href":"https:\/\/www.vapeswholesaler.com\/it\/wp-json\/wp\/v2\/media\/22236"}],"wp:attachment":[{"href":"https:\/\/www.vapeswholesaler.com\/it\/wp-json\/wp\/v2\/media?parent=22237"}],"wp:term":[{"taxonomy":"product_cat","embeddable":true,"href":"https:\/\/www.vapeswholesaler.com\/it\/wp-json\/wp\/v2\/product_cat?post=22237"},{"taxonomy":"product_tag","embeddable":true,"href":"https:\/\/www.vapeswholesaler.com\/it\/wp-json\/wp\/v2\/product_tag?post=22237"}],"curies":[{"name":"wp","href":"https:\/\/api.w.org\/{rel}","templated":true}]}}