{"id":22207,"date":"2025-03-20T11:57:54","date_gmt":"2025-03-20T03:57:54","guid":{"rendered":"https:\/\/www.vapeswholesaler.com\/?post_type=product&#038;p=22207"},"modified":"2025-05-08T14:44:23","modified_gmt":"2025-05-08T06:44:23","slug":"allingrosso-okso-shisha-hookah-mega-50k-monouso-vape","status":"publish","type":"product","link":"https:\/\/www.vapeswholesaler.com\/it\/prodotto\/allingrosso-okso-shisha-hookah-mega-50k-monouso-vape","title":{"rendered":"all'ingrosso OKSO Shisha Hookah Mega 50K usa e getta Vape"},"content":{"rendered":"<p><a href=\"https:\/\/www.vapeswholesaler.com\/it\/marca_prodotto\/okso\/\">OKSO<\/a> Shisha Hookah Mega 50K Puffs \u00e8 una delle pi\u00f9 recenti sigarette elettroniche monouso DTL per il vaping polmonare, questo prodotto ha una forma e dimensioni meravigliose per adattarsi a una variet\u00e0 di consumatori, utilizziamo uno stampo bicolore all'esterno dei nostri prodotti e usiamo il cristallo all'esterno per far apparire il prodotto cristallino, pulito e igienico, e far sembrare e sentire il prodotto di alta qualit\u00e0 per sempre.<\/p>\n<p>Il prodotto \u00e8 dotato di bobina a tripla maglia e abbiamo pre-riempito 40ML di olio di vape prima della consegna, la grande capacit\u00e0 del prodotto pu\u00f2 rendere il prodotto pi\u00f9 a lungo, e viene fornito con 1100mah batteria integrata di alta qualit\u00e0, e gli utenti possono utilizzare l'interfaccia universale internazionale Type-C per caricare i vostri dispositivi preferiti in qualsiasi momento e ovunque. D'altra parte, per consentire agli utenti di osservare lo stato del prodotto in qualsiasi momento, siamo dotati di un display elettronico; osservando i dati del display elettronico, \u00e8 possibile conoscere il prodotto come il retro della propria mano.<\/p>\n<p>Questo prodotto offre 10 migliori sapori di degustazione, ogni sapore \u00e8 il risultato di decine di migliaia di test costanti da parte dei nostri ingegneri, e con 0%, 2%, 3%, 5% contenuto di nicotina disponibile per i clienti a scegliere, speriamo che i nostri clienti piace. Non vediamo l'ora di essere il vostro partner, qualsiasi cliente pu\u00f2 effettuare un ordine direttamente sul nostro sito web, il nostro ordine minimo \u00e8 solo 50pcs, e il tempo di spedizione per la maggior parte dei paesi europei \u00e8 solo circa 2 settimane.<\/p>\n<h2><strong><a href=\"https:\/\/www.facebook.com\/fred.luo.58\/\">OKSO<\/a> Shisha Hookah Mega 50K Disposable Vape Dettagli:<\/strong><\/h2>\n<ul>\n<li>Bign\u00e8: 50000puffi<\/li>\n<li>Nucleo: Bobina a tripla maglia<\/li>\n<li>E-liquido: 40ml<\/li>\n<li>Nicotine:0%\/2%\/3%\/5%<\/li>\n<li>Batteria: 1100mah<\/li>\n<li>Ricaricabile: Tipo-C<\/li>\n<li>Display a LED<\/li>\n<li>Flusso d'aria regolabile<\/li>\n<li>Peso del prodotto: 141g\/pz<\/li>\n<li>Dimensioni del prodotto: 43*43*135 mm<\/li>\n<li>Dimensione del cartone: 465*428*235mm<\/li>\n<li>QT\u00c0: 150pz\/ctn, 10pz\/box<\/li>\n<li>Peso totale: 22,2 kg<\/li>\n<\/ul>\n<h2><strong>Aromi: sapori<\/strong><\/h2>\n<ol>\n<li>Ghiaccio lussureggiante<\/li>\n<li>Due mele<\/li>\n<li>Fragola Anguria Bubblegum<\/li>\n<li>Ghiaccio alla pesca<\/li>\n<li>Mirtillo Lampone Ciliegia<\/li>\n<li>Amore 66<\/li>\n<li>Ghiaccio al mango<\/li>\n<li>Fragola Kiwi<\/li>\n<li>Lady Killa<\/li>\n<li>Ghiaccio d'uva<\/li>\n<\/ol>\n<h2><strong>Elenco degli imballaggi:<\/strong><\/h2>\n<p>1 pz. ogni scatola singola<br \/>\n10 pezzi per scatola centrale<br \/>\n150 pezzi per cartone<\/p>\n<figure id=\"attachment_22184\" aria-describedby=\"caption-attachment-22184\" style=\"width: 1000px\" class=\"wp-caption alignnone\"><img loading=\"lazy\" decoding=\"async\" class=\"wp-image-22184 size-full\" title=\"all&#039;ingrosso OKSO Shisha Hookah Mega 50K usa e getta Vape 2\" src=\"https:\/\/www.vapeswholesaler.com\/wp-content\/uploads\/2025\/03\/Wholesale-OKSO-Shisha-Hookah-Mega-50K-Disposable-Vape-2.webp\" alt=\"all&#039;ingrosso OKSO Shisha Hookah Mega 50K usa e getta Vape 2\" width=\"1000\" height=\"1000\" srcset=\"https:\/\/www.vapeswholesaler.com\/wp-content\/uploads\/2025\/03\/Wholesale-OKSO-Shisha-Hookah-Mega-50K-Disposable-Vape-2.webp 1000w, https:\/\/www.vapeswholesaler.com\/wp-content\/uploads\/2025\/03\/Wholesale-OKSO-Shisha-Hookah-Mega-50K-Disposable-Vape-2-300x300.webp 300w, https:\/\/www.vapeswholesaler.com\/wp-content\/uploads\/2025\/03\/Wholesale-OKSO-Shisha-Hookah-Mega-50K-Disposable-Vape-2-150x150.webp 150w, https:\/\/www.vapeswholesaler.com\/wp-content\/uploads\/2025\/03\/Wholesale-OKSO-Shisha-Hookah-Mega-50K-Disposable-Vape-2-768x768.webp 768w, https:\/\/www.vapeswholesaler.com\/wp-content\/uploads\/2025\/03\/Wholesale-OKSO-Shisha-Hookah-Mega-50K-Disposable-Vape-2-12x12.webp 12w, https:\/\/www.vapeswholesaler.com\/wp-content\/uploads\/2025\/03\/Wholesale-OKSO-Shisha-Hookah-Mega-50K-Disposable-Vape-2-247x247.webp 247w, https:\/\/www.vapeswholesaler.com\/wp-content\/uploads\/2025\/03\/Wholesale-OKSO-Shisha-Hookah-Mega-50K-Disposable-Vape-2-510x510.webp 510w, https:\/\/www.vapeswholesaler.com\/wp-content\/uploads\/2025\/03\/Wholesale-OKSO-Shisha-Hookah-Mega-50K-Disposable-Vape-2-100x100.webp 100w\" sizes=\"auto, (max-width: 1000px) 100vw, 1000px\" \/><figcaption id=\"caption-attachment-22184\" class=\"wp-caption-text\">all'ingrosso OKSO Shisha Hookah Mega 50K usa e getta Vape 2<\/figcaption><\/figure>\n<figure id=\"attachment_22183\" aria-describedby=\"caption-attachment-22183\" style=\"width: 1000px\" class=\"wp-caption alignnone\"><img loading=\"lazy\" decoding=\"async\" class=\"wp-image-22183 size-full\" title=\"all&#039;ingrosso OKSO Shisha Hookah Mega 50K usa e getta Vape 1\" src=\"https:\/\/www.vapeswholesaler.com\/wp-content\/uploads\/2025\/03\/Wholesale-OKSO-Shisha-Hookah-Mega-50K-Disposable-Vape-1.webp\" alt=\"all&#039;ingrosso OKSO Shisha Hookah Mega 50K usa e getta Vape 1\" width=\"1000\" height=\"1000\" srcset=\"https:\/\/www.vapeswholesaler.com\/wp-content\/uploads\/2025\/03\/Wholesale-OKSO-Shisha-Hookah-Mega-50K-Disposable-Vape-1.webp 1000w, https:\/\/www.vapeswholesaler.com\/wp-content\/uploads\/2025\/03\/Wholesale-OKSO-Shisha-Hookah-Mega-50K-Disposable-Vape-1-300x300.webp 300w, https:\/\/www.vapeswholesaler.com\/wp-content\/uploads\/2025\/03\/Wholesale-OKSO-Shisha-Hookah-Mega-50K-Disposable-Vape-1-150x150.webp 150w, https:\/\/www.vapeswholesaler.com\/wp-content\/uploads\/2025\/03\/Wholesale-OKSO-Shisha-Hookah-Mega-50K-Disposable-Vape-1-768x768.webp 768w, https:\/\/www.vapeswholesaler.com\/wp-content\/uploads\/2025\/03\/Wholesale-OKSO-Shisha-Hookah-Mega-50K-Disposable-Vape-1-12x12.webp 12w, https:\/\/www.vapeswholesaler.com\/wp-content\/uploads\/2025\/03\/Wholesale-OKSO-Shisha-Hookah-Mega-50K-Disposable-Vape-1-247x247.webp 247w, https:\/\/www.vapeswholesaler.com\/wp-content\/uploads\/2025\/03\/Wholesale-OKSO-Shisha-Hookah-Mega-50K-Disposable-Vape-1-510x510.webp 510w, https:\/\/www.vapeswholesaler.com\/wp-content\/uploads\/2025\/03\/Wholesale-OKSO-Shisha-Hookah-Mega-50K-Disposable-Vape-1-100x100.webp 100w\" sizes=\"auto, (max-width: 1000px) 100vw, 1000px\" \/><figcaption id=\"caption-attachment-22183\" class=\"wp-caption-text\">all'ingrosso OKSO Shisha Hookah Mega 50K usa e getta Vape 1<\/figcaption><\/figure>","protected":false},"excerpt":{"rendered":"<p>Quantit\u00e0 minima d'ordine: <strong>50 pezzi<\/strong> (Gusti misti) <strong>Spedizione gratuita<\/strong><\/p>\n<p>(0%, 2%, 3%, 5% Nic)<\/p>","protected":false},"featured_media":22205,"comment_status":"open","ping_status":"closed","template":"","meta":[],"product_cat":[15],"product_tag":[366,395],"class_list":{"0":"post-22207","1":"product","2":"type-product","3":"status-publish","4":"has-post-thumbnail","6":"product_cat-disposable-vape","7":"product_tag-50000-puffs","8":"product_tag-okso","9":"product_brand-okso","11":"first","12":"instock","13":"shipping-taxable","14":"purchasable","15":"product-type-variable","16":"has-default-attributes"},"aioseo_notices":[],"_links":{"self":[{"href":"https:\/\/www.vapeswholesaler.com\/it\/wp-json\/wp\/v2\/product\/22207","targetHints":{"allow":["GET"]}}],"collection":[{"href":"https:\/\/www.vapeswholesaler.com\/it\/wp-json\/wp\/v2\/product"}],"about":[{"href":"https:\/\/www.vapeswholesaler.com\/it\/wp-json\/wp\/v2\/types\/product"}],"replies":[{"embeddable":true,"href":"https:\/\/www.vapeswholesaler.com\/it\/wp-json\/wp\/v2\/comments?post=22207"}],"wp:featuredmedia":[{"embeddable":true,"href":"https:\/\/www.vapeswholesaler.com\/it\/wp-json\/wp\/v2\/media\/22205"}],"wp:attachment":[{"href":"https:\/\/www.vapeswholesaler.com\/it\/wp-json\/wp\/v2\/media?parent=22207"}],"wp:term":[{"taxonomy":"product_cat","embeddable":true,"href":"https:\/\/www.vapeswholesaler.com\/it\/wp-json\/wp\/v2\/product_cat?post=22207"},{"taxonomy":"product_tag","embeddable":true,"href":"https:\/\/www.vapeswholesaler.com\/it\/wp-json\/wp\/v2\/product_tag?post=22207"}],"curies":[{"name":"wp","href":"https:\/\/api.w.org\/{rel}","templated":true}]}}