{"id":21975,"date":"2025-03-07T16:53:32","date_gmt":"2025-03-07T08:53:32","guid":{"rendered":"https:\/\/www.vapeswholesaler.com\/?post_type=product&#038;p=21975"},"modified":"2025-04-22T11:12:34","modified_gmt":"2025-04-22T03:12:34","slug":"allingrosso-bang-leader-32000-soffi-doppio-sapore-monouso-vape","status":"publish","type":"product","link":"https:\/\/www.vapeswholesaler.com\/it\/prodotto\/allingrosso-bang-leader-32000-soffi-doppio-sapore-monouso-vape","title":{"rendered":"all'ingrosso Bang Leader 32000 soffi a doppio sapore usa e getta Vape"},"content":{"rendered":"<p><a href=\"https:\/\/www.vapeswholesaler.com\/it\/marca_prodotto\/botto\/\">Bang<\/a> Leader 32000 Puffs \u00e8 un nuovo prodotto a doppio gusto. Basta acquistare un solo prodotto per godere di due sapori diversi. Utilizzate il boccaglio per spostarlo da sinistra a destra e passare da un aroma all'altro. \u00c8 molto pi\u00f9 comodo cambiare aroma rispetto alla precedente rotazione a 360 gradi. Inoltre, Bang Leader 32000 Puffs \u00e8 dotato di due capsule (28 ml + 28 ml) e di opzioni di nicotina che vanno da 0% a 5%, consentendo fino a 32 000 puff di vapore liscio e delizioso. Perfetta per i vapers che cercano prestazioni di lunga durata e versatilit\u00e0.<\/p>\n<p>\u00c8 inoltre disponibile con un doppio gusto. Dotato di una batteria da 650 mAh e di una porta di ricarica Type-C, offre 12 aromi tra cui scegliere. Passa da un aroma all'altro senza sforzo, offrendo un'esperienza di svapo versatile e piacevole. Il design a doppia maglia aumenta la produzione di vapore e migliora il sapore, offrendo agli appassionati di sigarette elettroniche un'esperienza pi\u00f9 soddisfacente e piacevole.<\/p>\n<p>In conclusione, attualmente Bang Leader 32000 Puffs dispone di scorte sufficienti, sapori completi, i nostri prodotti hanno un ordine minimo di 50 pezzi, il prezzo indicato sul sito web \u00e8 il prezzo unitario di ogni pacchetto di prodotti, non appena riceviamo il pagamento del cliente possiamo immediatamente organizzare la spedizione del pacchetto, di solito spediamo ai principali paesi in Europa ci vogliono solo circa 2 settimane!<\/p>\n<h2><strong><a href=\"https:\/\/www.facebook.com\/fred.luo.58\">Bang<\/a> Leader 32000 Puffs Caratteristiche:<\/strong><\/h2>\n<ul>\n<li>Nicotina: 0% 2% 3% 5%<\/li>\n<li>Capacit\u00e0: 28ml+28ml<\/li>\n<li>Bign\u00e8: 32000<\/li>\n<li>Doppia capsula Doppio sapore<\/li>\n<li>12 gusti disponibili<\/li>\n<li>650mah Ricaricabile<\/li>\n<li>Bobina a doppia maglia<\/li>\n<\/ul>\n<h2><strong>Elenco degli aromi:<\/strong><\/h2>\n<ol>\n<li>Ghiaccio alla fragola, all'anguria e all'uva<\/li>\n<li>Ghiaccio all'anguria, fragola e mango<\/li>\n<li>Fragola e anguria e Kiwi Frutto della passione Guava<\/li>\n<li>Anguria di mirtilli, lamponi e pesche e mango<\/li>\n<li>Ghiaccio all'anguria e menta al mirtillo<\/li>\n<li>Anguria al mirtillo e Mango alla fragola<\/li>\n<li>Ghiaccio al mirtillo e ghiaccio al drago nero<\/li>\n<li>Ghiaccio alla fragola, kiwi e pesca<\/li>\n<li>Ghiaccio al mirtillo, fragola e banana<\/li>\n<li>Red Bull e Watermeon ai mirtilli<\/li>\n<li>Red Bull e caramelle a bolle d'aria Watermeon<\/li>\n<li>Kiwi alla fragola e lampone alla mela acida<\/li>\n<\/ol>\n<h2><strong>Elenco degli imballaggi:<\/strong><\/h2>\n<p>1 pezzo per scatola<br \/>\n10pz ogni scatola centrale<br \/>\n200 pezzi per cartone<br \/>\nOgni cartone 21KG<\/p>\n<figure id=\"attachment_21961\" aria-describedby=\"caption-attachment-21961\" style=\"width: 800px\" class=\"wp-caption alignleft\"><a href=\"https:\/\/www.vapeswholesaler.com\/wp-content\/uploads\/2025\/03\/Wholesale-Bang-Leader-32000-Puffs-Double-Flavor-Disposable-Vape-4.webp\"><img loading=\"lazy\" decoding=\"async\" class=\"wp-image-21961 size-full\" title=\"all&#039;ingrosso Bang Leader 32000 Puffs doppio sapore monouso Vape 4\" src=\"https:\/\/www.vapeswholesaler.com\/wp-content\/uploads\/2025\/03\/Wholesale-Bang-Leader-32000-Puffs-Double-Flavor-Disposable-Vape-4.webp\" alt=\"all&#039;ingrosso Bang Leader 32000 Puffs doppio sapore monouso Vape 4\" width=\"800\" height=\"450\" srcset=\"https:\/\/www.vapeswholesaler.com\/wp-content\/uploads\/2025\/03\/Wholesale-Bang-Leader-32000-Puffs-Double-Flavor-Disposable-Vape-4.webp 800w, https:\/\/www.vapeswholesaler.com\/wp-content\/uploads\/2025\/03\/Wholesale-Bang-Leader-32000-Puffs-Double-Flavor-Disposable-Vape-4-300x169.webp 300w, https:\/\/www.vapeswholesaler.com\/wp-content\/uploads\/2025\/03\/Wholesale-Bang-Leader-32000-Puffs-Double-Flavor-Disposable-Vape-4-768x432.webp 768w, https:\/\/www.vapeswholesaler.com\/wp-content\/uploads\/2025\/03\/Wholesale-Bang-Leader-32000-Puffs-Double-Flavor-Disposable-Vape-4-18x10.webp 18w, https:\/\/www.vapeswholesaler.com\/wp-content\/uploads\/2025\/03\/Wholesale-Bang-Leader-32000-Puffs-Double-Flavor-Disposable-Vape-4-510x287.webp 510w\" sizes=\"auto, (max-width: 800px) 100vw, 800px\" \/><\/a><figcaption id=\"caption-attachment-21961\" class=\"wp-caption-text\">all'ingrosso Bang Leader 32000 soffi a doppio sapore usa e getta Vape<\/figcaption><\/figure>\n<figure id=\"attachment_21958\" aria-describedby=\"caption-attachment-21958\" style=\"width: 1200px\" class=\"wp-caption alignnone\"><img loading=\"lazy\" decoding=\"async\" class=\"wp-image-21958 size-full\" title=\"all&#039;ingrosso Bang Leader 32000 Puffs doppio sapore monouso Vape 1\" src=\"https:\/\/www.vapeswholesaler.com\/wp-content\/uploads\/2025\/03\/Wholesale-Bang-Leader-32000-Puffs-Double-Flavor-Disposable-Vape-1.webp\" alt=\"all&#039;ingrosso Bang Leader 32000 Puffs doppio sapore monouso Vape 1\" width=\"1200\" height=\"800\" srcset=\"https:\/\/www.vapeswholesaler.com\/wp-content\/uploads\/2025\/03\/Wholesale-Bang-Leader-32000-Puffs-Double-Flavor-Disposable-Vape-1.webp 1200w, https:\/\/www.vapeswholesaler.com\/wp-content\/uploads\/2025\/03\/Wholesale-Bang-Leader-32000-Puffs-Double-Flavor-Disposable-Vape-1-300x200.webp 300w, https:\/\/www.vapeswholesaler.com\/wp-content\/uploads\/2025\/03\/Wholesale-Bang-Leader-32000-Puffs-Double-Flavor-Disposable-Vape-1-1024x683.webp 1024w, https:\/\/www.vapeswholesaler.com\/wp-content\/uploads\/2025\/03\/Wholesale-Bang-Leader-32000-Puffs-Double-Flavor-Disposable-Vape-1-768x512.webp 768w, https:\/\/www.vapeswholesaler.com\/wp-content\/uploads\/2025\/03\/Wholesale-Bang-Leader-32000-Puffs-Double-Flavor-Disposable-Vape-1-18x12.webp 18w, https:\/\/www.vapeswholesaler.com\/wp-content\/uploads\/2025\/03\/Wholesale-Bang-Leader-32000-Puffs-Double-Flavor-Disposable-Vape-1-510x340.webp 510w\" sizes=\"auto, (max-width: 1200px) 100vw, 1200px\" \/><figcaption id=\"caption-attachment-21958\" class=\"wp-caption-text\">all'ingrosso Bang Leader 32000 soffi a doppio sapore usa e getta Vape<\/figcaption><\/figure>","protected":false},"excerpt":{"rendered":"<p>Quantit\u00e0 minima d'ordine: <strong>50 pezzi<\/strong>\u00a0(Gusti misti) <strong>Spedizione gratuita<\/strong><\/p>\n<p>(0%, 2%, 3%, 5% Nic)<\/p>","protected":false},"featured_media":21973,"comment_status":"open","ping_status":"closed","template":"","meta":[],"product_cat":[15],"product_tag":[368,369,370],"class_list":{"0":"post-21975","1":"product","2":"type-product","3":"status-publish","4":"has-post-thumbnail","6":"product_cat-disposable-vape","7":"product_tag-bang-king","8":"product_tag-dual-flavors","9":"product_tag-32000-puffs","10":"product_brand-bang","12":"first","13":"instock","14":"shipping-taxable","15":"purchasable","16":"product-type-variable","17":"has-default-attributes"},"aioseo_notices":[],"_links":{"self":[{"href":"https:\/\/www.vapeswholesaler.com\/it\/wp-json\/wp\/v2\/product\/21975","targetHints":{"allow":["GET"]}}],"collection":[{"href":"https:\/\/www.vapeswholesaler.com\/it\/wp-json\/wp\/v2\/product"}],"about":[{"href":"https:\/\/www.vapeswholesaler.com\/it\/wp-json\/wp\/v2\/types\/product"}],"replies":[{"embeddable":true,"href":"https:\/\/www.vapeswholesaler.com\/it\/wp-json\/wp\/v2\/comments?post=21975"}],"wp:featuredmedia":[{"embeddable":true,"href":"https:\/\/www.vapeswholesaler.com\/it\/wp-json\/wp\/v2\/media\/21973"}],"wp:attachment":[{"href":"https:\/\/www.vapeswholesaler.com\/it\/wp-json\/wp\/v2\/media?parent=21975"}],"wp:term":[{"taxonomy":"product_cat","embeddable":true,"href":"https:\/\/www.vapeswholesaler.com\/it\/wp-json\/wp\/v2\/product_cat?post=21975"},{"taxonomy":"product_tag","embeddable":true,"href":"https:\/\/www.vapeswholesaler.com\/it\/wp-json\/wp\/v2\/product_tag?post=21975"}],"curies":[{"name":"wp","href":"https:\/\/api.w.org\/{rel}","templated":true}]}}