{"id":21685,"date":"2025-02-18T18:09:40","date_gmt":"2025-02-18T10:09:40","guid":{"rendered":"https:\/\/www.vapeswholesaler.com\/?post_type=product&#038;p=21685"},"modified":"2025-03-26T11:01:32","modified_gmt":"2025-03-26T03:01:32","slug":"allingrosso-bang-blaze-shisha-42000-puff-monouso-vape","status":"publish","type":"product","link":"https:\/\/www.vapeswholesaler.com\/it\/prodotto\/allingrosso-bang-blaze-shisha-42000-puff-monouso-vape","title":{"rendered":"all'ingrosso Bang Blaze ShiSha 42000 soffi usa e getta Vape"},"content":{"rendered":"<p><a href=\"https:\/\/www.vapeswholesaler.com\/it\/marca_prodotto\/botto\/\">Bang<\/a> Blaze ShiSha 42000 Puffs \u00e8 uno degli ultimi prodotti di sigaretta elettronica usa e getta, questo prodotto \u00e8 molto speciale, l'aspetto del prodotto di colore oro, i nostri prodotti sono pi\u00f9 brillanti e accattivanti. Si tratta di un prodotto per il vaping polmonare che consente all'utente di godere di una grande fumata in qualsiasi momento e ovunque.<\/p>\n<p>Questo dispositivo combina una tecnologia all'avanguardia con prestazioni eccezionali, producendo fino a 40.000 boccate in modalit\u00e0 ecologica. Questa sigaretta elettronica, dotata di due bobine a rete, tecnologia intelligente e batteria ricaricabile da 1000 mAh, \u00e8 fatta per sapori e vapore di alta qualit\u00e0. Con una batteria da 1000 mAh e doppie bobine con resistenza da 0,6\u03a9 per una maggiore fumosit\u00e0, la sigaretta elettronica usa e getta \u00e8 ideale per i vapers che desiderano una soddisfazione duratura. Offre un'esperienza di svapo immediata con 30 ml di succo elettronico e fino a 42.000 boccate. Per un'esperienza omogenea e uniforme, \u00e8 possibile scegliere tra le gradazioni di nicotina di 0%, 2%, 3% e 5%.<\/p>\n<h2><strong><a href=\"https:\/\/www.facebook.com\/fred.luo.58\/\">Bang<\/a> Blaze ShiSha 42000 Puffs Dettagli:<\/strong><\/h2>\n<ul>\n<li>Capacit\u00e0 del liquido elettronico: 30 Ml di liquido elettronico<\/li>\n<li>Capacit\u00e0 della batteria: 1000 Mah<\/li>\n<li>Gusti massimi: 42000 Gusti<\/li>\n<li>Dosaggio della nicotina: 0%\/2%\/5%<\/li>\n<li>Bobina: 0,6 \u03a9 Resistenza<\/li>\n<li>Doppia bobina<\/li>\n<li>Flusso d'aria regolabile<\/li>\n<\/ul>\n<h2><strong>Aromi:<\/strong><\/h2>\n<ol>\n<li>Menta<\/li>\n<li>Menta e mirtillo<\/li>\n<li>Mele doppie<\/li>\n<li>Ghiaccio alla pesca<\/li>\n<li>Mirtillo Lampone<\/li>\n<li>Ghiaccio al mirtillo<\/li>\n<li>Pesca al mirtillo<\/li>\n<li>Anguria<\/li>\n<li>Anguria alla fragola<\/li>\n<li>Fragola litchi<\/li>\n<li>Menta d'uva<\/li>\n<li>Frutta mista<\/li>\n<\/ol>\n<h2><strong>Elenco degli imballaggi:<\/strong><\/h2>\n<p>1 pz. ogni scatola singola<br \/>\n10 pezzi per ogni scatola da esposizione<br \/>\n200pcs ogni cartone 25KG<\/p>\n<figure id=\"attachment_21700\" aria-describedby=\"caption-attachment-21700\" style=\"width: 800px\" class=\"wp-caption alignnone\"><img loading=\"lazy\" decoding=\"async\" class=\"wp-image-21700 size-full\" title=\"all&#039;ingrosso Bang Blaze Shisha 42000 Puffs usa e getta Vape 3\" src=\"https:\/\/www.vapeswholesaler.com\/wp-content\/uploads\/2025\/02\/Wholesale-Bang-Blaze-Shisha-42000-Puffs-Disposable-Vape-3.webp\" alt=\"all&#039;ingrosso Bang Blaze Shisha 42000 Puffs usa e getta Vape 3\" width=\"800\" height=\"800\" srcset=\"https:\/\/www.vapeswholesaler.com\/wp-content\/uploads\/2025\/02\/Wholesale-Bang-Blaze-Shisha-42000-Puffs-Disposable-Vape-3.webp 800w, https:\/\/www.vapeswholesaler.com\/wp-content\/uploads\/2025\/02\/Wholesale-Bang-Blaze-Shisha-42000-Puffs-Disposable-Vape-3-300x300.webp 300w, https:\/\/www.vapeswholesaler.com\/wp-content\/uploads\/2025\/02\/Wholesale-Bang-Blaze-Shisha-42000-Puffs-Disposable-Vape-3-150x150.webp 150w, https:\/\/www.vapeswholesaler.com\/wp-content\/uploads\/2025\/02\/Wholesale-Bang-Blaze-Shisha-42000-Puffs-Disposable-Vape-3-768x768.webp 768w, https:\/\/www.vapeswholesaler.com\/wp-content\/uploads\/2025\/02\/Wholesale-Bang-Blaze-Shisha-42000-Puffs-Disposable-Vape-3-12x12.webp 12w, https:\/\/www.vapeswholesaler.com\/wp-content\/uploads\/2025\/02\/Wholesale-Bang-Blaze-Shisha-42000-Puffs-Disposable-Vape-3-247x247.webp 247w, https:\/\/www.vapeswholesaler.com\/wp-content\/uploads\/2025\/02\/Wholesale-Bang-Blaze-Shisha-42000-Puffs-Disposable-Vape-3-510x510.webp 510w, https:\/\/www.vapeswholesaler.com\/wp-content\/uploads\/2025\/02\/Wholesale-Bang-Blaze-Shisha-42000-Puffs-Disposable-Vape-3-100x100.webp 100w\" sizes=\"auto, (max-width: 800px) 100vw, 800px\" \/><figcaption id=\"caption-attachment-21700\" class=\"wp-caption-text\">all'ingrosso Bang Blaze Shisha 42000 Puffs usa e getta Vape<\/figcaption><\/figure>","protected":false},"excerpt":{"rendered":"<p>Quantit\u00e0 minima d'ordine: <strong>50 pezzi <\/strong>(Gusti misti) <strong>Spedizione gratuita<\/strong><\/p>\n<p>(2%, 5% Nic)<\/p>","protected":false},"featured_media":21702,"comment_status":"open","ping_status":"closed","template":"","meta":[],"product_cat":[15],"product_tag":[368,388,389],"class_list":{"0":"post-21685","1":"product","2":"type-product","3":"status-publish","4":"has-post-thumbnail","6":"product_cat-disposable-vape","7":"product_tag-bang-king","8":"product_tag-bang","9":"product_tag-42000-puffs","10":"product_brand-bang","12":"first","13":"instock","14":"shipping-taxable","15":"purchasable","16":"product-type-variable","17":"has-default-attributes"},"aioseo_notices":[],"_links":{"self":[{"href":"https:\/\/www.vapeswholesaler.com\/it\/wp-json\/wp\/v2\/product\/21685","targetHints":{"allow":["GET"]}}],"collection":[{"href":"https:\/\/www.vapeswholesaler.com\/it\/wp-json\/wp\/v2\/product"}],"about":[{"href":"https:\/\/www.vapeswholesaler.com\/it\/wp-json\/wp\/v2\/types\/product"}],"replies":[{"embeddable":true,"href":"https:\/\/www.vapeswholesaler.com\/it\/wp-json\/wp\/v2\/comments?post=21685"}],"wp:featuredmedia":[{"embeddable":true,"href":"https:\/\/www.vapeswholesaler.com\/it\/wp-json\/wp\/v2\/media\/21702"}],"wp:attachment":[{"href":"https:\/\/www.vapeswholesaler.com\/it\/wp-json\/wp\/v2\/media?parent=21685"}],"wp:term":[{"taxonomy":"product_cat","embeddable":true,"href":"https:\/\/www.vapeswholesaler.com\/it\/wp-json\/wp\/v2\/product_cat?post=21685"},{"taxonomy":"product_tag","embeddable":true,"href":"https:\/\/www.vapeswholesaler.com\/it\/wp-json\/wp\/v2\/product_tag?post=21685"}],"curies":[{"name":"wp","href":"https:\/\/api.w.org\/{rel}","templated":true}]}}