{"id":21478,"date":"2025-01-13T14:41:19","date_gmt":"2025-01-13T06:41:19","guid":{"rendered":"https:\/\/www.vapeswholesaler.com\/?post_type=product&#038;p=21478"},"modified":"2025-03-03T15:53:51","modified_gmt":"2025-03-03T07:53:51","slug":"allingrosso-aivono-aim-flash-35000-puffs-usa-e-getta-vape-2","status":"publish","type":"product","link":"https:\/\/www.vapeswholesaler.com\/it\/prodotto\/allingrosso-aivono-aim-flash-35000-puffs-usa-e-getta-vape-2","title":{"rendered":"all'ingrosso Aivono Aim Flash 35000 Puffs Vape usa e getta"},"content":{"rendered":"<p><a href=\"https:\/\/www.vapeswholesaler.com\/it\/marca_prodotto\/aivono\/\">Aivono<\/a> Aim Flash 35000 Puffs \u00e8 un Vape monouso a schermo intero, l'ultimo prodotto del marchio Aivono, automatizzato in modo unico per facilitare l'utilizzo dei nostri prodotti da parte degli utenti.<\/p>\n<p>Aivono Aim Flash 35000 Puffs Disposable Vape \u00e8 un kit di svapo monouso con doppia modalit\u00e0 di svapo e 28ml di succo di svapo per un massimo di 35000 puff. Questo dispositivo compatto \u00e8 ad attivazione a tiraggio e pu\u00f2 supportare il vaping non-stop grazie alla batteria integrata da 850 mAh. L'ampio schermo colorato \u00e8 cos\u00ec accattivante che non vi sfuggiranno dati importanti come il livello della batteria e la potenza di uscita o la modalit\u00e0 scelta. In combinazione con il controllo del flusso d'aria, \u00e8 possibile scegliere il proprio stile di svapo con un Aivono Aim Flash 35K Disposable Vape.<\/p>\n<h2><strong>Aivono Aim Flash 35000 Puffs Caratteristiche:<\/strong><\/h2>\n<ul>\n<li>Capacit\u00e0 della batteria: batteria da 850 mAh<\/li>\n<li>Pre-riempito 28ml<\/li>\n<li>Regolazione del flusso d'aria<\/li>\n<li>Bign\u00e8: 35000 Bign\u00e8<\/li>\n<li>2% 5% Dosaggio della nicotina<\/li>\n<li>Doppia modalit\u00e0 di svapo: Norm (16W) \/ Boost (20W)<\/li>\n<li>Ricarica USB Tipo-C<\/li>\n<\/ul>\n<h2><strong>Aivono Aim Flash 35000 Puffs Gusti:<\/strong><\/h2>\n<ol>\n<li>Panch blu<\/li>\n<li>Ghiaccio Blu Razz<\/li>\n<li>Mirtillo Uva<\/li>\n<li>Ghiaccio d'uva<\/li>\n<li>Menta di Lomon<\/li>\n<li>Mango e ananas<\/li>\n<li>Bacche miste<\/li>\n<li>Succo di pesca<\/li>\n<li>Lampone Ciliegia<\/li>\n<li>Mele acide<\/li>\n<li>Ghiaccio alla fragola<\/li>\n<li>Fragola Kiwi<\/li>\n<li>Anguria alla fragola<\/li>\n<li>Gomma da masticare all'anguria<\/li>\n<li>Ghiaccio all'anguria<\/li>\n<\/ol>\n<h2><strong>Elenco degli imballaggi:<\/strong><\/h2>\n<p>1pz ogni scatola piccola<br \/>\n10 pezzi per ogni scatola da esposizione<br \/>\n200 pezzi per cartone<\/p>\n<p><img loading=\"lazy\" decoding=\"async\" class=\"wp-image-21460 size-full\" title=\"all&#039;ingrosso Aivono Aim Flash 35000 Puffs usa e getta Vape 1\" src=\"https:\/\/www.vapeswholesaler.com\/wp-content\/uploads\/2025\/01\/Wholesale-Aivono-Aim-Flash-35000-Puffs-Disposable-Vape-1.webp\" alt=\"all&#039;ingrosso Aivono Aim Flash 35000 Puffs usa e getta Vape 1\" width=\"800\" height=\"1393\" srcset=\"https:\/\/www.vapeswholesaler.com\/wp-content\/uploads\/2025\/01\/Wholesale-Aivono-Aim-Flash-35000-Puffs-Disposable-Vape-1.webp 800w, https:\/\/www.vapeswholesaler.com\/wp-content\/uploads\/2025\/01\/Wholesale-Aivono-Aim-Flash-35000-Puffs-Disposable-Vape-1-172x300.webp 172w, https:\/\/www.vapeswholesaler.com\/wp-content\/uploads\/2025\/01\/Wholesale-Aivono-Aim-Flash-35000-Puffs-Disposable-Vape-1-588x1024.webp 588w, https:\/\/www.vapeswholesaler.com\/wp-content\/uploads\/2025\/01\/Wholesale-Aivono-Aim-Flash-35000-Puffs-Disposable-Vape-1-768x1337.webp 768w, https:\/\/www.vapeswholesaler.com\/wp-content\/uploads\/2025\/01\/Wholesale-Aivono-Aim-Flash-35000-Puffs-Disposable-Vape-1-7x12.webp 7w, https:\/\/www.vapeswholesaler.com\/wp-content\/uploads\/2025\/01\/Wholesale-Aivono-Aim-Flash-35000-Puffs-Disposable-Vape-1-510x888.webp 510w\" sizes=\"auto, (max-width: 800px) 100vw, 800px\" \/><\/p>\n<p><img loading=\"lazy\" decoding=\"async\" class=\"wp-image-21461 size-full\" title=\"all&#039;ingrosso Aivono Aim Flash 35000 Puffs usa e getta Vape 2\" src=\"https:\/\/www.vapeswholesaler.com\/wp-content\/uploads\/2025\/01\/Wholesale-Aivono-Aim-Flash-35000-Puffs-Disposable-Vape-2.webp\" alt=\"all&#039;ingrosso Aivono Aim Flash 35000 Puffs usa e getta Vape 2\" width=\"800\" height=\"535\" srcset=\"https:\/\/www.vapeswholesaler.com\/wp-content\/uploads\/2025\/01\/Wholesale-Aivono-Aim-Flash-35000-Puffs-Disposable-Vape-2.webp 800w, https:\/\/www.vapeswholesaler.com\/wp-content\/uploads\/2025\/01\/Wholesale-Aivono-Aim-Flash-35000-Puffs-Disposable-Vape-2-300x201.webp 300w, https:\/\/www.vapeswholesaler.com\/wp-content\/uploads\/2025\/01\/Wholesale-Aivono-Aim-Flash-35000-Puffs-Disposable-Vape-2-768x514.webp 768w, https:\/\/www.vapeswholesaler.com\/wp-content\/uploads\/2025\/01\/Wholesale-Aivono-Aim-Flash-35000-Puffs-Disposable-Vape-2-18x12.webp 18w, https:\/\/www.vapeswholesaler.com\/wp-content\/uploads\/2025\/01\/Wholesale-Aivono-Aim-Flash-35000-Puffs-Disposable-Vape-2-510x341.webp 510w\" sizes=\"auto, (max-width: 800px) 100vw, 800px\" \/><\/p>\n<figure id=\"attachment_21462\" aria-describedby=\"caption-attachment-21462\" style=\"width: 800px\" class=\"wp-caption alignnone\"><img loading=\"lazy\" decoding=\"async\" class=\"wp-image-21462 size-full\" title=\"all&#039;ingrosso Aivono Aim Flash 35000 Puffs usa e getta Vape 3\" src=\"https:\/\/www.vapeswholesaler.com\/wp-content\/uploads\/2025\/01\/Wholesale-Aivono-Aim-Flash-35000-Puffs-Disposable-Vape-3.webp\" alt=\"all&#039;ingrosso Aivono Aim Flash 35000 Puffs usa e getta Vape 3\" width=\"800\" height=\"800\" srcset=\"https:\/\/www.vapeswholesaler.com\/wp-content\/uploads\/2025\/01\/Wholesale-Aivono-Aim-Flash-35000-Puffs-Disposable-Vape-3.webp 800w, https:\/\/www.vapeswholesaler.com\/wp-content\/uploads\/2025\/01\/Wholesale-Aivono-Aim-Flash-35000-Puffs-Disposable-Vape-3-300x300.webp 300w, https:\/\/www.vapeswholesaler.com\/wp-content\/uploads\/2025\/01\/Wholesale-Aivono-Aim-Flash-35000-Puffs-Disposable-Vape-3-150x150.webp 150w, https:\/\/www.vapeswholesaler.com\/wp-content\/uploads\/2025\/01\/Wholesale-Aivono-Aim-Flash-35000-Puffs-Disposable-Vape-3-768x768.webp 768w, https:\/\/www.vapeswholesaler.com\/wp-content\/uploads\/2025\/01\/Wholesale-Aivono-Aim-Flash-35000-Puffs-Disposable-Vape-3-12x12.webp 12w, https:\/\/www.vapeswholesaler.com\/wp-content\/uploads\/2025\/01\/Wholesale-Aivono-Aim-Flash-35000-Puffs-Disposable-Vape-3-247x247.webp 247w, https:\/\/www.vapeswholesaler.com\/wp-content\/uploads\/2025\/01\/Wholesale-Aivono-Aim-Flash-35000-Puffs-Disposable-Vape-3-510x510.webp 510w, https:\/\/www.vapeswholesaler.com\/wp-content\/uploads\/2025\/01\/Wholesale-Aivono-Aim-Flash-35000-Puffs-Disposable-Vape-3-100x100.webp 100w\" sizes=\"auto, (max-width: 800px) 100vw, 800px\" \/><figcaption id=\"caption-attachment-21462\" class=\"wp-caption-text\">all'ingrosso Aivono Aim Flash 35000 Puffs usa e getta Vape 3<\/figcaption><\/figure>","protected":false},"excerpt":{"rendered":"<p>Quantit\u00e0 minima d'ordine:\u00a0<strong>50 PCS<\/strong>\u00a0(Gusti misti)\u00a0\u00a0<strong>Spedizione gratuita<\/strong><\/p>\n<p>(<strong>2%, 5% Nic<\/strong>)<\/p>","protected":false},"featured_media":21475,"comment_status":"open","ping_status":"closed","template":"","meta":[],"product_cat":[15],"product_tag":[119,120,117,118],"class_list":{"0":"post-21478","1":"product","2":"type-product","3":"status-publish","4":"has-post-thumbnail","6":"product_cat-disposable-vape","7":"product_tag-35k-disposable-vape","8":"product_tag-aivono-35k","9":"product_tag-35000-puffs","10":"product_tag-35k-screen-vapes","11":"product_brand-aivono","13":"first","14":"instock","15":"shipping-taxable","16":"purchasable","17":"product-type-variable","18":"has-default-attributes"},"aioseo_notices":[],"_links":{"self":[{"href":"https:\/\/www.vapeswholesaler.com\/it\/wp-json\/wp\/v2\/product\/21478","targetHints":{"allow":["GET"]}}],"collection":[{"href":"https:\/\/www.vapeswholesaler.com\/it\/wp-json\/wp\/v2\/product"}],"about":[{"href":"https:\/\/www.vapeswholesaler.com\/it\/wp-json\/wp\/v2\/types\/product"}],"replies":[{"embeddable":true,"href":"https:\/\/www.vapeswholesaler.com\/it\/wp-json\/wp\/v2\/comments?post=21478"}],"wp:featuredmedia":[{"embeddable":true,"href":"https:\/\/www.vapeswholesaler.com\/it\/wp-json\/wp\/v2\/media\/21475"}],"wp:attachment":[{"href":"https:\/\/www.vapeswholesaler.com\/it\/wp-json\/wp\/v2\/media?parent=21478"}],"wp:term":[{"taxonomy":"product_cat","embeddable":true,"href":"https:\/\/www.vapeswholesaler.com\/it\/wp-json\/wp\/v2\/product_cat?post=21478"},{"taxonomy":"product_tag","embeddable":true,"href":"https:\/\/www.vapeswholesaler.com\/it\/wp-json\/wp\/v2\/product_tag?post=21478"}],"curies":[{"name":"wp","href":"https:\/\/api.w.org\/{rel}","templated":true}]}}