{"id":21397,"date":"2025-01-12T11:50:41","date_gmt":"2025-01-12T03:50:41","guid":{"rendered":"https:\/\/www.vapeswholesaler.com\/?post_type=product&#038;p=21397"},"modified":"2026-04-12T21:23:55","modified_gmt":"2026-04-12T13:23:55","slug":"allingrosso-happ-bar-36000-soffi-monouso-vape","status":"publish","type":"product","link":"https:\/\/www.vapeswholesaler.com\/it\/prodotto\/allingrosso-happ-bar-36000-soffi-monouso-vape","title":{"rendered":"all'ingrosso Happ bar 36000 Puffs usa e getta Vape"},"content":{"rendered":"<p><a href=\"https:\/\/www.vapeswholesaler.com\/it\/marca_prodotto\/happ-bar\/\">Bar Happ<\/a> I 36000 Puff sono i prodotti monouso per sigarette elettroniche pi\u00f9 recenti e di pi\u00f9 alto livello del marchio, con progressi tecnologici che consentono una migliore esperienza del cliente.<\/p>\n<p>Inoltre, la batteria integrata di alta qualit\u00e0 e di lunga durata da 650 mAh pu\u00f2 essere ricaricata utilizzando il connettore standard internazionale Type-c, riducendo cos\u00ec i costi di gestione per i nostri clienti. Attualmente i nostri prodotti possono fornire 2% e 5% nicotina pu\u00f2 essere selezionato, adatto per i clienti diversi a seconda dei loro prodotti preferiti.<\/p>\n<p>Attualmente offriamo 13 gusti che sono stati miscelati con precisione per adattarsi alle abitudini di fumo dei nostri clienti europei e per soddisfare la maggior parte delle preferenze dei nostri clienti, con un ordine minimo di 50 pezzi e una scelta fino a 5 gusti diversi, diamo ai nostri clienti pi\u00f9 scelta.<\/p>\n<p>Questo dispositivo viene fornito con 40ml di succo elettronico pre-riempito, con cui \u00e8 possibile fumare circa 36000 boccate, e il nostro prodotto \u00e8 dotato di un display elettronico che consente di monitorare il consumo di olio e di energia del prodotto in qualsiasi momento e ovunque, evitando cos\u00ec il sapore di bruciato che pu\u00f2 essere causato dall'esaurimento dell'olio, che pu\u00f2 essere una brutta esperienza per il cliente.<\/p>\n<h2><strong><a href=\"https:\/\/www.facebook.com\/fred.luo.58\">Bar Happ<\/a> 36000 Puffs Caratteristiche:<\/strong><\/h2>\n<ul>\n<li>Puff: 36.000puffi<\/li>\n<li>Contenuto di nicotina: 2%, 5%<\/li>\n<li>Capacit\u00e0 della batteria: 650mAh<\/li>\n<li>Ricaricabile o meno: Porta di ricarica TYPE-C<\/li>\n<li>Resistenza: 1,0ohm<\/li>\n<li>Capacit\u00e0 del succo elettronico: 40 ml<\/li>\n<li>Gusto: 13 gusti<\/li>\n<\/ul>\n<h2><strong>Elenco dei sapori:<\/strong><\/h2>\n<ol>\n<li>Ghiaccio alla ciliegia<\/li>\n<li>Ghiaccio alla cola<\/li>\n<li>Limone e lime<\/li>\n<li>Amore 66<\/li>\n<li>Mamba<\/li>\n<li>Mr. Blue<\/li>\n<li>Ghiaccio alla pesca<\/li>\n<li>Mela acida<\/li>\n<li>Fragola e banana<\/li>\n<li>Ghiaccio alla fragola<\/li>\n<li>Fragola Kiwi<\/li>\n<li>Coca-Cola alla fragola e vaniglia<\/li>\n<li>Ghiaccio all'anguria<\/li>\n<\/ol>\n<h2><strong>Elenco degli imballaggi:<\/strong><\/h2>\n<p>1pz ogni singola scatola<br \/>\n10 pezzi ciascuno Scatola di cartone<br \/>\n200 pezzi per cartone<\/p>\n<figure id=\"attachment_21375\" aria-describedby=\"caption-attachment-21375\" style=\"width: 800px\" class=\"wp-caption alignnone\"><img loading=\"lazy\" decoding=\"async\" class=\"wp-image-21375 size-full\" title=\"all&#039;ingrosso Happ bar 36000 Puffs usa e getta Vape 5\" src=\"https:\/\/www.vapeswholesaler.com\/wp-content\/uploads\/2025\/01\/Wholesale-Happ-bar-36000-Puffs-Disposable-Vape-5.webp\" alt=\"all&#039;ingrosso Happ bar 36000 Puffs usa e getta Vape 5\" width=\"800\" height=\"396\" srcset=\"https:\/\/www.vapeswholesaler.com\/wp-content\/uploads\/2025\/01\/Wholesale-Happ-bar-36000-Puffs-Disposable-Vape-5.webp 800w, https:\/\/www.vapeswholesaler.com\/wp-content\/uploads\/2025\/01\/Wholesale-Happ-bar-36000-Puffs-Disposable-Vape-5-300x149.webp 300w, https:\/\/www.vapeswholesaler.com\/wp-content\/uploads\/2025\/01\/Wholesale-Happ-bar-36000-Puffs-Disposable-Vape-5-768x380.webp 768w, https:\/\/www.vapeswholesaler.com\/wp-content\/uploads\/2025\/01\/Wholesale-Happ-bar-36000-Puffs-Disposable-Vape-5-18x9.webp 18w, https:\/\/www.vapeswholesaler.com\/wp-content\/uploads\/2025\/01\/Wholesale-Happ-bar-36000-Puffs-Disposable-Vape-5-510x252.webp 510w\" sizes=\"auto, (max-width: 800px) 100vw, 800px\" \/><figcaption id=\"caption-attachment-21375\" class=\"wp-caption-text\">all'ingrosso Happ bar 36000 Puffs usa e getta Vape<img loading=\"lazy\" decoding=\"async\" class=\"wp-image-21378 size-full\" style=\"color: #555555;font-size: 14.4px\" title=\"all&#039;ingrosso Happ bar 36000 Puffs usa e getta Vape 8\" src=\"https:\/\/www.vapeswholesaler.com\/wp-content\/uploads\/2025\/01\/Wholesale-Happ-bar-36000-Puffs-Disposable-Vape-8.webp\" alt=\"all&#039;ingrosso Happ bar 36000 Puffs usa e getta Vape 8\" width=\"800\" height=\"396\" srcset=\"https:\/\/www.vapeswholesaler.com\/wp-content\/uploads\/2025\/01\/Wholesale-Happ-bar-36000-Puffs-Disposable-Vape-8.webp 800w, https:\/\/www.vapeswholesaler.com\/wp-content\/uploads\/2025\/01\/Wholesale-Happ-bar-36000-Puffs-Disposable-Vape-8-300x149.webp 300w, https:\/\/www.vapeswholesaler.com\/wp-content\/uploads\/2025\/01\/Wholesale-Happ-bar-36000-Puffs-Disposable-Vape-8-768x380.webp 768w, https:\/\/www.vapeswholesaler.com\/wp-content\/uploads\/2025\/01\/Wholesale-Happ-bar-36000-Puffs-Disposable-Vape-8-18x9.webp 18w, https:\/\/www.vapeswholesaler.com\/wp-content\/uploads\/2025\/01\/Wholesale-Happ-bar-36000-Puffs-Disposable-Vape-8-510x252.webp 510w\" sizes=\"auto, (max-width: 800px) 100vw, 800px\" \/><\/figcaption><\/figure>","protected":false},"excerpt":{"rendered":"<p>Quantit\u00e0 minima d'ordine:\u00a0<strong>50 pezzi<\/strong>\u00a0(Gusti misti)\u00a0\u00a0<strong>Spedizione gratuita<\/strong><\/p>\n<p>(<strong>2%, 5% Nic<\/strong>) Tempo di spedizione del magazzino UE 5-6 giorni lavorativi<\/p>","protected":false},"featured_media":21371,"comment_status":"open","ping_status":"closed","template":"","meta":[],"product_cat":[15],"product_tag":[380,381,373],"class_list":{"0":"post-21397","1":"product","2":"type-product","3":"status-publish","4":"has-post-thumbnail","6":"product_cat-disposable-vape","7":"product_tag-happ-bar","8":"product_tag-36000-puffs","9":"product_tag-europe-warehouse","10":"product_brand-happ-bar","12":"first","13":"outofstock","14":"shipping-taxable","15":"purchasable","16":"product-type-variable","17":"has-default-attributes"},"aioseo_notices":[],"_links":{"self":[{"href":"https:\/\/www.vapeswholesaler.com\/it\/wp-json\/wp\/v2\/product\/21397","targetHints":{"allow":["GET"]}}],"collection":[{"href":"https:\/\/www.vapeswholesaler.com\/it\/wp-json\/wp\/v2\/product"}],"about":[{"href":"https:\/\/www.vapeswholesaler.com\/it\/wp-json\/wp\/v2\/types\/product"}],"replies":[{"embeddable":true,"href":"https:\/\/www.vapeswholesaler.com\/it\/wp-json\/wp\/v2\/comments?post=21397"}],"wp:featuredmedia":[{"embeddable":true,"href":"https:\/\/www.vapeswholesaler.com\/it\/wp-json\/wp\/v2\/media\/21371"}],"wp:attachment":[{"href":"https:\/\/www.vapeswholesaler.com\/it\/wp-json\/wp\/v2\/media?parent=21397"}],"wp:term":[{"taxonomy":"product_cat","embeddable":true,"href":"https:\/\/www.vapeswholesaler.com\/it\/wp-json\/wp\/v2\/product_cat?post=21397"},{"taxonomy":"product_tag","embeddable":true,"href":"https:\/\/www.vapeswholesaler.com\/it\/wp-json\/wp\/v2\/product_tag?post=21397"}],"curies":[{"name":"wp","href":"https:\/\/api.w.org\/{rel}","templated":true}]}}