{"id":21336,"date":"2025-01-08T16:34:52","date_gmt":"2025-01-08T08:34:52","guid":{"rendered":"https:\/\/www.vapeswholesaler.com\/?post_type=product&#038;p=21336"},"modified":"2025-07-09T16:08:54","modified_gmt":"2025-07-09T08:08:54","slug":"allingrosso-happbar-twins-25000-soffi-monouso-vape","status":"publish","type":"product","link":"https:\/\/www.vapeswholesaler.com\/it\/prodotto\/allingrosso-happbar-twins-25000-soffi-monouso-vape","title":{"rendered":"all'ingrosso Happ Bar Twins 25000 Puffs usa e getta Vape"},"content":{"rendered":"<p><a href=\"https:\/\/www.vapeswholesaler.com\/it\/marca_prodotto\/happ-bar\/\">Happ Bar<\/a> Twins 25000 Puffs \u00e8 un Vppes monouso a doppio gusto, ogni prodotto viene fornito con due Ejuice Pod da 16ml+16ml, per un totale di 32ml di liquido pre-riempito. Questo rende il prodotto pi\u00f9 conveniente e permette ai consumatori di utilizzare i nostri prodotti per periodi di tempo pi\u00f9 lunghi.<\/p>\n<p>Inoltre, sono disponibili in 2% e 5% Nic, e 11 sapori possono essere scelti, ogni sapore \u00e8 accuratamente sintonizzato da noi, e il pi\u00f9 totale dalla addiction.Our gusto \u00e8 straordinario e ogni cliente \u00e8 impressionato quando hanno usato.<\/p>\n<p>Questo Vape capacit\u00e0 650 mAh, Inoltre pu\u00f2 essere il supporto del tipo c ricaricabile, e viene fornito con un display elettronico, Il cliente pu\u00f2 visualizzare il livello della batteria e Ejuice in qualsiasi momento per osservare.I nostri prodotti sono ben accolti dai nostri clienti e sono di alta qualit\u00e0. Attualmente, il nostro magazzino europeo \u00e8 stato aperto, che riduce notevolmente il tempo di trasporto e porta i nostri clienti un'esperienza di shopping pi\u00f9 perfetto!<\/p>\n<h2><strong><a href=\"https:\/\/www.facebook.com\/fred.luo.58\">Happ Bar<\/a> Twins 25000 Puffs Caratteristiche:<\/strong><\/h2>\n<ul>\n<li>Soffio: 25000 soffi<\/li>\n<li>Contenuto di nicotina: 2%, 5%<\/li>\n<li>Capacit\u00e0 della batteria: 650mAh<\/li>\n<li>Ricaricabile o meno: Porta di ricarica TYPE-C<\/li>\n<li>Resistenza: 1,0ohm<\/li>\n<li>Capacit\u00e0: 16+16ml *Sapore<\/li>\n<\/ul>\n<h2><strong>Elenco dei sapori:<\/strong><\/h2>\n<ol>\n<li>Limonata Blue Razz e ghiaccio alla pesca<\/li>\n<li>Gomma da masticare al mirtillo, ciliegia, mirtillo rosso e anguria<\/li>\n<li>Ghiaccio al mirtillo, lampone, limone e ciliegia<\/li>\n<li>Pesca, mango, ananas e fragola<\/li>\n<li>Ghiaccio all'ananas, cocco e mirtilli<\/li>\n<li>Caramello al lampone e doppia mela<\/li>\n<li>Red Bull Ice e Hami Melon<\/li>\n<li>Ghiaccio alla fragola, banana e cola<\/li>\n<li>Fragola Kiwi e Ghiaccio Lush<\/li>\n<li>Coca-Cola alla fragola e vaniglia e frutti di bosco misti<\/li>\n<li>Ghiaccio all'anguria e limone al lime<\/li>\n<\/ol>\n<h2><strong>Elenco degli imballaggi:<\/strong><\/h2>\n<p>1 pezzo per scatola<br \/>\n10 pezzi per ogni scatola da esposizione<br \/>\n200 pezzi per cartone<\/p>\n<figure id=\"attachment_21323\" aria-describedby=\"caption-attachment-21323\" style=\"width: 800px\" class=\"wp-caption alignnone\"><img loading=\"lazy\" decoding=\"async\" class=\"wp-image-21323 size-full\" title=\"all&#039;ingrosso Happ Bar Twins 25000 Puffs usa e getta Vape Eu Warehouse 8\" src=\"https:\/\/www.vapeswholesaler.com\/wp-content\/uploads\/2025\/01\/Wholesale-Happ-Bar-Twins-25000-Puffs-Disposable-Vape-Eu-Warehouse-8.webp\" alt=\"all&#039;ingrosso Happ Bar Twins 25000 Puffs usa e getta Vape Eu Warehouse 8\" width=\"800\" height=\"396\" srcset=\"https:\/\/www.vapeswholesaler.com\/wp-content\/uploads\/2025\/01\/Wholesale-Happ-Bar-Twins-25000-Puffs-Disposable-Vape-Eu-Warehouse-8.webp 800w, https:\/\/www.vapeswholesaler.com\/wp-content\/uploads\/2025\/01\/Wholesale-Happ-Bar-Twins-25000-Puffs-Disposable-Vape-Eu-Warehouse-8-300x149.webp 300w, https:\/\/www.vapeswholesaler.com\/wp-content\/uploads\/2025\/01\/Wholesale-Happ-Bar-Twins-25000-Puffs-Disposable-Vape-Eu-Warehouse-8-768x380.webp 768w, https:\/\/www.vapeswholesaler.com\/wp-content\/uploads\/2025\/01\/Wholesale-Happ-Bar-Twins-25000-Puffs-Disposable-Vape-Eu-Warehouse-8-18x9.webp 18w, https:\/\/www.vapeswholesaler.com\/wp-content\/uploads\/2025\/01\/Wholesale-Happ-Bar-Twins-25000-Puffs-Disposable-Vape-Eu-Warehouse-8-510x252.webp 510w\" sizes=\"auto, (max-width: 800px) 100vw, 800px\" \/><figcaption id=\"caption-attachment-21323\" class=\"wp-caption-text\">all'ingrosso Happ Bar Twins 25000 Puffs usa e getta Vape Eu Warehouse<img loading=\"lazy\" decoding=\"async\" class=\"wp-image-21322 size-full\" style=\"color: #555555;font-size: 14.4px\" title=\"all&#039;ingrosso Happ Bar Twins 25000 Puffs usa e getta Vape Eu Warehouse 7\" src=\"https:\/\/www.vapeswholesaler.com\/wp-content\/uploads\/2025\/01\/Wholesale-Happ-Bar-Twins-25000-Puffs-Disposable-Vape-Eu-Warehouse-7.webp\" alt=\"all&#039;ingrosso Happ Bar Twins 25000 Puffs usa e getta Vape Eu Warehouse 7\" width=\"800\" height=\"396\" srcset=\"https:\/\/www.vapeswholesaler.com\/wp-content\/uploads\/2025\/01\/Wholesale-Happ-Bar-Twins-25000-Puffs-Disposable-Vape-Eu-Warehouse-7.webp 800w, https:\/\/www.vapeswholesaler.com\/wp-content\/uploads\/2025\/01\/Wholesale-Happ-Bar-Twins-25000-Puffs-Disposable-Vape-Eu-Warehouse-7-300x149.webp 300w, https:\/\/www.vapeswholesaler.com\/wp-content\/uploads\/2025\/01\/Wholesale-Happ-Bar-Twins-25000-Puffs-Disposable-Vape-Eu-Warehouse-7-768x380.webp 768w, https:\/\/www.vapeswholesaler.com\/wp-content\/uploads\/2025\/01\/Wholesale-Happ-Bar-Twins-25000-Puffs-Disposable-Vape-Eu-Warehouse-7-18x9.webp 18w, https:\/\/www.vapeswholesaler.com\/wp-content\/uploads\/2025\/01\/Wholesale-Happ-Bar-Twins-25000-Puffs-Disposable-Vape-Eu-Warehouse-7-510x252.webp 510w\" sizes=\"auto, (max-width: 800px) 100vw, 800px\" \/><\/figcaption><\/figure>\n<p><img loading=\"lazy\" decoding=\"async\" class=\"wp-image-21319 size-full\" title=\"all&#039;ingrosso Happ Bar Twins 25000 Puffs usa e getta Vape Eu Warehouse 4\" src=\"https:\/\/www.vapeswholesaler.com\/wp-content\/uploads\/2025\/01\/Wholesale-Happ-Bar-Twins-25000-Puffs-Disposable-Vape-Eu-Warehouse-4.webp\" alt=\"all&#039;ingrosso Happ Bar Twins 25000 Puffs usa e getta Vape Eu Warehouse 4\" width=\"800\" height=\"396\" srcset=\"https:\/\/www.vapeswholesaler.com\/wp-content\/uploads\/2025\/01\/Wholesale-Happ-Bar-Twins-25000-Puffs-Disposable-Vape-Eu-Warehouse-4.webp 800w, https:\/\/www.vapeswholesaler.com\/wp-content\/uploads\/2025\/01\/Wholesale-Happ-Bar-Twins-25000-Puffs-Disposable-Vape-Eu-Warehouse-4-300x149.webp 300w, https:\/\/www.vapeswholesaler.com\/wp-content\/uploads\/2025\/01\/Wholesale-Happ-Bar-Twins-25000-Puffs-Disposable-Vape-Eu-Warehouse-4-768x380.webp 768w, https:\/\/www.vapeswholesaler.com\/wp-content\/uploads\/2025\/01\/Wholesale-Happ-Bar-Twins-25000-Puffs-Disposable-Vape-Eu-Warehouse-4-18x9.webp 18w, https:\/\/www.vapeswholesaler.com\/wp-content\/uploads\/2025\/01\/Wholesale-Happ-Bar-Twins-25000-Puffs-Disposable-Vape-Eu-Warehouse-4-510x252.webp 510w\" sizes=\"auto, (max-width: 800px) 100vw, 800px\" \/><\/p>\n<p>&nbsp;<\/p>\n<figure id=\"attachment_21324\" aria-describedby=\"caption-attachment-21324\" style=\"width: 800px\" class=\"wp-caption alignnone\"><img loading=\"lazy\" decoding=\"async\" class=\"wp-image-21324 size-full\" title=\"all&#039;ingrosso Happ Bar Twins 25000 Puffs usa e getta Vape Eu Warehouse 9\" src=\"https:\/\/www.vapeswholesaler.com\/wp-content\/uploads\/2025\/01\/Wholesale-Happ-Bar-Twins-25000-Puffs-Disposable-Vape-Eu-Warehouse-9.webp\" alt=\"all&#039;ingrosso Happ Bar Twins 25000 Puffs usa e getta Vape Eu Warehouse 9\" width=\"800\" height=\"800\" srcset=\"https:\/\/www.vapeswholesaler.com\/wp-content\/uploads\/2025\/01\/Wholesale-Happ-Bar-Twins-25000-Puffs-Disposable-Vape-Eu-Warehouse-9.webp 800w, https:\/\/www.vapeswholesaler.com\/wp-content\/uploads\/2025\/01\/Wholesale-Happ-Bar-Twins-25000-Puffs-Disposable-Vape-Eu-Warehouse-9-300x300.webp 300w, https:\/\/www.vapeswholesaler.com\/wp-content\/uploads\/2025\/01\/Wholesale-Happ-Bar-Twins-25000-Puffs-Disposable-Vape-Eu-Warehouse-9-150x150.webp 150w, https:\/\/www.vapeswholesaler.com\/wp-content\/uploads\/2025\/01\/Wholesale-Happ-Bar-Twins-25000-Puffs-Disposable-Vape-Eu-Warehouse-9-768x768.webp 768w, https:\/\/www.vapeswholesaler.com\/wp-content\/uploads\/2025\/01\/Wholesale-Happ-Bar-Twins-25000-Puffs-Disposable-Vape-Eu-Warehouse-9-12x12.webp 12w, https:\/\/www.vapeswholesaler.com\/wp-content\/uploads\/2025\/01\/Wholesale-Happ-Bar-Twins-25000-Puffs-Disposable-Vape-Eu-Warehouse-9-247x247.webp 247w, https:\/\/www.vapeswholesaler.com\/wp-content\/uploads\/2025\/01\/Wholesale-Happ-Bar-Twins-25000-Puffs-Disposable-Vape-Eu-Warehouse-9-510x510.webp 510w, https:\/\/www.vapeswholesaler.com\/wp-content\/uploads\/2025\/01\/Wholesale-Happ-Bar-Twins-25000-Puffs-Disposable-Vape-Eu-Warehouse-9-100x100.webp 100w\" sizes=\"auto, (max-width: 800px) 100vw, 800px\" \/><figcaption id=\"caption-attachment-21324\" class=\"wp-caption-text\">all'ingrosso Happ Bar Twins 25000 Puffs usa e getta Vape Eu Warehouse 9<\/figcaption><\/figure>","protected":false},"excerpt":{"rendered":"<p>Quantit\u00e0 minima d'ordine:\u00a0<strong>50 pezzi<\/strong>\u00a0(Gusti misti)\u00a0\u00a0<strong>Spedizione gratuita<\/strong><\/p>\n<p>(<strong>2%, 5% Nic<\/strong>) Tempo di spedizione del magazzino UE 5-6 giorni lavorativi<\/p>","protected":false},"featured_media":21316,"comment_status":"open","ping_status":"closed","template":"","meta":[],"product_cat":[15],"product_tag":[87,100,369,373],"class_list":{"0":"post-21336","1":"product","2":"type-product","3":"status-publish","4":"has-post-thumbnail","6":"product_cat-disposable-vape","7":"product_tag-vapsolo","8":"product_tag-20000-puffs","9":"product_tag-dual-flavors","10":"product_tag-europe-warehouse","11":"product_brand-happ-bar","13":"first","14":"outofstock","15":"shipping-taxable","16":"purchasable","17":"product-type-variable","18":"has-default-attributes"},"aioseo_notices":[],"_links":{"self":[{"href":"https:\/\/www.vapeswholesaler.com\/it\/wp-json\/wp\/v2\/product\/21336","targetHints":{"allow":["GET"]}}],"collection":[{"href":"https:\/\/www.vapeswholesaler.com\/it\/wp-json\/wp\/v2\/product"}],"about":[{"href":"https:\/\/www.vapeswholesaler.com\/it\/wp-json\/wp\/v2\/types\/product"}],"replies":[{"embeddable":true,"href":"https:\/\/www.vapeswholesaler.com\/it\/wp-json\/wp\/v2\/comments?post=21336"}],"wp:featuredmedia":[{"embeddable":true,"href":"https:\/\/www.vapeswholesaler.com\/it\/wp-json\/wp\/v2\/media\/21316"}],"wp:attachment":[{"href":"https:\/\/www.vapeswholesaler.com\/it\/wp-json\/wp\/v2\/media?parent=21336"}],"wp:term":[{"taxonomy":"product_cat","embeddable":true,"href":"https:\/\/www.vapeswholesaler.com\/it\/wp-json\/wp\/v2\/product_cat?post=21336"},{"taxonomy":"product_tag","embeddable":true,"href":"https:\/\/www.vapeswholesaler.com\/it\/wp-json\/wp\/v2\/product_tag?post=21336"}],"curies":[{"name":"wp","href":"https:\/\/api.w.org\/{rel}","templated":true}]}}