{"id":21293,"date":"2025-01-07T18:57:13","date_gmt":"2025-01-07T10:57:13","guid":{"rendered":"https:\/\/www.vapeswholesaler.com\/?post_type=product&#038;p=21293"},"modified":"2025-07-30T08:17:17","modified_gmt":"2025-07-30T00:17:17","slug":"allingrosso-happ-bar-20000-soffi-monouso-vape-eu-magazzino","status":"publish","type":"product","link":"https:\/\/www.vapeswholesaler.com\/it\/prodotto\/allingrosso-happ-bar-20000-soffi-monouso-vape-eu-magazzino","title":{"rendered":"all'ingrosso Happ bar 20000 Puffs usa e getta Vape Eu Warehouse"},"content":{"rendered":"<p><a href=\"https:\/\/www.vapeswholesaler.com\/it\/marca_prodotto\/happ-bar\/\">Bar Happ<\/a> 20000 Puffs Disposable Vape \u00e8 un prodotto di fiducia dell'esclusivo marchio di prodotti di stampo privato, per eliminare la mediocrit\u00e0, l'aspetto del materiale acrilico trasparente, in modo che il prodotto \u00e8 pi\u00f9 rinfrescante, pi\u00f9 pulito e pi\u00f9 igienico.<\/p>\n<p>D'altra parte, \u00e8 aggiornato da 15000 Puffs, abbiamo aumentato la capacit\u00e0 del succo di vape sulla base originale, in modo che i clienti possono ottenere pi\u00f9 esperienza di vaping di lunga durata, I nostri prodotti \u00e8 stato riconosciuto dalla maggior parte dei clienti, e ognuno di loro ci ha dato buoni commenti, siamo fiduciosi che questo devlce creer\u00e0 un altro futuro brillante, in modo che i nostri partner possono ottenere pi\u00f9 esperienza utente e valore di business.<\/p>\n<p>Il dispositivo \u00e8 dotato di 25 ml di ejuice pre-riempito e di una batteria da 650 mAh; sono disponibili 18 aromi e pu\u00f2 supportare la porta di tipo C per la ricarica, in modo da non preoccuparsi pi\u00f9 dell'ansia da alimentazione. Abbiamo utilizzato bobine a rete da 1,0 ohm, che possono essere vaping e permette un'esperienza pi\u00f9 piacevole per il cliente. Inoltre, i nostri prodotti sono dotati di un display elettronico, che consente di monitorare lo stato del prodotto in qualsiasi momento.<\/p>\n<h2><strong><a href=\"https:\/\/www.facebook.com\/fred.luo.58\">Bar Happ<\/a> 20000 Puffs Disposable Vape Caratteristiche:<\/strong><\/h2>\n<ul>\n<li>Soffio: 20000puffiContenuto di nicotina: 2%, 5%<\/li>\n<li>Capacit\u00e0 della batteria: 650mAh<\/li>\n<li>Ricaricabile o meno: Porta di ricarica TYPE-C<\/li>\n<li>Resistenza: 1,0ohm<\/li>\n<li>Capacit\u00e0: 25 ml *Sapore: 18 gusti,<\/li>\n<\/ul>\n<h2><strong>Elenco dei sapori:<\/strong><\/h2>\n<ol>\n<li>Orsetto gommoso Blue Razz<\/li>\n<li>Mirtillo Ciliegia Mirtillo Rosso<\/li>\n<li>Ghiaccio al mirtillo<\/li>\n<li>Mirtillo Lampone<\/li>\n<li>Ghiaccio alla ciliegia<\/li>\n<li>Cocco e limone<\/li>\n<li>Melone Hami<\/li>\n<li>Kiwi Frutto della passione Guava<\/li>\n<li>Grandine di limone<\/li>\n<li>Mango mostruoso<\/li>\n<li>Ananas e cocco<\/li>\n<li>Anguria al lampone<\/li>\n<li>Fragola e banana<\/li>\n<li>Ghiaccio alla fragola<\/li>\n<li>Fragola Kiwi<\/li>\n<li>Fragola e lampone<\/li>\n<li>Coca-Cola alla fragola e vaniglia<\/li>\n<li>Ghiaccio all'anguria<\/li>\n<\/ol>\n<h2>Elenco degli imballaggi:<\/h2>\n<p>1 pezzo per scatola<br \/>\n10 pezzi per ogni scatola da esposizione<br \/>\n200 pezzi per cartone<\/p>\n<figure id=\"attachment_21268\" aria-describedby=\"caption-attachment-21268\" style=\"width: 800px\" class=\"wp-caption alignnone\"><img loading=\"lazy\" decoding=\"async\" class=\"wp-image-21268 size-full\" title=\"all&#039;ingrosso Happbar GR 20000 Puffs usa e getta Vape 7\" src=\"https:\/\/www.vapeswholesaler.com\/wp-content\/uploads\/2025\/01\/Wholesale-Happbar-GR-20000-Puffs-Disposable-Vape-7.webp\" alt=\"all&#039;ingrosso Happbar GR 20000 Puffs usa e getta Vape 7\" width=\"800\" height=\"396\" srcset=\"https:\/\/www.vapeswholesaler.com\/wp-content\/uploads\/2025\/01\/Wholesale-Happbar-GR-20000-Puffs-Disposable-Vape-7.webp 800w, https:\/\/www.vapeswholesaler.com\/wp-content\/uploads\/2025\/01\/Wholesale-Happbar-GR-20000-Puffs-Disposable-Vape-7-300x149.webp 300w, https:\/\/www.vapeswholesaler.com\/wp-content\/uploads\/2025\/01\/Wholesale-Happbar-GR-20000-Puffs-Disposable-Vape-7-768x380.webp 768w, https:\/\/www.vapeswholesaler.com\/wp-content\/uploads\/2025\/01\/Wholesale-Happbar-GR-20000-Puffs-Disposable-Vape-7-18x9.webp 18w, https:\/\/www.vapeswholesaler.com\/wp-content\/uploads\/2025\/01\/Wholesale-Happbar-GR-20000-Puffs-Disposable-Vape-7-510x252.webp 510w\" sizes=\"auto, (max-width: 800px) 100vw, 800px\" \/><figcaption id=\"caption-attachment-21268\" class=\"wp-caption-text\">all'ingrosso Happ bar GR 20000 Puffs usa e getta Vape<\/figcaption><\/figure>\n<figure id=\"attachment_21269\" aria-describedby=\"caption-attachment-21269\" style=\"width: 800px\" class=\"wp-caption alignnone\"><img loading=\"lazy\" decoding=\"async\" class=\"wp-image-21269 size-full\" title=\"all&#039;ingrosso Happbar GR 20000 Puffs Disposable Vape 8\" src=\"https:\/\/www.vapeswholesaler.com\/wp-content\/uploads\/2025\/01\/Wholesale-Happbar-GR-20000-Puffs-Disposable-Vape-8.webp\" alt=\"all&#039;ingrosso Happbar GR 20000 Puffs Disposable Vape 8\" width=\"800\" height=\"800\" srcset=\"https:\/\/www.vapeswholesaler.com\/wp-content\/uploads\/2025\/01\/Wholesale-Happbar-GR-20000-Puffs-Disposable-Vape-8.webp 800w, https:\/\/www.vapeswholesaler.com\/wp-content\/uploads\/2025\/01\/Wholesale-Happbar-GR-20000-Puffs-Disposable-Vape-8-300x300.webp 300w, https:\/\/www.vapeswholesaler.com\/wp-content\/uploads\/2025\/01\/Wholesale-Happbar-GR-20000-Puffs-Disposable-Vape-8-150x150.webp 150w, https:\/\/www.vapeswholesaler.com\/wp-content\/uploads\/2025\/01\/Wholesale-Happbar-GR-20000-Puffs-Disposable-Vape-8-768x768.webp 768w, https:\/\/www.vapeswholesaler.com\/wp-content\/uploads\/2025\/01\/Wholesale-Happbar-GR-20000-Puffs-Disposable-Vape-8-12x12.webp 12w, https:\/\/www.vapeswholesaler.com\/wp-content\/uploads\/2025\/01\/Wholesale-Happbar-GR-20000-Puffs-Disposable-Vape-8-247x247.webp 247w, https:\/\/www.vapeswholesaler.com\/wp-content\/uploads\/2025\/01\/Wholesale-Happbar-GR-20000-Puffs-Disposable-Vape-8-510x510.webp 510w, https:\/\/www.vapeswholesaler.com\/wp-content\/uploads\/2025\/01\/Wholesale-Happbar-GR-20000-Puffs-Disposable-Vape-8-100x100.webp 100w\" sizes=\"auto, (max-width: 800px) 100vw, 800px\" \/><figcaption id=\"caption-attachment-21269\" class=\"wp-caption-text\">all'ingrosso Happ bar GR 20000 Puffs usa e getta Vape<\/figcaption><\/figure>\n<p>&nbsp;<\/p>\n<figure id=\"attachment_21273\" aria-describedby=\"caption-attachment-21273\" style=\"width: 800px\" class=\"wp-caption alignnone\"><img loading=\"lazy\" decoding=\"async\" class=\"wp-image-21273 size-full\" title=\"all&#039;ingrosso Happbar GR 20000 Puffs usa e getta Vape 12\" src=\"https:\/\/www.vapeswholesaler.com\/wp-content\/uploads\/2025\/01\/Wholesale-Happbar-GR-20000-Puffs-Disposable-Vape-12.webp\" alt=\"all&#039;ingrosso Happbar GR 20000 Puffs usa e getta Vape 12\" width=\"800\" height=\"800\" srcset=\"https:\/\/www.vapeswholesaler.com\/wp-content\/uploads\/2025\/01\/Wholesale-Happbar-GR-20000-Puffs-Disposable-Vape-12.webp 800w, https:\/\/www.vapeswholesaler.com\/wp-content\/uploads\/2025\/01\/Wholesale-Happbar-GR-20000-Puffs-Disposable-Vape-12-300x300.webp 300w, https:\/\/www.vapeswholesaler.com\/wp-content\/uploads\/2025\/01\/Wholesale-Happbar-GR-20000-Puffs-Disposable-Vape-12-150x150.webp 150w, https:\/\/www.vapeswholesaler.com\/wp-content\/uploads\/2025\/01\/Wholesale-Happbar-GR-20000-Puffs-Disposable-Vape-12-768x768.webp 768w, https:\/\/www.vapeswholesaler.com\/wp-content\/uploads\/2025\/01\/Wholesale-Happbar-GR-20000-Puffs-Disposable-Vape-12-12x12.webp 12w, https:\/\/www.vapeswholesaler.com\/wp-content\/uploads\/2025\/01\/Wholesale-Happbar-GR-20000-Puffs-Disposable-Vape-12-247x247.webp 247w, https:\/\/www.vapeswholesaler.com\/wp-content\/uploads\/2025\/01\/Wholesale-Happbar-GR-20000-Puffs-Disposable-Vape-12-510x510.webp 510w, https:\/\/www.vapeswholesaler.com\/wp-content\/uploads\/2025\/01\/Wholesale-Happbar-GR-20000-Puffs-Disposable-Vape-12-100x100.webp 100w\" sizes=\"auto, (max-width: 800px) 100vw, 800px\" \/><figcaption id=\"caption-attachment-21273\" class=\"wp-caption-text\">all'ingrosso Happ bar GR 20000 Puffs usa e getta Vape<\/figcaption><\/figure>\n<p>&nbsp;<\/p>","protected":false},"excerpt":{"rendered":"<p>Quantit\u00e0 minima d'ordine:\u00a0<strong>50 pezzi<\/strong>\u00a0(Gusti misti)\u00a0\u00a0<strong>Spedizione gratuita<\/strong><\/p>\n<p>(<strong>2%, 5% Nic<\/strong>) Magazzino UE Tempi di spedizione 5-6 giorni lavorativi \"<em><strong>No hay ventas a Espa\u00f1a\"<\/strong><\/em><\/p>","protected":false},"featured_media":21262,"comment_status":"open","ping_status":"closed","template":"","meta":[],"product_cat":[15],"product_tag":[100,373,380],"class_list":{"0":"post-21293","1":"product","2":"type-product","3":"status-publish","4":"has-post-thumbnail","6":"product_cat-disposable-vape","7":"product_tag-20000-puffs","8":"product_tag-europe-warehouse","9":"product_tag-happ-bar","10":"product_brand-happ-bar","12":"first","13":"outofstock","14":"shipping-taxable","15":"purchasable","16":"product-type-variable","17":"has-default-attributes"},"aioseo_notices":[],"_links":{"self":[{"href":"https:\/\/www.vapeswholesaler.com\/it\/wp-json\/wp\/v2\/product\/21293","targetHints":{"allow":["GET"]}}],"collection":[{"href":"https:\/\/www.vapeswholesaler.com\/it\/wp-json\/wp\/v2\/product"}],"about":[{"href":"https:\/\/www.vapeswholesaler.com\/it\/wp-json\/wp\/v2\/types\/product"}],"replies":[{"embeddable":true,"href":"https:\/\/www.vapeswholesaler.com\/it\/wp-json\/wp\/v2\/comments?post=21293"}],"wp:featuredmedia":[{"embeddable":true,"href":"https:\/\/www.vapeswholesaler.com\/it\/wp-json\/wp\/v2\/media\/21262"}],"wp:attachment":[{"href":"https:\/\/www.vapeswholesaler.com\/it\/wp-json\/wp\/v2\/media?parent=21293"}],"wp:term":[{"taxonomy":"product_cat","embeddable":true,"href":"https:\/\/www.vapeswholesaler.com\/it\/wp-json\/wp\/v2\/product_cat?post=21293"},{"taxonomy":"product_tag","embeddable":true,"href":"https:\/\/www.vapeswholesaler.com\/it\/wp-json\/wp\/v2\/product_tag?post=21293"}],"curies":[{"name":"wp","href":"https:\/\/api.w.org\/{rel}","templated":true}]}}