{"id":21247,"date":"2025-01-04T15:31:47","date_gmt":"2025-01-04T07:31:47","guid":{"rendered":"https:\/\/www.vapeswholesaler.com\/?post_type=product&#038;p=21247"},"modified":"2025-08-13T15:14:08","modified_gmt":"2025-08-13T07:14:08","slug":"allingrosso-vapsolo-galaxy-30k-monouso-vape","status":"publish","type":"product","link":"https:\/\/www.vapeswholesaler.com\/it\/prodotto\/allingrosso-vapsolo-galaxy-30k-monouso-vape","title":{"rendered":"all'ingrosso Vapsolo Galaxy 30K Vape usa e getta"},"content":{"rendered":"<p><a href=\"https:\/\/www.vapeswholesaler.com\/it\/marca_prodotto\/vapsolo\/\">Vapsolo<\/a> Galaxy 30k Disposable Vape continua l'affidabilit\u00e0 super stabile del marchio Vapsolo, e l'aspetto \u00e8 simile al pi\u00f9 venduto Twins 20k, dando ai nostri clienti pi\u00f9 scelte. L'aspetto del materiale di resina pi\u00f9 squisito, pi\u00f9 innovativo, \u00e8 amato dai clienti.<\/p>\n<p>Il Vape usa e getta \u00e8 dotato di un touch screen completo e ha due modalit\u00e0 tra cui scegliere, con un doppio tocco sull'icona dell'impronta digitale dello schermo per passare dalla modalit\u00e0 normale a quella turbo. I LED e cos\u00ec via continueranno a lampeggiare mentre si fuma, rendendo il tutto ancora pi\u00f9 divertente.<\/p>\n<p>Vapsolo Galaxy 30k Disposable Vape viene fornito con 40ml di olio di vape preinstallato, che pu\u00f2 essere utilizzato per circa 30.000 boccate, e viene fornito con una batteria di ottima qualit\u00e0 da 650mAh, che pu\u00f2 essere ricaricata con una porta di tipo-c, in modo da non doversi pi\u00f9 preoccupare della durata della batteria, e utilizza le bobine Mesh, che hanno un valore di resistenza di 1,0\u03a9, che massimizza la riduzione dell'olio, in modo che i clienti possano ottenere il meglio dal prodotto. clienti ottenere la migliore esperienza di vaping.<\/p>\n<h2><strong><a href=\"https:\/\/www.facebook.com\/fred.luo.58\">Vapsolo<\/a> Galaxy 30k Disposable Vape Caratteristiche:<\/strong><\/h2>\n<ul>\n<li>Bign\u00e8: 30000 Bign\u00e8<\/li>\n<li>Display LCD<\/li>\n<li>Capacit\u00e0 del liquido elettronico: 40 ml<\/li>\n<li>Capacit\u00e0 della batteria: 650MAH<\/li>\n<li>Bobina a rete<\/li>\n<li>Resistenza della bobina: 1,0\u03a9<\/li>\n<li>porta di tipo C, ricaricabile<\/li>\n<li>12 gusti<\/li>\n<\/ul>\n<h2><strong>Elenco degli aromi:<\/strong><\/h2>\n<ol>\n<li>Ghiaccio all'anguria<\/li>\n<li>Fragola Kiwi<\/li>\n<li>Razz blu<\/li>\n<li>Limone e lime<\/li>\n<li>Pesca al limone<\/li>\n<li>Triplo melone<\/li>\n<li>Anguria al lampone<\/li>\n<li>Ananas e cocco<\/li>\n<li>Red Bull alla fragola<\/li>\n<li>Banana al mirtillo rosso<\/li>\n<li>Ghiaccio alla fragola, lampone e ciliegia<\/li>\n<li>Ghiaccio Nero Pompelmo Fragola<\/li>\n<\/ol>\n<h2><strong>Elenco degli imballaggi:<\/strong><\/h2>\n<p>1 pz. ogni scatola singola<br \/>\n10 pezzi ciascuno Scatola di cartone<br \/>\n200 pezzi\/ctn;<br \/>\nPeso: 120g\/pz 24kg\/ctn<br \/>\nDimensione del cartone: 44*43*26.5CM<\/p>\n<figure id=\"attachment_21234\" aria-describedby=\"caption-attachment-21234\" style=\"width: 800px\" class=\"wp-caption alignnone\"><img loading=\"lazy\" decoding=\"async\" class=\"wp-image-21234 size-full\" title=\"all&#039;ingrosso Vapsolo Galaxy 30K usa e getta Vape 5\" src=\"https:\/\/www.vapeswholesaler.com\/wp-content\/uploads\/2025\/01\/Wholesale-Vapsolo-Galaxy-30K-Disposable-Vape-5.jpg\" alt=\"all&#039;ingrosso Vapsolo Galaxy 30K usa e getta Vape 5\" width=\"800\" height=\"800\" srcset=\"https:\/\/www.vapeswholesaler.com\/wp-content\/uploads\/2025\/01\/Wholesale-Vapsolo-Galaxy-30K-Disposable-Vape-5.jpg 800w, https:\/\/www.vapeswholesaler.com\/wp-content\/uploads\/2025\/01\/Wholesale-Vapsolo-Galaxy-30K-Disposable-Vape-5-300x300.jpg 300w, https:\/\/www.vapeswholesaler.com\/wp-content\/uploads\/2025\/01\/Wholesale-Vapsolo-Galaxy-30K-Disposable-Vape-5-150x150.jpg 150w, https:\/\/www.vapeswholesaler.com\/wp-content\/uploads\/2025\/01\/Wholesale-Vapsolo-Galaxy-30K-Disposable-Vape-5-768x768.jpg 768w, https:\/\/www.vapeswholesaler.com\/wp-content\/uploads\/2025\/01\/Wholesale-Vapsolo-Galaxy-30K-Disposable-Vape-5-12x12.jpg 12w, https:\/\/www.vapeswholesaler.com\/wp-content\/uploads\/2025\/01\/Wholesale-Vapsolo-Galaxy-30K-Disposable-Vape-5-247x247.jpg 247w, https:\/\/www.vapeswholesaler.com\/wp-content\/uploads\/2025\/01\/Wholesale-Vapsolo-Galaxy-30K-Disposable-Vape-5-510x510.jpg 510w, https:\/\/www.vapeswholesaler.com\/wp-content\/uploads\/2025\/01\/Wholesale-Vapsolo-Galaxy-30K-Disposable-Vape-5-100x100.jpg 100w\" sizes=\"auto, (max-width: 800px) 100vw, 800px\" \/><figcaption id=\"caption-attachment-21234\" class=\"wp-caption-text\">all'ingrosso Vapsolo Galaxy 30K Vape usa e getta<\/figcaption><\/figure>\n<p>&nbsp;<\/p>\n<p>&nbsp;<\/p>\n<p>&nbsp;<\/p>","protected":false},"excerpt":{"rendered":"<p>Quantit\u00e0 minima d'ordine: <strong>50 pezzi<\/strong>\u00a0(Gusti misti)\u00a0<strong> Spedizione gratuita<\/strong><\/p>\n<p><strong>(2%, 5% Nic) Tempo di spedizione del magazzino UE 5-6 giorni lavorativi<\/strong><\/p>","protected":false},"featured_media":21232,"comment_status":"open","ping_status":"closed","template":"","meta":[],"product_cat":[15],"product_tag":[87,373,374],"class_list":{"0":"post-21247","1":"product","2":"type-product","3":"status-publish","4":"has-post-thumbnail","6":"product_cat-disposable-vape","7":"product_tag-vapsolo","8":"product_tag-europe-warehouse","9":"product_tag-30000-puffs","10":"product_brand-vapsolo","12":"first","13":"outofstock","14":"shipping-taxable","15":"purchasable","16":"product-type-variable","17":"has-default-attributes"},"aioseo_notices":[],"_links":{"self":[{"href":"https:\/\/www.vapeswholesaler.com\/it\/wp-json\/wp\/v2\/product\/21247","targetHints":{"allow":["GET"]}}],"collection":[{"href":"https:\/\/www.vapeswholesaler.com\/it\/wp-json\/wp\/v2\/product"}],"about":[{"href":"https:\/\/www.vapeswholesaler.com\/it\/wp-json\/wp\/v2\/types\/product"}],"replies":[{"embeddable":true,"href":"https:\/\/www.vapeswholesaler.com\/it\/wp-json\/wp\/v2\/comments?post=21247"}],"wp:featuredmedia":[{"embeddable":true,"href":"https:\/\/www.vapeswholesaler.com\/it\/wp-json\/wp\/v2\/media\/21232"}],"wp:attachment":[{"href":"https:\/\/www.vapeswholesaler.com\/it\/wp-json\/wp\/v2\/media?parent=21247"}],"wp:term":[{"taxonomy":"product_cat","embeddable":true,"href":"https:\/\/www.vapeswholesaler.com\/it\/wp-json\/wp\/v2\/product_cat?post=21247"},{"taxonomy":"product_tag","embeddable":true,"href":"https:\/\/www.vapeswholesaler.com\/it\/wp-json\/wp\/v2\/product_tag?post=21247"}],"curies":[{"name":"wp","href":"https:\/\/api.w.org\/{rel}","templated":true}]}}