{"id":21120,"date":"2024-12-26T22:55:43","date_gmt":"2024-12-26T14:55:43","guid":{"rendered":"https:\/\/www.vapeswholesaler.com\/?post_type=product&#038;p=21120"},"modified":"2025-12-06T10:33:16","modified_gmt":"2025-12-06T02:33:16","slug":"allingrosso-feemo-alps-30000-puff-monouso-vape","status":"publish","type":"product","link":"https:\/\/www.vapeswholesaler.com\/it\/prodotto\/allingrosso-feemo-alps-30000-puff-monouso-vape","title":{"rendered":"all'ingrosso Feemo Alps 30000 Puffs usa e getta Vape"},"content":{"rendered":"<p>Feemo Alps 30000 Puffs Disposable E-Cigarette \u00e8 una sigaretta elettronica monouso nuova di zecca, che pu\u00f2 arrivare a 30.000 puff pur mantenendo tutti i fantastici sapori e le funzionalit\u00e0 che le sigarette elettroniche monouso hanno da offrire. Con un'ampia gamma di aromi e impostazioni regolabili, la sigaretta elettronica monouso Feemo Alps 30000 \u00e8 in grado di soddisfare tutte le vostre esigenze di svapo.<\/p>\n<p>Feemo Alps 30000 Puffs Disposable E-Cigarette, un dispositivo all'avanguardia e di lunga durata che contiene ben 35 millilitri di e-liquid alla nicotina 2% e pu\u00f2 dare fino a 30.000 puff. Questa sigaretta elettronica ha una batteria ricaricabile da 850mAh, supporta la ricarica USB Type-C e dispone di doppie bobine a rete, un sistema di flusso d'aria regolabile e un chiaro schermo LCD per un'esperienza di vaping personalizzata. Questo gadget ricco di funzioni e ad alta capacit\u00e0 consente di svapare in modo consapevole e soddisfacente.<\/p>\n<p>Con una bobina Sub Ohm da 0,5 ohm, Cloud Mountain ALPS 30000 Puffs offre nuvole robuste e un sapore intenso a ogni boccata, garantendo un'esperienza di svapo soddisfacente. La sigaretta elettronica usa e getta Feemo Alps 30000 ha un sapore pi\u00f9 forte e offre un equilibrio eccellente.<\/p>\n<h2><strong><a href=\"https:\/\/www.vapeswholesaler.com\/it\/marca_prodotto\/feemo\/\">Feemo<\/a> Alps 30000 Puffs Disposable Vape Caratteristiche:<\/strong><\/h2>\n<ul>\n<li>Batteria ricaricabile da 850 mAh<\/li>\n<li>35 ml di e-liquido pre-riempito<\/li>\n<li>2% intensit\u00e0 di nicotina<\/li>\n<li>Raggiunge fino a 30000 soffi<\/li>\n<li>Bobina a maglia da 0,5 ohm<\/li>\n<li>Porta di ricarica Type-C<\/li>\n<li>10 gusti disponibili<\/li>\n<\/ul>\n<h2><strong>Feemo Alps 30000 Puffs monouso Vape Flavors:<\/strong><\/h2>\n<ol>\n<li>Melone del Drago<\/li>\n<li>Black Ice Dragon Fruit Fragola<\/li>\n<li>Limonata rosa<\/li>\n<li>Anguria alla fragola<\/li>\n<li>Aloe Uva<\/li>\n<li>Fragola e banana<\/li>\n<li>Cola al mirtillo e alla ciliegia<\/li>\n<li>Anguria<\/li>\n<li>Frutto della passione Kiwi<\/li>\n<li>Mango<\/li>\n<\/ol>\n<h2><strong>Elenco degli imballaggi:<\/strong><\/h2>\n<p>1pz ogni singola scatola<br \/>\n10 pezzi per ogni scatola da esposizione<br \/>\n200 pezzi per cartone<\/p>\n<p><img loading=\"lazy\" decoding=\"async\" class=\"alignnone wp-image-21117 size-full\" title=\"all&#039;ingrosso Feemo Alps 30000 Puffs usa e getta Vape 8\" src=\"https:\/\/www.vapeswholesaler.com\/wp-content\/uploads\/2024\/12\/Wholesale-Feemo-Alps-30000-Puffs-Disposable-Vape-8.webp\" alt=\"all&#039;ingrosso Feemo Alps 30000 Puffs usa e getta Vape 8\" width=\"800\" height=\"800\" srcset=\"https:\/\/www.vapeswholesaler.com\/wp-content\/uploads\/2024\/12\/Wholesale-Feemo-Alps-30000-Puffs-Disposable-Vape-8.webp 800w, https:\/\/www.vapeswholesaler.com\/wp-content\/uploads\/2024\/12\/Wholesale-Feemo-Alps-30000-Puffs-Disposable-Vape-8-300x300.webp 300w, https:\/\/www.vapeswholesaler.com\/wp-content\/uploads\/2024\/12\/Wholesale-Feemo-Alps-30000-Puffs-Disposable-Vape-8-150x150.webp 150w, https:\/\/www.vapeswholesaler.com\/wp-content\/uploads\/2024\/12\/Wholesale-Feemo-Alps-30000-Puffs-Disposable-Vape-8-768x768.webp 768w, https:\/\/www.vapeswholesaler.com\/wp-content\/uploads\/2024\/12\/Wholesale-Feemo-Alps-30000-Puffs-Disposable-Vape-8-12x12.webp 12w, https:\/\/www.vapeswholesaler.com\/wp-content\/uploads\/2024\/12\/Wholesale-Feemo-Alps-30000-Puffs-Disposable-Vape-8-247x247.webp 247w, https:\/\/www.vapeswholesaler.com\/wp-content\/uploads\/2024\/12\/Wholesale-Feemo-Alps-30000-Puffs-Disposable-Vape-8-510x510.webp 510w, https:\/\/www.vapeswholesaler.com\/wp-content\/uploads\/2024\/12\/Wholesale-Feemo-Alps-30000-Puffs-Disposable-Vape-8-100x100.webp 100w\" sizes=\"auto, (max-width: 800px) 100vw, 800px\" \/> <img loading=\"lazy\" decoding=\"async\" class=\"alignnone wp-image-21115 size-full\" title=\"all&#039;ingrosso Feemo Alps 30000 Puffs usa e getta Vape 6\" src=\"https:\/\/www.vapeswholesaler.com\/wp-content\/uploads\/2024\/12\/Wholesale-Feemo-Alps-30000-Puffs-Disposable-Vape-6.webp\" alt=\"all&#039;ingrosso Feemo Alps 30000 Puffs usa e getta Vape 6\" width=\"800\" height=\"800\" srcset=\"https:\/\/www.vapeswholesaler.com\/wp-content\/uploads\/2024\/12\/Wholesale-Feemo-Alps-30000-Puffs-Disposable-Vape-6.webp 800w, https:\/\/www.vapeswholesaler.com\/wp-content\/uploads\/2024\/12\/Wholesale-Feemo-Alps-30000-Puffs-Disposable-Vape-6-300x300.webp 300w, https:\/\/www.vapeswholesaler.com\/wp-content\/uploads\/2024\/12\/Wholesale-Feemo-Alps-30000-Puffs-Disposable-Vape-6-150x150.webp 150w, https:\/\/www.vapeswholesaler.com\/wp-content\/uploads\/2024\/12\/Wholesale-Feemo-Alps-30000-Puffs-Disposable-Vape-6-768x768.webp 768w, https:\/\/www.vapeswholesaler.com\/wp-content\/uploads\/2024\/12\/Wholesale-Feemo-Alps-30000-Puffs-Disposable-Vape-6-12x12.webp 12w, https:\/\/www.vapeswholesaler.com\/wp-content\/uploads\/2024\/12\/Wholesale-Feemo-Alps-30000-Puffs-Disposable-Vape-6-247x247.webp 247w, https:\/\/www.vapeswholesaler.com\/wp-content\/uploads\/2024\/12\/Wholesale-Feemo-Alps-30000-Puffs-Disposable-Vape-6-510x510.webp 510w, https:\/\/www.vapeswholesaler.com\/wp-content\/uploads\/2024\/12\/Wholesale-Feemo-Alps-30000-Puffs-Disposable-Vape-6-100x100.webp 100w\" sizes=\"auto, (max-width: 800px) 100vw, 800px\" \/> <img loading=\"lazy\" decoding=\"async\" class=\"alignnone wp-image-21116 size-full\" title=\"all&#039;ingrosso Feemo Alps 30000 Puffs usa e getta Vape 7\" src=\"https:\/\/www.vapeswholesaler.com\/wp-content\/uploads\/2024\/12\/Wholesale-Feemo-Alps-30000-Puffs-Disposable-Vape-7.webp\" alt=\"all&#039;ingrosso Feemo Alps 30000 Puffs usa e getta Vape 7\" width=\"800\" height=\"800\" srcset=\"https:\/\/www.vapeswholesaler.com\/wp-content\/uploads\/2024\/12\/Wholesale-Feemo-Alps-30000-Puffs-Disposable-Vape-7.webp 800w, https:\/\/www.vapeswholesaler.com\/wp-content\/uploads\/2024\/12\/Wholesale-Feemo-Alps-30000-Puffs-Disposable-Vape-7-300x300.webp 300w, https:\/\/www.vapeswholesaler.com\/wp-content\/uploads\/2024\/12\/Wholesale-Feemo-Alps-30000-Puffs-Disposable-Vape-7-150x150.webp 150w, https:\/\/www.vapeswholesaler.com\/wp-content\/uploads\/2024\/12\/Wholesale-Feemo-Alps-30000-Puffs-Disposable-Vape-7-768x768.webp 768w, https:\/\/www.vapeswholesaler.com\/wp-content\/uploads\/2024\/12\/Wholesale-Feemo-Alps-30000-Puffs-Disposable-Vape-7-12x12.webp 12w, https:\/\/www.vapeswholesaler.com\/wp-content\/uploads\/2024\/12\/Wholesale-Feemo-Alps-30000-Puffs-Disposable-Vape-7-247x247.webp 247w, https:\/\/www.vapeswholesaler.com\/wp-content\/uploads\/2024\/12\/Wholesale-Feemo-Alps-30000-Puffs-Disposable-Vape-7-510x510.webp 510w, https:\/\/www.vapeswholesaler.com\/wp-content\/uploads\/2024\/12\/Wholesale-Feemo-Alps-30000-Puffs-Disposable-Vape-7-100x100.webp 100w\" sizes=\"auto, (max-width: 800px) 100vw, 800px\" \/> <img loading=\"lazy\" decoding=\"async\" class=\"alignnone wp-image-21118 size-full\" title=\"all&#039;ingrosso Feemo Alps 30000 Puffs usa e getta Vape 9\" src=\"https:\/\/www.vapeswholesaler.com\/wp-content\/uploads\/2024\/12\/Wholesale-Feemo-Alps-30000-Puffs-Disposable-Vape-9.webp\" alt=\"all&#039;ingrosso Feemo Alps 30000 Puffs usa e getta Vape 9\" width=\"800\" height=\"800\" srcset=\"https:\/\/www.vapeswholesaler.com\/wp-content\/uploads\/2024\/12\/Wholesale-Feemo-Alps-30000-Puffs-Disposable-Vape-9.webp 800w, https:\/\/www.vapeswholesaler.com\/wp-content\/uploads\/2024\/12\/Wholesale-Feemo-Alps-30000-Puffs-Disposable-Vape-9-300x300.webp 300w, https:\/\/www.vapeswholesaler.com\/wp-content\/uploads\/2024\/12\/Wholesale-Feemo-Alps-30000-Puffs-Disposable-Vape-9-150x150.webp 150w, https:\/\/www.vapeswholesaler.com\/wp-content\/uploads\/2024\/12\/Wholesale-Feemo-Alps-30000-Puffs-Disposable-Vape-9-768x768.webp 768w, https:\/\/www.vapeswholesaler.com\/wp-content\/uploads\/2024\/12\/Wholesale-Feemo-Alps-30000-Puffs-Disposable-Vape-9-12x12.webp 12w, https:\/\/www.vapeswholesaler.com\/wp-content\/uploads\/2024\/12\/Wholesale-Feemo-Alps-30000-Puffs-Disposable-Vape-9-247x247.webp 247w, https:\/\/www.vapeswholesaler.com\/wp-content\/uploads\/2024\/12\/Wholesale-Feemo-Alps-30000-Puffs-Disposable-Vape-9-510x510.webp 510w, https:\/\/www.vapeswholesaler.com\/wp-content\/uploads\/2024\/12\/Wholesale-Feemo-Alps-30000-Puffs-Disposable-Vape-9-100x100.webp 100w\" sizes=\"auto, (max-width: 800px) 100vw, 800px\" \/> <img loading=\"lazy\" decoding=\"async\" class=\"alignnone wp-image-21119 size-full\" title=\"all&#039;ingrosso Feemo Alps 30000 Puffs usa e getta Vape 10\" src=\"https:\/\/www.vapeswholesaler.com\/wp-content\/uploads\/2024\/12\/Wholesale-Feemo-Alps-30000-Puffs-Disposable-Vape-10.webp\" alt=\"all&#039;ingrosso Feemo Alps 30000 Puffs usa e getta Vape 10\" width=\"800\" height=\"800\" srcset=\"https:\/\/www.vapeswholesaler.com\/wp-content\/uploads\/2024\/12\/Wholesale-Feemo-Alps-30000-Puffs-Disposable-Vape-10.webp 800w, https:\/\/www.vapeswholesaler.com\/wp-content\/uploads\/2024\/12\/Wholesale-Feemo-Alps-30000-Puffs-Disposable-Vape-10-300x300.webp 300w, https:\/\/www.vapeswholesaler.com\/wp-content\/uploads\/2024\/12\/Wholesale-Feemo-Alps-30000-Puffs-Disposable-Vape-10-150x150.webp 150w, https:\/\/www.vapeswholesaler.com\/wp-content\/uploads\/2024\/12\/Wholesale-Feemo-Alps-30000-Puffs-Disposable-Vape-10-768x768.webp 768w, https:\/\/www.vapeswholesaler.com\/wp-content\/uploads\/2024\/12\/Wholesale-Feemo-Alps-30000-Puffs-Disposable-Vape-10-12x12.webp 12w, https:\/\/www.vapeswholesaler.com\/wp-content\/uploads\/2024\/12\/Wholesale-Feemo-Alps-30000-Puffs-Disposable-Vape-10-247x247.webp 247w, https:\/\/www.vapeswholesaler.com\/wp-content\/uploads\/2024\/12\/Wholesale-Feemo-Alps-30000-Puffs-Disposable-Vape-10-510x510.webp 510w, https:\/\/www.vapeswholesaler.com\/wp-content\/uploads\/2024\/12\/Wholesale-Feemo-Alps-30000-Puffs-Disposable-Vape-10-100x100.webp 100w\" sizes=\"auto, (max-width: 800px) 100vw, 800px\" \/><\/p>","protected":false},"excerpt":{"rendered":"<p>Quantit\u00e0 minima d'ordine: <strong>100 PCS<\/strong> (Gusti misti)\u00a0 <strong>\u00a0Spedizione gratuita<\/strong><br \/>\n\uff082%\uff09<strong>Magazzino UE Tempi di spedizione 4-5 giorni lavorativi<\/strong><\/p>","protected":false},"featured_media":21113,"comment_status":"open","ping_status":"closed","template":"","meta":[],"product_cat":[15],"product_tag":[],"class_list":{"0":"post-21120","1":"product","2":"type-product","3":"status-publish","4":"has-post-thumbnail","6":"product_cat-disposable-vape","7":"product_brand-feemo","9":"first","10":"instock","11":"shipping-taxable","12":"purchasable","13":"product-type-variable","14":"has-default-attributes"},"aioseo_notices":[],"_links":{"self":[{"href":"https:\/\/www.vapeswholesaler.com\/it\/wp-json\/wp\/v2\/product\/21120","targetHints":{"allow":["GET"]}}],"collection":[{"href":"https:\/\/www.vapeswholesaler.com\/it\/wp-json\/wp\/v2\/product"}],"about":[{"href":"https:\/\/www.vapeswholesaler.com\/it\/wp-json\/wp\/v2\/types\/product"}],"replies":[{"embeddable":true,"href":"https:\/\/www.vapeswholesaler.com\/it\/wp-json\/wp\/v2\/comments?post=21120"}],"wp:featuredmedia":[{"embeddable":true,"href":"https:\/\/www.vapeswholesaler.com\/it\/wp-json\/wp\/v2\/media\/21113"}],"wp:attachment":[{"href":"https:\/\/www.vapeswholesaler.com\/it\/wp-json\/wp\/v2\/media?parent=21120"}],"wp:term":[{"taxonomy":"product_cat","embeddable":true,"href":"https:\/\/www.vapeswholesaler.com\/it\/wp-json\/wp\/v2\/product_cat?post=21120"},{"taxonomy":"product_tag","embeddable":true,"href":"https:\/\/www.vapeswholesaler.com\/it\/wp-json\/wp\/v2\/product_tag?post=21120"}],"curies":[{"name":"wp","href":"https:\/\/api.w.org\/{rel}","templated":true}]}}