{"id":21007,"date":"2024-12-26T13:40:25","date_gmt":"2024-12-26T05:40:25","guid":{"rendered":"https:\/\/www.vapeswholesaler.com\/?post_type=product&#038;p=21007"},"modified":"2025-03-14T11:30:16","modified_gmt":"2025-03-14T03:30:16","slug":"allingrosso-zooy-vape-firzen-35000-puffs-monouso-vape-2","status":"publish","type":"product","link":"https:\/\/www.vapeswholesaler.com\/it\/prodotto\/allingrosso-zooy-vape-firzen-35000-puffs-monouso-vape-2","title":{"rendered":"all'ingrosso ZOOY VAPE FIRZEN 35000 soffi monouso Vape"},"content":{"rendered":"<p><a href=\"https:\/\/www.vapeswholesaler.com\/it\/marca_prodotto\/zoo\/\">ZOOY<\/a> VAPE FIRZEN 35000 Puffs usa e getta \u00e8 l'epitome della tecnologia del vaping. Controllo del ghiaccio e della nicchia, regolabile in 3 livelli di ghiaccio e 3 livelli di controllo della nicchia, 1.0+1.0 doppia maglia, 3 colori di luce LGB. Le migliori prestazioni della categoria, le caratteristiche all'avanguardia e la notevole convenienza sono tutte combinate in questo gadget inventivo per fornire un'esperienza di svapo senza precedenti. ZOOY VAPE FIRZEN 35000 usa e getta ha una straordinaria capacit\u00e0 di 35.000 boccate e un design semplice che intende divertire e soddisfare.<\/p>\n<p>ZOOY VAPE FIRZEN 35000 \u00e8 un gadget monouso che permette di svapare come mai prima d'ora. In ogni confezione sono inclusi dieci dispositivi separati, in modo da poter provare sempre i vostri sapori preferiti. Ogni dispositivo offre prestazioni di lunga durata che vi faranno felici per giorni e giorni, con circa 35.000 boccate per ogni dispositivo.<\/p>\n<p>ZOOY VAPE FIRZEN 35000 soffi monouso vi aiuter\u00e0 a svapare in modo pi\u00f9 efficace. Contiene un succo elettronico pre-riempito di alta qualit\u00e0 da 32 ml e una batteria ricaricabile da 650 mAh. \u00c8 possibile regolare l'intensit\u00e0 della nicotina e l'effetto di raffreddamento controllato a proprio piacimento. La bobina a doppia maglia consente agli utenti MTL di sperimentare nuvole grandi e setose e permette di regolare il flusso d'aria. Questo gadget intelligente combina un ampio display digitale, controlli, praticit\u00e0 e una punta ergonomica della lingua. Acquistate subito questa sigaretta elettronica usa e getta per approfittare della migliore offerta!<\/p>\n<h2><strong>ZOOY VAPE FIRZEN 35000 Caratteristiche:<\/strong><\/h2>\n<ul>\n<li>Soffi: 35000puffi<\/li>\n<li>CONTROLLO DEL NIC&amp;ICE<\/li>\n<li>Capacit\u00e0 della batteria: 650mah<\/li>\n<li>Capacit\u00e0 del succo: 32 ml<\/li>\n<li>Peso dei prodotti: 90 g<\/li>\n<li>Dimensione dei prodotti: 103.5*45*21mm<\/li>\n<li>Bobina a doppia maglia 1.0+1.0<\/li>\n<li>Luce LGB a 3 colori<\/li>\n<li>regolabile, il<\/li>\n<li>3 livelli di ghiaccio e 3 livelli di controllo nic<\/li>\n<li>Ricaricabile TYPE-C<\/li>\n<\/ul>\n<h2><strong>Aromi:<\/strong><\/h2>\n<ol>\n<li>Aloe Uva<\/li>\n<li>Ghiaccio all'anguria<\/li>\n<li>Fragola e banana<\/li>\n<li>Fragola Lampone Kiwi<\/li>\n<li>Mentolo<\/li>\n<li>Limonata di mirtilli e lamponi<\/li>\n<li>Ananas e cocco<\/li>\n<li>Mirtillo nero<\/li>\n<li>Anguria alla fragola<\/li>\n<li>Bacche miste<\/li>\n<\/ol>\n<h2><strong>Elenco degli imballaggi:<\/strong><\/h2>\n<p>1pz ogni singola scatola<br \/>\n10 pezzi per ogni scatola da esposizione<br \/>\n200 pezzi per cartone<\/p>\n<p><img loading=\"lazy\" decoding=\"async\" class=\"alignnone wp-image-20994 size-full\" title=\"all&#039;ingrosso ZOOY VAPE FIRZEN 35000 soffi usa e getta Vape 1\" src=\"https:\/\/www.vapeswholesaler.com\/wp-content\/uploads\/2024\/12\/Wholesale-ZOOY-VAPE-FIRZEN-35000-Puffs-Disposable-Vape-1.webp\" alt=\"all&#039;ingrosso ZOOY VAPE FIRZEN 35000 soffi usa e getta Vape 1\" width=\"800\" height=\"800\" srcset=\"https:\/\/www.vapeswholesaler.com\/wp-content\/uploads\/2024\/12\/Wholesale-ZOOY-VAPE-FIRZEN-35000-Puffs-Disposable-Vape-1.webp 800w, https:\/\/www.vapeswholesaler.com\/wp-content\/uploads\/2024\/12\/Wholesale-ZOOY-VAPE-FIRZEN-35000-Puffs-Disposable-Vape-1-300x300.webp 300w, https:\/\/www.vapeswholesaler.com\/wp-content\/uploads\/2024\/12\/Wholesale-ZOOY-VAPE-FIRZEN-35000-Puffs-Disposable-Vape-1-150x150.webp 150w, https:\/\/www.vapeswholesaler.com\/wp-content\/uploads\/2024\/12\/Wholesale-ZOOY-VAPE-FIRZEN-35000-Puffs-Disposable-Vape-1-768x768.webp 768w, https:\/\/www.vapeswholesaler.com\/wp-content\/uploads\/2024\/12\/Wholesale-ZOOY-VAPE-FIRZEN-35000-Puffs-Disposable-Vape-1-12x12.webp 12w, https:\/\/www.vapeswholesaler.com\/wp-content\/uploads\/2024\/12\/Wholesale-ZOOY-VAPE-FIRZEN-35000-Puffs-Disposable-Vape-1-247x247.webp 247w, https:\/\/www.vapeswholesaler.com\/wp-content\/uploads\/2024\/12\/Wholesale-ZOOY-VAPE-FIRZEN-35000-Puffs-Disposable-Vape-1-510x510.webp 510w, https:\/\/www.vapeswholesaler.com\/wp-content\/uploads\/2024\/12\/Wholesale-ZOOY-VAPE-FIRZEN-35000-Puffs-Disposable-Vape-1-100x100.webp 100w\" sizes=\"auto, (max-width: 800px) 100vw, 800px\" \/> <img loading=\"lazy\" decoding=\"async\" class=\"alignnone wp-image-20995 size-full\" title=\"all&#039;ingrosso ZOOY VAPE FIRZEN 35000 soffi monouso Vape 2\" src=\"https:\/\/www.vapeswholesaler.com\/wp-content\/uploads\/2024\/12\/Wholesale-ZOOY-VAPE-FIRZEN-35000-Puffs-Disposable-Vape-2.webp\" alt=\"all&#039;ingrosso ZOOY VAPE FIRZEN 35000 soffi monouso Vape 2\" width=\"800\" height=\"800\" srcset=\"https:\/\/www.vapeswholesaler.com\/wp-content\/uploads\/2024\/12\/Wholesale-ZOOY-VAPE-FIRZEN-35000-Puffs-Disposable-Vape-2.webp 800w, https:\/\/www.vapeswholesaler.com\/wp-content\/uploads\/2024\/12\/Wholesale-ZOOY-VAPE-FIRZEN-35000-Puffs-Disposable-Vape-2-300x300.webp 300w, https:\/\/www.vapeswholesaler.com\/wp-content\/uploads\/2024\/12\/Wholesale-ZOOY-VAPE-FIRZEN-35000-Puffs-Disposable-Vape-2-150x150.webp 150w, https:\/\/www.vapeswholesaler.com\/wp-content\/uploads\/2024\/12\/Wholesale-ZOOY-VAPE-FIRZEN-35000-Puffs-Disposable-Vape-2-768x768.webp 768w, https:\/\/www.vapeswholesaler.com\/wp-content\/uploads\/2024\/12\/Wholesale-ZOOY-VAPE-FIRZEN-35000-Puffs-Disposable-Vape-2-12x12.webp 12w, https:\/\/www.vapeswholesaler.com\/wp-content\/uploads\/2024\/12\/Wholesale-ZOOY-VAPE-FIRZEN-35000-Puffs-Disposable-Vape-2-247x247.webp 247w, https:\/\/www.vapeswholesaler.com\/wp-content\/uploads\/2024\/12\/Wholesale-ZOOY-VAPE-FIRZEN-35000-Puffs-Disposable-Vape-2-510x510.webp 510w, https:\/\/www.vapeswholesaler.com\/wp-content\/uploads\/2024\/12\/Wholesale-ZOOY-VAPE-FIRZEN-35000-Puffs-Disposable-Vape-2-100x100.webp 100w\" sizes=\"auto, (max-width: 800px) 100vw, 800px\" \/><\/p>\n<p>&nbsp;<\/p>","protected":false},"excerpt":{"rendered":"<p>Quantit\u00e0 minima d'ordine:\u00a0<strong>50 PCS<\/strong>\u00a0(Gusti misti)\u00a0\u00a0<strong>Spedizione gratuita<\/strong><\/p>\n<p>(<strong>2%, 5% Nic<\/strong>) Tempo di spedizione del magazzino UE 5-6 giorni lavorativi<\/p>","protected":false},"featured_media":21001,"comment_status":"open","ping_status":"closed","template":"","meta":[],"product_cat":[15],"product_tag":[117,371,373],"class_list":{"0":"post-21007","1":"product","2":"type-product","3":"status-publish","4":"has-post-thumbnail","6":"product_cat-disposable-vape","7":"product_tag-35000-puffs","8":"product_tag-zooy","9":"product_tag-europe-warehouse","10":"product_brand-zooy","12":"first","13":"instock","14":"shipping-taxable","15":"purchasable","16":"product-type-variable","17":"has-default-attributes"},"aioseo_notices":[],"_links":{"self":[{"href":"https:\/\/www.vapeswholesaler.com\/it\/wp-json\/wp\/v2\/product\/21007","targetHints":{"allow":["GET"]}}],"collection":[{"href":"https:\/\/www.vapeswholesaler.com\/it\/wp-json\/wp\/v2\/product"}],"about":[{"href":"https:\/\/www.vapeswholesaler.com\/it\/wp-json\/wp\/v2\/types\/product"}],"replies":[{"embeddable":true,"href":"https:\/\/www.vapeswholesaler.com\/it\/wp-json\/wp\/v2\/comments?post=21007"}],"wp:featuredmedia":[{"embeddable":true,"href":"https:\/\/www.vapeswholesaler.com\/it\/wp-json\/wp\/v2\/media\/21001"}],"wp:attachment":[{"href":"https:\/\/www.vapeswholesaler.com\/it\/wp-json\/wp\/v2\/media?parent=21007"}],"wp:term":[{"taxonomy":"product_cat","embeddable":true,"href":"https:\/\/www.vapeswholesaler.com\/it\/wp-json\/wp\/v2\/product_cat?post=21007"},{"taxonomy":"product_tag","embeddable":true,"href":"https:\/\/www.vapeswholesaler.com\/it\/wp-json\/wp\/v2\/product_tag?post=21007"}],"curies":[{"name":"wp","href":"https:\/\/api.w.org\/{rel}","templated":true}]}}